{"id":8094,"date":"2022-12-16T19:59:00","date_gmt":"2022-12-16T18:59:00","guid":{"rendered":"https:\/\/agora.xtec.cat\/iescanpeixauet\/?page_id=8094"},"modified":"2024-01-18T10:16:33","modified_gmt":"2024-01-18T09:16:33","slug":"wonderland-o-horrorland","status":"publish","type":"page","link":"https:\/\/agora.xtec.cat\/iescanpeixauet\/treball-per-projectes\/wonderland-o-horrorland\/","title":{"rendered":"Wonderland &#038; Horrorland"},"content":{"rendered":"<h3><span style=\"color: #000000;\">PRESENTACI\u00d3<\/span><\/h3>\n<h6 style=\"text-align: justify;\"><span style=\"color: #000000;\">La utopia \u00e9s un espai o territori imaginat com a perfecte, somiat, desitjat, sense problemes. Fa refer\u00e8ncia a una comunitat que viu en un estat ideal. All\u00f2 oposat \u00e9s la distopia.<\/span><\/h6>\n<h6 style=\"text-align: justify;\"><span style=\"color: #000000;\">\u201c<strong><a style=\"color: #000000;\" href=\"https:\/\/sites.google.com\/inscanpeixauet.cat\/my-wonderland-vs-my-horrorland\/inici\"><span style=\"color: #0000ff;\">Wonderland &amp; Horrorland<\/span><\/a><\/strong>\u201d \u00e9s un projecte que pret\u00e9n fer reflexionar el nostre alumnat sobre la idea de la utopia i distopia mitjan\u00e7ant la descripci\u00f3 dels l\u00edders futurs que ens agradaria o odiar\u00edem tenir. Igualment treballen l&#8217;elaboraci\u00f3 de not\u00edcies i com afecten al nostre entorn i la nostra visi\u00f3. En la mateixa l\u00ednea de treball sobre el m\u00f3n desitjat, s\u2019observa l\u2019evoluci\u00f3 de la tecnologia i, en concret, la intel\u00b7lig\u00e8ncia artificial. Tanmateix, s\u2019inclou l\u2019art com una eina d\u2019expressi\u00f3 de les idees que treballen per expressar la seva pr\u00f2pia visi\u00f3 del m\u00f3n que podria arribar-nos.<\/span><\/h6>\n<hr \/>\n<h6 style=\"text-align: justify;\"><span style=\"color: #000000;\"><span style=\"font-weight: 400;\">\u201c<strong><a style=\"color: #000000;\" href=\"https:\/\/sites.google.com\/inscanpeixauet.cat\/my-wonderland-vs-my-horrorland\"><span style=\"color: #0000ff;\">Wonderland &amp; Horrorland<\/span><\/a><\/strong>\u201d <\/span>\u00e9s un projecte dissenyat per dur a terme a 2n d\u2019ESO en les mat\u00e8ries d\u2019Angl\u00e8s, Castell\u00e0, Tecnologia i Visual i Pl\u00e0stica, responent a diferents preguntes que serveixen de guia:<\/span><\/h6>\n<ul>\n<li style=\"list-style-type: none;\">\n<ul>\n<li style=\"list-style-type: none;\">\n<ul>\n<li style=\"list-style-type: none;\">\n<ul>\n<li style=\"list-style-type: none;\">\n<ul>\n<li style=\"list-style-type: none;\">\n<ul>\n<li style=\"list-style-type: none;\">\n<ul>\n<li style=\"list-style-type: none;\">\n<ul>\n<li style=\"list-style-type: none;\">\n<ul>\n<li style=\"list-style-type: none;\">\n<ul>\n<li style=\"list-style-type: none;\">\n<ul>\n<li style=\"list-style-type: none;\">\n<ul>\n<li style=\"list-style-type: none;\">\n<ul>\n<li style=\"list-style-type: none;\">\n<ul>\n<li style=\"font-weight: 400; text-align: justify;\" aria-level=\"1\">\n<h6><span style=\"font-weight: 400; color: #000000;\">Com seria el meu l\u00edder?<\/span><\/h6>\n<\/li>\n<li style=\"font-weight: 400; text-align: justify;\" aria-level=\"1\">\n<h6><span style=\"font-weight: 400; color: #000000;\">Com influeixen les not\u00edcies en el m\u00f3n?<\/span><\/h6>\n<\/li>\n<li style=\"font-weight: 400; text-align: justify;\" aria-level=\"1\">\n<h6><span style=\"font-weight: 400; color: #000000;\">Com aprenen els ordinadors?<\/span><\/h6>\n<\/li>\n<li style=\"font-weight: 400;\" aria-level=\"1\">\n<h6 style=\"text-align: justify;\"><span style=\"font-weight: 400; color: #000000;\">Com \u00e9s el m\u00f3n creatiu d\u2019un artista?<\/span><\/h6>\n<\/li>\n<\/ul>\n<\/li>\n<\/ul>\n<\/li>\n<\/ul>\n<\/li>\n<\/ul>\n<\/li>\n<\/ul>\n<\/li>\n<\/ul>\n<\/li>\n<\/ul>\n<\/li>\n<\/ul>\n<\/li>\n<\/ul>\n<\/li>\n<\/ul>\n<\/li>\n<\/ul>\n<\/li>\n<\/ul>\n<\/li>\n<\/ul>\n<\/li>\n<\/ul>\n<h6><span style=\"color: #000000;\">A continuaci\u00f3 podeu veure als nostres alumnes durant el desenvolupament del projecte:<\/span><\/h6>\n<p style=\"text-align: center;\">\r\n\t<div class=\"slideshow_container slideshow_container_style-light\" style=\" \" data-slideshow-id=\"8354\" data-style-name=\"style-light\" data-style-version=\"2.3.1\" >\r\n\r\n\t\t\t\t\t<div class=\"slideshow_loading_icon\"><\/div>\r\n\t\t\r\n\t\t<div class=\"slideshow_content\" style=\"display: none;\">\r\n\r\n\t\t\t<div class=\"slideshow_view\">\r\n\t\t\t\t<div class=\"slideshow_slide slideshow_slide_image\">\r\n\t\t\t\t\t\t\t\t\t\t\t<img src=\"https:\/\/agora.xtec.cat\/iescanpeixauet\/wp-content\/uploads\/usu1366\/2023\/03\/IMG_2675-rotated.jpg\" alt=\"IMG_2675\" width=\"480\" height=\"640\" \/>\r\n\t\t\t\t\t\t\t\t\t\t<div class=\"slideshow_description_box slideshow_transparent\">\r\n\t\t\t\t\t\t<div class=\"slideshow_title\">IMG_2675<\/div>\t\t\t\t\t\t\t\t\t\t\t<\/div>\r\n\t\t\t\t<\/div>\r\n\r\n\t\t\t\t\t\t<div style=\"clear: both;\"><\/div><\/div><div class=\"slideshow_view\">\r\n\t\t\t\t<div class=\"slideshow_slide slideshow_slide_image\">\r\n\t\t\t\t\t\t\t\t\t\t\t<img src=\"https:\/\/agora.xtec.cat\/iescanpeixauet\/wp-content\/uploads\/usu1366\/2023\/03\/IMG_20230216_132331.jpg\" alt=\"IMG_20230216_132331\" width=\"1668\" height=\"1256\" \/>\r\n\t\t\t\t\t\t\t\t\t\t<div class=\"slideshow_description_box slideshow_transparent\">\r\n\t\t\t\t\t\t<div class=\"slideshow_title\">IMG_20230216_132331<\/div>\t\t\t\t\t\t\t\t\t\t\t<\/div>\r\n\t\t\t\t<\/div>\r\n\r\n\t\t\t\t\t\t<div style=\"clear: both;\"><\/div><\/div><div class=\"slideshow_view\">\r\n\t\t\t\t<div class=\"slideshow_slide slideshow_slide_image\">\r\n\t\t\t\t\t\t\t\t\t\t\t<img src=\"https:\/\/agora.xtec.cat\/iescanpeixauet\/wp-content\/uploads\/usu1366\/2023\/03\/IMG_20230216_132624.jpg\" alt=\"IMG_20230216_132624\" width=\"1256\" height=\"1668\" \/>\r\n\t\t\t\t\t\t\t\t\t\t<div class=\"slideshow_description_box slideshow_transparent\">\r\n\t\t\t\t\t\t<div class=\"slideshow_title\">IMG_20230216_132624<\/div>\t\t\t\t\t\t\t\t\t\t\t<\/div>\r\n\t\t\t\t<\/div>\r\n\r\n\t\t\t\t\t\t<div style=\"clear: both;\"><\/div><\/div><div class=\"slideshow_view\">\r\n\t\t\t\t<div class=\"slideshow_slide slideshow_slide_image\">\r\n\t\t\t\t\t\t\t\t\t\t\t<img src=\"https:\/\/agora.xtec.cat\/iescanpeixauet\/wp-content\/uploads\/usu1366\/2023\/03\/IMG_20230216_132159.jpg\" alt=\"IMG_20230216_132159\" width=\"1668\" height=\"1256\" \/>\r\n\t\t\t\t\t\t\t\t\t\t<div class=\"slideshow_description_box slideshow_transparent\">\r\n\t\t\t\t\t\t<div class=\"slideshow_title\">IMG_20230216_132159<\/div>\t\t\t\t\t\t\t\t\t\t\t<\/div>\r\n\t\t\t\t<\/div>\r\n\r\n\t\t\t\t\t\t<div style=\"clear: both;\"><\/div><\/div><div class=\"slideshow_view\">\r\n\t\t\t\t<div class=\"slideshow_slide slideshow_slide_image\">\r\n\t\t\t\t\t\t\t\t\t\t\t<img src=\"https:\/\/agora.xtec.cat\/iescanpeixauet\/wp-content\/uploads\/usu1366\/2023\/03\/IMG_20230216_132215.jpg\" alt=\"IMG_20230216_132215\" width=\"1668\" height=\"1256\" \/>\r\n\t\t\t\t\t\t\t\t\t\t<div class=\"slideshow_description_box slideshow_transparent\">\r\n\t\t\t\t\t\t<div class=\"slideshow_title\">IMG_20230216_132215<\/div>\t\t\t\t\t\t\t\t\t\t\t<\/div>\r\n\t\t\t\t<\/div>\r\n\r\n\t\t\t\t\t\t<div style=\"clear: both;\"><\/div><\/div><div class=\"slideshow_view\">\r\n\t\t\t\t<div class=\"slideshow_slide slideshow_slide_image\">\r\n\t\t\t\t\t\t\t\t\t\t\t<img src=\"https:\/\/agora.xtec.cat\/iescanpeixauet\/wp-content\/uploads\/usu1366\/2023\/03\/IMG_20230216_132223-1.jpg\" alt=\"IMG_20230216_132223 (1)\" width=\"1668\" height=\"1256\" \/>\r\n\t\t\t\t\t\t\t\t\t\t<div class=\"slideshow_description_box slideshow_transparent\">\r\n\t\t\t\t\t\t<div class=\"slideshow_title\">IMG_20230216_132223 (1)<\/div>\t\t\t\t\t\t\t\t\t\t\t<\/div>\r\n\t\t\t\t<\/div>\r\n\r\n\t\t\t\t\t\t<div style=\"clear: both;\"><\/div><\/div><div class=\"slideshow_view\">\r\n\t\t\t\t<div class=\"slideshow_slide slideshow_slide_image\">\r\n\t\t\t\t\t\t\t\t\t\t\t<img src=\"https:\/\/agora.xtec.cat\/iescanpeixauet\/wp-content\/uploads\/usu1366\/2023\/03\/IMG_2689-rotated.jpg\" alt=\"IMG_2689\" width=\"1254\" height=\"1672\" \/>\r\n\t\t\t\t\t\t\t\t\t\t<div class=\"slideshow_description_box slideshow_transparent\">\r\n\t\t\t\t\t\t<div class=\"slideshow_title\">IMG_2689<\/div>\t\t\t\t\t\t\t\t\t\t\t<\/div>\r\n\t\t\t\t<\/div>\r\n\r\n\t\t\t\t\t\t<div style=\"clear: both;\"><\/div><\/div>\r\n\t\t<\/div>\r\n\r\n\t\t<div class=\"slideshow_controlPanel slideshow_transparent\" style=\"display: none;\"><ul><li class=\"slideshow_togglePlay\" data-play-text=\"Visualitza\" data-pause-text=\"Pausa\"><\/li><\/ul><\/div>\r\n\r\n\t\t<div class=\"slideshow_button slideshow_previous slideshow_transparent\" role=\"button\" data-previous-text=\"Anterior\" style=\"display: none;\"><\/div>\r\n\t\t<div class=\"slideshow_button slideshow_next slideshow_transparent\" role=\"button\" data-next-text=\"Seg\u00fcent\" style=\"display: none;\"><\/div>\r\n\r\n\t\t<div class=\"slideshow_pagination\" style=\"display: none;\" data-go-to-text=\"V\u00e9s a la diapositiva\"><div class=\"slideshow_pagination_center\"><\/div><\/div>\r\n\r\n\t\t<!-- WordPress Slideshow Version 2.3.1 -->\r\n\r\n\t\t\t<\/div>\r\n\r\n<\/p>\n","protected":false},"excerpt":{"rendered":"<p>PRESENTACI\u00d3<br \/>\nLa utopia \u00e9s un espai o territori imaginat com a perfecte, somiat, desitjat, sense problemes. Fa refer\u00e8ncia a una comunitat que viu en un estat ideal. All\u00f2 oposat \u00e9s la distopia.<br \/>\n\u201c<a style=\"color: #000000;\" href=\"https:\/\/sites.google.com\/inscanpeixauet.cat\/my-wonderland-vs-my-horrorland\/inici\">Wonderland &amp; Horrorland<\/a>\u201d \u00e9s un projecte que pret\u00e9n fer reflexionar el nostre&hellip;  <a href=\"https:\/\/agora.xtec.cat\/iescanpeixauet\/treball-per-projectes\/wonderland-o-horrorland\/\" title=\"Read Wonderland &#038; Horrorland\">Llegeix m\u00e9s\u00bb<\/a><\/p>\n","protected":false},"author":10,"featured_media":0,"parent":2122,"menu_order":0,"comment_status":"closed","ping_status":"closed","template":"","meta":{"_bbp_topic_count":0,"_bbp_reply_count":0,"_bbp_total_topic_count":0,"_bbp_total_reply_count":0,"_bbp_voice_count":0,"_bbp_anonymous_reply_count":0,"_bbp_topic_count_hidden":0,"_bbp_reply_count_hidden":0,"_bbp_forum_subforum_count":0,"footnotes":""},"class_list":["post-8094","page","type-page","status-publish","hentry"],"post_mailing_queue_ids":[],"_links":{"self":[{"href":"https:\/\/agora.xtec.cat\/iescanpeixauet\/wp-json\/wp\/v2\/pages\/8094","targetHints":{"allow":["GET"]}}],"collection":[{"href":"https:\/\/agora.xtec.cat\/iescanpeixauet\/wp-json\/wp\/v2\/pages"}],"about":[{"href":"https:\/\/agora.xtec.cat\/iescanpeixauet\/wp-json\/wp\/v2\/types\/page"}],"author":[{"embeddable":true,"href":"https:\/\/agora.xtec.cat\/iescanpeixauet\/wp-json\/wp\/v2\/users\/10"}],"replies":[{"embeddable":true,"href":"https:\/\/agora.xtec.cat\/iescanpeixauet\/wp-json\/wp\/v2\/comments?post=8094"}],"version-history":[{"count":5,"href":"https:\/\/agora.xtec.cat\/iescanpeixauet\/wp-json\/wp\/v2\/pages\/8094\/revisions"}],"predecessor-version":[{"id":9281,"href":"https:\/\/agora.xtec.cat\/iescanpeixauet\/wp-json\/wp\/v2\/pages\/8094\/revisions\/9281"}],"up":[{"embeddable":true,"href":"https:\/\/agora.xtec.cat\/iescanpeixauet\/wp-json\/wp\/v2\/pages\/2122"}],"wp:attachment":[{"href":"https:\/\/agora.xtec.cat\/iescanpeixauet\/wp-json\/wp\/v2\/media?parent=8094"}],"curies":[{"name":"wp","href":"https:\/\/api.w.org\/{rel}","templated":true}]}}