{"id":8017,"date":"2022-11-28T19:06:49","date_gmt":"2022-11-28T18:06:49","guid":{"rendered":"https:\/\/agora.xtec.cat\/iescanpeixauet\/?page_id=8017"},"modified":"2022-11-28T19:07:08","modified_gmt":"2022-11-28T18:07:08","slug":"concursos","status":"publish","type":"page","link":"https:\/\/agora.xtec.cat\/iescanpeixauet\/biblioteca\/concursos\/","title":{"rendered":"Concursos"},"content":{"rendered":"<p>&nbsp;<\/p>\n<p>&nbsp;<\/p>\n<p>&nbsp;<\/p>\n<p><a href=\"https:\/\/agora.xtec.cat\/iescanpeixauet\/wp-content\/uploads\/usu1366\/2022\/11\/Captura-de-pantalla-2022-11-28-a-las-19.03.49.png\"><img loading=\"lazy\" decoding=\"async\" class=\"alignnone size-thumbnail wp-image-8018\" src=\"https:\/\/agora.xtec.cat\/iescanpeixauet\/wp-content\/uploads\/usu1366\/2022\/11\/Captura-de-pantalla-2022-11-28-a-las-19.03.49-150x103.png\" alt=\"\" width=\"150\" height=\"103\" \/><\/a><\/p>\n<p style=\"text-align: justify;\"><a href=\"https:\/\/www.alacarta.cat\/picalletres-la-xarxa\"><strong>Pica Lletres<\/strong><\/a> \u00e9s un format \u00fanic que permet els adolescents competir i divertir-se participant d\u2019una activitat pedag\u00f2gica senzilla i engrescadora: lletrejar paraules en catal\u00e0. De la combinaci\u00f3 d\u2019entreteniment i cultura que proposa <a href=\"https:\/\/www.alacarta.cat\/picalletres-la-xarxa\"><strong>Pica Lletres<\/strong><\/a>, en resulta una f\u00f3rmula fresca i efica\u00e7 per aprendre l&#8217;ortografia de la nostra llengua, aix\u00ed com el vessant m\u00e9s l\u00fadic del llenguatge.<\/p>\n","protected":false},"excerpt":{"rendered":"<p>&nbsp;<br \/>\n&nbsp;<br \/>\n&nbsp;<br \/>\n<a href=\"https:\/\/agora.xtec.cat\/iescanpeixauet\/wp-content\/uploads\/usu1366\/2022\/11\/Captura-de-pantalla-2022-11-28-a-las-19.03.49.png\"><\/a><br \/>\n<a href=\"https:\/\/www.alacarta.cat\/picalletres-la-xarxa\">Pica Lletres<\/a> \u00e9s un format \u00fanic que permet els adolescents competir i divertir-se participant d\u2019una activitat pedag\u00f2gica senzilla i engrescadora: lletrejar paraules en catal\u00e0. De la combinaci\u00f3 d\u2019entreteniment i cultura que proposa <a href=\"https:\/\/www.alacarta.cat\/picalletres-la-xarxa\">Pica Lletres<\/a>, en resulta una f\u00f3rmula fresca i efica\u00e7 per&hellip;  <a href=\"https:\/\/agora.xtec.cat\/iescanpeixauet\/biblioteca\/concursos\/\" title=\"Read Concursos\">Llegeix m\u00e9s\u00bb<\/a><\/p>\n","protected":false},"author":10,"featured_media":0,"parent":3725,"menu_order":0,"comment_status":"closed","ping_status":"closed","template":"","meta":{"_bbp_topic_count":0,"_bbp_reply_count":0,"_bbp_total_topic_count":0,"_bbp_total_reply_count":0,"_bbp_voice_count":0,"_bbp_anonymous_reply_count":0,"_bbp_topic_count_hidden":0,"_bbp_reply_count_hidden":0,"_bbp_forum_subforum_count":0,"footnotes":""},"class_list":["post-8017","page","type-page","status-publish","hentry"],"post_mailing_queue_ids":[],"_links":{"self":[{"href":"https:\/\/agora.xtec.cat\/iescanpeixauet\/wp-json\/wp\/v2\/pages\/8017","targetHints":{"allow":["GET"]}}],"collection":[{"href":"https:\/\/agora.xtec.cat\/iescanpeixauet\/wp-json\/wp\/v2\/pages"}],"about":[{"href":"https:\/\/agora.xtec.cat\/iescanpeixauet\/wp-json\/wp\/v2\/types\/page"}],"author":[{"embeddable":true,"href":"https:\/\/agora.xtec.cat\/iescanpeixauet\/wp-json\/wp\/v2\/users\/10"}],"replies":[{"embeddable":true,"href":"https:\/\/agora.xtec.cat\/iescanpeixauet\/wp-json\/wp\/v2\/comments?post=8017"}],"version-history":[{"count":2,"href":"https:\/\/agora.xtec.cat\/iescanpeixauet\/wp-json\/wp\/v2\/pages\/8017\/revisions"}],"predecessor-version":[{"id":8020,"href":"https:\/\/agora.xtec.cat\/iescanpeixauet\/wp-json\/wp\/v2\/pages\/8017\/revisions\/8020"}],"up":[{"embeddable":true,"href":"https:\/\/agora.xtec.cat\/iescanpeixauet\/wp-json\/wp\/v2\/pages\/3725"}],"wp:attachment":[{"href":"https:\/\/agora.xtec.cat\/iescanpeixauet\/wp-json\/wp\/v2\/media?parent=8017"}],"curies":[{"name":"wp","href":"https:\/\/api.w.org\/{rel}","templated":true}]}}