{"id":7853,"date":"2022-09-23T11:57:32","date_gmt":"2022-09-23T09:57:32","guid":{"rendered":"https:\/\/agora.xtec.cat\/iescanpeixauet\/?page_id=7853"},"modified":"2025-12-11T08:59:36","modified_gmt":"2025-12-11T07:59:36","slug":"departament-dorientacio","status":"publish","type":"page","link":"https:\/\/agora.xtec.cat\/iescanpeixauet\/departament-dorientacio\/","title":{"rendered":"DEPARTAMENT D\u2019ORIENTACI\u00d3"},"content":{"rendered":"<h2 style=\"text-align: justify;\">Qu\u00e8 \u00e9s el Departament d\u2019Orientaci\u00f3?<\/h2>\n<p style=\"text-align: justify;\">El Departament d\u2019Orientaci\u00f3 \u00e9s un \u00f2rgan especialitzat que recolza la tasca del centre educatiu i del conjunt del professorat en totes aquelles actuacions dirigides a assegurar una formaci\u00f3 integral de l\u2019alumnat i a l\u2019adaptaci\u00f3 dels processos d\u2019ensenyament a les caracter\u00edstiques i necessitats de tots els alumnes.<\/p>\n<h2 style=\"text-align: justify;\">Objectius del Departament d\u2019Orientaci\u00f3<\/h2>\n<ul class=\"lista-normal\" style=\"text-align: justify;\">\n<li>Afavorir la integraci\u00f3 dels alumnes en el grup i la participaci\u00f3 en la vida del col\u00b7legi, fomentant actituds de respecte, col\u00b7laboraci\u00f3 i toler\u00e0ncia, aix\u00ed com el compliment de les normes de conviv\u00e8ncia.<\/li>\n<li>Realitzar un seguiment personalitzat del proc\u00e9s d\u2019aprenentatge.<\/li>\n<li>Col\u00b7laborar en l\u2019avaluaci\u00f3 que duu a terme l\u2019equip docent, i recollir i transmetre qualsevol informaci\u00f3 adient sobre els alumnes i les seues fam\u00edlies.<\/li>\n<li>Contribuir a la millora del rendiment acad\u00e8mic, fomentant la utilitzaci\u00f3 d\u2019estrat\u00e8gies d\u2019aprenentatge i la reflexi\u00f3 sobre el propi proc\u00e9s d\u2019aprenentatge.<\/li>\n<li>Contribuir al desenvolupament personal de l\u2019alumne, orientant-lo en les seues necessitats personals.<\/li>\n<li>Mantenir una relaci\u00f3 fluida amb les fam\u00edlies, informant-les dels processos d\u2019aprenentatge i adaptaci\u00f3 dels seus fills i orientant-los segons les necessitats que es plantegen.<\/li>\n<\/ul>\n<p style=\"text-align: justify;\">Aquestes finalitats es realitzen a trav\u00e9s del:<\/p>\n<ul class=\"lista-normal\" style=\"text-align: justify;\">\n<li>Pla d\u2019Acci\u00f3 Tutorial<\/li>\n<li>Proc\u00e9s d\u2019ensenyament i aprenentatge \u2013 Acci\u00f3 Educativa.<\/li>\n<li>Suport al Pla d\u2019Orientaci\u00f3 Acad\u00e8mica i Professional.<\/li>\n<\/ul>\n<h2 style=\"text-align: justify;\">\u00c0mbits d\u2019actuaci\u00f3<\/h2>\n<p style=\"text-align: justify;\">Les funcions anteriors es concreten en quatre \u00e0mbits d\u2019actuaci\u00f3:<\/p>\n<p style=\"text-align: justify;\"><strong>Amb alumnes:<\/strong><\/p>\n<ul class=\"lista-normal\" style=\"text-align: justify;\">\n<li>Detecci\u00f3 i diagn\u00f2stic de dificultats d\u2019aprenentatge.<\/li>\n<li>Avaluaci\u00f3 psicopedag\u00f2gica espec\u00edfica a determinats alumnes.<\/li>\n<li>Col\u00b7laboraci\u00f3 en el disseny, aplicaci\u00f3 i seguiment de les mesures d\u2019atenci\u00f3 a la diversitat adoptades.<\/li>\n<li>Entrevistes amb alumnes a petici\u00f3 d\u2019aquests, dels seus tutors o pares.<\/li>\n<li>Suport a l\u2019acci\u00f3 tutorial mitjan\u00e7ant col\u00b7laboraci\u00f3, informaci\u00f3 i preparaci\u00f3 d\u2019activitats.<\/li>\n<li>Suport i seguiment de l\u2019avaluaci\u00f3 dels alumnes.<\/li>\n<li>Suport en l\u2019orientaci\u00f3 acad\u00e8mica i professional.<\/li>\n<li>Participaci\u00f3 en el Consell Orientador al finalitzar la Secund\u00e0ria Obligat\u00f2ria.<\/li>\n<li>Proves col\u00b7lectives per a l\u2019avaluaci\u00f3 de les \u00e0rees cognitiva, d\u2019estrat\u00e8gies d\u2019estudi, interessos&#8230; les que es precisen en cada moment evolutiu.<\/li>\n<\/ul>\n<p style=\"text-align: justify;\"><strong>Amb professors\/es:<\/strong><\/p>\n<ul class=\"lista-normal\" style=\"text-align: justify;\">\n<li>Coordinaci\u00f3 amb els Departaments Did\u00e0ctics.<\/li>\n<li>Col\u00b7laboraci\u00f3 amb el professorat en l\u2019adopci\u00f3 de mesures d\u2019atenci\u00f3 a la diversitat de l\u2019alumnat a fi de millorar el proc\u00e9s d\u2019ensenyament i aprenentatge.<\/li>\n<li>Suport al desenvolupament de programes d\u2019atenci\u00f3 a la diversitat.<\/li>\n<li>Suport a l\u2019acci\u00f3 tutorial i orientadora.<\/li>\n<li>Col\u00b7laboraci\u00f3 en el proc\u00e9s avaluador a trav\u00e9s de l\u2019assist\u00e8ncia a les reunions d\u2019avaluaci\u00f3.<\/li>\n<li>Atenci\u00f3 individual a professors.<\/li>\n<\/ul>\n<p style=\"text-align: justify;\"><strong>Amb fam\u00edlies:<\/strong><\/p>\n<ul class=\"lista-normal\" style=\"text-align: justify;\">\n<li>Informaci\u00f3 sobre mesures i programes d\u2019atenci\u00f3 a la diversitat.<\/li>\n<li>Atenci\u00f3 i assessorament individual a pares en relaci\u00f3 amb el proc\u00e9s d\u2019aprenentatge i dificultats dels seus fills.<\/li>\n<li>Entrevistes amb els pares a petici\u00f3 dels mateixos, del tutor o del propi Departament d\u2019Orientaci\u00f3.<\/li>\n<li>Reunions informatives amb els pares sobre els resultats de les exploracions col\u00b7lectives i de les opcions acad\u00e8miques i professionals dels alumnes.<\/li>\n<\/ul>\n<p style=\"text-align: justify;\"><strong>Amb l\u2019Equip Directiu:<\/strong><\/p>\n<ul class=\"lista-normal\" style=\"text-align: justify;\">\n<li>Elaborar sota les directrius de l\u2019Equip Directiu del Pla d\u2019Orientaci\u00f3 Escolar i Atenci\u00f3 a la Diversitat, coordinar la seua aplicaci\u00f3 i contribuir al seu desenvolupament i avaluaci\u00f3.<\/li>\n<li>Assessorar l\u2019Equip Directiu en l\u2019elaboraci\u00f3 del Projecte Educatiu de Centre, en la promoci\u00f3 i desenvolupament de l\u2019avaluaci\u00f3 dels distints projectes del centre aix\u00ed com en les avaluacions externes.<\/li>\n<\/ul>\n<p>A m\u00e9s,\u00a0<b>treballem en xarxa<\/b>\u00a0coordinant-nos amb les\u00a0<b>escoles adscrites de prim\u00e0ria<\/b>,\u00a0<b>l\u2019Equip d\u2019Assessorament i Orientaci\u00f3 Psicopedag\u00f2gica (EAP)<\/b>\u00a0i la professional sanit\u00e0ria de refer\u00e8ncia del programa\u00a0<b>Salut i Escola,\u00a0<\/b>entre d\u2019altres serveis externs de salut i educaci\u00f3.<\/p>\n<p>Sempre tenint en ment que\u00a0<b>treballem<\/b>\u00a0amb i per a vosaltres,\u00a0<b>caminant al vostre costat<\/b>\u00a0perqu\u00e8 volem que els vostres fills i filles rebin la millor\u00a0<b>atenci\u00f3 i recolzament<\/b>\u00a0possible.<\/p>\n","protected":false},"excerpt":{"rendered":"<p>Qu\u00e8 \u00e9s el Departament d\u2019Orientaci\u00f3?<br \/>\nEl Departament d\u2019Orientaci\u00f3 \u00e9s un \u00f2rgan especialitzat que recolza la tasca del centre educatiu i del conjunt del professorat en totes aquelles actuacions dirigides a assegurar una formaci\u00f3 integral de l\u2019alumnat i a l\u2019adaptaci\u00f3 dels processos d\u2019ensenyament a les caracter\u00edstiques i&hellip;  <a href=\"https:\/\/agora.xtec.cat\/iescanpeixauet\/departament-dorientacio\/\" title=\"Read DEPARTAMENT D\u2019ORIENTACI\u00d3\">Llegeix m\u00e9s\u00bb<\/a><\/p>\n","protected":false},"author":10,"featured_media":0,"parent":0,"menu_order":0,"comment_status":"closed","ping_status":"closed","template":"","meta":{"_bbp_topic_count":0,"_bbp_reply_count":0,"_bbp_total_topic_count":0,"_bbp_total_reply_count":0,"_bbp_voice_count":0,"_bbp_anonymous_reply_count":0,"_bbp_topic_count_hidden":0,"_bbp_reply_count_hidden":0,"_bbp_forum_subforum_count":0,"footnotes":""},"class_list":["post-7853","page","type-page","status-publish","hentry"],"post_mailing_queue_ids":[],"_links":{"self":[{"href":"https:\/\/agora.xtec.cat\/iescanpeixauet\/wp-json\/wp\/v2\/pages\/7853","targetHints":{"allow":["GET"]}}],"collection":[{"href":"https:\/\/agora.xtec.cat\/iescanpeixauet\/wp-json\/wp\/v2\/pages"}],"about":[{"href":"https:\/\/agora.xtec.cat\/iescanpeixauet\/wp-json\/wp\/v2\/types\/page"}],"author":[{"embeddable":true,"href":"https:\/\/agora.xtec.cat\/iescanpeixauet\/wp-json\/wp\/v2\/users\/10"}],"replies":[{"embeddable":true,"href":"https:\/\/agora.xtec.cat\/iescanpeixauet\/wp-json\/wp\/v2\/comments?post=7853"}],"version-history":[{"count":6,"href":"https:\/\/agora.xtec.cat\/iescanpeixauet\/wp-json\/wp\/v2\/pages\/7853\/revisions"}],"predecessor-version":[{"id":10378,"href":"https:\/\/agora.xtec.cat\/iescanpeixauet\/wp-json\/wp\/v2\/pages\/7853\/revisions\/10378"}],"wp:attachment":[{"href":"https:\/\/agora.xtec.cat\/iescanpeixauet\/wp-json\/wp\/v2\/media?parent=7853"}],"curies":[{"name":"wp","href":"https:\/\/api.w.org\/{rel}","templated":true}]}}