{"id":7797,"date":"2022-07-28T13:31:40","date_gmt":"2022-07-28T11:31:40","guid":{"rendered":"https:\/\/agora.xtec.cat\/iescanpeixauet\/?page_id=7797"},"modified":"2022-07-28T13:41:56","modified_gmt":"2022-07-28T11:41:56","slug":"convivencia","status":"publish","type":"page","link":"https:\/\/agora.xtec.cat\/iescanpeixauet\/convivencia\/","title":{"rendered":"Conviv\u00e8ncia"},"content":{"rendered":"<p style=\"text-align: justify;\"><a href=\"https:\/\/agora.xtec.cat\/iescanpeixauet\/wp-content\/uploads\/usu1366\/2022\/07\/20070718202207-convivencia2.jpg\"><img loading=\"lazy\" decoding=\"async\" class=\"alignright wp-image-7807 size-medium\" src=\"https:\/\/agora.xtec.cat\/iescanpeixauet\/wp-content\/uploads\/usu1366\/2022\/07\/20070718202207-convivencia2-300x233.jpg\" alt=\"\" width=\"300\" height=\"233\" srcset=\"https:\/\/agora.xtec.cat\/iescanpeixauet\/wp-content\/uploads\/usu1366\/2022\/07\/20070718202207-convivencia2-300x233.jpg 300w, https:\/\/agora.xtec.cat\/iescanpeixauet\/wp-content\/uploads\/usu1366\/2022\/07\/20070718202207-convivencia2.jpg 320w\" sizes=\"auto, (max-width: 300px) 100vw, 300px\" \/><\/a>El Projecte de Conviv\u00e8ncia de l\u2019Institut \u00e9s l\u2019instrument on es reflecteixen les accions que el centre desenvolupa, a tots els nivells, i des de tots els \u00f2rgans de govern, coordinaci\u00f3 i participaci\u00f3, per capacitar tota la comunitat educativa per a la conviv\u00e8ncia i la gesti\u00f3 positiva dels conflictes, tot responent a les necessitats concretes per mantenir i anar millorant (si cal) el bon clima escolar i contribuir a l\u2019\u00e8xit personal, acad\u00e8mic, social i laboral de tots\/es els\/les alumnes, en el marc d\u2019una societat complexa, de la qual el centre \u00e9s el reflex.<\/p>\n<p>&nbsp;<\/p>\n","protected":false},"excerpt":{"rendered":"<p><a href=\"https:\/\/agora.xtec.cat\/iescanpeixauet\/wp-content\/uploads\/usu1366\/2022\/07\/20070718202207-convivencia2.jpg\"><\/a>El Projecte de Conviv\u00e8ncia de l\u2019Institut \u00e9s l\u2019instrument on es reflecteixen les accions que el centre desenvolupa, a tots els nivells, i des de tots els \u00f2rgans de govern, coordinaci\u00f3 i participaci\u00f3, per capacitar tota la comunitat educativa per a la conviv\u00e8ncia i la&hellip;  <a href=\"https:\/\/agora.xtec.cat\/iescanpeixauet\/convivencia\/\" title=\"Read Conviv\u00e8ncia\">Llegeix m\u00e9s\u00bb<\/a><\/p>\n","protected":false},"author":10,"featured_media":0,"parent":0,"menu_order":0,"comment_status":"closed","ping_status":"closed","template":"page-templates\/side-menu.php","meta":{"_bbp_topic_count":0,"_bbp_reply_count":0,"_bbp_total_topic_count":0,"_bbp_total_reply_count":0,"_bbp_voice_count":0,"_bbp_anonymous_reply_count":0,"_bbp_topic_count_hidden":0,"_bbp_reply_count_hidden":0,"_bbp_forum_subforum_count":0,"footnotes":""},"class_list":["post-7797","page","type-page","status-publish","hentry"],"post_mailing_queue_ids":[],"_links":{"self":[{"href":"https:\/\/agora.xtec.cat\/iescanpeixauet\/wp-json\/wp\/v2\/pages\/7797","targetHints":{"allow":["GET"]}}],"collection":[{"href":"https:\/\/agora.xtec.cat\/iescanpeixauet\/wp-json\/wp\/v2\/pages"}],"about":[{"href":"https:\/\/agora.xtec.cat\/iescanpeixauet\/wp-json\/wp\/v2\/types\/page"}],"author":[{"embeddable":true,"href":"https:\/\/agora.xtec.cat\/iescanpeixauet\/wp-json\/wp\/v2\/users\/10"}],"replies":[{"embeddable":true,"href":"https:\/\/agora.xtec.cat\/iescanpeixauet\/wp-json\/wp\/v2\/comments?post=7797"}],"version-history":[{"count":3,"href":"https:\/\/agora.xtec.cat\/iescanpeixauet\/wp-json\/wp\/v2\/pages\/7797\/revisions"}],"predecessor-version":[{"id":7808,"href":"https:\/\/agora.xtec.cat\/iescanpeixauet\/wp-json\/wp\/v2\/pages\/7797\/revisions\/7808"}],"wp:attachment":[{"href":"https:\/\/agora.xtec.cat\/iescanpeixauet\/wp-json\/wp\/v2\/media?parent=7797"}],"curies":[{"name":"wp","href":"https:\/\/api.w.org\/{rel}","templated":true}]}}