{"id":7794,"date":"2022-07-28T13:30:40","date_gmt":"2022-07-28T11:30:40","guid":{"rendered":"https:\/\/agora.xtec.cat\/iescanpeixauet\/?page_id=7794"},"modified":"2022-07-28T13:37:54","modified_gmt":"2022-07-28T11:37:54","slug":"consell-delegats-i-delagades","status":"publish","type":"page","link":"https:\/\/agora.xtec.cat\/iescanpeixauet\/consell-delegats-i-delagades\/","title":{"rendered":"Consell delegats i delegades"},"content":{"rendered":"<h2 align=\"justify\">FUNCIONAMENT DEL CONSELL DE DELEGADES I DELEGATS<\/h2>\n<p lang=\"ca-ES\" style=\"text-align: justify;\" align=\"justify\">El Consell \u00e9s un organisme que representa a tot l\u2019alumnat, per tant cada delegada o delegat haur\u00e0 de con\u00e8ixer les opinions, propostes i necessitats de la seua classe:<\/p>\n<p lang=\"ca-ES\" style=\"text-align: justify;\" align=\"justify\"><b>L\u2019assemblea de classe<\/b> a l\u2019hora de tutoria: \u00c9s l\u2019espai m\u00e9s important de participaci\u00f3 dels alumnes on es poden expressar les opinions, reflexionar sobre temes d\u2019inter\u00e8s de l\u2019alumnat, parlar sobre els problemes que es donen dins el grup-classe, dissenyar estrat\u00e8gies per millorar l\u2019ambient de treball, la conservaci\u00f3 de l\u2019entorn immediat, preparar les sessions d\u2019avaluaci\u00f3, organitzar les activitats del centre\u2026 etc. Aquesta assemblea \u00e9s realitzar\u00e0 durant l\u2019hora de tutoria <b>una vegada al mes, concretament l<\/b><u><b>a segona setmana<\/b><\/u><b>. <\/b><\/p>\n<p lang=\"ca-ES\" style=\"text-align: justify;\" align=\"justify\">Perqu\u00e8 l\u2019assemblea funcione b\u00e9, siga \u00e0gil, i tots i totes puguen participar sense que ning\u00fa l\u2019interrompa, s\u2019han de seguir una s\u00e8rie de normes com triar un\/a representat del grup-classe.<\/p>\n<p lang=\"ca-ES\" style=\"text-align: justify;\" align=\"justify\"><b>L\u2019elecci\u00f3 del delegat o delegada<\/b> de cada grup-classe es far\u00e0 durant el primer mes del curs escolar durant la tutoria mitjan\u00e7ant vot secret i per majoria. Tanmateix, es triar\u00e0 un <b>subdelegat o subdelegada que substituir\u00e0 a aquest\/a en cas d\u2019abs\u00e8ncia i li donara suport en les seues funcions<\/b>. Tot aquest proc\u00e9s ser\u00e0 supervisat pel professor\/a tutor\/a del grup. El nomenament de l\u2019alumnat delegat i subdelegat t\u00e9 validesa per a tot el curs escolar. No obstant, l\u2019alumnat que els va triar podr\u00e0 revocar-los, amb un informe raonat previ dirigit al professorat tutor subscrit per la majoria de l\u2019alumnat del grup que els va elegir.<\/p>\n<p lang=\"ca-ES\" style=\"text-align: justify;\" align=\"justify\"><b>El Consell de delega<\/b><b>des<\/b><b> i delega<\/b><b>ts<\/b> el formen el conjunt de delegats i delegades de tots els grups-classe del centre i es reuneix amb la Direcci\u00f3 del centre <b>una vegada al mes, generalment la tercera\u00a0<\/b><b>setmana, en la sala d&#8217;actes<\/b>. Els delegats i delegades s\u00f3n convocats rebent un missatge al seu correu electr\u00f2nic amb un m\u00ednim de 48 hores d\u2019antelaci\u00f3; a m\u00e9s, tamb\u00e9 s\u2019envia al tutor o tutora de cada grup classe perqu\u00e8 n\u2019estiguen assabentats i ho recorden a l\u2019alumnat.<\/p>\n<p lang=\"ca-ES\" style=\"text-align: justify;\" align=\"justify\">El delegat o delegada del grup haur\u00e0 de transmetre tota la informaci\u00f3 tractada en el Consell de delegades i delegats al seu grup en l\u2019hora de tutoria <b>una vegada al mes, concretament la <\/b><u><b>quarta setmana<\/b><\/u><b>.<\/b><\/p>\n<p lang=\"ca-ES\" style=\"text-align: justify;\" align=\"justify\"><b>El coordinador del consell de delegats i delegades \u00e9s Alex S\u00e1nchez, professor del departament de\u00a0ciencias\u00a0socials\u00a0de l&#8217;institut.<\/b><\/p>\n<p>El seu correu electr\u00f2nic de contacte \u00e9s:\u00a0<a href=\"mailto:asanchez@inscanpeixauet.cat\">asanchez<span class=\"atwho-query\">@inscanpeixauet.cat<\/span><\/a><\/p>\n","protected":false},"excerpt":{"rendered":"<p>FUNCIONAMENT DEL CONSELL DE DELEGADES I DELEGATS<br \/>\nEl Consell \u00e9s un organisme que representa a tot l\u2019alumnat, per tant cada delegada o delegat haur\u00e0 de con\u00e8ixer les opinions, propostes i necessitats de la seua classe:<br \/>\nL\u2019assemblea de classe a l\u2019hora de tutoria: \u00c9s l\u2019espai m\u00e9s important de&hellip;  <a href=\"https:\/\/agora.xtec.cat\/iescanpeixauet\/consell-delegats-i-delagades\/\" title=\"Read Consell delegats i delegades\">Llegeix m\u00e9s\u00bb<\/a><\/p>\n","protected":false},"author":10,"featured_media":0,"parent":0,"menu_order":0,"comment_status":"closed","ping_status":"closed","template":"page-templates\/side-menu.php","meta":{"_bbp_topic_count":0,"_bbp_reply_count":0,"_bbp_total_topic_count":0,"_bbp_total_reply_count":0,"_bbp_voice_count":0,"_bbp_anonymous_reply_count":0,"_bbp_topic_count_hidden":0,"_bbp_reply_count_hidden":0,"_bbp_forum_subforum_count":0,"footnotes":""},"class_list":["post-7794","page","type-page","status-publish","hentry"],"post_mailing_queue_ids":[],"_links":{"self":[{"href":"https:\/\/agora.xtec.cat\/iescanpeixauet\/wp-json\/wp\/v2\/pages\/7794","targetHints":{"allow":["GET"]}}],"collection":[{"href":"https:\/\/agora.xtec.cat\/iescanpeixauet\/wp-json\/wp\/v2\/pages"}],"about":[{"href":"https:\/\/agora.xtec.cat\/iescanpeixauet\/wp-json\/wp\/v2\/types\/page"}],"author":[{"embeddable":true,"href":"https:\/\/agora.xtec.cat\/iescanpeixauet\/wp-json\/wp\/v2\/users\/10"}],"replies":[{"embeddable":true,"href":"https:\/\/agora.xtec.cat\/iescanpeixauet\/wp-json\/wp\/v2\/comments?post=7794"}],"version-history":[{"count":3,"href":"https:\/\/agora.xtec.cat\/iescanpeixauet\/wp-json\/wp\/v2\/pages\/7794\/revisions"}],"predecessor-version":[{"id":7806,"href":"https:\/\/agora.xtec.cat\/iescanpeixauet\/wp-json\/wp\/v2\/pages\/7794\/revisions\/7806"}],"wp:attachment":[{"href":"https:\/\/agora.xtec.cat\/iescanpeixauet\/wp-json\/wp\/v2\/media?parent=7794"}],"curies":[{"name":"wp","href":"https:\/\/api.w.org\/{rel}","templated":true}]}}