{"id":7785,"date":"2022-07-28T13:13:56","date_gmt":"2022-07-28T11:13:56","guid":{"rendered":"https:\/\/agora.xtec.cat\/iescanpeixauet\/?page_id=7785"},"modified":"2023-06-16T09:28:50","modified_gmt":"2023-06-16T07:28:50","slug":"drastics-amb-els-plastics","status":"publish","type":"page","link":"https:\/\/agora.xtec.cat\/iescanpeixauet\/treball-per-projectes\/drastics-amb-els-plastics\/","title":{"rendered":"Dr\u00e0stics amb els pl\u00e0stics"},"content":{"rendered":"<h3><span style=\"color: #000000;\">PRESENTACI\u00d3<\/span><\/h3>\n<h6 style=\"text-align: justify;\"><span style=\"color: #000000;\">El projecte t\u00e9 per objectiu transversal <strong>treballar la vessant d&#8217;incid\u00e8ncia individual i col\u00b7lectiva<\/strong>, aprofundint no nom\u00e9s en el coneixement i an\u00e0lisi de la situaci\u00f3 actual sin\u00f3 oferint propostes i actuacions <strong>per contribuir a la conscienciaci\u00f3 sobre la necessitat de\u00a0reducci\u00f3 dels residus pl\u00e0stics<\/strong>.<\/span><\/h6>\n<hr \/>\n<h6 style=\"text-align: justify;\"><span style=\"color: #000000;\">El projecte &#8220;<a style=\"color: #000000;\" href=\"https:\/\/sites.google.com\/inscanpeixauet.cat\/drsticsambelsplstics\/p%C3%A0gina-principal\">Dr\u00e0stics amb els pl\u00e0stics<\/a>&#8221; \u00e9s un projecte dissenyat per dur a terme a 3r d\u2019ESO en les mat\u00e8ries de Catal\u00e0, Biologia, Tecnologia, F\u00edsica &amp; Qu\u00edmica i Matem\u00e0tiques que pret\u00e9n donar continu\u00eftat\u00a0al projecte<strong>\u00a0\u201c<a style=\"color: #000000;\" href=\"https:\/\/sites.google.com\/inscanpeixauet.cat\/keep-the-sea-plastic-free\/home?pli=1&amp;authuser=1\">Keep the sea plastic free\u201d<\/a> <\/strong>\u00a0que fem a 1r d&#8217;ESO a trav\u00e9s del qual els alumnes investiguen sobre l&#8217;impacte dels pl\u00e0stics en l&#8217;ecosistema mar\u00ed.<\/span><\/h6>\n<h6 style=\"text-align: justify;\"><span style=\"color: #000000;\">A continuaci\u00f3 podeu veure als nostres alumnes durant el desenvolupament del projecte:<\/span><\/h6>\n<p style=\"text-align: center;\">\r\n\t<div class=\"slideshow_container slideshow_container_style-light\" style=\" \" data-slideshow-id=\"8721\" data-style-name=\"style-light\" data-style-version=\"2.3.1\" >\r\n\r\n\t\t\t\t\t<div class=\"slideshow_loading_icon\"><\/div>\r\n\t\t\r\n\t\t<div class=\"slideshow_content\" style=\"display: none;\">\r\n\r\n\t\t\t<div class=\"slideshow_view\">\r\n\t\t\t\t<div class=\"slideshow_slide slideshow_slide_image\">\r\n\t\t\t\t\t\t\t\t\t\t\t<img src=\"https:\/\/agora.xtec.cat\/iescanpeixauet\/wp-content\/uploads\/usu1366\/2023\/06\/Captura-de-pantalla-2023-06-15-081818.png\" alt=\"Captura de pantalla 2023-06-15 081818\" width=\"802\" height=\"364\" \/>\r\n\t\t\t\t\t\t\t\t\t\t<div class=\"slideshow_description_box slideshow_transparent\">\r\n\t\t\t\t\t\t<div class=\"slideshow_title\">Captura de pantalla 2023-06-15 081818<\/div>\t\t\t\t\t\t\t\t\t\t\t<\/div>\r\n\t\t\t\t<\/div>\r\n\r\n\t\t\t\t\t\t<div style=\"clear: both;\"><\/div><\/div><div class=\"slideshow_view\">\r\n\t\t\t\t<div class=\"slideshow_slide slideshow_slide_image\">\r\n\t\t\t\t\t\t\t\t\t\t\t<img src=\"https:\/\/agora.xtec.cat\/iescanpeixauet\/wp-content\/uploads\/usu1366\/2023\/06\/IMG_20230609_083426_024-scaled.jpg\" alt=\"IMG_20230609_083426_024\" width=\"2560\" height=\"1920\" \/>\r\n\t\t\t\t\t\t\t\t\t\t<div class=\"slideshow_description_box slideshow_transparent\">\r\n\t\t\t\t\t\t<div class=\"slideshow_title\">IMG_20230609_083426_024<\/div>\t\t\t\t\t\t\t\t\t\t\t<\/div>\r\n\t\t\t\t<\/div>\r\n\r\n\t\t\t\t\t\t<div style=\"clear: both;\"><\/div><\/div><div class=\"slideshow_view\">\r\n\t\t\t\t<div class=\"slideshow_slide slideshow_slide_image\">\r\n\t\t\t\t\t\t\t\t\t\t\t<img src=\"https:\/\/agora.xtec.cat\/iescanpeixauet\/wp-content\/uploads\/usu1366\/2023\/06\/IMG_20230609_090721_545-scaled.jpg\" alt=\"IMG_20230609_090721_545\" width=\"2560\" height=\"1920\" \/>\r\n\t\t\t\t\t\t\t\t\t\t<div class=\"slideshow_description_box slideshow_transparent\">\r\n\t\t\t\t\t\t<div class=\"slideshow_title\">IMG_20230609_090721_545<\/div>\t\t\t\t\t\t\t\t\t\t\t<\/div>\r\n\t\t\t\t<\/div>\r\n\r\n\t\t\t\t\t\t<div style=\"clear: both;\"><\/div><\/div><div class=\"slideshow_view\">\r\n\t\t\t\t<div class=\"slideshow_slide slideshow_slide_image\">\r\n\t\t\t\t\t\t\t\t\t\t\t<img src=\"https:\/\/agora.xtec.cat\/iescanpeixauet\/wp-content\/uploads\/usu1366\/2023\/06\/IMG_5767.heic\" alt=\"IMG_5767\"   \/>\r\n\t\t\t\t\t\t\t\t\t\t<div class=\"slideshow_description_box slideshow_transparent\">\r\n\t\t\t\t\t\t<div class=\"slideshow_title\">IMG_5767<\/div>\t\t\t\t\t\t\t\t\t\t\t<\/div>\r\n\t\t\t\t<\/div>\r\n\r\n\t\t\t\t\t\t<div style=\"clear: both;\"><\/div><\/div><div class=\"slideshow_view\">\r\n\t\t\t\t<div class=\"slideshow_slide slideshow_slide_image\">\r\n\t\t\t\t\t\t\t\t\t\t\t<img src=\"https:\/\/agora.xtec.cat\/iescanpeixauet\/wp-content\/uploads\/usu1366\/2023\/06\/IMG_5756.heic\" alt=\"IMG_5756\"   \/>\r\n\t\t\t\t\t\t\t\t\t\t<div class=\"slideshow_description_box slideshow_transparent\">\r\n\t\t\t\t\t\t<div class=\"slideshow_title\">IMG_5756<\/div>\t\t\t\t\t\t\t\t\t\t\t<\/div>\r\n\t\t\t\t<\/div>\r\n\r\n\t\t\t\t\t\t<div style=\"clear: both;\"><\/div><\/div><div class=\"slideshow_view\">\r\n\t\t\t\t<div class=\"slideshow_slide slideshow_slide_image\">\r\n\t\t\t\t\t\t\t\t\t\t\t<img src=\"https:\/\/agora.xtec.cat\/iescanpeixauet\/wp-content\/uploads\/usu1366\/2023\/06\/1000000781-1.jpg\" alt=\"1000000781\" width=\"512\" height=\"384\" \/>\r\n\t\t\t\t\t\t\t\t\t\t<div class=\"slideshow_description_box slideshow_transparent\">\r\n\t\t\t\t\t\t<div class=\"slideshow_title\">1000000781<\/div>\t\t\t\t\t\t\t\t\t\t\t<\/div>\r\n\t\t\t\t<\/div>\r\n\r\n\t\t\t\t\t\t<div style=\"clear: both;\"><\/div><\/div>\r\n\t\t<\/div>\r\n\r\n\t\t<div class=\"slideshow_controlPanel slideshow_transparent\" style=\"display: none;\"><ul><li class=\"slideshow_togglePlay\" data-play-text=\"Visualitza\" data-pause-text=\"Pausa\"><\/li><\/ul><\/div>\r\n\r\n\t\t<div class=\"slideshow_button slideshow_previous slideshow_transparent\" role=\"button\" data-previous-text=\"Anterior\" style=\"display: none;\"><\/div>\r\n\t\t<div class=\"slideshow_button slideshow_next slideshow_transparent\" role=\"button\" data-next-text=\"Seg\u00fcent\" style=\"display: none;\"><\/div>\r\n\r\n\t\t<div class=\"slideshow_pagination\" style=\"display: none;\" data-go-to-text=\"V\u00e9s a la diapositiva\"><div class=\"slideshow_pagination_center\"><\/div><\/div>\r\n\r\n\t\t<!-- WordPress Slideshow Version 2.3.1 -->\r\n\r\n\t\t\t<\/div>\r\n\r\n<\/p>\n<div id=\"19EFD\" style=\"width:100%;max-width:800px;height:600px;display:none;\">\n<img decoding=\"async\" src=\"https:\/\/lh3.googleusercontent.com\/pTNZTNYUSu5M_6FvUmPF1j0JEo8m8hv39nqLdxEiOIhJygu30NsffoxVcH5jtRGO1GMuE2YPVQQQISAzuahZstIytGGOzvUZ99REznxWC9_xagiQA5BptTp3M0M9fiIZMYGEx9j5iZq6hpO-x4zZLdzVQL9Rz_EneqbyY276LhHte2zMrcGSYj6fTTQGBnyjogQ6guOs6rkvPRHTxpOkNKTRxrZDEWqJvd4TKf_oMY7qyxyDI4aaiB9n_wHJuGkvZ7Z9YX_pI30nGlsF_hpytHWBdnT4pPdy-O_Kn5NW1vKSEDDFAv4bJ0eYbMyejoHbNJBBsTs5usVWdYHbD8Hpr7-GbIjWmNqgZU_4lPO0yn2OOCzdm5AO8touiGJ8GlS0-JRcvDSd5SMUp6-RTafTHG8b77XFEc3x4sBTxNxZK6VbwrwnwIy_cXI9j9K1tSfy2nSZClFPspbbKnTOpgomCdLqBHmUKQcJIXiihLrU2u7KKnPt5XNZ9trhvrskyW3zU9SdmdE5T8lymHkMikiTz9dz3XnPe_Yydsg8yZjZnL7AlioJZ0_v6CQEWhSeyhhFMI5z1tGOAY0I9rOrXO24GC-plnLzIut7qZJsLIf4TCNui31BXL8Hma33sxFhrP58sRxbVCIg2lZ4Nq9yRUaAqFph7HuLEczZds4XC5E7dQzrtNC1NFLmPcF3hNfhDsA9OoMWrNTzLmJ5pCeW1E4TeBui5udFTaB30FYmi3VC3jj37ms0ZChuBb4SfKAUQsnh78lSqV2lALTakC8Uowg0ehCPfi4Np-pro0Qydbuv7vDSY4e8xUSnOLCX8xlRloOYg883XvM_G1gIDcVVnf0nqoXsbZOiR2A4vu6-OjjcH9bl5IwzIrEzvtG98PYzwu79hGZPh3HJc0fcPJbeDMhNvecouIIQWhFSh1lbEMXBEUmEF0OLvG-L4-S2aV33F0Qgja7yFyJ4MGB02X6RBEXwlJe_fK2rsB29TdFyOv24u9xOGZUEoL5WohcsWkwIZ9bm_ywtkQwG4fsgpg=w800-h600-no--no?authuser=1\" data-link=\"https:\/\/photos.google.com\/u\/1\/share\/AF1QipNgYgKWnT8hibhtmjvw5-j-aOSGRZBrNSf3q3P2oY2oC_WowYw7ZcUGs-zs0ztDiQ\/photo\/AF1QipMHk5wCvRumv54uah4Tzwn2FdySDaXIIqwxcUFu?key=UDZudHZ0WGtpZVhROUNBTk82T0tiVnRuT21OMC13\"><br \/>\n<img decoding=\"async\" src=\"https:\/\/lh3.googleusercontent.com\/IqUgoYn71pRHsXqJ12ySZ7tL-scsFHBL8G714tXnJB1IEdyhAj--lqO0SDM6hjEKYfJsLAX43rd4TwHndBr-YXk3n8NhVd7lQQjv18AVbuNu1cKqk6bN2zlC-2SYdICuMsan4lSY62Gk22VmniSSYY_ImmmcaCkQA9tz2mBKIP14eMgPxqsRhfl0Ql1ZCPhng1l1vx0632oAEIvx1fE7SMuWexKXf6wpXF0fU9XlbMHPFP8qbUEeD8n4piEPvxUeNgdUty1Ho8IuSmYSvnrhifeCF91cJhfriGS50v1gqczgbrSa1bi7Cq2puQs1EdM7mBErrK0xb7Z13KdxlZqkM8ITa0X_v4lgJCzIJzydfucLGi-v1Svfci6vDrMoysCjRVcds-ycfFsTq-DOcN6WZ3mFSFtdz1tcO9fS-0b5iTGHfyLHbYmPtpgDoqFSzgTP5EOkCtLyXbUscl5-d_nh52TRk7hdWFPbbaK9Pp9ac9coSPCovhN46JhmbbeeeEAzEsu8-BhZeQzgVvIyZRMQ2hERU-FqlnAXLsdjay6VNws6ORDp4-VOxeBgHRTYG3PRtpHQjiipipMdsk_XtAXToP4uLXeM4h6BG_kDKFe3CMn2Gd80MswuIZVzOWZ1zdugjBhEs2lCGTzv3QMFR2gVOfHuoMh0OoKVgMlhb_qk4Ecf2kQRWYasaxysKYERGtGl_I_zkD-G-bJX6MPc9nEz_7cfPzG4abVAZhfZyshcpdJPSzGIIsTPoOGIdjOa5q7Z4oCYZAxfktt_HFbXHyqiXSgnVXVWScqq9wuku_OaJ7ZFAFyZ8GRyAgaBJP6Y_yThCMbR1W_Ha5wIVnNYx1ZxxnE1-PCxTrbh59jG-NB2CKRkGLTynyDpeVMdvsrYGBkufgOeLQPsCR-ciC2MoT2uQFQfA38oyOjvv8F3GC1AD43Y7MctSACsgx0Mp1WEBaEIQGJSYaDA11yc8C5oq3jSR6GgTpk9NM4N7-cSrOhcmuO9Wo_non4P0or2iAmK-qSC2dh6sqoKnXYMHw=w800-h600-no--no?authuser=1\" data-link=\"https:\/\/photos.google.com\/u\/1\/share\/AF1QipNgYgKWnT8hibhtmjvw5-j-aOSGRZBrNSf3q3P2oY2oC_WowYw7ZcUGs-zs0ztDiQ\/photo\/AF1QipNpBqEKxDEWYlGfYFK_B-SLlh9qirK73iUAt5o5?key=UDZudHZ0WGtpZVhROUNBTk82T0tiVnRuT21OMC13\"><br \/>\n<img decoding=\"async\" src=\"https:\/\/lh3.googleusercontent.com\/6ieMl38IA_3rsOFnE4QwBceiBYPG_DzYQO4JW6nEgLxbc8WLVbUaovTMtHOq83TAv3vmuc4wMy90Z0zg4AAfNJfL-lQ7Ok4sam6mxqkXhCmVnyo2ck65_Kd0A_aPukoFtFEEyUvjhcmvZ1g34waWtEIT5-NYgZYtY_ryuKBuF5-7nWcH_lTzdCbjkx_d_Gwbe--re7_ExwGsPIZDwsbU6g3O2dxV3M0ITpCEsZExGa_RNw8eWZyWKwx6zG5XJ_Xnz7XHHreIhKb9tHQ_LybS0XRNxsHDUODL5kahsZJBSQseoJlIxuvTfCilHH3-WpGDt7oMMnzk24LurrUdnJmRwrsjUG0kM4zyOsbKkTnEjqjWclWa-B3fNncVnWxzw6Vf3z8_fIU6jSTJetJT18JYi8JUHWxyPCp3X_2YHgm5Hx7rX5saUfaY7ZdGr0VCtbniYGXvUS41J53agw9CvkBrB1WPS5GX-WpsubHZ47Eg7HmOTfA5_Hivf9GTPMSJZ0uPcEBxZu8NGhoKdky6gNDqn2mORswjB6WdQhvH0uJTY9FcUMIBlj789vY2EPcb2HrCGGwVM80AlGdnBNWa1k4ARZRQVhkFQ1RQuEnLIqgZ_T80iGoBPqWM1CQW6S5fF-E9HHMvmw493UdKMUR8CTd-Eq-CskFPhHtk2peXxqh9DxvmMj2Yhv9YmhnYBW2r8HApuvylGs_mJikdKYizyJYvx59QhAEl-X-1lVCYNABZYEjyXgpqac7QQ-4gYa-cipwMu2E4ZN0jxCXJKgvu6CNDU-CcJc1w-DWC3eYL6FWU650q_wnS6glXViv2_a3SftTDTeoBNSAnqPfcW3yQP_p72gQ__slNRcxmUKLKbSlTdgBvugrbDPbJ7wgeJKINyvRtN6b1Gip3nxDABvR6r4vCZC-CRlHZ0ZEdqmfBh7eQ4ADGiTsm_vUOvETzE5r7eKD_pZCPU1-ACJbPxn3tTAsYlqOIPJgbXWwu8CevtTKmSaiyUOFh8oS0XiP3JdEaO2poq_OZduoLVvaeSQ=w800-h600-no--no?authuser=1\" data-link=\"https:\/\/photos.google.com\/u\/1\/share\/AF1QipNgYgKWnT8hibhtmjvw5-j-aOSGRZBrNSf3q3P2oY2oC_WowYw7ZcUGs-zs0ztDiQ\/photo\/AF1QipMr80SnqXI9qdGUqA_oSLnISQIpK5RH-r2zhhEC?key=UDZudHZ0WGtpZVhROUNBTk82T0tiVnRuT21OMC13\"><br \/>\n<img decoding=\"async\" src=\"https:\/\/lh3.googleusercontent.com\/h5lqZ_Ren4o0mRzKtUCAfKGTChJ0wer_hQnwYR2_5iSRugoMtPm3F0EXnRVn6pczrDbZzA4IdieqRQiMFUpWE4_CjM__Huye_PJXV6d-a8FS5KY5w1R935HA-9_ysUV_d2EBQ0oJDU1cwOdS6cSNopclvD8VrnXBko5ryafLsBlbPRf7RoxLhQG5pSqjVLTl6lSaQZ7mTgT5UU936r1fB-wDMIqNZgP6aX1wvJn9_eXqr0sc5KsedgtLe7rMxL_nR4dYakhCOZuzLiHz0mcztFNbqgTkI2q2VcDznk9rmRCewLCXvzRYhxZJxUjAvjJlIAHHkZzAnovmU9liUx4PBEfVq7Qccrac9flX7ocxqWvXNX9qCq87gfI07irsMPEdu8vfEu87ojZ0dDykgs7zP20aZvZpdy-f0itcjCx5hG40JAft4LTHkABx2Izy84FGMksJ-TjVdUjHyJwU7ptxeuGMV6aLtS0xQg-yQvCmb-RTPh2FxyTmgXW3QbHiTiMeZgRIRwQPa00lYukvj0Y3yTmjzZUSHY8IeW1C3cKRCeRnpMe69q58t-4pbiUFlS5Ss6s2mB2TgNXi7Y-bb-U3lbXbzxkkTrXvchgjcsFvQpFh6CnlroTmOZ0maOstdqfZrejQvEHqBF7FYyZRN-vNDytu11ZmhDsHeiBReN0cWEHniF5mWNmOsr6b0GHpwPvb8ohe9_ZjgKMMY1a6WeOhRfjxaEk1_5417o41sew0ViQqyqjOPffgPb1ppFBup7p7-uX_tVsc6ngOt72D0zxe9RoWq82I7mEmECOEFDg_CfGQBiCFSJPvVKALC7mGFZEGQy29qrmzxoXLYbnQNwpm7ONpryGkNwA2pdDpjvubcpVEX_VNf2jSM3xirkYpq3dUYu_69s9VnpFSHZxPE7Cc3mTMbCMdphuqAT2xcm3Z0f3qFBn0BmtIMDg0P7uVBqZ5b_9HEirrCZFxs7ygjlaK-HwW5Hebyui_vybe0s89Iy_7Y0OpcVgj5M_FNMHp948yk3NXTD3ODfz6Zg=w800-h600-no--no?authuser=1\" data-link=\"https:\/\/photos.google.com\/u\/1\/share\/AF1QipNgYgKWnT8hibhtmjvw5-j-aOSGRZBrNSf3q3P2oY2oC_WowYw7ZcUGs-zs0ztDiQ\/photo\/AF1QipNDnvzR5j5_RcZ7SwNvf3mY_bWOmRzVlCalnP8p?key=UDZudHZ0WGtpZVhROUNBTk82T0tiVnRuT21OMC13\"><br \/>\n<img decoding=\"async\" src=\"https:\/\/lh3.googleusercontent.com\/2keJ2pXyBhfFWPqLYtDPjnkt11oqCsg_lhln3wrXaeQ_JXibzDgWtneNxtVFO9HV4n06Hdts-b9HyE_eFFmKQCjgTq_WaQnuYofuHrQUsKmshq682sa-cq04ab_5DWch1gW9INTC03dQC1NKEsvTPIc30lUPBerKgDUKVJjZUkVQZSSIgRQiaTfBkFS-FQ0lUmB_65Vapu3Egm1AX8NdetSlfnn7gzqGLV3Xt2kkp6GKJxCEYAz-0r6eMwzDcldfRcK4C4vACUq3QvL83yjCe9tc3rguj64IL3Gb3Itaow7p6gk4rt4g0iJge0CleLMyjH0xurK2XmvOYIFfCH9L5rIkkOMEUJYf96f-Sunihv0nVhw3DGETzQP0e72AjS3pQU7ZgtK7h64kipnRMFOXOr4UjzskqhWzYuvU-Mn60YGXLbwYwmc9ULs7mBDha6QMzgNnH1qQ6mmwxnFnzaOLw98gJoMJ5C-V_obmze4Oq2kTooDZQRxvynqP2lgbRyCuZdV8zn8bQvgH0TN3x1bo5lxntNE-67G9ONe6HiDig3vxW7fzPUQee5XVYkhz9nC5IFTBbwQUnADDFSkZKh8O0H9TgAN6Pk0hIqqht5otpma_LrijtELBu2qMuvr66MPH9dQNGjOCXX6dEi6iVT2UPGzs3ZHDOotEsZ56WtWrUqwgSw8YHfKYv8Gqa7KQ1BOehcO_IUxQUJQVXF8uiPWec7X4Y0flRb9XIJdOgHa9ToieYUFth-6J-iIkLu_jyFRRIkHPkMgdPZZLXXxz_JpsNnwP0Hzb1a3k4RQqoKuWw1_erNDzEaXhWsfw8SIRtVCUaw1gSXLo5_81PPxoQVunMNnI363ODRq49Dh_RpeQ_kNHrQ2f0z321qO6xzHtXZXx_3YtyDcz0laJZx5hNFa9l9mbR8tmho5bmAgwf2KYmcqn95b6zBZxmiXqxiH-4ZT9I2hcB-gSrSxmshtaAIAf01PJdTZ0aPXewpC57qGhtUA5AO3hck1FvHus_MMbUBQfTvcAxWUnoQByTg=w800-h600-no--no?authuser=1\" data-link=\"https:\/\/photos.google.com\/u\/1\/share\/AF1QipNgYgKWnT8hibhtmjvw5-j-aOSGRZBrNSf3q3P2oY2oC_WowYw7ZcUGs-zs0ztDiQ\/photo\/AF1QipNIc-MT2cgnQIm5r9uCKnZMBgIq_eB2xjYrNcSh?key=UDZudHZ0WGtpZVhROUNBTk82T0tiVnRuT21OMC13\"><br \/>\n<img decoding=\"async\" src=\"https:\/\/lh3.googleusercontent.com\/ICcPLfua-bSz_lsFOoK7oq7fRQodmZ-AcTNfAkfsDghZFVgmZ_bIXo6HNzOHrgYLiE_GIeV1QzxMsZj20Q40h5qmQ_Vt0PXZfsnfndKrT26KWy35ZW_b3axuBg_iz8jiYH6rIhgVUNJoenRSy3lMYwW8pFi22rcfYiVGIRtUsjNutLJOdfU2grJUFLVwa3SD5AzUzWIA3Ah1Umv7gvL2DjQQSWFPnXwIARF6QWjDxowsnue-qMSy2RrpITzfJP9XRQWf-UDazdt3cHBkZcg0E2XrmcIkvv6AXAfjpCjuiv26npuNvnmBLWPaIp-kj6yNa_x2xQv1pEqwu5j6vsFOWh1TbxbjZ4ARdBLW1tLtUt28h6J8vF8sJw_lP8nFF6PBo4LhLwoaMF8EHNvm6mmeonm10uBHJvaTP1B5LcUx9u5k33a2S_WBfzPImsDU_vaYFtBDZusayuQi8SAxV3m69SdaXgH1CF_JGM4IT6BtN47Pat0g_ElDKDPJYW5mvoscyDA_Oz2Z3DwzhR-B6pML6l6SvBQz5NL1k7l3P6GXSmDkGBlPdo6MggWh83uh8p2njb1umAi9MnCc_NuMgCph4-Dpi5ItQbxZrkjkGDOpLe8w0iZ7FAxgZy5GMOZDTMqSwrMILcJZYJtVl45prmKVNJJKNkN2WuujaexjxKiEdEHoUfXRqvjQunkqaLttJE6rLJsUBuw9QcGoZTv3XPCs7foI3HryWycUb2KwncUsp-aRRslCWqfYiAZxZk9ftJ83pNe7fXAkqsWHUUrZjlVOmQvHmkIUQpU4mS-L2igr1qhT9tH05HdE02NtQROZ5Wxuj0cQwAfDOisTg_QQACX6czEia95U81kExa9zhgf3ArMPxbH599W34ap67pxkBhQgav2WSELw9D7NfhchQCFwJ9p-PL1jwDtrZ5eEFjCccsRLZvM-f2l3LmaP_6sTRsj7bH_K8WhUx8yBfjsSL7vhwg9MGfPtoc6ibgqjFczxXmwesb-VktO726zFn7mGgvxAr7lNsDEopDiDPA=w800-h600-no--no?authuser=1\" data-link=\"https:\/\/photos.google.com\/u\/1\/share\/AF1QipNgYgKWnT8hibhtmjvw5-j-aOSGRZBrNSf3q3P2oY2oC_WowYw7ZcUGs-zs0ztDiQ\/photo\/AF1QipOAn-zfWGAjYmF7BPXLP6_lwq5M3FMoSAp6Pk9N?key=UDZudHZ0WGtpZVhROUNBTk82T0tiVnRuT21OMC13\"><br \/>\n<img decoding=\"async\" src=\"https:\/\/lh3.googleusercontent.com\/MJiSlflH8pv08FM7EOqA-5_5CFFiU_e5cRSV8oOeVgU1BssNDyq2pLsYaI7z6xGpKqVPDQb-CILdytmrn2jK9aa8t7dAhu5cO1EgpRdUzPX4dd7DXyUQ-18q1xNk5MtfryeSniAwjGGxpR2EAcxz_FXeUdsv-bMEwsU_ViwM0ITw_HQPGFY5lU4iPzwlxscFtPWGc8TvMqj_EFOQGmCiP2FrOQjTTVaSv8WeyzF6f2nDZ1RzrXg8luNPuhzC5WNSv5FvU2M6PHJJ7GlqfzhW4zgRLq0k0sanHv-woI1qvPysDbrqCA3I1Oxr1yDfutJB9ve8bjoZFUsujau-0FBqXBiVu_hDkKXHi8BmtKLRztVOjIhS9SURv6aVuhBqFGZarEFzIXGHKi_sHKoYMyHox-1lcw6cpFpGOjU8p9PBYiU-Y48VZF22GQxN-A_uxn2Fk0G9pCx5lDba-lWTOLHGl_-sx3lNjAug-7Jj8IVJV3qEbXlSyG_xIXd5qJRUytvR0-LrPxEYhx3oQFjX8rz9L7UmBWgpgW4aUUEsMeZGkHSetjvB9Q_LbD4G-4b2sWDARWMhjsKhYD0htHw8DJjtpD7pzNO9XxJyUdiD3DExil-HEAUs_oIwQ16KE10KnZqh_dLDm9N_L3oAKg9u8XyoUY2PDlVYROwwwbN5qCxO17UiHS6uDU6cIW58bcQOh2m3Pdvb7lUwQA7y4qfavqgK43tu18rUSUA4DilwP9m9oIEwyjBRSZLFMSLL0Gvx1kS8ExvsU_yFHQKZEyONA2MBf8SPxg1CIcVyjhSPWUdmXo3myMoDGLo0_lH5Pz1U06rzICC15iGzzy-Y7RL363pjUukgrKR6kCqUnvCYU4rzr_IW94IGiQp-DqPwOxgnp9F8fSVuP3uJMbR8HoSnRXV0ua0-4IdmG9G7CJYpO6r7jRDkmautL7N_zP0y5Z68CwPE6YI-2Q_tb09kCpVH-4n1Re3XTyeJ3iGJ37O0OiuECH7avuSjw45iVlxn3fUt1e_0tzr_saUePeXBuw=w800-h600-no--no?authuser=1\" data-link=\"https:\/\/photos.google.com\/u\/1\/share\/AF1QipNgYgKWnT8hibhtmjvw5-j-aOSGRZBrNSf3q3P2oY2oC_WowYw7ZcUGs-zs0ztDiQ\/photo\/AF1QipNJ_oVm89kYEToP54e0Ysx0U-WvmOBeBUG4a02U?key=UDZudHZ0WGtpZVhROUNBTk82T0tiVnRuT21OMC13\"><br \/>\n<img decoding=\"async\" src=\"https:\/\/lh3.googleusercontent.com\/MkHetnTWiZG5ZYm8EfKJ2_xHdhGJzndl0g-70tIptkUlqNKf_Mm03iNr_dEOzp-pDd8SlgoYjJKQy284FgYZtxxM5dhvm82xbpES9htxeX77IDO_To2brOQJ9IsWS2kKdqvwCIncimRbz91siChvDf9SaGr3B5rX8G4hyaCInfxECBOUKCe20NAJpyxMWZvCo4oG-Lkl_O4P4Bzr5zt1Sm9gGzdNY246he0Vpfd261WG95V4eouwrQM0SX_1iZ32iSApTKeTfatiXBPbdG9xU1PBj_00Aaj6SRA5YX6I_Wtm-q5pTrCYIYEhMflg05ldBt0ErwOqIlWfWxMoF40Ta4N1hC4QFh3TiOhtMIAAeobRz5OSDQ6JPNU3TYDC2ZSVLotlbwj7SxTykGdXSUZDFhwlIyA050959HPqIbCpgzZ0ucdVCOBZy2Z4d3hc3Jn0idvkthMa4sdji8AtF28czBJ2YdkpKxZA2f7VgHPmCfJsSs0-Z9P0ao5Rl_Gruofm7kxmR1rBDl5A18V-UKRWs0gJhTcrW8ydewb1qYsSSyC-x1tBQR-ggnyzUShaY49zzw-ASLp04RlfMJjj_bOZEfwY6fcsdtUb7dlqR_izOi8Wy5bLXS7_7to3wap_PI1GottEFrNbh4CPzW7MDCSRof8muzmfOTM7pe0RGlbguUYsKxc-JvjRuIcB5Nrwd03MIGNQloTJFiLGkg1Q2Jkd0fNZX8FhxvLsohDfTQTdJ2W70rN8sE_WY55Yge6vI65dNlcSNCKez7hkK2dSofHaEx-Pztr1f3QNnNxXER8GASK1olZ0-voRMN0CzVSAYzmsT2_TZPwt9-zhwudeKghYLK0ZEVfNHbxn0b-YVgvExSZFa0LrsuqijR8t_S0d-dwKqUHETbJ3j6lffs1yv-gCa-PC3wO1noORQ77R7sj5rCDKUC0ZGn_d2gAiG0gKT7XpgsYDklmrysEWCJTM-3zc82lBoxO-cM-DYohZY0aeZXGhDWGy2iABF9knxi-o75lT3yHnHEKJHuWeyQ=w800-h600-no--no?authuser=1\" data-link=\"https:\/\/photos.google.com\/u\/1\/share\/AF1QipNgYgKWnT8hibhtmjvw5-j-aOSGRZBrNSf3q3P2oY2oC_WowYw7ZcUGs-zs0ztDiQ\/photo\/AF1QipPX8Zf5NjWaq6RgCDoL0meE2G-s7mzFPslaMUiR?key=UDZudHZ0WGtpZVhROUNBTk82T0tiVnRuT21OMC13\"><br \/>\n<img decoding=\"async\" src=\"https:\/\/lh3.googleusercontent.com\/nC6_qSaPudwtAmrdBx7lN-K2-cGT5Ppy40auPMQwnRktHkdljuoCPxDpHZ2T7nuwYMulZHScJdbOhPaeDTfN2p7W6olwF48zM0ebPUN--dfxjS-zw4vm48Z0yrA63DmbooY6R2K8ucXkNQOqgksXXbY1emmcNAh6Qcbjy5kqXDSBadD6xrFcMFfsuMl6h7xWA8x2X_8KyC20QmmgCsEDGCvpLueli0xB19ThzzzPZxAPYaG24P8WuhrbItxqhwx1SdPp05N5NyfVU-UJ2wN9eRjM0bfxjxDmAmlkOtA13cXkUjofthSrKOCZrqvjRAqAj0wbSBObjsMvrSSEAk-bNM0HjGHOmuIxcwWbGcZsd-ajapnthmvsCP8vAc52ZDSBeHt9xv4m-jhQ8ABFIYM08EmJn4npbUsLDhtqBlF2FIIrIzz4DsgzIyE19io0n8hVLR_Kj4LMdS4sYgUwrzbrCZF_nBxcUp3Ir0ye_n-Evmd9ZfFXM3bfhZPNPVQy8MHUUEP7FEoC8sYzPCKzpkScSY5zcVFCBA4chPTL07xsSb_toF-zbO5qCfOnFIk9aEhkHKBQ-X3VEDUiz7OUxGncWuCbEzXutZsbO5w0WfI9MuIKkrumpx6N-ZGx3MAamlXZphWdkB8ihE8RD8UP00mbEdPkAtY6weenMISZw02hasJMPQcHKz4N7OabU7vK7shEaf7ZdQCWsB5MBKABn3vQIpkAfsz04qG9VTjj99PLwmqlP3HBmTcv8veTGJ9mnbS6Cac4xP4ZJEgbFbCsdBmiiAObctbEXSTNtEG_SJlyPL10S-Lg1u8Mo117xlJeC0tURDrVucfWcIvarqxB2Yo0d1mRXBqVZiItCPYZXKD4UYgn-j3xeadB60SNylgdud5K_l3YLwP1zInXAWCRWQ3DDRxeYaSsFO0dp8RUizHvxWHB9EY-BosVNbAad8A4M8VuXiLfXfo_StMjfYKkWhm9DdZ-nC1BLL1fLRACxqtMvIILHnRtvM13FpzWMLrU8c6OXTeodHIy9rtxsg=w800-h600-no--no?authuser=1\" data-link=\"https:\/\/photos.google.com\/u\/1\/share\/AF1QipNgYgKWnT8hibhtmjvw5-j-aOSGRZBrNSf3q3P2oY2oC_WowYw7ZcUGs-zs0ztDiQ\/photo\/AF1QipNZ7Aj5GDbdoQG4z4ENqEt-rAfw7d9h6VuYm1oe?key=UDZudHZ0WGtpZVhROUNBTk82T0tiVnRuT21OMC13\"><br \/>\n<img decoding=\"async\" src=\"https:\/\/lh3.googleusercontent.com\/_0OcyYa95XeA1L-wL-XWSvppZZIQfS1WcPrVLiEZNsN0KetzEmWFsGKbImH51DgwL3ayLU-eZW-bamMqkob6EXmz9VE_ZVuaDTi9PK-uCPytnhTO7O1VUGMoc2eeu4kTMoXUk-EwivLSQ4sYxsuG_jtv4_y-McbT3uEvwM-ogiiCP78TBo92mkPv-5yOzPD-g3MbGSaQKMBeki3Lr7t1s0Re_5JiGm1JdNScl2dEZ9pHuPX9zhi0F5mpsjFmYI9mEgtZwW1MyuPVLUSL4i6hMC3Hqv2MSopJj9HVBvgH-KxA5aaeDG_3BMP8bE2ZgRnm_7ipH7jP8fuPXSynwAOUNy9fA0TOrS2fQU1VxT5tBzA9QYDXHT8KhR4Qxyk_dhqcmz_zzNEPJDml0bi2RpwWES0o0XJFVrB15y5g4ya0uLJyVchw_kxo8M48X89atkdXvUOruVXb54vyCv3Jluq9MD93hYrWBGzqAY2X6jBHQpMbkqWJE5bWtdihgURIE59jhsINgxUukwYynEq67KaBGil6WFLAEwJMu4hpJCB6BXdMGKR6WCvpikyV_D_aszjwtboLqW5YEJvhEUVOzily0GDy4OVdx2TMDgQoyXssraxhOFPYsj7GlAyKWSihccqCPk90DkpgHkUzFq327AEQQx7pA_Wrh-pVakWsB-yJfi0Wa60GgzQYBNy1XCsDJvkk5fkNelm1d8ajiLszhCoE6RMhuEqsG46t8_xDes8ms-NkjOBu9A-gQ4VTcF0Zj83NF4ldpSlC_U81gnw1MsOLgkGlMRdp3xUWlRAk8emqanH2MvPR_R4sRh7gRp4YWJnNn-Cefhzjy5yb0fkZoaNRFnOvQDyimZfftqeI4eYDsuLOBP4mtHVkNOkkYYu5y6RODHBa0b4ZP23weFYRVlJ7aoV_HYm1MkT33rQTSaDag3Rf1z8UpV-AyOE7uAJnog4-OoIKtdxSAqj5lWgW-068kD5Lzx5rXdGMjqIzsdrlR23faiHk-lqM2YFLQB2hMWBI8nGZA6j3WyYPkA=w800-h600-no--k-no?authuser=1\" data-link=\"https:\/\/photos.google.com\/u\/1\/share\/AF1QipNgYgKWnT8hibhtmjvw5-j-aOSGRZBrNSf3q3P2oY2oC_WowYw7ZcUGs-zs0ztDiQ\/photo\/AF1QipOY57Ey_Ii95BMOGp51BwDrh7L7Q0d3mT2a9KtZ?key=UDZudHZ0WGtpZVhROUNBTk82T0tiVnRuT21OMC13\"><br \/>\n<img decoding=\"async\" src=\"https:\/\/lh3.googleusercontent.com\/0FG2BaqACMAkggMgBE9ESu3Gw6N5d0C-fsI29tZLu34pJvPSO6V_AEdlCNJB2_nEjlx88zWZs0rxBEWY-tg1m_POhmkG7QKOrcasFbBUOTpndy8kWVTLymchzxuibHQZrZqNQ0mbjtoM3xwF0JP4-N2xIAhaSZoM54x5ffQG7oLGMQ9vPZLXdWC2-53DT1LmDBaHR204-IHAKVwubU871npK-p6n-bFjHSC3uNx0RambcxUh8cKmhjLA6Np1uE_TsQFMs_O3LM4xIz8KlaVaw0QgVWjSHRJfnHWrL0Xf_Gdbf92-PDYTd4TgXmgorO4wyzKVgwPnIOcwaWHJxH_Xlz3aQ7JmqGVYzKdRmzQ-xzXFEi8PE9nnU_wbmMf5hJMISJmVesdrLNn0CA5RSOplgVtGvqMDuZb3lE2AK9lNWJbL_OOHwa6FhTzUjgcKRd2AV89ZsmCLZ148KkEo94zLm2YrOVG5uXZ0ooJjC3WiG6oPRSw32DAOWzc780UD-3o8jBnnysEVJ9dMi7ycAbyoGJ7W9JpZm_6CGyv1eWaw-eWzK1rfHxyebGDd1mlPIvk9Kp5kr3ciOthC3GYUJv8uUCjYb8mXo6_YT_0ym4WB750h6PSrDpPgZ9QntlkRSk0vTYJWHOxnzfxdFJpeHaOLUUU9TOnXf0IJVBaxLOZOhX4-zvBIcGRUqWIPyTKrQqWH5XzQ8SliL4D8bGDKP2x9qNlz22euuSl2B1KgHOjH6_CkUNBB6NoM9Bd7mNIE_yQrAllFa6xovsz_lXv_9IDSycxzJAA9oHaY5OgLQtq6ufGUt_NOZLTfxNlbY2eSpMDltstROS_Bdc8kLmFwEAcXUNYfOLrAjUSuE4lonLnZPfr8iiJWCnM0bDqRDnWDld4UQHL6fLA9MMSqw5paDmlaf9wUqoM7WMX11bCJOzsA_dvIsJoRoehjTxDJvq2uAcBj9_ckZucozmeAoinVmK2N9NYnTyhB8Mr6qOQTTuOUcVBUbkMpX4BbDJISGtUirz9CsmxNdMWJ_sWuAw=w800-h600-no--k-no?authuser=1\" data-link=\"https:\/\/photos.google.com\/u\/1\/share\/AF1QipNgYgKWnT8hibhtmjvw5-j-aOSGRZBrNSf3q3P2oY2oC_WowYw7ZcUGs-zs0ztDiQ\/photo\/AF1QipN00VdKI4Edepm3YS39VutXIab9kCye7mMuUxRt?key=UDZudHZ0WGtpZVhROUNBTk82T0tiVnRuT21OMC13\"><br \/>\n<img decoding=\"async\" src=\"https:\/\/lh3.googleusercontent.com\/pKwNLIerzUznxfcG2LRsgNCR1V3vPAsuBKUv7i-zK-IXGGeSYDd_Uk8TvJ4BMvsenQpYrdh_zHo_NxIHx9NHlh4rokYU0Qw9Bq1dHZnMJD2fGq5_9hI7H83iyo4wAWgkiYQOwdXZJhvdCUcMZmZuZh1Dgq4Ma5j7Mn-ttBxoNU7fiDzeyydGM3kVJAxre4a3J9jmwV8cE4bIc8qTQdEYhuRGUlzwqiRMLAv7zEvGr_Uo6cdSsBoSEJ0vGPO5kpDSDzBJcR5FdYjTAeCWIff0DkqumoAnmEisZqBW_223FUnH1oblpPZ4Wf6T2o4X6aUN2FV4rZkGmm-8xQYGfBlD24lWMhGF1mhgJdhQWLWUnLMI18Ho8Pg6-wxuVJDem0xObtHG-lkmLTYKJ3wA-jwenxQpdtcXjGV5YUF6Jq803E9BhaesyUwzuBeFeYznX5ZyAyuOR7NTLB7y3zH_4QUnoQkZu4Abp-fiqEczQfigb8aoihgiCGsvqeiLthH2QO5ZdSycijNznP1_iLrpA-39fKKEDXaxeeZ8YmOO0ojIGWLaldvedMkBrsAMQ5Whktzjeq7p8b20J5juJG2ob3wgbXqJpUS0UsjZOuXTI7qmNJ8ye9k7YQm6Tu-MPwvct0IQ3lXtM86UnhMYgIpaEyZkx6DG_631A64xz7-noBhPTjsw1LyiWpWfx7-_zkVqKfpQhHF04Eyqtwje8-VibKDPfXObg5tz8AVetoQK7hcP9qQH9QWxzpfNwZDbgfZoRH7FBJRBkyajFC-5uJ7mysDcry4V9scySx-KxHAB5kujf8iHKCR71ii1VTQMruDq2pIKJ_V84XmktB_6u8dUO5vhPc4ByJde9zb7Dgu_pFeev203hdlHmXdAu8nD6ERTfbbnJDVY3C1ESbzZYB07LMsXLqqOA8-lZR2TqxQQzhIDQNMXvYSL3YNXSOVgIvPzYtVt7urQ0gG44o1Ce-mSUcSbsSKERt6YYWVszRdI3kHbzpr_k447JVvms_axXpBlEvMPhWY4V5smA0asCQ=w800-h600-no--k-no?authuser=1\" data-link=\"https:\/\/photos.google.com\/u\/1\/share\/AF1QipNgYgKWnT8hibhtmjvw5-j-aOSGRZBrNSf3q3P2oY2oC_WowYw7ZcUGs-zs0ztDiQ\/photo\/AF1QipM7UHMnqZarKhyo0NxPq88c1-_CMoKObT-djz5t?key=UDZudHZ0WGtpZVhROUNBTk82T0tiVnRuT21OMC13\"><br \/>\n<img decoding=\"async\" src=\"https:\/\/lh3.googleusercontent.com\/_hDAa2jCKbOxIXt8y7NtLCm3S4iIcrzStQpQ8X-YzuhHiHldPxk93VVVFV28ktS4dXpRmS1bGERitQBkJm3AKXN_JOeuMZ7M_L2dZiKJNkpNr6Tdjs1W_BMEXJKX5vrQ1mXuYecLjdoZkBixLcnzTQr-XD9ercRTQ3P1VkXXp8DVGVgUJZeh-IsH14SZPh5j7fSrc6g5cDVm2cJWSpDWOG3amZ8cMU37p-y6LEsnRmh1OvbGTqrj5nRKrc_joRh0cWpAs7eHCqD_V5UwYvycvdwb7KNQ0Z7uIpDHdhVKsGLdqYSozsdaLwU3qxRSZSIEqJmfEWXLkfU3obu_zIWuYhv7xnTK-4Od6wledsdC5mOgkctJsJ6uFM1MGjrp-o1g0dwwgTKf72eMnEViqVNdfCRSUbhTDYCdHaTqaBIYqdX35gcPlu3KDVifK_5FSL75mKx2MQAIUGQx3BFVWwCsDS6U5v8e4Mc9da3GtO3JVAKug1JQQkxHsYuyrXp1yFy5ZyJkVISPoKr-VYbeCo0hZPp1HKTKElfJyDKWTljCC0drxkzpzhb0FJNhwUyeJrRmumQgyu4llofCnNbkgwX3TboKGbdNAaP_E7AdOXSROLNI_NIXnGSMD8W1ZB-uLgjmfxEVxAzObu6lp9iqByGLeCFgb786LKpZ6wLHFDm1qs9R9h23rr7RdbwoV9YKbb2FAuDR322o5oeotX6iavhiozm3--UWUG-7dn6ZTD_SZ88brwDMV7uTiRPlvvkhQI4yp_COgAy8hy_hV8G_5FkLMzAekmjjz90uGCgD5tB4hL7qtZYD2HTzJySRQoxmkFOoPdH4zhg3zwdsXOxaE7V9nI7fyQG7Q6J6ZMWprpvCTSahYnswvAAD5ZcCESyAxW8Ul-7otE1fGOJW57clSUBLMWFeHUXY3DwWYvWXRxU1TF2PkawdVLjYihmKkPHPpVI4qbgh7MHPPZB9CMXfezWF6t6ESedn5QGgxWGYX0KrRqu9PkQO28vWDVSYlWN6gnah1JvgahcuG7QR8w=w800-h600-no--no?authuser=1\" data-link=\"https:\/\/photos.google.com\/u\/1\/share\/AF1QipNgYgKWnT8hibhtmjvw5-j-aOSGRZBrNSf3q3P2oY2oC_WowYw7ZcUGs-zs0ztDiQ\/photo\/AF1QipPr0Rr9Wf5t6DAl0DBfX4pNHFRzH2iTmc9j5_JI?key=UDZudHZ0WGtpZVhROUNBTk82T0tiVnRuT21OMC13\">\n<\/div>\n<p><script type=\"text\/javascript\" src=\"https:\/\/cdnjs.cloudflare.com\/ajax\/libs\/jquery\/3.6.1\/jquery.min.js\"><\/script><br \/>\n<script>\n  (MyGalleries=(typeof MyGalleries === 'undefined' ? [] : MyGalleries)).push({gallId:'#19EFD',autoplay:true,lightbox:true,debug:false,popupLinks:true});\n  if(typeof GalleryLoaded === 'undefined'){\n    GalleryLoaded = jQuery(function(){\n      jQuery.ajax({url:'https:\/\/cdnjs.cloudflare.com\/ajax\/libs\/galleria\/1.6.1\/galleria.min.js',dataType:'script',cache:true}).done(function(){\n        Galleria.loadTheme('https:\/\/cdnjs.cloudflare.com\/ajax\/libs\/galleria\/1.6.1\/themes\/classic\/galleria.classic.js');\n        for(var n in MyGalleries){\n          Galleria.run(MyGalleries[n].gallId, MyGalleries[n]);\n          jQuery(MyGalleries[n].gallId).css('display','block');\n        }\n      });\n    });\n  }\n<\/script><\/p>\n","protected":false},"excerpt":{"rendered":"<p>PRESENTACI\u00d3<br \/>\nEl projecte t\u00e9 per objectiu transversal treballar la vessant d&#8217;incid\u00e8ncia individual i col\u00b7lectiva, aprofundint no nom\u00e9s en el coneixement i an\u00e0lisi de la situaci\u00f3 actual sin\u00f3 oferint propostes i actuacions per contribuir a la conscienciaci\u00f3 sobre la necessitat de\u00a0reducci\u00f3 dels residus pl\u00e0stics.<\/p>\n<p>El projecte &#8220;<a style=\"color:&hellip;  <a href=\"https:\/\/agora.xtec.cat\/iescanpeixauet\/treball-per-projectes\/drastics-amb-els-plastics\/\" title=\"Read Dr\u00e0stics amb els pl\u00e0stics\">Llegeix m\u00e9s\u00bb<\/a><\/p>\n","protected":false},"author":10,"featured_media":0,"parent":2122,"menu_order":0,"comment_status":"closed","ping_status":"closed","template":"page-templates\/side-menu.php","meta":{"_bbp_topic_count":0,"_bbp_reply_count":0,"_bbp_total_topic_count":0,"_bbp_total_reply_count":0,"_bbp_voice_count":0,"_bbp_anonymous_reply_count":0,"_bbp_topic_count_hidden":0,"_bbp_reply_count_hidden":0,"_bbp_forum_subforum_count":0,"footnotes":""},"class_list":["post-7785","page","type-page","status-publish","hentry"],"post_mailing_queue_ids":[],"_links":{"self":[{"href":"https:\/\/agora.xtec.cat\/iescanpeixauet\/wp-json\/wp\/v2\/pages\/7785","targetHints":{"allow":["GET"]}}],"collection":[{"href":"https:\/\/agora.xtec.cat\/iescanpeixauet\/wp-json\/wp\/v2\/pages"}],"about":[{"href":"https:\/\/agora.xtec.cat\/iescanpeixauet\/wp-json\/wp\/v2\/types\/page"}],"author":[{"embeddable":true,"href":"https:\/\/agora.xtec.cat\/iescanpeixauet\/wp-json\/wp\/v2\/users\/10"}],"replies":[{"embeddable":true,"href":"https:\/\/agora.xtec.cat\/iescanpeixauet\/wp-json\/wp\/v2\/comments?post=7785"}],"version-history":[{"count":4,"href":"https:\/\/agora.xtec.cat\/iescanpeixauet\/wp-json\/wp\/v2\/pages\/7785\/revisions"}],"predecessor-version":[{"id":8732,"href":"https:\/\/agora.xtec.cat\/iescanpeixauet\/wp-json\/wp\/v2\/pages\/7785\/revisions\/8732"}],"up":[{"embeddable":true,"href":"https:\/\/agora.xtec.cat\/iescanpeixauet\/wp-json\/wp\/v2\/pages\/2122"}],"wp:attachment":[{"href":"https:\/\/agora.xtec.cat\/iescanpeixauet\/wp-json\/wp\/v2\/media?parent=7785"}],"curies":[{"name":"wp","href":"https:\/\/api.w.org\/{rel}","templated":true}]}}