{"id":7781,"date":"2022-07-28T13:12:39","date_gmt":"2022-07-28T11:12:39","guid":{"rendered":"https:\/\/agora.xtec.cat\/iescanpeixauet\/?page_id=7781"},"modified":"2023-11-03T09:59:09","modified_gmt":"2023-11-03T08:59:09","slug":"finestres-a-les-estrelles","status":"publish","type":"page","link":"https:\/\/agora.xtec.cat\/iescanpeixauet\/treball-per-projectes\/finestres-a-les-estrelles\/","title":{"rendered":"Finestres a les estrelles"},"content":{"rendered":"<h3 style=\"text-align: justify;\">PRESENTACI\u00d3<\/h3>\n<p style=\"text-align: justify;\">Les plaques Pioneer s\u00f3n unes plaques que contenen un missatge visual de com som els \u00e9ssers humans, que es van col\u00b7locar a bord de la sonda espacial Pionner 10, l\u2019any 1973, amb l\u2019objectiu de donar a con\u00e8ixer la nostra exist\u00e8ncia a possibles civilitzacions extraterrestres.<\/p>\n<hr \/>\n<p style=\"text-align: justify;\">Aquest \u00e9s el punt de partida del projecte &#8220;<a href=\"https:\/\/sites.google.com\/inscanpeixauet.cat\/finestresalesestrelles\/home\" data-saferedirecturl=\"https:\/\/www.google.com\/url?q=https:\/\/sites.google.com\/inscanpeixauet.cat\/finestresalesestrelles\/home&amp;source=gmail&amp;ust=1686118033563000&amp;usg=AOvVaw0-zM46qqcrZPXyKNqlrFVz\">Finestres a les estrelles<\/a>&#8221; que es realitza a 1r ESO, on estudiem els diferents astes que existeixen a l\u2019univers, i creem una maqueta del sistema solar. Tamb\u00e9 constru\u00efm i llencem coets per analitzar de manera pr\u00e0ctica com es propulsen.<\/p>\n<p style=\"font-weight: 400;\">L\u2019objectiu principal d\u2019aquest projecte \u00e9s fer reflexionar l\u2019alumnat\u00a0sobre la import\u00e0ncia de conservar el nostre planeta, la terra, per ser l\u2019\u00fanic astre que coneixem on \u00e9s possible la vida.<\/p>\n<p style=\"text-align: justify;\">A continuaci\u00f3 podeu veure als nostres alumnes durant el desenvolupament del projecte:<\/p>\n<p style=\"text-align: center;\">\r\n\t<div class=\"slideshow_container slideshow_container_style-light\" style=\" \" data-slideshow-id=\"8684\" data-style-name=\"style-light\" data-style-version=\"2.3.1\" >\r\n\r\n\t\t\t\t\t<div class=\"slideshow_loading_icon\"><\/div>\r\n\t\t\r\n\t\t<div class=\"slideshow_content\" style=\"display: none;\">\r\n\r\n\t\t\t<div class=\"slideshow_view\">\r\n\t\t\t\t<div class=\"slideshow_slide slideshow_slide_image\">\r\n\t\t\t\t\t\t\t\t\t\t\t<img src=\"https:\/\/agora.xtec.cat\/iescanpeixauet\/wp-content\/uploads\/usu1366\/2023\/11\/20230615_133221-scaled.jpg\" alt=\"20230615_133221\" width=\"2560\" height=\"1920\" \/>\r\n\t\t\t\t\t\t\t\t\t\t<div class=\"slideshow_description_box slideshow_transparent\">\r\n\t\t\t\t\t\t<div class=\"slideshow_title\">20230615_133221<\/div>\t\t\t\t\t\t\t\t\t\t\t<\/div>\r\n\t\t\t\t<\/div>\r\n\r\n\t\t\t\t\t\t<div style=\"clear: both;\"><\/div><\/div><div class=\"slideshow_view\">\r\n\t\t\t\t<div class=\"slideshow_slide slideshow_slide_image\">\r\n\t\t\t\t\t\t\t\t\t\t\t<img src=\"https:\/\/agora.xtec.cat\/iescanpeixauet\/wp-content\/uploads\/usu1366\/2023\/11\/20230615_132635-scaled.jpg\" alt=\"20230615_132635\" width=\"2560\" height=\"1920\" \/>\r\n\t\t\t\t\t\t\t\t\t\t<div class=\"slideshow_description_box slideshow_transparent\">\r\n\t\t\t\t\t\t<div class=\"slideshow_title\">20230615_132635<\/div>\t\t\t\t\t\t\t\t\t\t\t<\/div>\r\n\t\t\t\t<\/div>\r\n\r\n\t\t\t\t\t\t<div style=\"clear: both;\"><\/div><\/div><div class=\"slideshow_view\">\r\n\t\t\t\t<div class=\"slideshow_slide slideshow_slide_image\">\r\n\t\t\t\t\t\t\t\t\t\t\t<img src=\"https:\/\/agora.xtec.cat\/iescanpeixauet\/wp-content\/uploads\/usu1366\/2023\/06\/Captura-de-pantalla-2023-06-06-082913.png\" alt=\"Captura de pantalla 2023-06-06 082913\" width=\"589\" height=\"253\" \/>\r\n\t\t\t\t\t\t\t\t\t\t<div class=\"slideshow_description_box slideshow_transparent\">\r\n\t\t\t\t\t\t<div class=\"slideshow_title\">Captura de pantalla 2023-06-06 082913<\/div>\t\t\t\t\t\t\t\t\t\t\t<\/div>\r\n\t\t\t\t<\/div>\r\n\r\n\t\t\t\t\t\t<div style=\"clear: both;\"><\/div><\/div><div class=\"slideshow_view\">\r\n\t\t\t\t<div class=\"slideshow_slide slideshow_slide_image\">\r\n\t\t\t\t\t\t\t\t\t\t\t<img src=\"https:\/\/agora.xtec.cat\/iescanpeixauet\/wp-content\/uploads\/usu1366\/2023\/06\/Captura-de-pantalla-2023-06-06-082936.png\" alt=\"Captura de pantalla 2023-06-06 082936\" width=\"344\" height=\"98\" \/>\r\n\t\t\t\t\t\t\t\t\t\t<div class=\"slideshow_description_box slideshow_transparent\">\r\n\t\t\t\t\t\t<div class=\"slideshow_title\">Captura de pantalla 2023-06-06 082936<\/div>\t\t\t\t\t\t\t\t\t\t\t<\/div>\r\n\t\t\t\t<\/div>\r\n\r\n\t\t\t\t\t\t<div style=\"clear: both;\"><\/div><\/div><div class=\"slideshow_view\">\r\n\t\t\t\t<div class=\"slideshow_slide slideshow_slide_image\">\r\n\t\t\t\t\t\t\t\t\t\t\t<img src=\"https:\/\/agora.xtec.cat\/iescanpeixauet\/wp-content\/uploads\/usu1366\/2023\/06\/Captura-de-pantalla-2023-06-06-083003.png\" alt=\"Captura de pantalla 2023-06-06 083003\" width=\"548\" height=\"183\" \/>\r\n\t\t\t\t\t\t\t\t\t\t<div class=\"slideshow_description_box slideshow_transparent\">\r\n\t\t\t\t\t\t<div class=\"slideshow_title\">Captura de pantalla 2023-06-06 083003<\/div>\t\t\t\t\t\t\t\t\t\t\t<\/div>\r\n\t\t\t\t<\/div>\r\n\r\n\t\t\t\t\t\t<div style=\"clear: both;\"><\/div><\/div>\r\n\t\t<\/div>\r\n\r\n\t\t<div class=\"slideshow_controlPanel slideshow_transparent\" style=\"display: none;\"><ul><li class=\"slideshow_togglePlay\" data-play-text=\"Visualitza\" data-pause-text=\"Pausa\"><\/li><\/ul><\/div>\r\n\r\n\t\t<div class=\"slideshow_button slideshow_previous slideshow_transparent\" role=\"button\" data-previous-text=\"Anterior\" style=\"display: none;\"><\/div>\r\n\t\t<div class=\"slideshow_button slideshow_next slideshow_transparent\" role=\"button\" data-next-text=\"Seg\u00fcent\" style=\"display: none;\"><\/div>\r\n\r\n\t\t<div class=\"slideshow_pagination\" style=\"display: none;\" data-go-to-text=\"V\u00e9s a la diapositiva\"><div class=\"slideshow_pagination_center\"><\/div><\/div>\r\n\r\n\t\t<!-- WordPress Slideshow Version 2.3.1 -->\r\n\r\n\t\t\t<\/div>\r\n\r\n<\/p>\n<p>&nbsp;<\/p>\n","protected":false},"excerpt":{"rendered":"<p>PRESENTACI\u00d3<br \/>\nLes plaques Pioneer s\u00f3n unes plaques que contenen un missatge visual de com som els \u00e9ssers humans, que es van col\u00b7locar a bord de la sonda espacial Pionner 10, l\u2019any 1973, amb l\u2019objectiu de donar a con\u00e8ixer la nostra exist\u00e8ncia a possibles civilitzacions extraterrestres.<\/p>\n<p>Aquest \u00e9s&hellip;  <a href=\"https:\/\/agora.xtec.cat\/iescanpeixauet\/treball-per-projectes\/finestres-a-les-estrelles\/\" title=\"Read Finestres a les estrelles\">Llegeix m\u00e9s\u00bb<\/a><\/p>\n","protected":false},"author":10,"featured_media":0,"parent":2122,"menu_order":0,"comment_status":"closed","ping_status":"closed","template":"page-templates\/side-menu.php","meta":{"_bbp_topic_count":0,"_bbp_reply_count":0,"_bbp_total_topic_count":0,"_bbp_total_reply_count":0,"_bbp_voice_count":0,"_bbp_anonymous_reply_count":0,"_bbp_topic_count_hidden":0,"_bbp_reply_count_hidden":0,"_bbp_forum_subforum_count":0,"footnotes":""},"class_list":["post-7781","page","type-page","status-publish","hentry"],"post_mailing_queue_ids":[],"_links":{"self":[{"href":"https:\/\/agora.xtec.cat\/iescanpeixauet\/wp-json\/wp\/v2\/pages\/7781","targetHints":{"allow":["GET"]}}],"collection":[{"href":"https:\/\/agora.xtec.cat\/iescanpeixauet\/wp-json\/wp\/v2\/pages"}],"about":[{"href":"https:\/\/agora.xtec.cat\/iescanpeixauet\/wp-json\/wp\/v2\/types\/page"}],"author":[{"embeddable":true,"href":"https:\/\/agora.xtec.cat\/iescanpeixauet\/wp-json\/wp\/v2\/users\/10"}],"replies":[{"embeddable":true,"href":"https:\/\/agora.xtec.cat\/iescanpeixauet\/wp-json\/wp\/v2\/comments?post=7781"}],"version-history":[{"count":3,"href":"https:\/\/agora.xtec.cat\/iescanpeixauet\/wp-json\/wp\/v2\/pages\/7781\/revisions"}],"predecessor-version":[{"id":8690,"href":"https:\/\/agora.xtec.cat\/iescanpeixauet\/wp-json\/wp\/v2\/pages\/7781\/revisions\/8690"}],"up":[{"embeddable":true,"href":"https:\/\/agora.xtec.cat\/iescanpeixauet\/wp-json\/wp\/v2\/pages\/2122"}],"wp:attachment":[{"href":"https:\/\/agora.xtec.cat\/iescanpeixauet\/wp-json\/wp\/v2\/media?parent=7781"}],"curies":[{"name":"wp","href":"https:\/\/api.w.org\/{rel}","templated":true}]}}