{"id":7779,"date":"2022-07-28T13:12:10","date_gmt":"2022-07-28T11:12:10","guid":{"rendered":"https:\/\/agora.xtec.cat\/iescanpeixauet\/?page_id=7779"},"modified":"2023-06-06T08:20:05","modified_gmt":"2023-06-06T06:20:05","slug":"sense-etiquetes","status":"publish","type":"page","link":"https:\/\/agora.xtec.cat\/iescanpeixauet\/treball-per-projectes\/sense-etiquetes\/","title":{"rendered":"Sense etiquetes"},"content":{"rendered":"<h3 style=\"text-align: justify;\">PRESENTACI\u00d3<\/h3>\n<h6 style=\"text-align: justify;\"><span style=\"color: #000000;\">Aquest projecte pret\u00e9n<b> treballar la coeducaci\u00f3 a trav\u00e9s de l&#8217;an\u00e0lisi de la publicitat i els jocs &amp; joguines <\/b>que segueixen perpetuant la transmissi\u00f3 d&#8217;estereotips de g\u00e8nere. Farem un recorregut al llarg de la hist\u00f2ria fins arribar al punt on ens trobem.<\/span><\/h6>\n<hr \/>\n<h6 style=\"text-align: justify;\"><b><\/b><strong><span style=\"color: #000000;\">\u201c<a href=\"https:\/\/sites.google.com\/inscanpeixauet.cat\/projecte1rdesosenseetiquetes\/home\">Sense etiquetes\u201d <\/a><\/span><\/strong><span style=\"color: #000000;\">\u00e9s un projecte dissenyat per dur a terme a 1r d\u2019ESO en les mat\u00e8ries de Catal\u00e0, Castell\u00e0, Tecno, CiV, Socials i Angl\u00e8s.<\/span><\/h6>\n<h6 style=\"text-align: justify;\"><span style=\"color: #000000;\">El projecte permet a l&#8217;alumnat con\u00e8ixer, reflexionar i analitzar els estereotips de g\u00e8nere en jocs &amp; joguines i publicitat des de la inf\u00e0ncia. Promoure l&#8217;escolta activa i el pensament cr\u00edtic.<\/span><\/h6>\n<h6 style=\"text-align: justify;\"><span style=\"color: #000000;\">A continuaci\u00f3 podeu veure als nostres alumnes durant el desenvolupament del projecte:<\/span><\/h6>\n","protected":false},"excerpt":{"rendered":"<p>PRESENTACI\u00d3<br \/>\nAquest projecte pret\u00e9n treballar la coeducaci\u00f3 a trav\u00e9s de l&#8217;an\u00e0lisi de la publicitat i els jocs &amp; joguines que segueixen perpetuant la transmissi\u00f3 d&#8217;estereotips de g\u00e8nere. Farem un recorregut al llarg de la hist\u00f2ria fins arribar al punt on ens trobem.<\/p>\n<p>\u201c<a href=\"https:\/\/sites.google.com\/inscanpeixauet.cat\/projecte1rdesosenseetiquetes\/home\">Sense etiquetes\u201d <\/a>\u00e9s un&hellip;  <a href=\"https:\/\/agora.xtec.cat\/iescanpeixauet\/treball-per-projectes\/sense-etiquetes\/\" title=\"Read Sense etiquetes\">Llegeix m\u00e9s\u00bb<\/a><\/p>\n","protected":false},"author":10,"featured_media":0,"parent":2122,"menu_order":0,"comment_status":"closed","ping_status":"closed","template":"page-templates\/side-menu.php","meta":{"_bbp_topic_count":0,"_bbp_reply_count":0,"_bbp_total_topic_count":0,"_bbp_total_reply_count":0,"_bbp_voice_count":0,"_bbp_anonymous_reply_count":0,"_bbp_topic_count_hidden":0,"_bbp_reply_count_hidden":0,"_bbp_forum_subforum_count":0,"footnotes":""},"class_list":["post-7779","page","type-page","status-publish","hentry"],"post_mailing_queue_ids":[],"_links":{"self":[{"href":"https:\/\/agora.xtec.cat\/iescanpeixauet\/wp-json\/wp\/v2\/pages\/7779","targetHints":{"allow":["GET"]}}],"collection":[{"href":"https:\/\/agora.xtec.cat\/iescanpeixauet\/wp-json\/wp\/v2\/pages"}],"about":[{"href":"https:\/\/agora.xtec.cat\/iescanpeixauet\/wp-json\/wp\/v2\/types\/page"}],"author":[{"embeddable":true,"href":"https:\/\/agora.xtec.cat\/iescanpeixauet\/wp-json\/wp\/v2\/users\/10"}],"replies":[{"embeddable":true,"href":"https:\/\/agora.xtec.cat\/iescanpeixauet\/wp-json\/wp\/v2\/comments?post=7779"}],"version-history":[{"count":4,"href":"https:\/\/agora.xtec.cat\/iescanpeixauet\/wp-json\/wp\/v2\/pages\/7779\/revisions"}],"predecessor-version":[{"id":8682,"href":"https:\/\/agora.xtec.cat\/iescanpeixauet\/wp-json\/wp\/v2\/pages\/7779\/revisions\/8682"}],"up":[{"embeddable":true,"href":"https:\/\/agora.xtec.cat\/iescanpeixauet\/wp-json\/wp\/v2\/pages\/2122"}],"wp:attachment":[{"href":"https:\/\/agora.xtec.cat\/iescanpeixauet\/wp-json\/wp\/v2\/media?parent=7779"}],"curies":[{"name":"wp","href":"https:\/\/api.w.org\/{rel}","templated":true}]}}