{"id":7559,"date":"2022-07-18T09:28:41","date_gmt":"2022-07-18T07:28:41","guid":{"rendered":"https:\/\/agora.xtec.cat\/iescanpeixauet\/?page_id=7559"},"modified":"2025-09-02T13:45:49","modified_gmt":"2025-09-02T11:45:49","slug":"tutories-carrecs-i-coordinacions-curs-2022-23","status":"publish","type":"page","link":"https:\/\/agora.xtec.cat\/iescanpeixauet\/linstitut\/organigrama\/tutories-carrecs-i-coordinacions-curs-2022-23\/","title":{"rendered":"C\u00e0rrecs."},"content":{"rendered":"<p class=\"entry-header\" style=\"text-align: justify;\"><span style=\"font-weight: 400;\">En aplicaci\u00f3 del projecte educatiu i de les normes d&#8217;organitzaci\u00f3 i funcionament del centre, s\u2019assignen diverses funcions i responsabilitats de coordinaci\u00f3 que podeu consultar al document adjunt:<\/span><\/p>\n<h2 class=\"entry-header\" style=\"text-align: center;\"><span style=\"font-weight: 400;\">[<\/span><a href=\"https:\/\/docs.google.com\/document\/d\/11ZxoRVpSEp5ylaRSq214W9asVG39cFYPPeyxoTbZhRs\/edit?usp=sharing\"><span style=\"font-weight: 400;\">Tutories, c\u00e0rrecs i coordinacions<\/span><\/a><span style=\"font-weight: 400;\">].<\/span><\/h2>\n<p class=\"entry-header\" style=\"text-align: justify;\"><span style=\"font-family: inherit; font-size: 1em;\">S\u00f3n les persones encarregades de coordinar l\u2019organitzaci\u00f3 i el funcionament de les diferents activitats acad\u00e8miques i culturals del centre perqu\u00e8 se n\u2019aconsegueixin els objectius del centre.<\/span><\/p>\n<div class=\"entry-content\">\n<div class=\"elementor elementor-740\" data-elementor-type=\"wp-post\" data-elementor-id=\"740\" data-elementor-settings=\"[]\">\n<div class=\"elementor-inner\">\n<div class=\"elementor-section-wrap\">\n<section class=\"elementor-section elementor-top-section elementor-element elementor-element-d02c8dd elementor-section-boxed elementor-section-height-default elementor-section-height-default\" data-id=\"d02c8dd\" data-element_type=\"section\">\n<div class=\"elementor-container elementor-column-gap-default\">\n<div class=\"elementor-row\">\n<div class=\"elementor-column elementor-col-100 elementor-top-column elementor-element elementor-element-ade0d9b\" data-id=\"ade0d9b\" data-element_type=\"column\">\n<div class=\"elementor-column-wrap elementor-element-populated\">\n<div class=\"elementor-widget-wrap\">\n<div class=\"elementor-element elementor-element-a74b23b elementor-widget elementor-widget-text-editor\" data-id=\"a74b23b\" data-element_type=\"widget\" data-widget_type=\"text-editor.default\">\n<div class=\"elementor-widget-container\">\n<div class=\"elementor-text-editor elementor-clearfix\">\n<p><a href=\"https:\/\/agora.xtec.cat\/iescanpeixauet\/wp-content\/uploads\/usu1366\/2022\/07\/png-transparent-team-building-others-miscellaneous-text-team-thumbnail.png\"><img loading=\"lazy\" decoding=\"async\" class=\"aligncenter wp-image-7561 size-full\" src=\"https:\/\/agora.xtec.cat\/iescanpeixauet\/wp-content\/uploads\/usu1366\/2022\/07\/png-transparent-team-building-others-miscellaneous-text-team-thumbnail.png\" alt=\"\" width=\"360\" height=\"201\" srcset=\"https:\/\/agora.xtec.cat\/iescanpeixauet\/wp-content\/uploads\/usu1366\/2022\/07\/png-transparent-team-building-others-miscellaneous-text-team-thumbnail.png 360w, https:\/\/agora.xtec.cat\/iescanpeixauet\/wp-content\/uploads\/usu1366\/2022\/07\/png-transparent-team-building-others-miscellaneous-text-team-thumbnail-300x168.png 300w\" sizes=\"auto, (max-width: 360px) 100vw, 360px\" \/><\/a><\/p>\n<\/div>\n<\/div>\n<\/div>\n<\/div>\n<\/div>\n<\/div>\n<\/div>\n<\/div>\n<\/section>\n<\/div>\n<\/div>\n<\/div>\n<\/div>\n","protected":false},"excerpt":{"rendered":"<p>En aplicaci\u00f3 del projecte educatiu i de les normes d&#8217;organitzaci\u00f3 i funcionament del centre, s\u2019assignen diverses funcions i responsabilitats de coordinaci\u00f3 que podeu consultar al document adjunt:<br \/>\n[<a href=\"https:\/\/docs.google.com\/document\/d\/11ZxoRVpSEp5ylaRSq214W9asVG39cFYPPeyxoTbZhRs\/edit?usp=sharing\">Tutories, c\u00e0rrecs i coordinacions<\/a>].<br \/>\nS\u00f3n les persones encarregades de coordinar l\u2019organitzaci\u00f3 i el funcionament de les diferents activitats acad\u00e8miques&hellip;  <a href=\"https:\/\/agora.xtec.cat\/iescanpeixauet\/linstitut\/organigrama\/tutories-carrecs-i-coordinacions-curs-2022-23\/\" title=\"Read C\u00e0rrecs.\">Llegeix m\u00e9s\u00bb<\/a><\/p>\n","protected":false},"author":10,"featured_media":0,"parent":46,"menu_order":0,"comment_status":"closed","ping_status":"closed","template":"","meta":{"_bbp_topic_count":0,"_bbp_reply_count":0,"_bbp_total_topic_count":0,"_bbp_total_reply_count":0,"_bbp_voice_count":0,"_bbp_anonymous_reply_count":0,"_bbp_topic_count_hidden":0,"_bbp_reply_count_hidden":0,"_bbp_forum_subforum_count":0,"footnotes":""},"class_list":["post-7559","page","type-page","status-publish","hentry"],"post_mailing_queue_ids":[],"_links":{"self":[{"href":"https:\/\/agora.xtec.cat\/iescanpeixauet\/wp-json\/wp\/v2\/pages\/7559","targetHints":{"allow":["GET"]}}],"collection":[{"href":"https:\/\/agora.xtec.cat\/iescanpeixauet\/wp-json\/wp\/v2\/pages"}],"about":[{"href":"https:\/\/agora.xtec.cat\/iescanpeixauet\/wp-json\/wp\/v2\/types\/page"}],"author":[{"embeddable":true,"href":"https:\/\/agora.xtec.cat\/iescanpeixauet\/wp-json\/wp\/v2\/users\/10"}],"replies":[{"embeddable":true,"href":"https:\/\/agora.xtec.cat\/iescanpeixauet\/wp-json\/wp\/v2\/comments?post=7559"}],"version-history":[{"count":7,"href":"https:\/\/agora.xtec.cat\/iescanpeixauet\/wp-json\/wp\/v2\/pages\/7559\/revisions"}],"predecessor-version":[{"id":10214,"href":"https:\/\/agora.xtec.cat\/iescanpeixauet\/wp-json\/wp\/v2\/pages\/7559\/revisions\/10214"}],"up":[{"embeddable":true,"href":"https:\/\/agora.xtec.cat\/iescanpeixauet\/wp-json\/wp\/v2\/pages\/46"}],"wp:attachment":[{"href":"https:\/\/agora.xtec.cat\/iescanpeixauet\/wp-json\/wp\/v2\/media?parent=7559"}],"curies":[{"name":"wp","href":"https:\/\/api.w.org\/{rel}","templated":true}]}}