{"id":754,"date":"2016-11-09T08:35:28","date_gmt":"2016-11-09T07:35:28","guid":{"rendered":"http:\/\/agora.xtec.cat\/iescanpeixauet\/?page_id=754"},"modified":"2024-09-12T08:43:19","modified_gmt":"2024-09-12T06:43:19","slug":"beques-i-ajuts","status":"publish","type":"page","link":"https:\/\/agora.xtec.cat\/iescanpeixauet\/administracio\/beques-i-ajuts\/","title":{"rendered":"Beques i ajuts"},"content":{"rendered":"<p><span style=\"font-weight: 400; color: #000000;\">El Ministeri d\u2019Educaci\u00f3 i Formaci\u00f3 Professional convoca beques.\u00a0 N\u2019hi ha de dos tipus:<\/span><\/p>\n<h3 class=\"titulo-capcalera\"><strong><a href=\"https:\/\/agora.xtec.cat\/iescanpeixauet\/wp-content\/uploads\/usu1366\/2022\/09\/images.jpg\"><img loading=\"lazy\" decoding=\"async\" class=\"wp-image-7835 size-thumbnail alignright\" src=\"https:\/\/agora.xtec.cat\/iescanpeixauet\/wp-content\/uploads\/usu1366\/2022\/09\/images-150x150.jpg\" alt=\"\" width=\"150\" height=\"150\" \/><\/a><\/strong><\/h3>\n<h2 class=\"titulo-capcalera\"><strong>Beques per a <span style=\"color: #800000;\">ensenyaments postobligatoris<\/span> no universitaris<\/strong><\/h2>\n<p style=\"text-align: justify;\">Per a estudiants <span style=\"color: #ff0000;\">que l&#8217;actual curs acad\u00e8mic <\/span>cursen <strong>ensenyaments postobligatoris o superiors no universitaris<\/strong>:<\/p>\n<ul class=\"llista-especial\">\n<li><strong><span style=\"color: #ff0000;\">Primer i segon cursos de batxillerat<\/span><\/strong><\/li>\n<li>Formaci\u00f3 professional de grau mitj\u00e0 i de grau superior<\/li>\n<li>Ensenyaments art\u00edstics professionals<\/li>\n<li>Ensenyaments esportius<\/li>\n<li>Ensenyaments art\u00edstics superiors<\/li>\n<li>Estudis religiosos superiors<\/li>\n<li>Estudis militars superiors<\/li>\n<li>Estudis d\u2019idiomes en escoles oficials (inclosa la modalitat de dist\u00e0ncia)<\/li>\n<li>Cursos d\u2019acc\u00e9s i cursos de preparaci\u00f3 per a les proves d\u2019acc\u00e9s a la formaci\u00f3 professional i cursos de formaci\u00f3 espec\u00edfics per a l\u2019acc\u00e9s als cicles de grau mitj\u00e0 i de grau superior impartits en centres p\u00fablics i en centres privats<\/li>\n<li>Formaci\u00f3 professional b\u00e0sica<\/li>\n<\/ul>\n<p><em>M\u00e9s informaci\u00f3 i tr\u00e0mit <a href=\"http:\/\/web.gencat.cat\/ca\/tramits\/tramits-temes\/Beques-de-caracter-general-per-a-estudis-postobligatoris?category=7449fd1c-a82c-11e3-a972-000c29052e2c\" target=\"_blank\" rel=\"noopener noreferrer\">aqu\u00ed<\/a><\/em><\/p>\n<hr \/>\n<h2 class=\"titulo-capcalera\"><strong>Ajuts per <span style=\"color: #800000;\">alumnat amb necessitat espec\u00edfica de suport educatiu<\/span><\/strong><\/h2>\n<p>Ajuts individualitzats convocats pel Ministeri d\u2019Educaci\u00f3 i Formaci\u00f3 Professional per alumnat amb necessitat espec\u00edfica de suport educatiu.<\/p>\n<p><em>M\u00e9s informaci\u00f3 i tr\u00e0mit <a href=\"http:\/\/web.gencat.cat\/ca\/tramits\/tramits-temes\/358-ajuts-ministerio-NEE?category=bd1b6d64-ca6f-11e5-8c48-005056924a59\" target=\"_blank\" rel=\"noopener noreferrer\">aqu\u00ed<\/a><\/em><\/p>\n<h4 class=\"titol-llista header2\"><a href=\"http:\/\/agaur.gencat.cat\/ca\/beques-i-ajuts\/\">Convocat\u00f2ries amb termini obert<\/a><\/h4>\n<hr \/>\n<div id=\":6hu\" class=\"pG\" role=\"img\" data-tooltip-contained=\"true\" data-tooltip-align=\"b,l\" data-tooltip-delay=\"1500\" aria-label=\"\u00c9s important principalment perqu\u00e8 sovint llegiu missatges amb aquesta etiqueta.\"><\/div>\n<p>&nbsp;<\/p>\n","protected":false},"excerpt":{"rendered":"<p>El Ministeri d\u2019Educaci\u00f3 i Formaci\u00f3 Professional convoca beques.\u00a0 N\u2019hi ha de dos tipus:<br \/>\n<a href=\"https:\/\/agora.xtec.cat\/iescanpeixauet\/wp-content\/uploads\/usu1366\/2022\/09\/images.jpg\"><\/a><br \/>\nBeques per a ensenyaments postobligatoris no universitaris<br \/>\nPer a estudiants que l&#8217;actual curs acad\u00e8mic cursen ensenyaments postobligatoris o superiors no universitaris:<\/p>\n<ul class=\"llista-especial\">\n<li>Primer i segon cursos de batxillerat<\/li>\n<li>Formaci\u00f3 professional de grau mitj\u00e0 i de&hellip;  <a href=\"https:\/\/agora.xtec.cat\/iescanpeixauet\/administracio\/beques-i-ajuts\/\" title=\"Read Beques i ajuts\">Llegeix m\u00e9s\u00bb<\/a><br \/>\n","protected":false},"author":4,"featured_media":0,"parent":7876,"menu_order":40,"comment_status":"closed","ping_status":"closed","template":"page-templates\/side-menu.php","meta":{"_bbp_topic_count":0,"_bbp_reply_count":0,"_bbp_total_topic_count":0,"_bbp_total_reply_count":0,"_bbp_voice_count":0,"_bbp_anonymous_reply_count":0,"_bbp_topic_count_hidden":0,"_bbp_reply_count_hidden":0,"_bbp_forum_subforum_count":0,"footnotes":""},"class_list":["post-754","page","type-page","status-publish","hentry"],"post_mailing_queue_ids":[],"_links":{"self":[{"href":"https:\/\/agora.xtec.cat\/iescanpeixauet\/wp-json\/wp\/v2\/pages\/754","targetHints":{"allow":["GET"]}}],"collection":[{"href":"https:\/\/agora.xtec.cat\/iescanpeixauet\/wp-json\/wp\/v2\/pages"}],"about":[{"href":"https:\/\/agora.xtec.cat\/iescanpeixauet\/wp-json\/wp\/v2\/types\/page"}],"author":[{"embeddable":true,"href":"https:\/\/agora.xtec.cat\/iescanpeixauet\/wp-json\/wp\/v2\/users\/4"}],"replies":[{"embeddable":true,"href":"https:\/\/agora.xtec.cat\/iescanpeixauet\/wp-json\/wp\/v2\/comments?post=754"}],"version-history":[{"count":5,"href":"https:\/\/agora.xtec.cat\/iescanpeixauet\/wp-json\/wp\/v2\/pages\/754\/revisions"}],"predecessor-version":[{"id":9666,"href":"https:\/\/agora.xtec.cat\/iescanpeixauet\/wp-json\/wp\/v2\/pages\/754\/revisions\/9666"}],"up":[{"embeddable":true,"href":"https:\/\/agora.xtec.cat\/iescanpeixauet\/wp-json\/wp\/v2\/pages\/7876"}],"wp:attachment":[{"href":"https:\/\/agora.xtec.cat\/iescanpeixauet\/wp-json\/wp\/v2\/media?parent=754"}],"curies":[{"name":"wp","href":"https:\/\/api.w.org\/{rel}","templated":true}]}}