{"id":7520,"date":"2022-07-15T09:42:36","date_gmt":"2022-07-15T07:42:36","guid":{"rendered":"https:\/\/agora.xtec.cat\/iescanpeixauet\/?page_id=7520"},"modified":"2025-07-14T13:06:52","modified_gmt":"2025-07-14T11:06:52","slug":"guia-dinici-de-curs","status":"publish","type":"page","link":"https:\/\/agora.xtec.cat\/iescanpeixauet\/linstitut\/documents-de-centre\/guia-dinici-de-curs\/","title":{"rendered":"GUIA D&#8217;INICI DE CURS"},"content":{"rendered":"<h4><b>\u00cdNDEX<\/b><\/h4>\n<p><a href=\"https:\/\/agora.xtec.cat\/iescanpeixauet\/linstitut\/calendari-eso-i-1r-btx\/\"><strong><span style=\"color: #0000ff;\">1. Calendari escolar [<span style=\"color: #ff0000;\">curs 2025-26<\/span>].\u00a0<\/span><\/strong><\/a><\/p>\n<p><a href=\"https:\/\/docs.google.com\/document\/d\/1oL6QfFKMM2aNv31JnII1Sw7UQtzWrdZEHCJA-5QulR8\/edit?usp=sharing\"><span style=\"color: #000000;\"><strong><img loading=\"lazy\" decoding=\"async\" class=\"alignnone wp-image-10119 \" src=\"https:\/\/agora.xtec.cat\/iescanpeixauet\/wp-content\/uploads\/usu1366\/2025\/07\/Novetats.gif\" alt=\"\" width=\"98\" height=\"38\" \/><span style=\"color: #0000ff;\">2. Marc horari.<\/span><\/strong><\/span><\/a><\/p>\n<p style=\"padding-left: 40px;\"><a href=\"https:\/\/docs.google.com\/document\/d\/16MNw2O4EvK_24vUsKa4PXN6tepdqNcvmwlrvhPdYazI\/edit?usp=sharing\"><span style=\"color: #0000ff;\">2.1 Entrades i sortides.<\/span><\/a><\/p>\n<p><a href=\"https:\/\/docs.google.com\/document\/d\/13QT1L_R4_Y11O9ykDExVg4N40hZCaWwn91DqXEabOkI\/edit?usp=sharing\"><span style=\"color: #0000ff;\"><strong>3. Viatges i Sortides.<\/strong><\/span><\/a><\/p>\n<p style=\"padding-left: 40px;\"><a href=\"https:\/\/docs.google.com\/document\/d\/1x5Bit8Az1Zvrf_3hMWzb51QUWAWoTfEpFGngd5UTI7o\/edit?usp=sharing\"><span style=\"color: #0000ff;\">3.1 Guia per a l\u2019organitzaci\u00f3 de sortides i activitats fora del centre.<\/span><\/a><\/p>\n<p><a href=\"https:\/\/docs.google.com\/document\/d\/1193hbOXNxaeBiXBcoMMlQx3JA31RAwb0qoi7TJLrkRU\/edit?usp=sharing\"><strong><span style=\"color: #0000ff;\">4. Organigrama del centre.\u00a0<\/span><\/strong><\/a><\/p>\n<p style=\"padding-left: 40px;\"><a href=\"https:\/\/agora.xtec.cat\/iescanpeixauet\/wp-content\/uploads\/usu1366\/2025\/07\/Novetats.gif\"><img loading=\"lazy\" decoding=\"async\" class=\"alignnone wp-image-10119 \" src=\"https:\/\/agora.xtec.cat\/iescanpeixauet\/wp-content\/uploads\/usu1366\/2025\/07\/Novetats.gif\" alt=\"\" width=\"98\" height=\"38\" \/><\/a><strong><a href=\"https:\/\/agora.xtec.cat\/iescanpeixauet\/linstitut\/organigrama\/equip-directiu\/\"><span style=\"color: #0000ff;\">4.1 L\u2019Equip Directiu.<\/span><\/a><\/strong><\/p>\n<p style=\"padding-left: 40px;\"><a href=\"https:\/\/agora.xtec.cat\/iescanpeixauet\/linstitut\/organigrama\/consell-escolar\/\"><span style=\"color: #0000ff;\">4.2 El Consell Escolar.<\/span><\/a><\/p>\n<p style=\"padding-left: 40px;\"><a href=\"https:\/\/docs.google.com\/document\/d\/11ZxoRVpSEp5ylaRSq214W9asVG39cFYPPeyxoTbZhRs\/edit?usp=sharing\"><span style=\"color: #0000ff;\">4.3 Tutories, c\u00e0rrecs i coordinacions [<strong><span style=\"color: #ff0000;\">curs 2025-26<\/span><\/strong>].<\/span><\/a><\/p>\n<p style=\"padding-left: 40px;\"><a href=\"https:\/\/agora.xtec.cat\/iescanpeixauet\/linstitut\/organigrama\/claustre-de-docents\/\"><span style=\"color: #0000ff;\">4.4 El claustre de docents.<\/span><\/a><\/p>\n<p><a href=\"https:\/\/docs.google.com\/document\/d\/15qx_DT5mqoZb-ZeRCayTzhcxs1YNRY401AsTZFXWbqI\/edit?usp=sharing\"><strong><span style=\"color: #0000ff;\">5. Serveis inform\u00e0tics.\u00a0<\/span><\/strong><\/a><\/p>\n<p style=\"padding-left: 40px;\"><a href=\"https:\/\/docs.google.com\/document\/d\/1vXrZS8lYTyjFt1cJLYLCFALq8Ofm6qGYkohtuA1o9n0\/edit?usp=sharing\"><span style=\"color: #0000ff;\"><span style=\"font-weight: 400;\">5.1 \u00das del correu electr\u00f2nic corporatiu: <strong><span style=\"color: #ff0000;\"><em>@xtec.cat<\/em><\/span><\/strong><\/span><\/span><\/a><\/p>\n<p style=\"padding-left: 40px;\"><a href=\"https:\/\/docs.google.com\/document\/d\/1X4gjuC3uWi69uPnsn41JaJ36HPgwUbvrZWf0tx72MIo\/edit?usp=sharing\"><span style=\"color: #0000ff;\">5.2 El correu electr\u00f2nic del centre: <span style=\"color: #ff0000;\"><strong><i>@inscanpeixauet.cat<\/i><\/strong><\/span><\/span><\/a><\/p>\n<p style=\"padding-left: 40px;\"><a href=\"https:\/\/docs.google.com\/document\/d\/1cH-zMc1n0XxI0lwnHDGSE_11S51EPDmtWoNSWm0Mu0c\/edit?usp=sharing\"><span style=\"color: #0000ff;\">5.3 L&#8217;espai de treball: web + drive + calendari.<\/span><\/a><\/p>\n<p style=\"padding-left: 40px;\"><a href=\"https:\/\/docs.google.com\/document\/d\/1uDztzR_-o4fk3FQprBM5iA1L3CqAiWLjOuthaGtbvnI\/edit?usp=sharing\"><span style=\"color: #0000ff;\">5.4 Acc\u00e9s a cursos online <span style=\"font-weight: 400;\">(Moodle, Classroom i llibres digitals).<\/span><\/span><\/a><\/p>\n<p style=\"padding-left: 40px;\"><a href=\"https:\/\/docs.google.com\/document\/d\/10znB1RF_ZWI2GoWuK2psAgLABZIa2c6nwFUV3rN8y9Y\/edit?usp=sharing\"><span style=\"color: #0000ff;\">5.5 Suport t\u00e8cnic: Incid\u00e8ncies i resoluci\u00f3 de dubtes.<\/span><\/a><\/p>\n<p><a href=\"https:\/\/docs.google.com\/document\/d\/1aI_G_WOKLIHOfPIf5k_Pqcolnt6es0er9F4ptZ3LJfE\/edit?usp=sharing\"><strong><span style=\"color: #0000ff;\">6. Aspectes habituals de funcionament.\u00a0<\/span><\/strong><\/a><\/p>\n<p><a href=\"https:\/\/docs.google.com\/document\/d\/14KjQd7HwyPxNzcoS1wj4YtweHBBZO0bTe4kRaAj1fyw\/edit?usp=sharing\"><strong><span style=\"color: #0000ff;\">7. Funcionament de les gu\u00e0rdies.<\/span><\/strong><\/a><\/p>\n<p style=\"padding-left: 40px;\"><a href=\"https:\/\/docs.google.com\/document\/d\/1k0nWHByjInb5S2ZaQnwo7cmbrrIcOGxgrE12vObEn2w\/edit?usp=sharing\"><span style=\"color: #0000ff;\">7.1 Gu\u00e0rdia &#8220;ordin\u00e0ria&#8221;.<\/span><\/a><\/p>\n<p style=\"padding-left: 40px;\"><a href=\"https:\/\/docs.google.com\/document\/d\/1RbmNNrrUpwUbuM9UV2PlUvwDOl9NHnq0xdOhYtbYUvs\/edit?usp=sharing\"><span style=\"color: #0000ff;\">7.2 Gu\u00e0rdia de &#8220;pati&#8221;.<\/span><\/a><\/p>\n<p style=\"padding-left: 40px;\"><a href=\"https:\/\/docs.google.com\/document\/d\/1ruWkK-yqJFnJoiw9i1uI7t-pYj1XVYh58BNsmr3yrH4\/edit?usp=sharing\"><span style=\"color: #0000ff;\">7.3 Gu\u00e0rdia de &#8220;Biblioteca&#8221;.<\/span><\/a><\/p>\n<p style=\"padding-left: 40px;\"><a href=\"https:\/\/docs.google.com\/document\/d\/1DpCqlDuAwBIIGj51-nEfq-VxVg1ZTJYOWCHC0yET7Fs\/edit?usp=sharing\"><span style=\"color: #0000ff;\">7.4 La franja de lectura.<\/span><\/a><\/p>\n<p><a href=\"https:\/\/agora.xtec.cat\/iescanpeixauet\/wp-content\/uploads\/usu1366\/2025\/07\/Novetats.gif\"><img loading=\"lazy\" decoding=\"async\" class=\"alignnone wp-image-10119 \" src=\"https:\/\/agora.xtec.cat\/iescanpeixauet\/wp-content\/uploads\/usu1366\/2025\/07\/Novetats.gif\" alt=\"\" width=\"98\" height=\"38\" \/><\/a><a href=\"https:\/\/docs.google.com\/document\/d\/1BzzuSMnVqb6gPMem3IPMJcyf1m4rwYypaHwZ9DlzNKY\/edit?usp=sharing\"><strong><span style=\"color: #0000ff;\">\u00a0 8. Logo corporatiu i papereria de centre.<\/span><\/strong><\/a><\/p>\n<p><a href=\"https:\/\/docs.google.com\/document\/d\/1ySCKt8Fjcw0FEwdXIMciUHK19SDBoqG94Su_6e9x_FY\/edit?usp=sharing\"><strong><span style=\"color: #0000ff;\">9. Protocol en cas d\u2019accidents i malaltia de l\u2019alumnat.<span style=\"font-family: inherit; font-size: 1em;\">\u00a0<\/span><\/span><\/strong><\/a><\/p>\n<p style=\"padding-left: 40px;\"><a href=\"https:\/\/docs.google.com\/document\/d\/1pEE5i5m3UQaLLrNPjeCuWFEXIBzEukXPGIDBRD914L8\/edit?usp=sharing\"><span style=\"color: #0000ff;\">9.1 Alumnat de 1r i 2n d\u2019ESO [punt 10.14.1. de les NOFC].<\/span><\/a><\/p>\n<p style=\"padding-left: 40px;\"><a href=\"https:\/\/docs.google.com\/document\/d\/1pEE5i5m3UQaLLrNPjeCuWFEXIBzEukXPGIDBRD914L8\/edit?usp=sharing\"><span style=\"color: #0000ff;\">9.2 Alumnat de 3r i 4t d\u2019ESO o de 1r i 2n de Batxillerat [punt 10.14.2. de les NOFC].<\/span><\/a><\/p>\n<p><a href=\"https:\/\/docs.google.com\/document\/d\/14HPgU1WYoQvlK5XoHzJ4_PDZevssWVCoBFLwQ6UBldU\/edit?usp=sharing\"><strong><span style=\"color: #0000ff;\">10<\/span><\/strong><\/a><a href=\"https:\/\/docs.google.com\/document\/d\/14HPgU1WYoQvlK5XoHzJ4_PDZevssWVCoBFLwQ6UBldU\/edit?usp=sharing\"><strong><span style=\"color: #0000ff;\">. Regulaci\u00f3\u00a0<\/span><\/strong><\/a><a style=\"font-family: inherit; font-size: 1em;\" href=\"https:\/\/docs.google.com\/document\/d\/14HPgU1WYoQvlK5XoHzJ4_PDZevssWVCoBFLwQ6UBldU\/edit?usp=sharing\"><strong><span style=\"color: #0000ff;\">de la conviv\u00e8ncia.<\/span><\/strong><\/a><\/p>\n<p style=\"padding-left: 40px;\"><a href=\"https:\/\/docs.google.com\/document\/d\/1RYbVUS_sqMooiVxLY8TUTF6JUX_KIvY9h_aOdR4oe1U\/edit?usp=sharing\"><span style=\"color: #0000ff;\">10.1 Les &#8220;18 regles d&#8217;Or&#8221; de la conviv\u00e8ncia.<\/span><\/a><\/p>\n<p style=\"padding-left: 40px;\"><a href=\"https:\/\/docs.google.com\/document\/d\/1FVWk-jq-57wd3487KXajxWYxIm69ElwPnp10giYsnco\/edit?usp=sharing\"><span style=\"color: #0000ff;\">10.2 Aplicaci\u00f3 de mesures disciplin\u00e0ries.<\/span><\/a><\/p>\n<p style=\"padding-left: 40px;\"><a href=\"https:\/\/docs.google.com\/document\/d\/1kajLzaltXutzXS41cafZXuSyOIjuVtGcHiq3fpXeX5U\/edit?usp=sharing\"><span style=\"color: #0000ff;\">10.3 El servei de mediaci\u00f3.<\/span><\/a><\/p>\n<p style=\"padding-left: 40px;\"><a href=\"https:\/\/docs.google.com\/document\/d\/1-iYcaQRKRcanyw0WESoz-e6ri0vUJpsJFIH-vRt7tGI\/edit?usp=sharing\"><span style=\"color: #0000ff;\">10.4 Targeta del professor\/a.<\/span><\/a><\/p>\n<p style=\"padding-left: 40px;\"><a href=\"https:\/\/agora.xtec.cat\/iescanpeixauet\/wp-content\/uploads\/usu1366\/2025\/07\/Novetats.gif\"><img loading=\"lazy\" decoding=\"async\" class=\"alignnone wp-image-10119 \" src=\"https:\/\/agora.xtec.cat\/iescanpeixauet\/wp-content\/uploads\/usu1366\/2025\/07\/Novetats.gif\" alt=\"\" width=\"98\" height=\"38\" \/><\/a><a href=\"https:\/\/docs.google.com\/document\/d\/10o_vZN2_OwtsR58aQR6rt5FRL62-jkZaThywbptfQ2M\/edit?usp=sharing\"><span style=\"color: #0000ff;\"><span style=\"color: #ff0000;\"><strong>10.5 \u00das del m\u00f2bil.<\/strong><\/span><\/span><\/a><\/p>\n<p><a href=\"https:\/\/docs.google.com\/document\/d\/1Z-48UfrM7-nJxIAAMGJ4XegbIN36iOKps2-SzMNmTwc\/edit?usp=sharing\"><strong><span style=\"color: #0000ff;\">11. Assist\u00e8ncia alumnat.<\/span><\/strong><\/a><strong><span style=\"color: #0000ff;\">\u00a0 \u00a0 \u00a0 <\/span><\/strong><\/p>\n<p style=\"padding-left: 40px;\"><a href=\"https:\/\/docs.google.com\/document\/d\/1HMYWTu6uD6j5zAomxCGVDr6ZnEbOPF0GBFkygGpA_mM\/edit?usp=sharing\"><span style=\"color: #0000ff;\"><span style=\"font-weight: 400;\">11.1 Passar llista.<\/span>\u00a0<\/span><\/a><\/p>\n<p style=\"padding-left: 40px;\"><a href=\"https:\/\/docs.google.com\/document\/d\/1Nk8Erm0afXoJkj5nbDQxRONlDBmx-aQdaqjSy3HNLJI\/edit?usp=sharing\"><span style=\"color: #0000ff;\"><span style=\"font-weight: 400;\">11.2 Protocol d\u2019absentisme i de situacions de risc social.<\/span><\/span><\/a><\/p>\n<p><a href=\"https:\/\/docs.google.com\/document\/d\/1-H27rIMupl9MW016WHc1aSz7PclSibboo1L--oxNn14\/edit?usp=sharing\"><strong><span style=\"color: #0000ff;\">12. Assist\u00e8ncia professorat.<\/span><\/strong><\/a><\/p>\n<p style=\"padding-left: 40px;\"><a href=\"https:\/\/docs.google.com\/document\/d\/1-H27rIMupl9MW016WHc1aSz7PclSibboo1L--oxNn14\/edit?usp=sharing\"><span style=\"color: #0000ff;\">12.1 Llice\u0300ncies i permisos.<\/span><\/a><\/p>\n<p style=\"padding-left: 40px;\"><a href=\"https:\/\/docs.google.com\/document\/d\/1-H27rIMupl9MW016WHc1aSz7PclSibboo1L--oxNn14\/edit\"><span style=\"color: #0000ff;\">12.2 Abse\u0300ncies per motius de salut d&#8217;una durada ma\u0300xima de 15 hores.<\/span><\/a><\/p>\n<p style=\"padding-left: 40px;\"><a href=\"https:\/\/drive.google.com\/file\/d\/1vAZ-zFz5FNziRXnRxOj-RyM0OZuD2XVq\/view?usp=sharing\"><span style=\"color: #0000ff;\"><span style=\"font-weight: 400;\">\u00a0 \u00a0 \u00a0 \u00a0 12.2.1 Declaracio\u0301 responsable justificativa d&#8217;abse\u0300ncia per motius de salut o d&#8217;assiste\u0300ncia a consulta me\u0300dica.<\/span><\/span><\/a><\/p>\n<p><a href=\"https:\/\/agora.xtec.cat\/iescanpeixauet\/wp-admin\/post.php?post=7538&amp;action=edit\"><strong><span style=\"color: #0000ff;\">13. Avaluacions.<\/span><\/strong><\/a><\/p>\n<p style=\"padding-left: 40px;\"><a href=\"https:\/\/docs.google.com\/document\/d\/1-EfJgxLHxB467v_JGyOnIkkowk0EUrpX3UENgYEkaMo\/edit?usp=sharing\"><span style=\"color: #0000ff;\"><span style=\"font-weight: 400;\">13.1 Calendari avaluacions ESO.<\/span>\u00a0<\/span><\/a><\/p>\n<p style=\"padding-left: 40px;\"><a href=\"https:\/\/docs.google.com\/document\/d\/1O4DtOOIau0jODRoDwuHHk5lUdTKvVhqRcd1IPCXUXFg\/edit?usp=sharing\"><span style=\"color: #0000ff;\"><span style=\"font-weight: 400;\">13.2 Calendari avaluacions 1r Batxillerat.<\/span>\u00a0<\/span><\/a><\/p>\n<p style=\"padding-left: 40px;\"><a href=\"https:\/\/docs.google.com\/document\/d\/11yyZjC-gwEneu_mErCyr2jeLPjXMWapFJGm8reecPGo\/edit?usp=sharing\"><span style=\"color: #0000ff;\"><span style=\"font-weight: 400;\">13.3 Calendari avaluacions 2n Batxillerat.<\/span>\u00a0<\/span><\/a><\/p>\n<p><a href=\"https:\/\/docs.google.com\/document\/d\/1fPIgDMABgHKqaR2Cr0yjdc7am3GhP4pwAiizXBIdoOQ\/edit?usp=sharing\"><strong><span style=\"color: #0000ff;\">14. Planificaci\u00f3 inici de curs [<span style=\"color: #ff0000;\">Setembre<\/span>].<\/span><\/strong><\/a><\/p>\n<p><a href=\"https:\/\/docs.google.com\/document\/d\/1O0gFOtFObCTDSEUn6nZw71ORTmr2YjEZzTPAX8k7oss\/edit?usp=sharing\"><strong><span style=\"color: #0000ff;\">15. Pl\u00e0nol de l&#8217;Institut.<\/span><\/strong><\/a><\/p>\n<p><a href=\"https:\/\/docs.google.com\/document\/d\/1jXb6TfLkcYKFV1WrlDSs7RLpRU3085jk0C5638GMac8\/edit?usp=sharing\"><strong><span style=\"color: #0000ff;\">16. Imatge de centre.<\/span><\/strong><\/a><\/p>\n<p style=\"padding-left: 40px;\"><a href=\"https:\/\/docs.google.com\/document\/d\/1fg6aJ1BNuIEmeCPYFoF3rq1jq4nQBplEkXSavCvXb0I\/edit?usp=sharing\"><span style=\"color: #0000ff;\">16.1\u00a0Procediment per a la publicaci\u00f3 de material audiovisual [WEB + XARXES].<\/span><\/a><\/p>\n<p style=\"padding-left: 40px;\"><a href=\"https:\/\/docs.google.com\/document\/d\/1n3sJ6txhgXdvK1-RVcC-fKSinXVm1D0IXho1z077Q4s\/edit\"><span style=\"color: #0000ff;\">16.2 Les exposicions al centre.<\/span><\/a><\/p>\n<p><a href=\"https:\/\/docs.google.com\/document\/d\/1XYUGq2TvIdf0IXkWx6e1dzNkRgkgh0-kePmdfgN1O4c\/edit?usp=sharing\"><strong><span style=\"color: #0000ff;\">17. El treball per projectes.<\/span><\/strong><\/a><\/p>\n<p style=\"padding-left: 40px;\"><a href=\"https:\/\/docs.google.com\/spreadsheets\/d\/1HZHA_baxaeoc_bDaDmDsIUdwV_2K0LFlJLod4r9gRE8\/edit?usp=sharing\"><span style=\"color: #0000ff;\">17.1 Calendari de projectes.<\/span><\/a><\/p>\n<p><a href=\"https:\/\/docs.google.com\/document\/d\/1OsP8pryElyYS-vOlK4JMdjeAzwv0Z17li-sv9YkIeZ8\/edit?usp=sharing\"><strong><span style=\"color: #0000ff;\">18. Drive de centre.<\/span><\/strong><\/a><\/p>\n<p><a href=\"https:\/\/docs.google.com\/document\/d\/1johUiZUvRqo_R4hBY7N4a5lWCSOwjukbIUEzoGi89ok\/edit?usp=sharing\"><strong><span style=\"color: #0000ff;\">19. Documents d&#8217;organitzaci\u00f3 i gesti\u00f3 dels centres.<\/span><\/strong><\/a><\/p>\n<p><a href=\"https:\/\/agora.xtec.cat\/iescanpeixauet\/linstitut\/documents-de-centre\/guia-dinici-de-curs\/per-al-professorat-nou-que-cal-fer-en-arribar-al-centre\/\"><span style=\"color: #0000ff;\"><strong>20. Per al <span style=\"color: #ff0000;\">professorat nou<\/span>: \u201cQu\u00e8 cal fer en arribar al centre?\u201d.<\/strong><\/span><\/a><\/p>\n","protected":false},"excerpt":{"rendered":"<p>\u00cdNDEX<br \/>\n<a href=\"https:\/\/agora.xtec.cat\/iescanpeixauet\/linstitut\/calendari-eso-i-1r-btx\/\">1. Calendari escolar [curs 2025-26].\u00a0<\/a><br \/>\n<a href=\"https:\/\/docs.google.com\/document\/d\/1oL6QfFKMM2aNv31JnII1Sw7UQtzWrdZEHCJA-5QulR8\/edit?usp=sharing\">2. Marc horari.<\/a><br \/>\n<a href=\"https:\/\/docs.google.com\/document\/d\/16MNw2O4EvK_24vUsKa4PXN6tepdqNcvmwlrvhPdYazI\/edit?usp=sharing\">2.1 Entrades i sortides.<\/a><br \/>\n<a href=\"https:\/\/docs.google.com\/document\/d\/13QT1L_R4_Y11O9ykDExVg4N40hZCaWwn91DqXEabOkI\/edit?usp=sharing\">3. Viatges i Sortides.<\/a><br \/>\n<a href=\"https:\/\/docs.google.com\/document\/d\/1x5Bit8Az1Zvrf_3hMWzb51QUWAWoTfEpFGngd5UTI7o\/edit?usp=sharing\">3.1 Guia per a l\u2019organitzaci\u00f3 de sortides i activitats fora del centre.<\/a><br \/>\n<a href=\"https:\/\/docs.google.com\/document\/d\/1193hbOXNxaeBiXBcoMMlQx3JA31RAwb0qoi7TJLrkRU\/edit?usp=sharing\">4. Organigrama del centre.\u00a0<\/a><br \/>\n<a href=\"https:\/\/agora.xtec.cat\/iescanpeixauet\/wp-content\/uploads\/usu1366\/2025\/07\/Novetats.gif\"><\/a><a href=\"https:\/\/agora.xtec.cat\/iescanpeixauet\/linstitut\/organigrama\/equip-directiu\/\">4.1 L\u2019Equip Directiu.<\/a><br \/>\n<a href=\"https:\/\/agora.xtec.cat\/iescanpeixauet\/linstitut\/organigrama\/consell-escolar\/\">4.2 El Consell Escolar.<\/a><br \/>\n<a href=\"https:\/\/docs.google.com\/document\/d\/11ZxoRVpSEp5ylaRSq214W9asVG39cFYPPeyxoTbZhRs\/edit?usp=sharing\">4.3 Tutories, c\u00e0rrecs i&hellip;  <a href=\"https:\/\/agora.xtec.cat\/iescanpeixauet\/linstitut\/documents-de-centre\/guia-dinici-de-curs\/\" title=\"Read GUIA D&#8217;INICI DE CURS\">Llegeix m\u00e9s\u00bb<\/a><\/p>\n","protected":false},"author":10,"featured_media":0,"parent":1480,"menu_order":0,"comment_status":"closed","ping_status":"closed","template":"","meta":{"_bbp_topic_count":0,"_bbp_reply_count":0,"_bbp_total_topic_count":0,"_bbp_total_reply_count":0,"_bbp_voice_count":0,"_bbp_anonymous_reply_count":0,"_bbp_topic_count_hidden":0,"_bbp_reply_count_hidden":0,"_bbp_forum_subforum_count":0,"footnotes":""},"class_list":["post-7520","page","type-page","status-publish","hentry"],"post_mailing_queue_ids":[],"_links":{"self":[{"href":"https:\/\/agora.xtec.cat\/iescanpeixauet\/wp-json\/wp\/v2\/pages\/7520","targetHints":{"allow":["GET"]}}],"collection":[{"href":"https:\/\/agora.xtec.cat\/iescanpeixauet\/wp-json\/wp\/v2\/pages"}],"about":[{"href":"https:\/\/agora.xtec.cat\/iescanpeixauet\/wp-json\/wp\/v2\/types\/page"}],"author":[{"embeddable":true,"href":"https:\/\/agora.xtec.cat\/iescanpeixauet\/wp-json\/wp\/v2\/users\/10"}],"replies":[{"embeddable":true,"href":"https:\/\/agora.xtec.cat\/iescanpeixauet\/wp-json\/wp\/v2\/comments?post=7520"}],"version-history":[{"count":7,"href":"https:\/\/agora.xtec.cat\/iescanpeixauet\/wp-json\/wp\/v2\/pages\/7520\/revisions"}],"predecessor-version":[{"id":10201,"href":"https:\/\/agora.xtec.cat\/iescanpeixauet\/wp-json\/wp\/v2\/pages\/7520\/revisions\/10201"}],"up":[{"embeddable":true,"href":"https:\/\/agora.xtec.cat\/iescanpeixauet\/wp-json\/wp\/v2\/pages\/1480"}],"wp:attachment":[{"href":"https:\/\/agora.xtec.cat\/iescanpeixauet\/wp-json\/wp\/v2\/media?parent=7520"}],"curies":[{"name":"wp","href":"https:\/\/api.w.org\/{rel}","templated":true}]}}