{"id":7514,"date":"2022-07-14T19:54:39","date_gmt":"2022-07-14T17:54:39","guid":{"rendered":"https:\/\/agora.xtec.cat\/iescanpeixauet\/?page_id=7514"},"modified":"2023-07-18T08:43:36","modified_gmt":"2023-07-18T06:43:36","slug":"consell-escolar","status":"publish","type":"page","link":"https:\/\/agora.xtec.cat\/iescanpeixauet\/linstitut\/organigrama\/consell-escolar\/","title":{"rendered":"Consell Escolar"},"content":{"rendered":"<section class=\"elementor-section elementor-top-section elementor-element elementor-element-f28d704 elementor-section-boxed elementor-section-height-default elementor-section-height-default animated fadeIn\" data-id=\"f28d704\" data-element_type=\"section\" data-settings=\"{&quot;animation&quot;:&quot;fadeIn&quot;}\">\n<div class=\"elementor-container elementor-column-gap-default\">\n<div class=\"elementor-row\">\n<div class=\"elementor-column elementor-col-100 elementor-top-column elementor-element elementor-element-0cea47f\" data-id=\"0cea47f\" data-element_type=\"column\">\n<div class=\"elementor-column-wrap elementor-element-populated\">\n<div class=\"elementor-widget-wrap\">\n<div class=\"elementor-element elementor-element-6315433 elementor-widget elementor-widget-text-editor\" data-id=\"6315433\" data-element_type=\"widget\" data-widget_type=\"text-editor.default\">\n<div class=\"elementor-widget-container\">\n<div class=\"elementor-text-editor elementor-clearfix\">\n<p style=\"text-align: justify;\">El consell escolar del centre \u00e9s l&#8217;<strong>\u00f2rgan col\u00b7legiat de participaci\u00f3<\/strong> de la comunitat escolar en el govern del centre. En el consell escolar hi ha representats tots els col\u00b7lectius que intervenen en la comunitat educativa: director o directora, professorat, alumnes i personal d&#8217;administraci\u00f3 i serveis.<\/p>\n<p style=\"text-align: justify;\">En els centres p\u00fablics, la funci\u00f3 principal del consell escolar \u00e9s participar en la presa de decisions en relaci\u00f3 amb aquells temes importants per al funcionament i l&#8217;organitzaci\u00f3 del centre: el projecte educatiu, la programaci\u00f3 general, la gesti\u00f3 econ\u00f2mica, etc.<\/p>\n<p>Els membres del consell escolar s\u00f3n:<\/p>\n<table class=\" aligncenter\" style=\"width: 100%; border-collapse: collapse;\">\n<tbody>\n<tr>\n<td style=\"width: 10.8648710080691%;\">\n<h5 style=\"text-align: center;\"><span style=\"color: #0000ff;\"><strong>Col\u00b7lectiu<\/strong><\/span><\/h5>\n<\/td>\n<td style=\"width: 92.59006705307422%;\" colspan=\"6\">\n<h5 style=\"text-align: center;\"><span style=\"color: #0000ff;\"><strong>Representants\u00a0<\/strong><\/span><\/h5>\n<\/td>\n<\/tr>\n<tr>\n<td style=\"width: 10.8648710080691%;\">\n<h6><span style=\"color: #000000;\"><strong>Equip directiu<\/strong><\/span><\/h6>\n<\/td>\n<td style=\"width: 16.433685646096144%;\">Daniel Escribano Peramarch\u00a0[<strong>Director<\/strong>]<\/td>\n<td style=\"width: 16.75190362541199%;\">Eusebi Gasque Garc\u00eda\u00a0[<strong>Cap d&#8217;estudis<\/strong>]<\/td>\n<td style=\"width: 15.433571996817813%;\">Marta L\u00f3pez Delgado\u00a0[<strong>Secretaria<\/strong>]<\/td>\n<td style=\"width: 13.171951358108876%;\"><\/td>\n<td style=\"width: 13.80838731674054%;\"><\/td>\n<td style=\"width: 16.990567109898855%;\"><\/td>\n<\/tr>\n<tr>\n<td style=\"width: 10.8648710080691%;\">\n<h6><span style=\"color: #000000;\"><strong>Professorat<\/strong><\/span><\/h6>\n<\/td>\n<td style=\"width: 16.433685646096144%;\">Fernando Frias del Campo<\/td>\n<td style=\"width: 16.75190362541199%;\">Aurora Cano G\u00e1mez<\/td>\n<td style=\"width: 15.433571996817813%;\">M\u00f3nica Cobas Rivero<\/td>\n<td style=\"width: 13.171951358108876%;\">Javier Mart\u00edn C\u00e1ceres<\/td>\n<td style=\"width: 13.80838731674054%;\">Montse Pla Hern\u00e1ndez<\/td>\n<td style=\"width: 16.990567109898855%;\">Jes\u00fas Serrano Rinc\u00f3n<\/td>\n<\/tr>\n<tr>\n<td style=\"width: 10.8648710080691%;\"><span style=\"color: #000000;\"><strong>Alumnat<\/strong><\/span><\/td>\n<td style=\"width: 16.433685646096144%;\">Noa Garc\u00eda S\u00e1nchez<\/td>\n<td style=\"width: 16.75190362541199%;\">Nicol\u00e1s Jaraiz Bravo<\/td>\n<td style=\"width: 15.433571996817813%;\">Edgar Ord\u00f3\u00f1ez Jaumejoan<\/td>\n<td style=\"width: 13.171951358108876%;\"><\/td>\n<td style=\"width: 13.80838731674054%;\"><\/td>\n<td style=\"width: 16.990567109898855%;\"><\/td>\n<\/tr>\n<tr>\n<td style=\"width: 10.8648710080691%;\">\n<h6><span style=\"color: #000000;\"><strong>Pares\/Mares<\/strong><\/span><\/h6>\n<\/td>\n<td style=\"width: 16.433685646096144%;\">Ana Egea Galipienso<\/td>\n<td style=\"width: 16.75190362541199%;\">Rosario Horcajo Alcaraz<\/td>\n<td style=\"width: 15.433571996817813%;\"><\/td>\n<td style=\"width: 13.171951358108876%;\"><\/td>\n<td style=\"width: 13.80838731674054%;\"><\/td>\n<td style=\"width: 16.990567109898855%;\"><\/td>\n<\/tr>\n<tr>\n<td style=\"width: 10.8648710080691%;\">\n<h6><span style=\"color: #000000;\"><strong>AFA<\/strong><\/span><\/h6>\n<\/td>\n<td style=\"width: 16.433685646096144%;\">Maribel Altamirano Jim\u00e9nez<\/td>\n<td style=\"width: 16.75190362541199%;\"><\/td>\n<td style=\"width: 15.433571996817813%;\"><\/td>\n<td style=\"width: 13.171951358108876%;\"><\/td>\n<td style=\"width: 13.80838731674054%;\"><\/td>\n<td style=\"width: 16.990567109898855%;\"><\/td>\n<\/tr>\n<tr>\n<td style=\"width: 10.8648710080691%;\">\n<h6><span style=\"color: #000000;\"><strong>PAS<\/strong><\/span><\/h6>\n<\/td>\n<td style=\"width: 16.433685646096144%;\">Francisco Jos\u00e9 Jim\u00e9nez Sereix<\/td>\n<td style=\"width: 16.75190362541199%;\"><\/td>\n<td style=\"width: 15.433571996817813%;\"><\/td>\n<td style=\"width: 13.171951358108876%;\"><\/td>\n<td style=\"width: 13.80838731674054%;\"><\/td>\n<td style=\"width: 16.990567109898855%;\"><\/td>\n<\/tr>\n<tr>\n<td style=\"width: 10.8648710080691%;\">\n<h6><span style=\"color: #000000;\"><strong>Ajuntament<\/strong><\/span><\/h6>\n<\/td>\n<td style=\"width: 16.433685646096144%;\">M\u00aa Carmen Grancelli Rodr\u00edguez<\/td>\n<td style=\"width: 16.75190362541199%;\"><\/td>\n<td style=\"width: 15.433571996817813%;\"><\/td>\n<td style=\"width: 13.171951358108876%;\"><\/td>\n<td style=\"width: 13.80838731674054%;\"><\/td>\n<td style=\"width: 16.990567109898855%;\"><\/td>\n<\/tr>\n<\/tbody>\n<\/table>\n<p>&nbsp;<\/p>\n<\/div>\n<\/div>\n<\/div>\n<\/div>\n<\/div>\n<\/div>\n<\/div>\n<\/div>\n<\/section>\n<div class=\"elementor-divider\"><a href=\"https:\/\/agora.xtec.cat\/iescanpeixauet\/wp-content\/uploads\/usu1366\/2022\/07\/eleccions-consell-escolar.png\"><img loading=\"lazy\" decoding=\"async\" class=\"aligncenter wp-image-7516 size-full\" src=\"https:\/\/agora.xtec.cat\/iescanpeixauet\/wp-content\/uploads\/usu1366\/2022\/07\/eleccions-consell-escolar.png\" alt=\"\" width=\"990\" height=\"370\" srcset=\"https:\/\/agora.xtec.cat\/iescanpeixauet\/wp-content\/uploads\/usu1366\/2022\/07\/eleccions-consell-escolar.png 990w, https:\/\/agora.xtec.cat\/iescanpeixauet\/wp-content\/uploads\/usu1366\/2022\/07\/eleccions-consell-escolar-300x112.png 300w, https:\/\/agora.xtec.cat\/iescanpeixauet\/wp-content\/uploads\/usu1366\/2022\/07\/eleccions-consell-escolar-768x287.png 768w\" sizes=\"auto, (max-width: 990px) 100vw, 990px\" \/><\/a><\/div>\n","protected":false},"excerpt":{"rendered":"<p>El consell escolar del centre \u00e9s l&#8217;\u00f2rgan col\u00b7legiat de participaci\u00f3 de la comunitat escolar en el govern del centre. En el consell escolar hi ha representats tots els col\u00b7lectius que intervenen en la comunitat educativa: director o directora, professorat, alumnes i personal d&#8217;administraci\u00f3 i serveis.<br \/>\nEn&hellip;  <a href=\"https:\/\/agora.xtec.cat\/iescanpeixauet\/linstitut\/organigrama\/consell-escolar\/\" title=\"Read Consell Escolar\">Llegeix m\u00e9s\u00bb<\/a><\/p>\n","protected":false},"author":10,"featured_media":0,"parent":46,"menu_order":0,"comment_status":"closed","ping_status":"closed","template":"","meta":{"_bbp_topic_count":0,"_bbp_reply_count":0,"_bbp_total_topic_count":0,"_bbp_total_reply_count":0,"_bbp_voice_count":0,"_bbp_anonymous_reply_count":0,"_bbp_topic_count_hidden":0,"_bbp_reply_count_hidden":0,"_bbp_forum_subforum_count":0,"footnotes":""},"class_list":["post-7514","page","type-page","status-publish","hentry"],"post_mailing_queue_ids":[],"_links":{"self":[{"href":"https:\/\/agora.xtec.cat\/iescanpeixauet\/wp-json\/wp\/v2\/pages\/7514","targetHints":{"allow":["GET"]}}],"collection":[{"href":"https:\/\/agora.xtec.cat\/iescanpeixauet\/wp-json\/wp\/v2\/pages"}],"about":[{"href":"https:\/\/agora.xtec.cat\/iescanpeixauet\/wp-json\/wp\/v2\/types\/page"}],"author":[{"embeddable":true,"href":"https:\/\/agora.xtec.cat\/iescanpeixauet\/wp-json\/wp\/v2\/users\/10"}],"replies":[{"embeddable":true,"href":"https:\/\/agora.xtec.cat\/iescanpeixauet\/wp-json\/wp\/v2\/comments?post=7514"}],"version-history":[{"count":3,"href":"https:\/\/agora.xtec.cat\/iescanpeixauet\/wp-json\/wp\/v2\/pages\/7514\/revisions"}],"predecessor-version":[{"id":8938,"href":"https:\/\/agora.xtec.cat\/iescanpeixauet\/wp-json\/wp\/v2\/pages\/7514\/revisions\/8938"}],"up":[{"embeddable":true,"href":"https:\/\/agora.xtec.cat\/iescanpeixauet\/wp-json\/wp\/v2\/pages\/46"}],"wp:attachment":[{"href":"https:\/\/agora.xtec.cat\/iescanpeixauet\/wp-json\/wp\/v2\/media?parent=7514"}],"curies":[{"name":"wp","href":"https:\/\/api.w.org\/{rel}","templated":true}]}}