{"id":695,"date":"2016-11-08T12:57:20","date_gmt":"2016-11-08T11:57:20","guid":{"rendered":"http:\/\/agora.xtec.cat\/iescanpeixauet\/?page_id=695"},"modified":"2020-05-28T11:53:13","modified_gmt":"2020-05-28T09:53:13","slug":"criteris-davaluacio-i-promocio","status":"publish","type":"page","link":"https:\/\/agora.xtec.cat\/iescanpeixauet\/criteris-davaluacio-i-promocio\/","title":{"rendered":"Criteris d&#8217;avaluaci\u00f3 i promoci\u00f3 [1r Batxillerat]"},"content":{"rendered":"<h4><strong><span style=\"color: #ff6600;\">Avaluaci\u00f3 final de curs<\/span><\/strong><\/h4>\n<p style=\"text-align: justify;\">Al final de cada trimestre i al final de curs, els alumnes reben un butllet\u00ed amb les qualificacions obtingudes en cada mat\u00e8ria. Les valoracions s\u2019expressen en notes num\u00e8riques del 0 al 10 i sense decimals. \u00danicament es consideren com a superades les mat\u00e8ries amb una qualificaci\u00f3 igual o superior a 5.<\/p>\n<p style=\"text-align: justify;\">L\u2019alumnat que tingui mat\u00e8ries pendents despr\u00e9s de l\u2019avaluaci\u00f3 final ordin\u00e0ria queda pendent de la realitzaci\u00f3 de les <strong>proves extraordin\u00e0ries<\/strong> de juny i de setembre.<\/p>\n<p style=\"text-align: justify;\"><span style=\"font-family: inherit; font-size: 1em;\">Amb la finalitat que l\u2019alumnat tingui m\u00e9s temps per assolir els objectius d\u2019aprenentatge de les mat\u00e8ries no superades en l\u2019avaluaci\u00f3 final ordin\u00e0ria del mes de juny, augmentant les seves possibilitats d\u2019obtenir una avaluaci\u00f3 positiva, en el cas del primer curs de batxillerat, les proves extraordin\u00e0ries es realitzen <\/span><strong style=\"font-family: inherit; font-size: 1em;\">en els primers dies del mes de setembre<\/strong><span style=\"font-family: inherit; font-size: 1em;\">\u00a0<\/span><span style=\"font-family: inherit; font-size: 1em;\">d\u2019acord amb les dates que determina el calendari escolar anual.<\/span><\/p>\n<p>En cas que l\u2019alumne no s\u2019hagi presentat, per\u00f2 porti un justificant oficial, se li podr\u00e0 repetir la prova al llarg dels primers 6 dies lectius de setembre.<\/p>\n<p>En el context de l\u2019avaluaci\u00f3 cont\u00ednua, la qualificaci\u00f3 final extraordin\u00e0ria de setembre \u00e9s el resultat global obtingut a partir de la valoraci\u00f3 que\u00a0<span style=\"font-family: inherit;\"><span style=\"font-size: 1em;\">l\u2019equip docent, actuant de manera col\u00b7legiada, fa\u00a0<\/span><\/span>d&#8217;aquets<span style=\"font-family: inherit;\"><span style=\"font-size: 1em;\">\u00a0elements: <\/span><\/span><\/p>\n<table style=\"height: 95px;\">\n<tbody>\n<tr style=\"height: 95px;\">\n<td style=\"height: 95px; width: 1168px;\">\n<p style=\"text-align: justify;\">a) <span style=\"text-decoration: underline;\">L\u2019<\/span><span style=\"font-family: inherit;\"><span style=\"font-size: 1em;\"><span style=\"text-decoration: underline;\">evoluci\u00f3 de l\u2019alumnat en el conjunt de les mat\u00e8ries<\/span> i la seva maduresa acad\u00e8mica en relaci\u00f3 als objectius del batxillerat, aix\u00ed com, al final de l\u2019etapa, les seves possibilitats de progr\u00e9s en estudis posteriors.<\/span><\/span><\/p>\n<p style=\"text-align: justify;\">b) <span style=\"text-decoration: underline;\">Les activitats de recuperaci\u00f3<\/span> que s\u2019hagi proposat realitzar al llarg de l\u2019estiu. La no presentaci\u00f3 d\u2019aquestes activitats no exclou la possibilitat que l\u2019alumne pugui fer la prova i pugui aprovar la mat\u00e8ria.<\/p>\n<p style=\"text-align: justify;\">c) <span style=\"text-decoration: underline;\">Que l\u2019alumne s&#8217;hagi presentat a la prova extraordin\u00e0ria<\/span> i la nota obtinguda no sigui inferior a 3.<\/p>\n<\/td>\n<\/tr>\n<\/tbody>\n<\/table>\n<h4><strong><span style=\"color: #ff6600;\">Promoci\u00f3<\/span><\/strong><\/h4>\n<p style=\"text-align: justify;\">Es pot passar de 1er a 2n de batxillerat <strong>amb un m\u00e0xim de 2 mat\u00e8ries suspeses<\/strong>, que en tot cas l\u2019alumne haur\u00e0 de recuperar.<\/p>\n<p style=\"text-align: justify;\">L\u2019alumne que no passi al segon curs ha de cursar novament primer:<\/p>\n<ul style=\"list-style-type: square;\">\n<li style=\"text-align: justify;\">Si ha susp\u00e9s<span style=\"text-decoration: underline;\"> 5 o m\u00e9s mat\u00e8ries<\/span>, <span style=\"font-family: inherit; font-size: 1em;\"> l\u2019alumne <span style=\"text-decoration: underline;\">ha de repetir el 1er de batxillerat complet<\/span><\/span>.<\/li>\n<li style=\"text-align: justify;\"><span style=\"font-family: inherit; font-size: 1em;\">En el cas que tingui <span style=\"text-decoration: underline;\">3 o 4 mat\u00e8ries suspeses<\/span>, aquest <span style=\"text-decoration: underline;\">pot escollir<\/span> entre repetir tot el curs o \u00fanicament matricular-se de les mat\u00e8ries pendents. S<\/span>i el vol cursar sencer, ha de renuinciar a les qualificacions obtingudes.<\/li>\n<\/ul>\n<p>L\u2019alumne pot romandre al batxillerat en r\u00e8gim ordinari un m\u00e0xim de quatre anys, consecutius o no.<\/p>\n","protected":false},"excerpt":{"rendered":"<p>Avaluaci\u00f3 final de curs<br \/>\nAl final de cada trimestre i al final de curs, els alumnes reben un butllet\u00ed amb les qualificacions obtingudes en cada mat\u00e8ria. Les valoracions s\u2019expressen en notes num\u00e8riques del 0 al 10 i sense decimals. \u00danicament es consideren com a superades les&hellip;  <a href=\"https:\/\/agora.xtec.cat\/iescanpeixauet\/criteris-davaluacio-i-promocio\/\" title=\"Read Criteris d&#8217;avaluaci\u00f3 i promoci\u00f3 [1r Batxillerat]\">Llegeix m\u00e9s\u00bb<\/a><\/p>\n","protected":false},"author":4,"featured_media":0,"parent":0,"menu_order":60,"comment_status":"closed","ping_status":"closed","template":"","meta":{"_bbp_topic_count":0,"_bbp_reply_count":0,"_bbp_total_topic_count":0,"_bbp_total_reply_count":0,"_bbp_voice_count":0,"_bbp_anonymous_reply_count":0,"_bbp_topic_count_hidden":0,"_bbp_reply_count_hidden":0,"_bbp_forum_subforum_count":0,"footnotes":""},"class_list":["post-695","page","type-page","status-publish","hentry"],"post_mailing_queue_ids":[],"_links":{"self":[{"href":"https:\/\/agora.xtec.cat\/iescanpeixauet\/wp-json\/wp\/v2\/pages\/695","targetHints":{"allow":["GET"]}}],"collection":[{"href":"https:\/\/agora.xtec.cat\/iescanpeixauet\/wp-json\/wp\/v2\/pages"}],"about":[{"href":"https:\/\/agora.xtec.cat\/iescanpeixauet\/wp-json\/wp\/v2\/types\/page"}],"author":[{"embeddable":true,"href":"https:\/\/agora.xtec.cat\/iescanpeixauet\/wp-json\/wp\/v2\/users\/4"}],"replies":[{"embeddable":true,"href":"https:\/\/agora.xtec.cat\/iescanpeixauet\/wp-json\/wp\/v2\/comments?post=695"}],"version-history":[{"count":4,"href":"https:\/\/agora.xtec.cat\/iescanpeixauet\/wp-json\/wp\/v2\/pages\/695\/revisions"}],"predecessor-version":[{"id":5033,"href":"https:\/\/agora.xtec.cat\/iescanpeixauet\/wp-json\/wp\/v2\/pages\/695\/revisions\/5033"}],"wp:attachment":[{"href":"https:\/\/agora.xtec.cat\/iescanpeixauet\/wp-json\/wp\/v2\/media?parent=695"}],"curies":[{"name":"wp","href":"https:\/\/api.w.org\/{rel}","templated":true}]}}