{"id":689,"date":"2016-11-08T12:55:24","date_gmt":"2016-11-08T11:55:24","guid":{"rendered":"http:\/\/agora.xtec.cat\/iescanpeixauet\/?page_id=689"},"modified":"2026-01-22T12:49:41","modified_gmt":"2026-01-22T11:49:41","slug":"treball-de-recerca-tr","status":"publish","type":"page","link":"https:\/\/agora.xtec.cat\/iescanpeixauet\/treball-de-recerca-tr\/","title":{"rendered":"Treball de Recerca [TdR]"},"content":{"rendered":"<p style=\"text-align: justify;\"><a href=\"http:\/\/agora.xtec.cat\/iescanpeixauet\/wp-content\/uploads\/usu1366\/2016\/11\/Captura-de-pantalla-2018-06-04-a-las-16.39.27.png\"><img loading=\"lazy\" decoding=\"async\" class=\"wp-image-3080 alignright\" src=\"http:\/\/agora.xtec.cat\/iescanpeixauet\/wp-content\/uploads\/usu1366\/2016\/11\/Captura-de-pantalla-2018-06-04-a-las-16.39.27.png\" alt=\"\" width=\"268\" height=\"234\" srcset=\"https:\/\/agora.xtec.cat\/iescanpeixauet\/wp-content\/uploads\/usu1366\/2016\/11\/Captura-de-pantalla-2018-06-04-a-las-16.39.27.png 492w, https:\/\/agora.xtec.cat\/iescanpeixauet\/wp-content\/uploads\/usu1366\/2016\/11\/Captura-de-pantalla-2018-06-04-a-las-16.39.27-300x262.png 300w\" sizes=\"auto, (max-width: 268px) 100vw, 268px\" \/><\/a><\/p>\n<h3 style=\"text-align: justify;\"><span style=\"color: #ff9900; font-size: 1em; font-weight: bold;\"><span style=\"color: #800080;\"><b>Qu\u00e8 \u00e9s?<\/b><\/span><br \/>\n<\/span><\/h3>\n<h4 style=\"text-align: justify;\"><span style=\"color: #ff00ff; font-size: 1em;\"><span style=\"font-family: Arial, Helvetica;\">El Treball de Recerca &#8211; &#8220;TdR&#8221;\u00a0\u00e9s un conjunt d&#8217;activitats estructurades i orientades a la investigaci\u00f3 que realitza tot l&#8217;alumnat de batxillerat amb l&#8217;orientaci\u00f3 i seguiment del professorat, per tal de consolidar la compet\u00e8ncia en recerca i que ha de realitzar tot l&#8217;alumnat de Batxillerat.<\/span><\/span><\/h4>\n<p style=\"text-align: justify;\"><span style=\"color: #000000; font-family: Arial, Helvetica; font-size: 1em;\">Aquest treball:<\/span><\/p>\n<ul style=\"text-align: justify;\">\n<li>\u00c9s una petita investigaci\u00f3.<\/li>\n<li>Pot estar emmarcat dins d&#8217;una mat\u00e8ria o pot ser interdisciplinar.<\/li>\n<li>Est\u00e0 dirigit per un professor\/a &#8211; tutor\/a.<\/li>\n<li><strong>Representa el 10% de la qualificaci\u00f3 final del batxillerat<\/strong>.<\/li>\n<li>Es presenta per escrit i oralment.<\/li>\n<li>S&#8217;avalua tenint en compte el <strong>seguiment de la realitzaci\u00f3<\/strong> del treball, l&#8217;<strong>informe escrit<\/strong> i la <strong>presentaci\u00f3 oral<\/strong>.<\/li>\n<\/ul>\n<p style=\"text-align: justify;\"><span style=\"font-family: Arial, Helvetica;\">Cada centre fa una\u00a0proposta de treball\u00a0al seu alumnat, organitza les tutories i estableix una normativa sobre el calendari, els criteris d&#8217;avaluaci\u00f3 i la\u00a0<a href=\"https:\/\/agora.xtec.cat\/iescanpeixauet\/wp-content\/uploads\/usu1366\/2019\/12\/C\u00f2pia-de-Presentacio-Oral.docx.pdf\"><span style=\"color: #0000ff;\">presentaci\u00f3 oral.<\/span><\/a><\/span><\/p>\n<p style=\"text-align: justify;\"><span style=\"font-family: Arial, Helvetica;\">Abans de comen\u00e7ar el treball, cal decidir quina orientaci\u00f3 vol donar-se a la recerca. La <a href=\"https:\/\/sites.google.com\/a\/xtec.cat\/treball-de-recerca-de-batxillerat\/home\"><span style=\"color: #0000ff;\">metodologia<\/span><\/a> de cerca i processament de la informaci\u00f3 seran diferents segons que es tracti d&#8217;una recerca de tipus cient\u00edfic, de tipus <a href=\"http:\/\/www.edu365.cat\/batxillerat\/modalitat\/ciencies\/tecno\/projecte\/informe.html\"><span style=\"color: #0000ff;\">tecnol\u00f2gic<\/span><\/a>, de tipus estad\u00edstic, de tipus art\u00edstic, de tipus literari, hist\u00f2ric, sobre les caracter\u00edstiques del disseny d&#8217;un objecte, instal\u00b7laci\u00f3 o construcci\u00f3&#8230;<\/span><\/p>\n<p style=\"text-align: justify;\"><span style=\"color: #000000; font-size: 1em; font-weight: bold;\">M\u00e9s informaci\u00f3:\u00a0<\/span><a href=\"http:\/\/xtec.gencat.cat\/ca\/curriculum\/batxillerat\/treballrecerca\/\"><span style=\"color: #0000ff;\">XTEC &#8211; Xarxa Telem\u00e0tica Educativa de Catalunya<\/span><\/a>.<\/p>\n<h3 style=\"text-align: justify;\"><span style=\"color: #800080; font-size: 1em; font-weight: bold;\"><b>Quin pot ser el tema del meu Treball de Recerca?<\/b><\/span><\/h3>\n<p style=\"text-align: justify;\">L&#8217;elecci\u00f3 del tema \u00e9s lliure; \u00e9s a dir, cada alumne pot triar el tema que vulgui, no obstant per orientar-vos en la tria, els diferents Departaments \/ Seminaris fan una proposta de temes que us poden ser d&#8217;inter\u00e8s per a la realitzaci\u00f3 del Treball de Recerca, us recomanem que li feu una ullada al seg\u00fcent enlla\u00e7 on trobareu un Excel que recull totes les propostes. Cal seleccionar la pestanya del departament que us pugui interessar (per defecte s&#8217;obrir\u00e0 sempre la primera pestanya).<\/p>\n<h3 style=\"text-align: center;\"><a href=\"https:\/\/docs.google.com\/spreadsheets\/d\/1dv_c-rtKLwKbdiXKT5cUXveRPYLk36DMljTEBUyRkQk\/edit?usp=sharing\"><span style=\"color: #0000ff;\">EXCEL PROPOSTA DE TEMES<\/span><\/a><\/h3>\n<h4 style=\"text-align: center;\"><span style=\"color: #000000;\">Aqu\u00ed pots descarregar el full de tria:<\/span> <a href=\"https:\/\/docs.google.com\/document\/d\/1GzUhr5y6VeIjZNGlcfwL8H-mV4Qqspqn\/edit?usp=sharing&amp;ouid=102966588847779256246&amp;rtpof=true&amp;sd=true\"><span style=\"color: #0000ff;\">Full tria Tema TR<\/span><\/a><span style=\"font-family: inherit; font-size: 1em; font-weight: normal; text-align: justify;\">.<\/span><\/h4>\n<h3 style=\"text-align: justify;\"><span style=\"color: #800080; font-size: 1em; font-weight: bold;\"><b>Qu\u00e8 necessito per a l&#8217;elaboraci\u00f3 del TR?<\/b><\/span><\/h3>\n<p><span style=\"color: #000000;\">Per a l&#8217;elaboraci\u00f3 del teu treball \u00e9s important que tinguis en compte els seg\u00fcents aspectes:<\/span><\/p>\n<ol>\n<li>\n<h5><strong><span style=\"color: #000000;\">El primer pas en l&#8217;elaboraci\u00f3 del treball, \u00e9s con\u00e8ixer el<\/span><\/strong> <a href=\"https:\/\/docs.google.com\/document\/d\/1GvUn_LoGiRFXfT2J-fV1TH5WjZvSK9k9KTAxsmO5m0o\/edit?usp=sharing\"><span style=\"color: #0000ff;\">CALENDARI<\/span> <\/a><strong><span style=\"color: #000000;\">establert.<\/span><\/strong><\/h5>\n<\/li>\n<li>\n<h5><span style=\"font-size: 1em; color: #000000;\"><strong style=\"font-family: inherit; font-size: 1em;\">Despr\u00e9s heu de saber quins s\u00f3n els aspectes formals d&#8217;elaboraci\u00f3 de la mem\u00f2ria escrita: <\/strong><\/span><\/h5>\n<\/li>\n<li>\n<h5><span style=\"font-size: 1em; color: #000000;\"><strong style=\"font-family: inherit; font-size: 1em;\">Dossier informatiu TdR.<\/strong><\/span><\/h5>\n<ul>\n<li><a href=\"https:\/\/docs.google.com\/document\/d\/1FlmxjuSAv5GmG_ZH6gOEyAshd_wcsVQyK8PyxQDxRj8\/edit?usp=sharing\">INFO-TUTOR-TR-DOSSIER INFORMATIU:<\/a> Explica aspectes organitzatius com calendari, avaluaci\u00f3,&#8230;<\/li>\n<li><a href=\"https:\/\/agora.xtec.cat\/iescanpeixauet\/wp-content\/uploads\/usu1366\/2022\/03\/INFO-TUTOR-TR-MEMORIA-I-EXPOSICIO-ORAL.pdf\">INFO-TUTOR-TR-MEM\u00d2RIA I EXPOSICI\u00d3 ORAL:<\/a> Indica l&#8217;estructura de la mem\u00f2ria escrita i detalls\u00a0 a tenir en compte per\u00a0 l&#8217;exposici\u00f3 oral.<\/li>\n<\/ul>\n<\/li>\n<li>\n<h5><strong><span style=\"font-size: 1em; color: #000000;\">Aqu\u00ed pots descarregar una: <\/span><\/strong><a style=\"font-size: 1em; font-family: inherit; font-weight: normal;\" href=\"https:\/\/docs.google.com\/document\/d\/13yKUomlkb87a8gN99Vj_omTWgXdp89VQhxV41bU5ZsE\/edit?usp=sharing\"><span style=\"color: #0000ff;\"><strong style=\"font-family: inherit; font-size: 1em; color: #0000ff;\">Plantilla Mem\u00f2ria escrita.<\/strong><\/span><\/a><\/h5>\n<\/li>\n<li>\n<h5><span style=\"font-size: 1em; color: #000000;\"><strong style=\"font-family: inherit; font-size: 1em;\">A continuaci\u00f3, necessites saber quins aspectes es tindran en compte per a la seva avaluaci\u00f3:<\/strong><\/span><\/h5>\n<ul style=\"list-style-type: square;\">\n<li style=\"text-align: justify;\"><a href=\"https:\/\/docs.google.com\/spreadsheets\/d\/1L4TdQ3yo5H8eRKub6bCc10ZRiiOg90OBGlK5yFpgokk\/edit?usp=sharing\">Excel R\u00fabriques d&#8217;avaluaci\u00f3<\/a>.<\/li>\n<\/ul>\n<\/li>\n<li>\n<h5><span style=\"color: #000000;\"><strong>Finalment, \u00e9s recomanable consultar diversos materials que us poden ser d&#8217;ajuda a l&#8217;hora de fer el treball:<\/strong><\/span><\/h5>\n<\/li>\n<\/ol>\n<ul>\n<li style=\"list-style-type: none;\">\n<ul style=\"list-style-type: square;\">\n<li style=\"text-align: justify;\"><a href=\"http:\/\/agora.xtec.cat\/iescanpeixauet\/wp-content\/uploads\/usu1366\/2016\/11\/Guia-practica-per-fer-un-bon-TR-BTX-20-consells-1.pdf\">Gu\u00eda pr\u00e0ctica per fer un bon treball de Recerca.<\/a><\/li>\n<li style=\"text-align: justify;\"><a href=\"http:\/\/agora.xtec.cat\/iescanpeixauet\/wp-content\/uploads\/usu1366\/2016\/11\/Assessorament-i-Suport-1.pdf\">Assessorament i suport.<\/a><\/li>\n<li style=\"text-align: justify;\"><a href=\"http:\/\/agora.xtec.cat\/iescanpeixauet\/wp-content\/uploads\/usu1366\/2016\/11\/Checklist-Final-1.pdf\">Checklist final.<\/a><br \/>\n<hr \/>\n<\/li>\n<\/ul>\n<\/li>\n<\/ul>\n<h3><span style=\"color: #800080;\">Presentaci\u00f3 anual de treballs de Recerca<\/span><a href=\"https:\/\/agora.xtec.cat\/iescanpeixauet\/wp-content\/uploads\/usu1366\/2020\/06\/dibuix_recerca.jpg\"><img loading=\"lazy\" decoding=\"async\" class=\" wp-image-5279 alignright\" src=\"https:\/\/agora.xtec.cat\/iescanpeixauet\/wp-content\/uploads\/usu1366\/2020\/06\/dibuix_recerca.jpg\" alt=\"\" width=\"101\" height=\"115\" \/><\/a><\/h3>\n<p style=\"text-align: justify;\">Cada any t\u00e9 lloc la Presentaci\u00f3 anual de treballs de recerca de Santa Coloma de Gramenet. Al web del\u00a0 Centre de Recursos Pedag\u00f2gics &#8220;CRP&#8221;, es <a href=\"https:\/\/serveiseducatius.xtec.cat\/santacolomag\/xx-presentacio-de-treballs-de-recerca-2019-2020\/\"><strong>publiquem els articles dels treballs seleccionats per a la presentaci\u00f3 anual<\/strong>,<\/a> amb el desig que inspirin i orientin futures recerques i estudis.<\/p>\n<p>De entre els treballs que obtinguin millor nota es seleccionen 2 per a representar al nostre Institut en aquest acte.<\/p>\n","protected":false},"excerpt":{"rendered":"<p><a href=\"http:\/\/agora.xtec.cat\/iescanpeixauet\/wp-content\/uploads\/usu1366\/2016\/11\/Captura-de-pantalla-2018-06-04-a-las-16.39.27.png\"><\/a><br \/>\nQu\u00e8 \u00e9s?<\/p>\n<p>El Treball de Recerca &#8211; &#8220;TdR&#8221;\u00a0\u00e9s un conjunt d&#8217;activitats estructurades i orientades a la investigaci\u00f3 que realitza tot l&#8217;alumnat de batxillerat amb l&#8217;orientaci\u00f3 i seguiment del professorat, per tal de consolidar la compet\u00e8ncia en recerca i que ha de realitzar tot l&#8217;alumnat de&hellip;  <a href=\"https:\/\/agora.xtec.cat\/iescanpeixauet\/treball-de-recerca-tr\/\" title=\"Read Treball de Recerca [TdR]\">Llegeix m\u00e9s\u00bb<\/a><\/p>\n","protected":false},"author":4,"featured_media":0,"parent":0,"menu_order":30,"comment_status":"closed","ping_status":"closed","template":"","meta":{"_bbp_topic_count":0,"_bbp_reply_count":0,"_bbp_total_topic_count":0,"_bbp_total_reply_count":0,"_bbp_voice_count":0,"_bbp_anonymous_reply_count":0,"_bbp_topic_count_hidden":0,"_bbp_reply_count_hidden":0,"_bbp_forum_subforum_count":0,"footnotes":""},"class_list":["post-689","page","type-page","status-publish","hentry"],"post_mailing_queue_ids":[],"_links":{"self":[{"href":"https:\/\/agora.xtec.cat\/iescanpeixauet\/wp-json\/wp\/v2\/pages\/689","targetHints":{"allow":["GET"]}}],"collection":[{"href":"https:\/\/agora.xtec.cat\/iescanpeixauet\/wp-json\/wp\/v2\/pages"}],"about":[{"href":"https:\/\/agora.xtec.cat\/iescanpeixauet\/wp-json\/wp\/v2\/types\/page"}],"author":[{"embeddable":true,"href":"https:\/\/agora.xtec.cat\/iescanpeixauet\/wp-json\/wp\/v2\/users\/4"}],"replies":[{"embeddable":true,"href":"https:\/\/agora.xtec.cat\/iescanpeixauet\/wp-json\/wp\/v2\/comments?post=689"}],"version-history":[{"count":7,"href":"https:\/\/agora.xtec.cat\/iescanpeixauet\/wp-json\/wp\/v2\/pages\/689\/revisions"}],"predecessor-version":[{"id":10437,"href":"https:\/\/agora.xtec.cat\/iescanpeixauet\/wp-json\/wp\/v2\/pages\/689\/revisions\/10437"}],"wp:attachment":[{"href":"https:\/\/agora.xtec.cat\/iescanpeixauet\/wp-json\/wp\/v2\/media?parent=689"}],"curies":[{"name":"wp","href":"https:\/\/api.w.org\/{rel}","templated":true}]}}