{"id":687,"date":"2016-11-08T12:54:27","date_gmt":"2016-11-08T11:54:27","guid":{"rendered":"http:\/\/agora.xtec.cat\/iescanpeixauet\/?page_id=687"},"modified":"2021-03-11T08:50:21","modified_gmt":"2021-03-11T07:50:21","slug":"curriculum-itineraris-estructura-i-modalitats","status":"publish","type":"page","link":"https:\/\/agora.xtec.cat\/iescanpeixauet\/curriculum-itineraris-estructura-i-modalitats\/","title":{"rendered":"Modalitats i mat\u00e8ries a l&#8217;institut"},"content":{"rendered":"<h2><span style=\"color: #ff6600;\"><strong>Modalitats<\/strong><\/span><\/h2>\n<hr \/>\n<p style=\"text-align: justify;\">El nostre centre ofereix <strong>dues modalitats<\/strong> en horari di\u00fcrn; <strong>Ci\u00e8ncies i Tecnologia<\/strong> i <strong>Humanitats i Ci\u00e8ncies Socials<\/strong>.<\/p>\n<ul style=\"text-align: justify; list-style-type: square;\">\n<li>\n<h3><a href=\"http:\/\/queestudiar.gencat.cat\/ca\/estudis\/batxillerat\/que-estudiar\/ciencies\/\"><span style=\"color: #800000;\"><strong>El batxillerat de Ci\u00e8ncies i Tecnologia:<\/strong> <\/span><\/a><\/h3>\n<\/li>\n<\/ul>\n<p style=\"text-align: justify;\"><a href=\"https:\/\/agora.xtec.cat\/iescanpeixauet\/wp-content\/uploads\/usu1366\/2020\/05\/BIG_171473210030411_00.jpg\"><img loading=\"lazy\" decoding=\"async\" class=\"size-full wp-image-5015 alignright\" src=\"https:\/\/agora.xtec.cat\/iescanpeixauet\/wp-content\/uploads\/usu1366\/2020\/05\/BIG_171473210030411_00.jpg\" alt=\"\" width=\"200\" height=\"150\" \/><\/a>S\u2019adre\u00e7a a alumnes interessats en cursar posteriorment estudis relacionats amb les <strong>ci\u00e8ncies experimentals<\/strong> (biologia, qu\u00edmica, geologia, matem\u00e0tiques\u2026), estudis relacionats amb la <strong>sanitat<\/strong> (medicina, farm\u00e0cia, infermeria, psicologia, odontologia, \u00f2ptica, veterin\u00e0ria, fisioter\u00e0pia, ci\u00e8ncies de l\u2019activitat f\u00edsica i l\u2019esport\u2026), estudis relacionats amb la <strong>tecnologia<\/strong> i el funcionament de m\u00e0quines (arquitectura, disseny i desenvolupament de videojocs, enginyeria inform\u00e0tica, electr\u00f2nica, mec\u00e0nica, telecomunicacions\u2026).<\/p>\n<h4 style=\"text-align: center;\"><span style=\"color: #800000;\">[<a href=\"https:\/\/agora.xtec.cat\/iescanpeixauet\/wp-content\/uploads\/usu1366\/2020\/05\/BATXLOE_CA-CIENCIES.pdf\">+ informaci\u00f3<\/a>]<\/span><\/h4>\n<p>&nbsp;<\/p>\n<ul style=\"list-style-type: square;\">\n<li style=\"text-align: justify;\">\n<h3><a href=\"http:\/\/queestudiar.gencat.cat\/ca\/estudis\/batxillerat\/que-estudiar\/ciencies\/\"><span style=\"color: #008080;\"><strong>El batxillerat d\u2019Humanitats i Ci\u00e8ncies Socials:<\/strong><\/span><\/a><\/h3>\n<\/li>\n<\/ul>\n<p><a href=\"https:\/\/agora.xtec.cat\/iescanpeixauet\/wp-content\/uploads\/usu1366\/2020\/05\/BIG_577473210030411_00.jpg\"><img loading=\"lazy\" decoding=\"async\" class=\"size-full wp-image-5016 alignright\" src=\"https:\/\/agora.xtec.cat\/iescanpeixauet\/wp-content\/uploads\/usu1366\/2020\/05\/BIG_577473210030411_00.jpg\" alt=\"\" width=\"200\" height=\"150\" \/><\/a><\/p>\n<p style=\"text-align: justify;\">S\u2019adre\u00e7a a alumnes interessats en cursar posteriorment estudis relacionats amb el camp de <strong>l\u2019economia i de l\u2019empresa<\/strong> (administraci\u00f3 d\u2019empreses, m\u00e0rqueting, economia, turisme\u2026) <strong>ci\u00e8ncies jur\u00eddiques<\/strong> (dret, criminologia, relacions laborals\u2026), estudis relacionats amb l\u2019\u00e0mbit de <strong>l\u2019educaci\u00f3 i serveis personals<\/strong> (educaci\u00f3 infantil i prim\u00e0ria, serveis socials, pedagogia\u2026), <strong>estudis ling\u00fc\u00edstics i literaris<\/strong>, o altres com periodisme, comunicaci\u00f3 audiovisual, geografia i hist\u00f2ria\u2026<\/p>\n<h4 style=\"text-align: center;\"><span style=\"color: #800000;\">[<a href=\"https:\/\/agora.xtec.cat\/iescanpeixauet\/wp-content\/uploads\/usu1366\/2020\/05\/BATXLOE_CA-HUMANITATS.pdf\"><span style=\"color: #008000;\">+ informaci\u00f3<\/span><\/a>]<\/span><\/h4>\n<h2><span style=\"color: #ff6600;\"><strong>Mat\u00e8ries<\/strong><\/span><\/h2>\n<hr \/>\n<p style=\"text-align: justify;\">Al batxillerat far\u00e0s un total de<strong> 30 hores de classe<\/strong> distribu\u00efdes de la seg\u00fcent manera:14 hores de <strong>mat\u00e8ries comunes<\/strong> a tots els batxillerats\u00a0(aquelles que s\u2019han de cursar independentment de la modalitat escollida) 4 hores de <strong>mat\u00e8ria comuna d\u2019opci\u00f3<\/strong> i 12 hores de <strong>mat\u00e8ries de modalitat o espec\u00edfiques <\/strong>(que l\u2019alumne escollir\u00e0 en funci\u00f3 dels seus interessos.<\/p>\n<table class=\" aligncenter\" style=\"width: 580px;\" width=\"580\">\n<tbody>\n<tr>\n<td style=\"width: 122px;\"><\/td>\n<td style=\"width: 272px;\"><\/td>\n<td style=\"width: 84px;\"><strong>1r BATX<\/strong><\/td>\n<td style=\"width: 90px;\"><strong>2n BATX<\/strong><\/td>\n<\/tr>\n<tr>\n<td style=\"width: 122px;\" rowspan=\"10\">\u00a0<strong>COMUNES<\/strong><\/td>\n<td style=\"width: 272px;\"><strong>Llengua catalana i literatura<\/strong><\/td>\n<td style=\"width: 84px;\"><strong>2h<\/strong><\/td>\n<td style=\"width: 90px;\"><strong>2h<\/strong><\/td>\n<\/tr>\n<tr>\n<td style=\"width: 272px;\"><strong>Llengua castellana i literatura<\/strong><\/td>\n<td style=\"width: 84px;\"><strong>2h<\/strong><\/td>\n<td style=\"width: 90px;\"><strong>2h<\/strong><\/td>\n<\/tr>\n<tr>\n<td style=\"width: 272px;\"><strong>Llengua estrangera: Angl\u00e8s<\/strong><\/td>\n<td style=\"width: 84px;\"><strong>3h<\/strong><\/td>\n<td style=\"width: 90px;\"><strong>3h<\/strong><\/td>\n<\/tr>\n<tr>\n<td style=\"width: 272px;\"><strong>Filosofia<\/strong><\/td>\n<td style=\"width: 84px;\"><strong>2h<\/strong><\/td>\n<td style=\"width: 90px;\"><strong>\u2014<\/strong><\/td>\n<\/tr>\n<tr>\n<td style=\"width: 272px;\"><strong>Educaci\u00f3 f\u00edsica<\/strong><\/td>\n<td style=\"width: 84px;\"><strong>2h<\/strong><\/td>\n<td style=\"width: 90px;\"><strong>\u2014<\/strong><\/td>\n<\/tr>\n<tr>\n<td style=\"width: 272px;\"><strong>Ci\u00e8ncies per al m\u00f3n contemporani<\/strong><\/td>\n<td style=\"width: 84px;\"><strong>2h<\/strong><\/td>\n<td style=\"width: 90px;\"><strong>\u2014<\/strong><\/td>\n<\/tr>\n<tr>\n<td style=\"width: 272px;\"><strong>Hist\u00f2ria de la filosofia<\/strong><\/td>\n<td style=\"width: 84px;\"><strong>\u2014<\/strong><\/td>\n<td style=\"width: 90px;\"><strong>3h<\/strong><\/td>\n<\/tr>\n<tr>\n<td style=\"width: 272px;\"><strong>Hist\u00f2ria<\/strong><\/td>\n<td style=\"width: 84px;\"><strong>\u2014<\/strong><\/td>\n<td style=\"width: 90px;\"><strong>3h<\/strong><\/td>\n<\/tr>\n<tr>\n<td style=\"width: 272px;\"><strong>Tutoria<\/strong><\/td>\n<td style=\"width: 84px;\"><strong>1h<\/strong><\/td>\n<td style=\"width: 90px;\"><strong>1h<\/strong><\/td>\n<\/tr>\n<tr>\n<td style=\"width: 272px;\"><strong>Treball de Recerca*<\/strong><\/td>\n<td style=\"width: 84px;\"><strong>\u00a0\u2014<\/strong><\/td>\n<td style=\"width: 90px;\"><strong>\u00a0\u2014<\/strong><\/td>\n<\/tr>\n<\/tbody>\n<\/table>\n<p style=\"text-align: center;\">*El treball de recerca no t\u00e9 assignaci\u00f3 hor\u00e0ria.<\/p>\n<table class=\" aligncenter\" style=\"width: 584px;\" width=\"584\">\n<tbody>\n<tr>\n<td rowspan=\"5\" width=\"111\"><strong>MODALITATS I\/O ESPEC\u00cdFIQUES<\/strong><\/td>\n<td width=\"293\"><strong>Mat\u00e8ria comuna d\u2019opci\u00f3 (1)<br \/>\n<\/strong><\/td>\n<td width=\"85\"><strong>4h<\/strong><\/td>\n<td width=\"94\"><strong>4h<\/strong><\/td>\n<\/tr>\n<tr>\n<td width=\"293\"><strong>Mat. Modalitat <\/strong><\/td>\n<td width=\"85\"><strong>4h<\/strong><\/td>\n<td width=\"94\"><strong>4h<\/strong><\/td>\n<\/tr>\n<tr>\n<td width=\"293\"><strong>Mat. Modalitat <\/strong><\/td>\n<td width=\"85\"><strong>4h<\/strong><\/td>\n<td width=\"94\"><strong>4h<\/strong><\/td>\n<\/tr>\n<tr>\n<td width=\"293\"><strong>Mat. Modalitat\u00a0 o Mat. Espec\u00edfiques<\/strong><\/td>\n<td width=\"85\"><strong>4h\/2h+2h<\/strong><\/td>\n<td width=\"94\"><strong>4h\/2h+2h<\/strong><\/td>\n<\/tr>\n<tr>\n<td width=\"293\"><strong>TOTAL<\/strong><\/td>\n<td width=\"85\"><strong>30h<\/strong><\/td>\n<td width=\"94\"><strong>30h<\/strong><\/td>\n<\/tr>\n<\/tbody>\n<\/table>\n<p style=\"text-align: center;\">(1) La mat\u00e8ria comuna d\u2019opci\u00f3 \u00e9s aquella que obligat\u00f2riament s\u2019ha de cursar amb la modalitat de batxillerat escollida, tant a primer com a segon curs.<\/p>\n<table class=\" aligncenter\" style=\"width: 632px;\" width=\"691\">\n<tbody>\n<tr>\n<td style=\"width: 280px;\"><strong>Modalitat de batxillerat<\/strong><\/td>\n<td style=\"width: 343px;\"><strong>Mat\u00e8ria comuna d\u2019opci\u00f3<\/strong><\/td>\n<\/tr>\n<tr>\n<td style=\"width: 280px;\">Ci\u00e8ncies i Tecnologia<\/td>\n<td style=\"width: 343px;\">Matem\u00e0tiques I i II<\/td>\n<\/tr>\n<tr>\n<td style=\"width: 280px;\" rowspan=\"2\">Humanitats i\u00a0Ci\u00e8ncies Socials<\/td>\n<td style=\"width: 343px;\" rowspan=\"2\">Llat\u00ed I i II<br \/>\nMatem\u00e0tiques Aplicades a les Ci\u00e8ncies Socials I i II<\/td>\n<\/tr>\n<\/tbody>\n<\/table>\n<h4><\/h4>\n<h2><span style=\"color: #ff6600;\"><strong>Canvis en el curr\u00edculum dels alumnes<\/strong><\/span><\/h2>\n<hr \/>\n<p style=\"text-align: justify;\">Durant el primer mes de classes, en qualsevol dels cursos de batxillerat, els alumnes poden sol\u00b7licitar el canvi d\u2019alguna de les mat\u00e8ries que hagin triat, sempre que aix\u00f2 sigui bcompatible amb l\u2019organitzaci\u00f3 hor\u00e0ria del centre. En el cas que el director o directora\u00a0del centre n\u2019aprovi el canvi, s\u2019ha de considerar, a tots els efectes, que l\u2019alumne ha\u00a0cursat des del principi les noves mat\u00e8ries.<\/p>\n<p>Per fer-ho cal que ompliu el seg\u00fcent formulari i el lliure a les administratives:<\/p>\n<div class=\"page\" title=\"Page 1\">\n<div class=\"layoutArea\">\n<div class=\"column\">\n<h3 style=\"text-align: center;\"><a href=\"https:\/\/agora.xtec.cat\/iescanpeixauet\/wp-content\/uploads\/usu1366\/2020\/09\/Sol\u2022licitud-de-modificaci\u00f3-o-d\u2019anul\u2022laci\u00f3-de-matr\u00edcula..pdf\"><span style=\"color: #993366;\">Sol\u00b7licitud de modificaci\u00f3 o d\u2019anul\u00b7laci\u00f3 de matr\u00edcula<\/span><\/a><\/h3>\n<\/div>\n<\/div>\n<\/div>\n<p>&nbsp;<\/p>\n<p>&nbsp;<\/p>\n","protected":false},"excerpt":{"rendered":"<p>Modalitats<\/p>\n<p>El nostre centre ofereix dues modalitats en horari di\u00fcrn; Ci\u00e8ncies i Tecnologia i Humanitats i Ci\u00e8ncies Socials.<\/p>\n<ul style=\"text-align: justify; list-style-type: square;\">\n<li>\n<a href=\"http:\/\/queestudiar.gencat.cat\/ca\/estudis\/batxillerat\/que-estudiar\/ciencies\/\">El batxillerat de Ci\u00e8ncies i Tecnologia: <\/a>\n<\/li>\n<\/ul>\n<p><a href=\"https:\/\/agora.xtec.cat\/iescanpeixauet\/wp-content\/uploads\/usu1366\/2020\/05\/BIG_171473210030411_00.jpg\"><\/a>S\u2019adre\u00e7a a alumnes interessats en cursar posteriorment estudis relacionats amb les ci\u00e8ncies experimentals (biologia, qu\u00edmica, geologia, matem\u00e0tiques\u2026),&hellip;  <a href=\"https:\/\/agora.xtec.cat\/iescanpeixauet\/curriculum-itineraris-estructura-i-modalitats\/\" title=\"Read Modalitats i mat\u00e8ries a l&#8217;institut\">Llegeix m\u00e9s\u00bb<\/a><\/p>\n","protected":false},"author":4,"featured_media":0,"parent":0,"menu_order":20,"comment_status":"closed","ping_status":"closed","template":"page-templates\/side-menu.php","meta":{"_bbp_topic_count":0,"_bbp_reply_count":0,"_bbp_total_topic_count":0,"_bbp_total_reply_count":0,"_bbp_voice_count":0,"_bbp_anonymous_reply_count":0,"_bbp_topic_count_hidden":0,"_bbp_reply_count_hidden":0,"_bbp_forum_subforum_count":0,"footnotes":""},"class_list":["post-687","page","type-page","status-publish","hentry"],"post_mailing_queue_ids":[],"_links":{"self":[{"href":"https:\/\/agora.xtec.cat\/iescanpeixauet\/wp-json\/wp\/v2\/pages\/687","targetHints":{"allow":["GET"]}}],"collection":[{"href":"https:\/\/agora.xtec.cat\/iescanpeixauet\/wp-json\/wp\/v2\/pages"}],"about":[{"href":"https:\/\/agora.xtec.cat\/iescanpeixauet\/wp-json\/wp\/v2\/types\/page"}],"author":[{"embeddable":true,"href":"https:\/\/agora.xtec.cat\/iescanpeixauet\/wp-json\/wp\/v2\/users\/4"}],"replies":[{"embeddable":true,"href":"https:\/\/agora.xtec.cat\/iescanpeixauet\/wp-json\/wp\/v2\/comments?post=687"}],"version-history":[{"count":5,"href":"https:\/\/agora.xtec.cat\/iescanpeixauet\/wp-json\/wp\/v2\/pages\/687\/revisions"}],"predecessor-version":[{"id":6371,"href":"https:\/\/agora.xtec.cat\/iescanpeixauet\/wp-json\/wp\/v2\/pages\/687\/revisions\/6371"}],"wp:attachment":[{"href":"https:\/\/agora.xtec.cat\/iescanpeixauet\/wp-json\/wp\/v2\/media?parent=687"}],"curies":[{"name":"wp","href":"https:\/\/api.w.org\/{rel}","templated":true}]}}