{"id":672,"date":"2016-11-08T12:49:00","date_gmt":"2016-11-08T11:49:00","guid":{"rendered":"http:\/\/agora.xtec.cat\/iescanpeixauet\/?page_id=672"},"modified":"2020-06-05T08:59:43","modified_gmt":"2020-06-05T06:59:43","slug":"orientacio","status":"publish","type":"page","link":"https:\/\/agora.xtec.cat\/iescanpeixauet\/orientacio\/","title":{"rendered":"Informaci\u00f3 i orientaci\u00f3 acad\u00e8mica"},"content":{"rendered":"<h1 class=\"titulo-capcalera\"><\/h1>\n<p style=\"text-align: center;\"><iframe loading=\"lazy\" src=\"\/\/www.gencat.cat\/big\/visormedia\/iframe\/index.html?type=default&amp;idBig=2829515919051720&amp;idNice=3fe1f838e618ec4bc340&amp;subt=true\" width=\"480\" height=\"270\" frameborder=\"0\"><\/iframe><\/p>\n<p style=\"text-align: justify;\">El Departament d&#8217;Educaci\u00f3 impulsa &#8220;<a href=\"http:\/\/ensenyament.gencat.cat\/ca\/actualitat\/orientacio\/\">Al teu costat en la tria educativa<\/a>&#8220;, un projecte d&#8217;informaci\u00f3 i orientaci\u00f3 acad\u00e8mica virtual que vol ajudar l&#8217;alumnat i les seves fam\u00edlies en la tria dels ensenyaments postobligatoris i de l&#8217;itinerari educatiu.<\/p>\n<p style=\"text-align: justify;\">Els i les alumnes, sobretot en els canvis d&#8217;etapa educativa, necessiten d&#8217;acompanyament per triar entre les diferents opcions formatives; els cal la informaci\u00f3 i orientaci\u00f3 que obtenen de l&#8217;assessorament del professorat i dels orientadors dels centres.<\/p>\n<p style=\"text-align: justify;\">\u00c9s tamb\u00e9 amb l&#8217;objectiu de buscar noves formes de comunicaci\u00f3 que el Departament d&#8217;Educaci\u00f3 posa en funcionament aquest servei d&#8217;informaci\u00f3 virtual, complementari de la tasca que ja es fa des dels centres educatius. El nou canal ofereix un servei d&#8217;orientaci\u00f3 acad\u00e8mica personalitzada a trav\u00e9s d&#8217;un llenguatge i formats virtuals pensats per a alumnes a partir de 16 anys.<\/p>\n<p style=\"text-align: justify;\">Trobareu v\u00eddeos animats dels possibles itineraris formatius, <a title=\"presentacions dels ensenyaments fetes per especialistes de cada mat\u00e8ria i la possibilitat de fer-los consultes en l\u00ednia\" href=\"http:\/\/ensenyament.gencat.cat\/ca\/actualitat\/orientacio\/orientacio\/atencio-linia\/\">presentacions dels ensenyaments fetes per especialistes de cada mat\u00e8ria i la possibilitat de fer-los consultes en l\u00ednia<\/a>, v\u00eddeos explicatius sobre les diferents disciplines i tota la informaci\u00f3 del web Estudiar a Catalunya, preguntes freq\u00fcents que sorgeixen a l&#8217;hora de triar els estudis futurs i novetats per al curs 2020-2021 i les dates d&#8217;inter\u00e8s.<\/p>\n<p><a href=\"http:\/\/ensenyament.gencat.cat\/ca\/actualitat\/orientacio\/\"><img loading=\"lazy\" decoding=\"async\" class=\"aligncenter wp-image-5399 size-large\" src=\"https:\/\/agora.xtec.cat\/iescanpeixauet\/wp-content\/uploads\/usu1366\/2020\/06\/Captura-de-Pantalla-2020-06-05-a-les-8.51.16-1024x515.png\" alt=\"\" width=\"1024\" height=\"515\" srcset=\"https:\/\/agora.xtec.cat\/iescanpeixauet\/wp-content\/uploads\/usu1366\/2020\/06\/Captura-de-Pantalla-2020-06-05-a-les-8.51.16-1024x515.png 1024w, https:\/\/agora.xtec.cat\/iescanpeixauet\/wp-content\/uploads\/usu1366\/2020\/06\/Captura-de-Pantalla-2020-06-05-a-les-8.51.16-300x151.png 300w, https:\/\/agora.xtec.cat\/iescanpeixauet\/wp-content\/uploads\/usu1366\/2020\/06\/Captura-de-Pantalla-2020-06-05-a-les-8.51.16-768x386.png 768w, https:\/\/agora.xtec.cat\/iescanpeixauet\/wp-content\/uploads\/usu1366\/2020\/06\/Captura-de-Pantalla-2020-06-05-a-les-8.51.16.png 1157w\" sizes=\"auto, (max-width: 1024px) 100vw, 1024px\" \/><\/a><\/p>\n","protected":false},"excerpt":{"rendered":"<p>El Departament d&#8217;Educaci\u00f3 impulsa &#8220;<a href=\"http:\/\/ensenyament.gencat.cat\/ca\/actualitat\/orientacio\/\">Al teu costat en la tria educativa<\/a>&#8220;, un projecte d&#8217;informaci\u00f3 i orientaci\u00f3 acad\u00e8mica virtual que vol ajudar l&#8217;alumnat i les seves fam\u00edlies en la tria dels ensenyaments postobligatoris i de l&#8217;itinerari educatiu.<br \/>\nEls i les alumnes, sobretot en els canvis d&#8217;etapa&hellip;  <a href=\"https:\/\/agora.xtec.cat\/iescanpeixauet\/orientacio\/\" title=\"Read Informaci\u00f3 i orientaci\u00f3 acad\u00e8mica\">Llegeix m\u00e9s\u00bb<\/a><\/p>\n","protected":false},"author":4,"featured_media":0,"parent":0,"menu_order":6,"comment_status":"closed","ping_status":"closed","template":"page-templates\/side-menu.php","meta":{"_bbp_topic_count":0,"_bbp_reply_count":0,"_bbp_total_topic_count":0,"_bbp_total_reply_count":0,"_bbp_voice_count":0,"_bbp_anonymous_reply_count":0,"_bbp_topic_count_hidden":0,"_bbp_reply_count_hidden":0,"_bbp_forum_subforum_count":0,"footnotes":""},"class_list":["post-672","page","type-page","status-publish","hentry"],"post_mailing_queue_ids":[],"_links":{"self":[{"href":"https:\/\/agora.xtec.cat\/iescanpeixauet\/wp-json\/wp\/v2\/pages\/672","targetHints":{"allow":["GET"]}}],"collection":[{"href":"https:\/\/agora.xtec.cat\/iescanpeixauet\/wp-json\/wp\/v2\/pages"}],"about":[{"href":"https:\/\/agora.xtec.cat\/iescanpeixauet\/wp-json\/wp\/v2\/types\/page"}],"author":[{"embeddable":true,"href":"https:\/\/agora.xtec.cat\/iescanpeixauet\/wp-json\/wp\/v2\/users\/4"}],"replies":[{"embeddable":true,"href":"https:\/\/agora.xtec.cat\/iescanpeixauet\/wp-json\/wp\/v2\/comments?post=672"}],"version-history":[{"count":5,"href":"https:\/\/agora.xtec.cat\/iescanpeixauet\/wp-json\/wp\/v2\/pages\/672\/revisions"}],"predecessor-version":[{"id":5401,"href":"https:\/\/agora.xtec.cat\/iescanpeixauet\/wp-json\/wp\/v2\/pages\/672\/revisions\/5401"}],"wp:attachment":[{"href":"https:\/\/agora.xtec.cat\/iescanpeixauet\/wp-json\/wp\/v2\/media?parent=672"}],"curies":[{"name":"wp","href":"https:\/\/api.w.org\/{rel}","templated":true}]}}