{"id":613,"date":"2016-11-07T12:25:02","date_gmt":"2016-11-07T11:25:02","guid":{"rendered":"http:\/\/agora.xtec.cat\/iescanpeixauet\/?page_id=613"},"modified":"2017-02-14T20:35:18","modified_gmt":"2017-02-14T19:35:18","slug":"aules-dinformatica","status":"publish","type":"page","link":"https:\/\/agora.xtec.cat\/iescanpeixauet\/linstitut\/instal%c2%b7lacions\/aules-dinformatica\/","title":{"rendered":"Aules d&#8217;inform\u00e0tica"},"content":{"rendered":"<p style=\"text-align: justify;\">L\u2019institut est\u00e0 dotat de dues aules d\u2019inform\u00e0tica que cont\u00ednuament estan ocupades sobretot per l\u2019alumnat que no disposa de port\u00e0til per al seu aprenentatge.<\/p>\n<p style=\"text-align: justify;\">En cadascuna hi ha 15 ordinadors que permeten el treball individual en grup partit, o en parella si hi va un grup sencer.<\/p>\n<p style=\"text-align: justify;\">En el m\u00f3n tecnol\u00f2gic en qu\u00e8 vivim \u00e9s indispensable el coneixement de les eines inform\u00e0tiques i el centre \u00e9s capdavanter en el seu desenvolupament i \u00fas did\u00e0ctic.<\/p>\n","protected":false},"excerpt":{"rendered":"<p>L\u2019institut est\u00e0 dotat de dues aules d\u2019inform\u00e0tica que cont\u00ednuament estan ocupades sobretot per l\u2019alumnat que no disposa de port\u00e0til per al seu aprenentatge.<br \/>\nEn cadascuna hi ha 15 ordinadors que permeten el treball individual en grup partit, o en parella si hi va un grup sencer.<br \/>\nEn&hellip;  <a href=\"https:\/\/agora.xtec.cat\/iescanpeixauet\/linstitut\/instal%c2%b7lacions\/aules-dinformatica\/\" title=\"Read Aules d&#8217;inform\u00e0tica\">Llegeix m\u00e9s\u00bb<\/a><\/p>\n","protected":false},"author":4,"featured_media":0,"parent":39,"menu_order":20,"comment_status":"closed","ping_status":"closed","template":"page-templates\/side-menu.php","meta":{"_bbp_topic_count":0,"_bbp_reply_count":0,"_bbp_total_topic_count":0,"_bbp_total_reply_count":0,"_bbp_voice_count":0,"_bbp_anonymous_reply_count":0,"_bbp_topic_count_hidden":0,"_bbp_reply_count_hidden":0,"_bbp_forum_subforum_count":0,"footnotes":""},"class_list":["post-613","page","type-page","status-publish","hentry"],"post_mailing_queue_ids":[],"_links":{"self":[{"href":"https:\/\/agora.xtec.cat\/iescanpeixauet\/wp-json\/wp\/v2\/pages\/613","targetHints":{"allow":["GET"]}}],"collection":[{"href":"https:\/\/agora.xtec.cat\/iescanpeixauet\/wp-json\/wp\/v2\/pages"}],"about":[{"href":"https:\/\/agora.xtec.cat\/iescanpeixauet\/wp-json\/wp\/v2\/types\/page"}],"author":[{"embeddable":true,"href":"https:\/\/agora.xtec.cat\/iescanpeixauet\/wp-json\/wp\/v2\/users\/4"}],"replies":[{"embeddable":true,"href":"https:\/\/agora.xtec.cat\/iescanpeixauet\/wp-json\/wp\/v2\/comments?post=613"}],"version-history":[{"count":3,"href":"https:\/\/agora.xtec.cat\/iescanpeixauet\/wp-json\/wp\/v2\/pages\/613\/revisions"}],"predecessor-version":[{"id":1730,"href":"https:\/\/agora.xtec.cat\/iescanpeixauet\/wp-json\/wp\/v2\/pages\/613\/revisions\/1730"}],"up":[{"embeddable":true,"href":"https:\/\/agora.xtec.cat\/iescanpeixauet\/wp-json\/wp\/v2\/pages\/39"}],"wp:attachment":[{"href":"https:\/\/agora.xtec.cat\/iescanpeixauet\/wp-json\/wp\/v2\/media?parent=613"}],"curies":[{"name":"wp","href":"https:\/\/api.w.org\/{rel}","templated":true}]}}