{"id":5975,"date":"2020-11-01T12:05:03","date_gmt":"2020-11-01T11:05:03","guid":{"rendered":"http:\/\/agora.xtec.cat\/iescanpeixauet\/?page_id=5975"},"modified":"2022-07-28T13:43:52","modified_gmt":"2022-07-28T11:43:52","slug":"mediacio","status":"publish","type":"page","link":"https:\/\/agora.xtec.cat\/iescanpeixauet\/mediacio\/","title":{"rendered":"Servei de MEDIACI\u00d3"},"content":{"rendered":"<h4>Qu\u00e8 \u00e9s la mediaci\u00f3 escolar?<\/h4>\n<p style=\"text-align: justify;\">A l&#8217;Institut moltes vegades es produeixen difer\u00e8ncies i malentesos entre les persones que dificulten la conviv\u00e8ncia.\u00a0La mediaci\u00f3 \u00e9s una <strong>manera pac\u00edfica de resoldre conflictes<\/strong>, on\u00a0els alumnes s\u00f3n els experts a trobar-ne la soluci\u00f3. En la mediaci\u00f3 <strong>hi participa, a m\u00e9s, una tercera persona<\/strong>: el mediador o mediadora, que ajudar\u00e0 a resoldre el conflicte.<\/p>\n<p>Al seg\u00fcent v\u00eddeo\u00a0podeu con\u00e8ixer el nostre model de mediaci\u00f3 explicat pels propis alumnes.<\/p>\n<p style=\"text-align: center;\"><iframe loading=\"lazy\" src=\"\/\/www.youtube.com\/embed\/vxvZH0cht5o?feature=emb_logo\" width=\"560\" height=\"314\"><\/iframe><\/p>\n<hr \/>\n<h4>Hi ha requisits per a poder demandar una mediaci\u00f3?<\/h4>\n<p>S\u00ed, hi ha unes condicions b\u00e0siques que s\u2019han de complir:<\/p>\n<ul>\n<li>voler arreglar el problema,<\/li>\n<li>estar disposat o disposada a col\u00b7laborar per trobar solucions,<\/li>\n<li>deixar parlar sense interrompre,<\/li>\n<li>dir la veritat i ser sincers,<\/li>\n<li>respectar-se m\u00fatuament,<\/li>\n<li>no es pot insultar ni agredir.<\/li>\n<\/ul>\n<p style=\"text-align: justify;\">Si no es compleixen aquestes condicions, el mediador o mediadora pot donar per finalitzada la mediaci\u00f3.<\/p>\n<h4>Qu\u00e8 fa el mediador?<\/h4>\n<p style=\"text-align: justify;\">El mediador no jutja ni dona solucions: \u00e9s pacient, discret i neutral. Aix\u00f2 vol dir que est\u00e0 a favor de tots per igual. A m\u00e9s, <strong>tot el que es diu a la mediaci\u00f3 \u00e9s confidencial<\/strong>, no s\u2019explicar\u00e0 a ning\u00fa de fora.<\/p>\n<h4>Quins passos segueix la mediaci\u00f3?<\/h4>\n<ol>\n<li style=\"text-align: justify;\">Les parts involucrades en el conflicte expliquen, primer una i despr\u00e9s l\u2019altra, qu\u00e8 ha passat, com s\u2019han sentit i qu\u00e8 necessiten.<\/li>\n<li style=\"text-align: justify;\">Les parts s\u2019escolten m\u00fatuament, proposen solucions i s\u2019avaluen les propostes de soluci\u00f3.<\/li>\n<li style=\"text-align: justify;\">S\u2019acorden solucions satisfact\u00f2ries i justes per les dues bandes.<\/li>\n<li style=\"text-align: justify;\">Es fa un seguiment dels acords.<\/li>\n<\/ol>\n<h4>Quins s\u00f3n els conflictes t\u00edpics que es tracten a la mediaci\u00f3?<\/h4>\n<p style=\"text-align: justify;\">S\u00f3n conflictes sorgits de la relaci\u00f3 entre les persones. Com ara:<\/p>\n<ul>\n<li>quan es fan c\u00f3rrer rumors negatius sobre una altra persona, insults, malnoms, queixes, malentesos\u2026<\/li>\n<li>amistats que s\u2019han deteriorat,<\/li>\n<li>persones que et molesten o t\u2019angoixen,<\/li>\n<li>situacions que desagraden o semblen injustes,<\/li>\n<\/ul>\n<h4>Qu\u00e8 heu de fer per resoldre un problema a trav\u00e9s de la mediaci\u00f3?<\/h4>\n<p>Es pot accedir al Servei de Mediaci\u00f3 per dues vies:<\/p>\n<ul style=\"list-style-type: square;\">\n<li><strong> Via el vostre tutor o tutora:<\/strong>\u00a0Valorar\u00e0 la situaci\u00f3 i gestionar\u00e0, si cal, el servei de mediaci\u00f3.<\/li>\n<li><strong>Via coordinador\/a del Servei: <\/strong>Podeu\u00a0parlar\u00a0directamente amb\u00a0ell\/a o enviar un correu a la seg\u00fcent adre\u00e7a:<\/li>\n<\/ul>\n<h2 style=\"text-align: center;\"><a href=\"mailto:mediacio@inscanpeixauet.cat\"><span style=\"color: #0000ff;\">mediacio@inscanpeixauet.cat<\/span><\/a><\/h2>\n<h5 style=\"text-align: center;\"><span style=\"color: #000000;\">[En el correu heu d&#8217;assenyalar; el vostre nom i explicar qu\u00e8 us ha passat? i amb qui?]<\/span><\/h5>\n<ul>\n<li>Tamb\u00e9 ho\u00a0post fer <strong>emplenant el seg\u00fcent formulari:<\/strong><\/li>\n<\/ul>\n<p><a href=\"https:\/\/forms.gle\/foZkowujQf2jdP339\"><img loading=\"lazy\" decoding=\"async\" class=\"wp-image-6022 size-full aligncenter\" src=\"https:\/\/agora.xtec.cat\/iescanpeixauet\/wp-content\/uploads\/usu1366\/2020\/11\/Captura-de-Pantalla-2020-11-03-a-les-18.19.47.png\" alt=\"\" width=\"907\" height=\"64\" srcset=\"https:\/\/agora.xtec.cat\/iescanpeixauet\/wp-content\/uploads\/usu1366\/2020\/11\/Captura-de-Pantalla-2020-11-03-a-les-18.19.47.png 907w, https:\/\/agora.xtec.cat\/iescanpeixauet\/wp-content\/uploads\/usu1366\/2020\/11\/Captura-de-Pantalla-2020-11-03-a-les-18.19.47-300x21.png 300w, https:\/\/agora.xtec.cat\/iescanpeixauet\/wp-content\/uploads\/usu1366\/2020\/11\/Captura-de-Pantalla-2020-11-03-a-les-18.19.47-768x54.png 768w\" sizes=\"auto, (max-width: 907px) 100vw, 907px\" \/><\/a><\/p>\n<hr \/>\n<h2>Els nostres mediadors i mediadores<\/h2>\n<h4><a href=\"https:\/\/agora.xtec.cat\/iescanpeixauet\/wp-content\/uploads\/usu1366\/2020\/11\/IMG-7651.jpg\"><img loading=\"lazy\" decoding=\"async\" class=\"alignnone wp-image-6102 size-full\" src=\"https:\/\/agora.xtec.cat\/iescanpeixauet\/wp-content\/uploads\/usu1366\/2020\/11\/IMG-7651-e1606559585882.jpg\" alt=\"\" width=\"3264\" height=\"2448\" srcset=\"https:\/\/agora.xtec.cat\/iescanpeixauet\/wp-content\/uploads\/usu1366\/2020\/11\/IMG-7651-e1606559585882.jpg 3264w, https:\/\/agora.xtec.cat\/iescanpeixauet\/wp-content\/uploads\/usu1366\/2020\/11\/IMG-7651-e1606559585882-300x225.jpg 300w, https:\/\/agora.xtec.cat\/iescanpeixauet\/wp-content\/uploads\/usu1366\/2020\/11\/IMG-7651-e1606559585882-768x576.jpg 768w, https:\/\/agora.xtec.cat\/iescanpeixauet\/wp-content\/uploads\/usu1366\/2020\/11\/IMG-7651-e1606559585882-1024x768.jpg 1024w, https:\/\/agora.xtec.cat\/iescanpeixauet\/wp-content\/uploads\/usu1366\/2020\/11\/IMG-7651-e1606559585882-200x150.jpg 200w\" sizes=\"auto, (max-width: 3264px) 100vw, 3264px\" \/><\/a><\/h4>\n<h4><span style=\"color: #800000;\">Equip mediador 2020-2021:<\/span><\/h4>\n<p>&nbsp;<\/p>\n","protected":false},"excerpt":{"rendered":"<p>Qu\u00e8 \u00e9s la mediaci\u00f3 escolar?<br \/>\nA l&#8217;Institut moltes vegades es produeixen difer\u00e8ncies i malentesos entre les persones que dificulten la conviv\u00e8ncia.\u00a0La mediaci\u00f3 \u00e9s una manera pac\u00edfica de resoldre conflictes, on\u00a0els alumnes s\u00f3n els experts a trobar-ne la soluci\u00f3. En la mediaci\u00f3 hi participa, a m\u00e9s, una&hellip;  <a href=\"https:\/\/agora.xtec.cat\/iescanpeixauet\/mediacio\/\" title=\"Read Servei de MEDIACI\u00d3\">Llegeix m\u00e9s\u00bb<\/a><\/p>\n","protected":false},"author":10,"featured_media":0,"parent":0,"menu_order":0,"comment_status":"closed","ping_status":"closed","template":"page-templates\/side-menu.php","meta":{"_bbp_topic_count":0,"_bbp_reply_count":0,"_bbp_total_topic_count":0,"_bbp_total_reply_count":0,"_bbp_voice_count":0,"_bbp_anonymous_reply_count":0,"_bbp_topic_count_hidden":0,"_bbp_reply_count_hidden":0,"_bbp_forum_subforum_count":0,"footnotes":""},"class_list":["post-5975","page","type-page","status-publish","hentry"],"post_mailing_queue_ids":[],"_links":{"self":[{"href":"https:\/\/agora.xtec.cat\/iescanpeixauet\/wp-json\/wp\/v2\/pages\/5975","targetHints":{"allow":["GET"]}}],"collection":[{"href":"https:\/\/agora.xtec.cat\/iescanpeixauet\/wp-json\/wp\/v2\/pages"}],"about":[{"href":"https:\/\/agora.xtec.cat\/iescanpeixauet\/wp-json\/wp\/v2\/types\/page"}],"author":[{"embeddable":true,"href":"https:\/\/agora.xtec.cat\/iescanpeixauet\/wp-json\/wp\/v2\/users\/10"}],"replies":[{"embeddable":true,"href":"https:\/\/agora.xtec.cat\/iescanpeixauet\/wp-json\/wp\/v2\/comments?post=5975"}],"version-history":[{"count":4,"href":"https:\/\/agora.xtec.cat\/iescanpeixauet\/wp-json\/wp\/v2\/pages\/5975\/revisions"}],"predecessor-version":[{"id":7809,"href":"https:\/\/agora.xtec.cat\/iescanpeixauet\/wp-json\/wp\/v2\/pages\/5975\/revisions\/7809"}],"wp:attachment":[{"href":"https:\/\/agora.xtec.cat\/iescanpeixauet\/wp-json\/wp\/v2\/media?parent=5975"}],"curies":[{"name":"wp","href":"https:\/\/api.w.org\/{rel}","templated":true}]}}