{"id":5950,"date":"2020-10-24T08:40:10","date_gmt":"2020-10-24T06:40:10","guid":{"rendered":"http:\/\/agora.xtec.cat\/iescanpeixauet\/?page_id=5950"},"modified":"2025-09-02T11:00:49","modified_gmt":"2025-09-02T09:00:49","slug":"criteris-de-recuperacio-pendents","status":"publish","type":"page","link":"https:\/\/agora.xtec.cat\/iescanpeixauet\/eso\/criteris-de-recuperacio-pendents\/","title":{"rendered":"Criteris de recuperaci\u00f3 [pendents]"},"content":{"rendered":"<p style=\"text-align: justify;\">Benvolgudes fam\u00edlies,<\/p>\n<p style=\"text-align: justify;\">D&#8217;acord amb la normativa del Departament d&#8217;Educaci\u00f3, l\u2019alumnat que en comen\u00e7ar el curs t\u00e9 encara mat\u00e8ries pendents de superaci\u00f3 d\u2019altres cursos ha de realitzar activitats de recuperaci\u00f3 al llarg del curs, en el moments i convocat\u00f2ries que es designin des de l\u2019institut.<\/p>\n<p style=\"text-align: justify;\"><span style=\"font-weight: 400;\">Per a l\u2019alumnat que hagi obtingut una <strong>avaluaci\u00f3 negativa en alguna mat\u00e8ria<\/strong>, els departaments proposen activitats de recuperaci\u00f3 que s\u2019han de realitzar al llarg del curs.<\/span><\/p>\n<p style=\"text-align: justify;\"><span style=\"font-weight: 400;\">A continuaci\u00f3 trobareu un document: <a href=\"https:\/\/docs.google.com\/document\/d\/1BoNswEBW7YZ00MC5ySmQxvTA1cEqK-axn_YjBCiTlxI\/edit?usp=sharing\"><strong><span style=\"color: #0000ff;\">PROGRAMA DE RECUPERACI\u00d3 DE MAT\u00c8RIES PENDENTS <\/span><\/strong><\/a>on s&#8217;informa, a l\u2019alumnat que t\u00e9 pendent alguna mat\u00e8ria, <strong><em>de les feines a fer, les dates de lliurament, les dates dels possibles ex\u00e0mens i el professor\/a amb qui cal contactar<\/em> <\/strong>en cas de dubte per tal de recuperar aquestes mat\u00e8ries. <\/span><\/p>\n<p style=\"text-align: justify;\"><span style=\"font-weight: 400;\">\u00c9s important que tot l&#8217;alumnat d\u2019ESO i Batxillerat que tingui alguna mat\u00e8ria suspesa de cursos anteriors [anomenades \u201c<\/span><b>pendents<\/b><span style=\"font-weight: 400;\">\u201d] consulti aquest document.<\/span><\/p>\n<div class=\"page\" title=\"Page 2\">\n<div class=\"section\">\n<div class=\"layoutArea\">\n<div class=\"column\">\n<p><a href=\"https:\/\/docs.google.com\/document\/d\/1BoNswEBW7YZ00MC5ySmQxvTA1cEqK-axn_YjBCiTlxI\/edit?usp=sharing\"><img loading=\"lazy\" decoding=\"async\" class=\"aligncenter wp-image-10205 size-full\" src=\"https:\/\/agora.xtec.cat\/iescanpeixauet\/wp-content\/uploads\/usu1366\/2025\/09\/Captura-de-pantalla-2025-09-02-105557.png\" alt=\"\" width=\"1005\" height=\"524\" srcset=\"https:\/\/agora.xtec.cat\/iescanpeixauet\/wp-content\/uploads\/usu1366\/2025\/09\/Captura-de-pantalla-2025-09-02-105557.png 1005w, https:\/\/agora.xtec.cat\/iescanpeixauet\/wp-content\/uploads\/usu1366\/2025\/09\/Captura-de-pantalla-2025-09-02-105557-300x156.png 300w, https:\/\/agora.xtec.cat\/iescanpeixauet\/wp-content\/uploads\/usu1366\/2025\/09\/Captura-de-pantalla-2025-09-02-105557-768x400.png 768w\" sizes=\"auto, (max-width: 1005px) 100vw, 1005px\" \/><\/a><\/p>\n<p style=\"text-align: justify;\"><span style=\"font-weight: 400;\">\u00c9s convenient que, amb l\u2019ajuda del seu tutor o la seva tutora, l&#8217;alumne\/a comprovi les mat\u00e8ries pendents que pugui tenir i, despr\u00e9s de llegir el document per informar-se de com es recuperen les mat\u00e8ries<\/span>\u00a0\u00e9s recomanable que es posi en contacte amb el docent que tenien el curs passat (o, en abs\u00e8ncia d\u2019aquest, amb el referent del departament) per demanar-li concretament com han de preparar-se la recuperaci\u00f3.<\/p>\n<\/div>\n<\/div>\n<\/div>\n<\/div>\n","protected":false},"excerpt":{"rendered":"<p>Benvolgudes fam\u00edlies,<br \/>\nD&#8217;acord amb la normativa del Departament d&#8217;Educaci\u00f3, l\u2019alumnat que en comen\u00e7ar el curs t\u00e9 encara mat\u00e8ries pendents de superaci\u00f3 d\u2019altres cursos ha de realitzar activitats de recuperaci\u00f3 al llarg del curs, en el moments i convocat\u00f2ries que es designin des de l\u2019institut.<br \/>\nPer a l\u2019alumnat&hellip;  <a href=\"https:\/\/agora.xtec.cat\/iescanpeixauet\/eso\/criteris-de-recuperacio-pendents\/\" title=\"Read Criteris de recuperaci\u00f3 [pendents]\">Llegeix m\u00e9s\u00bb<\/a><\/p>\n","protected":false},"author":10,"featured_media":0,"parent":489,"menu_order":0,"comment_status":"closed","ping_status":"closed","template":"page-templates\/side-menu.php","meta":{"_bbp_topic_count":0,"_bbp_reply_count":0,"_bbp_total_topic_count":0,"_bbp_total_reply_count":0,"_bbp_voice_count":0,"_bbp_anonymous_reply_count":0,"_bbp_topic_count_hidden":0,"_bbp_reply_count_hidden":0,"_bbp_forum_subforum_count":0,"footnotes":""},"class_list":["post-5950","page","type-page","status-publish","hentry"],"post_mailing_queue_ids":[],"_links":{"self":[{"href":"https:\/\/agora.xtec.cat\/iescanpeixauet\/wp-json\/wp\/v2\/pages\/5950","targetHints":{"allow":["GET"]}}],"collection":[{"href":"https:\/\/agora.xtec.cat\/iescanpeixauet\/wp-json\/wp\/v2\/pages"}],"about":[{"href":"https:\/\/agora.xtec.cat\/iescanpeixauet\/wp-json\/wp\/v2\/types\/page"}],"author":[{"embeddable":true,"href":"https:\/\/agora.xtec.cat\/iescanpeixauet\/wp-json\/wp\/v2\/users\/10"}],"replies":[{"embeddable":true,"href":"https:\/\/agora.xtec.cat\/iescanpeixauet\/wp-json\/wp\/v2\/comments?post=5950"}],"version-history":[{"count":6,"href":"https:\/\/agora.xtec.cat\/iescanpeixauet\/wp-json\/wp\/v2\/pages\/5950\/revisions"}],"predecessor-version":[{"id":10212,"href":"https:\/\/agora.xtec.cat\/iescanpeixauet\/wp-json\/wp\/v2\/pages\/5950\/revisions\/10212"}],"up":[{"embeddable":true,"href":"https:\/\/agora.xtec.cat\/iescanpeixauet\/wp-json\/wp\/v2\/pages\/489"}],"wp:attachment":[{"href":"https:\/\/agora.xtec.cat\/iescanpeixauet\/wp-json\/wp\/v2\/media?parent=5950"}],"curies":[{"name":"wp","href":"https:\/\/api.w.org\/{rel}","templated":true}]}}