{"id":5405,"date":"2020-06-05T09:11:31","date_gmt":"2020-06-05T07:11:31","guid":{"rendered":"http:\/\/agora.xtec.cat\/iescanpeixauet\/?page_id=5405"},"modified":"2020-06-07T12:09:06","modified_gmt":"2020-06-07T10:09:06","slug":"oferta-fp","status":"publish","type":"page","link":"https:\/\/agora.xtec.cat\/iescanpeixauet\/orientacio\/formacio-professional\/oferta-fp\/","title":{"rendered":"Oferta FP"},"content":{"rendered":"<p>A continuaci\u00f3n oferim un recull d&#8217;alguns Programes de Formaci\u00f3n Professional que poden ser d&#8217;inter\u00e8s per als nostres alumnes:<\/p>\n<table style=\"width: 1032px; height: 628px;\">\n<tbody>\n<tr style=\"height: 58px;\">\n<td style=\"height: 58px; width: 302px;\">\n<h4><span style=\"color: #000000;\">PROGRAMES DE FORMACI\u00d3 PROFESSIONAL.<\/span><\/h4>\n<\/td>\n<td style=\"height: 58px; width: 411px;\">\n<h4 style=\"text-align: center;\">OFERTA<\/h4>\n<\/td>\n<td style=\"width: 309px; height: 58px;\">\n<h4 style=\"text-align: center;\">OBSERVACIONS<\/h4>\n<\/td>\n<\/tr>\n<tr style=\"height: 122px;\">\n<td style=\"width: 302px; height: 60px;\">\n<h4>Institut Les Vinyes<\/h4>\n<\/td>\n<td style=\"width: 411px; height: 60px;\">\n<ul style=\"list-style-type: square;\">\n<li><a href=\"http:\/\/queestudiar.gencat.cat\/ca\/estudis\/fp\/cicles-families\/imatge-personal\/?p_id=1590&amp;estudi\"><span style=\"font-family: inherit; font-size: 1em;\">Imatge personal &#8211;\u00a0<\/span><span style=\"font-family: inherit; font-size: 1em;\">Perruqueria i Cosm\u00e8tica Capil\u00b7lar<\/span><\/a><\/li>\n<\/ul>\n<\/td>\n<td style=\"width: 309px; height: 60px;\"><a href=\"https:\/\/drive.google.com\/file\/d\/16koyevu30XblLejDuKjReJCWKeng7BHK\/view?usp=sharing\">Presentaci\u00f3 pptx<\/a><\/td>\n<\/tr>\n<tr style=\"height: 31px;\">\n<td style=\"width: 302px; height: 10px;\">\n<h4 style=\"text-align: justify;\"><a href=\"https:\/\/elpuig.xeill.net\/el-centre\/cicles-formatius\">Institut Puig Castellar<\/a><\/h4>\n<\/td>\n<td style=\"width: 411px; height: 10px;\">\n<ul>\n<li style=\"list-style-type: none;\">\n<ul style=\"list-style-type: square;\">\n<li>\n<h4><strong><a class=\"internal-link\" title=\"\" href=\"https:\/\/elpuig.xeill.net\/departaments\/administracio\" target=\"_self\" rel=\"noopener noreferrer\"><span class=\"internal-link\"><span class=\"hps\">Administraci\u00f3 i gesti\u00f3<\/span><\/span><\/a><\/strong><\/h4>\n<ul>\n<li><span class=\"internal-link\"><span class=\"hps\"><a class=\"external-link\" title=\"\" href=\"https:\/\/elpuig.xeill.net\/departaments\/administracio\/ga-gestio-administrativa\" target=\"_self\" rel=\"noopener noreferrer\">GA (Gesti\u00f3 Administrativa)<\/a><br \/>\n<\/span><\/span><\/li>\n<li><span class=\"internal-link\"><span class=\"hps\"><a class=\"external-link\" title=\"\" href=\"https:\/\/elpuig.xeill.net\/departaments\/administracio\/af-administracio-i-finances\" target=\"_self\" rel=\"noopener noreferrer\">AF (Administraci\u00f3 i Finances)<\/a><\/span><\/span><\/li>\n<\/ul>\n<\/li>\n<\/ul>\n<\/li>\n<\/ul>\n<ul>\n<li style=\"list-style-type: none;\">\n<ul style=\"list-style-type: square;\">\n<li>\n<h4><a class=\"external-link\" title=\"\" href=\"https:\/\/elpuig.xeill.net\/departaments\/informatica\" target=\"_self\" rel=\"noopener noreferrer\"><strong><span class=\"hps\"><span class=\"internal-link\">Inform\u00e0tica<\/span><\/span><\/strong><\/a><\/h4>\n<ul>\n<li><span class=\"hps\"><span class=\"internal-link\"><a class=\"internal-link\" title=\"\" href=\"https:\/\/elpuig.xeill.net\/el-centre\/cicles-formatius\/informatica\/smx\" target=\"_self\" rel=\"noopener noreferrer\">SMX (Sistemes Microinform\u00e0tics i Xarxes)<\/a><\/span><\/span><\/li>\n<li><span class=\"hps\"><span class=\"internal-link\"><a class=\"internal-link\" title=\"\" href=\"https:\/\/elpuig.xeill.net\/el-centre\/cicles-formatius\/informatica\/asix\" target=\"_self\" rel=\"noopener noreferrer\">ASIX (Administraci\u00f3 de Sistemes Inform\u00e0tics en Xarxa)<\/a><\/span><\/span><\/li>\n<li><span class=\"hps\"><span class=\"internal-link\"><a class=\"internal-link\" title=\"\" href=\"https:\/\/elpuig.xeill.net\/el-centre\/cicles-formatius\/informatica\/dam\" target=\"_self\" rel=\"noopener noreferrer\">DAM (Desenvolupament d&#8217;Aplicacions Multiplataforma)<\/a><\/span><\/span><\/li>\n<\/ul>\n<\/li>\n<\/ul>\n<\/li>\n<\/ul>\n<\/td>\n<td style=\"width: 309px; height: 10px; text-align: justify;\">\n<div class=\"gmail_quote\"><a href=\"https:\/\/elpuig.xeill.net\/el-centre\/cicles-formatius\/noticies\/2019-2020\/portes-obertes-fp\">Jornades virtuals de portes obertes<\/a><\/div>\n<div class=\"gmail_quote\">\n<div dir=\"ltr\">\n<div class=\"gmail_quote\">\n<div class=\"gmail_attr\" dir=\"ltr\"><\/div>\n<\/div>\n<\/div>\n<\/div>\n<\/td>\n<\/tr>\n<tr style=\"height: 97px;\">\n<td style=\"width: 302px; height: 97px;\">\n<h4 class=\"entry-title\"><a href=\"https:\/\/agora.xtec.cat\/iesrb4\/ife\/\">Institut Ram\u00f3n Berenguer IV<\/a><\/h4>\n<h4><span style=\"font-family: inherit; font-size: 1em;\">\u00a0<\/span><\/h4>\n<\/td>\n<td style=\"width: 411px; height: 97px;\">\n<ul style=\"list-style-type: square;\">\n<li><strong><a href=\"https:\/\/agora.xtec.cat\/iesrb4\/ife\/\">CFGM Activitats comercials<\/a><\/strong><\/li>\n<li><a href=\"https:\/\/agora.xtec.cat\/iesrb4\/nou-cicle-de-jardineria-i-floristeria-2020-2021\/\"><strong>CFGM Jardineria i floristeria<\/strong><\/a><\/li>\n<li><strong><a href=\"https:\/\/agora.xtec.cat\/iesrb4\/ife\/\">IFE Cura d\u2019animals I espais verds<\/a><\/strong><\/li>\n<\/ul>\n<\/td>\n<td style=\"width: 309px; text-align: justify; height: 97px;\"><\/td>\n<\/tr>\n<tr style=\"height: 122px;\">\n<td style=\"width: 302px; height: 122px;\">\n<h4 class=\"entry-title\"><a href=\"https:\/\/agora.xtec.cat\/ieslabastida\/\">Institut La Bastida<\/a><\/h4>\n<\/td>\n<td style=\"width: 411px; height: 122px;\">\n<ul style=\"list-style-type: square;\">\n<li><a href=\"http:\/\/agora.xtec.cat\/ieslabastida\/cicles-formatius-de-grau-mitja\/cfgm-atencio-a-persones-en-situacio-de-dependencia\/\" target=\"_blank\" rel=\"noopener noreferrer\"><span class=\"summary\">Atenci\u00f3 a persones en situaci\u00f3 de depend\u00e8ncia<\/span><\/a><\/li>\n<li><a href=\"http:\/\/agora.xtec.cat\/ieslabastida\/conduccio-dactivitats-fisicoesportives-en-el-medi-natura\/\" target=\"_blank\" rel=\"noopener noreferrer\"><span class=\"summary\">Conducci\u00f3 d\u2019activitats fisicoesportives en el medi natural<\/span><\/a><\/li>\n<li><a href=\"http:\/\/agora.xtec.cat\/ieslabastida\/cicles-formatius-de-grau-mitja\/cfgm-salvament-i-socorrisme\/\">Salvament i socorrisme<\/a><\/li>\n<\/ul>\n<\/td>\n<td style=\"width: 309px; text-align: justify; height: 122px;\"><em>Salvament i socorrisme<\/em> \u00e9s una titulaci\u00f3 de l\u2019\u00e0mbit de les activitats f\u00edsiques i de l\u2019esport que es pot cursar dins dels ensenyaments esportius de r\u00e8gim especial (titulaci\u00f3 LOE). Pots consultar el nostre bloc del cicle en <a href=\"https:\/\/sites.google.com\/institutlabastida.org\/institut-la-bastida\/inici?authuser=0\">aquest enlla\u00e7<\/a>. Podeu consultar tota la oferta de Cicles de R\u00e8gim especial en <a href=\"http:\/\/smartclassroom.cat\/esports\/plataforma\/mainFiltreOferta.php\">aquest enlla\u00e7<\/a>.<\/td>\n<\/tr>\n<tr style=\"height: 123px;\">\n<td style=\"width: 302px; height: 123px;\">\n<h4 class=\"entry-title\"><a href=\"https:\/\/agora.xtec.cat\/iesramblaprim\/\">Institut Rambla Prim<\/a><\/h4>\n<\/td>\n<td style=\"width: 411px; height: 123px;\">\n<ul style=\"list-style-type: square;\">\n<li><a href=\"https:\/\/www.irp.cat\/cursos\/formacio-professional-basica-electricitat-electronica\/\">CFFPB Electricitat i electr\u00f2nica (CFPB EE10)<\/a><\/li>\n<li><a href=\"https:\/\/www.irp.cat\/cursos\/instal%c2%b7lacions-electriques-i-automatiques\/\">CFGM Instal\u00b7lacions el\u00e8ctriques i autom\u00e0tiques (CFPM EE10)<\/a><\/li>\n<li><a href=\"https:\/\/www.irp.cat\/cursos\/tecnic-en-gestio-administrativa\/\">CFGM Gesti\u00f3 administrativa (CFPM AG10)<\/a><\/li>\n<\/ul>\n<\/td>\n<td style=\"width: 309px; text-align: justify; height: 123px;\"><a href=\"https:\/\/agora.xtec.cat\/iescanpeixauet\/wp-content\/uploads\/usu1366\/2020\/06\/Formaci\u00f3-Professional-B\u00e0sica.pdf\">Full informatiu<\/a> + <a href=\"https:\/\/agora.xtec.cat\/iescanpeixauet\/wp-content\/uploads\/usu1366\/2020\/06\/Consell-Orientador-PPP-maig.2016.pdf\">Consell orientador<\/a><\/td>\n<\/tr>\n<tr style=\"height: 158px;\">\n<td style=\"width: 302px; height: 158px;\">\n<h4 class=\"entry-title\"><a href=\"https:\/\/agora.xtec.cat\/ins-esc-santadria\/\">Institut Escola La Mina<\/a><\/h4>\n<\/td>\n<td style=\"width: 411px; height: 158px;\">\n<div>\n<ul style=\"list-style-type: square;\">\n<li><span style=\"color: #000000;\"><b>Dos Cicles formatiu de Grau Mig:<\/b><\/span>\n<ul style=\"list-style-type: square;\">\n<li><span style=\"color: #000000;\"><b><\/b><a style=\"color: #000000;\" href=\"https:\/\/agora.xtec.cat\/iescanpeixauet\/wp-content\/uploads\/usu1366\/2020\/06\/TRIPTIC-20-21-COM.pdf\"><b style=\"font-family: inherit; font-size: 0.875em;\"><span style=\"font-size: large;\">Activitats Comercials<\/span><\/b><\/a><\/span><\/li>\n<li><span style=\"color: #000000;\"><a style=\"color: #000000;\" href=\"https:\/\/agora.xtec.cat\/iescanpeixauet\/wp-content\/uploads\/usu1366\/2020\/06\/TRIPTIC-20-21-MEC.pdf\"><b style=\"font-family: inherit; font-size: 0.875em;\"><span style=\"font-size: large;\">Electromec\u00e0nica de vehicles autom\u00f2bils<\/span><\/b><\/a><\/span><\/li>\n<\/ul>\n<\/li>\n<\/ul>\n<\/div>\n<div>\n<ul>\n<li><span style=\"color: #000000;\"><b>Cicle de Grau Superior:\u00a0<\/b><a style=\"color: #000000;\" href=\"https:\/\/agora.xtec.cat\/iescanpeixauet\/wp-content\/uploads\/usu1366\/2020\/06\/TRIPTIC-20-21-TIL.pdf\"><b><span style=\"font-size: large;\">Transport i Log\u00edstica\u00a0<\/span><\/b><\/a><\/span><\/li>\n<\/ul>\n<\/div>\n<\/td>\n<td style=\"width: 309px; text-align: justify; height: 158px;\"><\/td>\n<\/tr>\n<\/tbody>\n<\/table>\n<p>&nbsp;<\/p>\n<p>&nbsp;<\/p>\n","protected":false},"excerpt":{"rendered":"<p>A continuaci\u00f3n oferim un recull d&#8217;alguns Programes de Formaci\u00f3n Professional que poden ser d&#8217;inter\u00e8s per als nostres alumnes:<\/p>\n<p>PROGRAMES DE FORMACI\u00d3 PROFESSIONAL.<\/p>\n<p>OFERTA<\/p>\n<p>OBSERVACIONS<\/p>\n<p>Institut Les Vinyes<\/p>\n<ul style=\"list-style-type: square;\">\n<li><a href=\"http:\/\/queestudiar.gencat.cat\/ca\/estudis\/fp\/cicles-families\/imatge-personal\/?p_id=1590&amp;estudi\">Imatge personal &#8211;\u00a0Perruqueria i Cosm\u00e8tica Capil\u00b7lar<\/a><\/li>\n<\/ul>\n<p><a href=\"https:\/\/drive.google.com\/file\/d\/16koyevu30XblLejDuKjReJCWKeng7BHK\/view?usp=sharing\">Presentaci\u00f3 pptx<\/a><\/p>\n<p><a href=\"https:\/\/elpuig.xeill.net\/el-centre\/cicles-formatius\">Institut Puig Castellar<\/a><\/p>\n<ul>\n<li style=\"list-style-type: none;\">\n<ul style=\"list-style-type: square;\">\n<li>\n<a class=\"internal-link\" title=\"\" href=\"https:\/\/elpuig.xeill.net\/departaments\/administracio\" target=\"_self\" rel=\"noopener&hellip;  <a href=\"https:\/\/agora.xtec.cat\/iescanpeixauet\/orientacio\/formacio-professional\/oferta-fp\/\" title=\"Read Oferta FP\">Llegeix m\u00e9s\u00bb<\/a><\/p>\n","protected":false},"author":10,"featured_media":0,"parent":5316,"menu_order":0,"comment_status":"closed","ping_status":"closed","template":"page-templates\/side-menu.php","meta":{"_bbp_topic_count":0,"_bbp_reply_count":0,"_bbp_total_topic_count":0,"_bbp_total_reply_count":0,"_bbp_voice_count":0,"_bbp_anonymous_reply_count":0,"_bbp_topic_count_hidden":0,"_bbp_reply_count_hidden":0,"_bbp_forum_subforum_count":0,"footnotes":""},"class_list":["post-5405","page","type-page","status-publish","hentry"],"post_mailing_queue_ids":[],"_links":{"self":[{"href":"https:\/\/agora.xtec.cat\/iescanpeixauet\/wp-json\/wp\/v2\/pages\/5405","targetHints":{"allow":["GET"]}}],"collection":[{"href":"https:\/\/agora.xtec.cat\/iescanpeixauet\/wp-json\/wp\/v2\/pages"}],"about":[{"href":"https:\/\/agora.xtec.cat\/iescanpeixauet\/wp-json\/wp\/v2\/types\/page"}],"author":[{"embeddable":true,"href":"https:\/\/agora.xtec.cat\/iescanpeixauet\/wp-json\/wp\/v2\/users\/10"}],"replies":[{"embeddable":true,"href":"https:\/\/agora.xtec.cat\/iescanpeixauet\/wp-json\/wp\/v2\/comments?post=5405"}],"version-history":[{"count":4,"href":"https:\/\/agora.xtec.cat\/iescanpeixauet\/wp-json\/wp\/v2\/pages\/5405\/revisions"}],"predecessor-version":[{"id":5434,"href":"https:\/\/agora.xtec.cat\/iescanpeixauet\/wp-json\/wp\/v2\/pages\/5405\/revisions\/5434"}],"up":[{"embeddable":true,"href":"https:\/\/agora.xtec.cat\/iescanpeixauet\/wp-json\/wp\/v2\/pages\/5316"}],"wp:attachment":[{"href":"https:\/\/agora.xtec.cat\/iescanpeixauet\/wp-json\/wp\/v2\/media?parent=5405"}],"curies":[{"name":"wp","href":"https:\/\/api.w.org\/{rel}","templated":true}]}}