{"id":5316,"date":"2020-06-03T17:20:08","date_gmt":"2020-06-03T15:20:08","guid":{"rendered":"http:\/\/agora.xtec.cat\/iescanpeixauet\/?page_id=5316"},"modified":"2020-06-07T10:42:45","modified_gmt":"2020-06-07T08:42:45","slug":"formacio-professional","status":"publish","type":"page","link":"https:\/\/agora.xtec.cat\/iescanpeixauet\/orientacio\/formacio-professional\/","title":{"rendered":"Formaci\u00f3 professional &#8211; [FP]"},"content":{"rendered":"<p style=\"text-align: justify;\">La formaci\u00f3 professional capacita per a l&#8217;exercici qualificat de diverses professions i proporciona la formaci\u00f3 necess\u00e0ria per adquirir la compet\u00e8ncia professional i el coneixement propis de cada sector.<\/p>\n<p style=\"text-align: center;\">\u00a0<iframe loading=\"lazy\" src=\"\/\/www.gencat.cat\/big\/visormedia\/iframe\/index.html?type=default&amp;idBig=0500524119051720&amp;idNice=5d502f5a3c352646d53d&amp;subt=true\" width=\"480\" height=\"270\" frameborder=\"0\"><\/iframe><\/p>\n<p style=\"text-align: justify;\">La formaci\u00f3 professional s&#8217;organitza per <strong>fam\u00edlies\u00a0professionals<\/strong> que ordenen els ensenyaments en cicles de <strong>grau mitj\u00e0<\/strong> o de<strong> grau superior<\/strong>; amb la superaci\u00f3 dels primers s&#8217;obt\u00e9 el t\u00edtol de t\u00e8cnic i amb la superaci\u00f3 dels segons el de t\u00e8cnic superior.<\/p>\n<p style=\"text-align: justify;\"><a href=\"http:\/\/ensenyament.gencat.cat\/ca\/actualitat\/orientacio\/fp\/\"><img loading=\"lazy\" decoding=\"async\" class=\"aligncenter wp-image-5402 size-large\" src=\"https:\/\/agora.xtec.cat\/iescanpeixauet\/wp-content\/uploads\/usu1366\/2020\/06\/Captura-de-Pantalla-2020-06-05-a-les-9.01.23-1024x216.png\" alt=\"\" width=\"1024\" height=\"216\" srcset=\"https:\/\/agora.xtec.cat\/iescanpeixauet\/wp-content\/uploads\/usu1366\/2020\/06\/Captura-de-Pantalla-2020-06-05-a-les-9.01.23-1024x216.png 1024w, https:\/\/agora.xtec.cat\/iescanpeixauet\/wp-content\/uploads\/usu1366\/2020\/06\/Captura-de-Pantalla-2020-06-05-a-les-9.01.23-300x63.png 300w, https:\/\/agora.xtec.cat\/iescanpeixauet\/wp-content\/uploads\/usu1366\/2020\/06\/Captura-de-Pantalla-2020-06-05-a-les-9.01.23-768x162.png 768w, https:\/\/agora.xtec.cat\/iescanpeixauet\/wp-content\/uploads\/usu1366\/2020\/06\/Captura-de-Pantalla-2020-06-05-a-les-9.01.23.png 1180w\" sizes=\"auto, (max-width: 1024px) 100vw, 1024px\" \/><\/a><\/p>\n<h1 class=\"entry-title\">L\u2019FP Dual<\/h1>\n<p>El Departament d\u2019Educaci\u00f3 ja disposa d\u2019un web fet especialment per al projecte de Formaci\u00f3 Professional Dual. <a href=\"https:\/\/projectes.xtec.cat\/fpdual\/\">https:\/\/projectes.xtec.cat\/fpdual\/<img loading=\"lazy\" decoding=\"async\" class=\"wp-image-5423 aligncenter\" src=\"https:\/\/agora.xtec.cat\/iescanpeixauet\/wp-content\/uploads\/usu1366\/2020\/06\/DUAL_alta-300x300.jpg\" alt=\"\" width=\"113\" height=\"113\" srcset=\"https:\/\/agora.xtec.cat\/iescanpeixauet\/wp-content\/uploads\/usu1366\/2020\/06\/DUAL_alta-300x300.jpg 300w, https:\/\/agora.xtec.cat\/iescanpeixauet\/wp-content\/uploads\/usu1366\/2020\/06\/DUAL_alta-300x300-150x150.jpg 150w\" sizes=\"auto, (max-width: 113px) 100vw, 113px\" \/><\/a><\/p>\n<p>Et recomanem consultar:<\/p>\n<table>\n<tbody>\n<tr>\n<td>\n<ul style=\"list-style-type: square;\">\n<li>\n<h5><a href=\"http:\/\/queestudiar.gencat.cat\/ca\/preinscripcio\/estudis\/fp-gm\/\">Formaci\u00f3 professional (grau mitj\u00e0)<\/a><\/h5>\n<\/li>\n<\/ul>\n<\/td>\n<td rowspan=\"4\"><a href=\"https:\/\/agora.xtec.cat\/iescanpeixauet\/wp-content\/uploads\/usu1366\/2020\/06\/OKbanner_FP_generica_300x600.gif\"><img loading=\"lazy\" decoding=\"async\" class=\"alignnone size-full wp-image-5408\" src=\"https:\/\/agora.xtec.cat\/iescanpeixauet\/wp-content\/uploads\/usu1366\/2020\/06\/OKbanner_FP_generica_300x600.gif\" alt=\"\" width=\"200\" height=\"400\" \/><\/a><\/td>\n<\/tr>\n<tr>\n<td><\/td>\n<\/tr>\n<tr>\n<td>\n<ul style=\"list-style-type: square;\">\n<li>\n<h5><a href=\"https:\/\/jubilatsfp.cat\/?p=145\">FP ORIENTA<\/a><\/h5>\n<\/li>\n<\/ul>\n<\/td>\n<\/tr>\n<tr>\n<td>\n<ul style=\"list-style-type: square;\">\n<li>\n<h5><a href=\"http:\/\/queestudiar.gencat.cat\/ca\/estudis\/acces-cicles\/\" target=\"_blank\" rel=\"noopener noreferrer\">Informaci\u00f3 sobre els cursos per accedir a cicles<\/a><\/h5>\n<\/li>\n<\/ul>\n<\/td>\n<\/tr>\n<\/tbody>\n<\/table>\n","protected":false},"excerpt":{"rendered":"<p>La formaci\u00f3 professional capacita per a l&#8217;exercici qualificat de diverses professions i proporciona la formaci\u00f3 necess\u00e0ria per adquirir la compet\u00e8ncia professional i el coneixement propis de cada sector.<br \/>\n\u00a0<br \/>\nLa formaci\u00f3 professional s&#8217;organitza per fam\u00edlies\u00a0professionals que ordenen els ensenyaments en cicles de grau mitj\u00e0 o de grau&hellip;  <a href=\"https:\/\/agora.xtec.cat\/iescanpeixauet\/orientacio\/formacio-professional\/\" title=\"Read Formaci\u00f3 professional &#8211; [FP]\">Llegeix m\u00e9s\u00bb<\/a><\/p>\n","protected":false},"author":10,"featured_media":0,"parent":672,"menu_order":0,"comment_status":"closed","ping_status":"closed","template":"page-templates\/side-menu.php","meta":{"_bbp_topic_count":0,"_bbp_reply_count":0,"_bbp_total_topic_count":0,"_bbp_total_reply_count":0,"_bbp_voice_count":0,"_bbp_anonymous_reply_count":0,"_bbp_topic_count_hidden":0,"_bbp_reply_count_hidden":0,"_bbp_forum_subforum_count":0,"footnotes":""},"class_list":["post-5316","page","type-page","status-publish","hentry"],"post_mailing_queue_ids":[],"_links":{"self":[{"href":"https:\/\/agora.xtec.cat\/iescanpeixauet\/wp-json\/wp\/v2\/pages\/5316","targetHints":{"allow":["GET"]}}],"collection":[{"href":"https:\/\/agora.xtec.cat\/iescanpeixauet\/wp-json\/wp\/v2\/pages"}],"about":[{"href":"https:\/\/agora.xtec.cat\/iescanpeixauet\/wp-json\/wp\/v2\/types\/page"}],"author":[{"embeddable":true,"href":"https:\/\/agora.xtec.cat\/iescanpeixauet\/wp-json\/wp\/v2\/users\/10"}],"replies":[{"embeddable":true,"href":"https:\/\/agora.xtec.cat\/iescanpeixauet\/wp-json\/wp\/v2\/comments?post=5316"}],"version-history":[{"count":4,"href":"https:\/\/agora.xtec.cat\/iescanpeixauet\/wp-json\/wp\/v2\/pages\/5316\/revisions"}],"predecessor-version":[{"id":5426,"href":"https:\/\/agora.xtec.cat\/iescanpeixauet\/wp-json\/wp\/v2\/pages\/5316\/revisions\/5426"}],"up":[{"embeddable":true,"href":"https:\/\/agora.xtec.cat\/iescanpeixauet\/wp-json\/wp\/v2\/pages\/672"}],"wp:attachment":[{"href":"https:\/\/agora.xtec.cat\/iescanpeixauet\/wp-json\/wp\/v2\/media?parent=5316"}],"curies":[{"name":"wp","href":"https:\/\/api.w.org\/{rel}","templated":true}]}}