{"id":5219,"date":"2020-05-30T08:27:58","date_gmt":"2020-05-30T06:27:58","guid":{"rendered":"http:\/\/agora.xtec.cat\/iescanpeixauet\/?page_id=5219"},"modified":"2020-05-30T08:34:49","modified_gmt":"2020-05-30T06:34:49","slug":"historia","status":"publish","type":"page","link":"https:\/\/agora.xtec.cat\/iescanpeixauet\/linstitut\/historia\/","title":{"rendered":"Hist\u00f2ria"},"content":{"rendered":"<p style=\"text-align: justify;\" align=\"center\">L&#8217;any 1986 comen\u00e7a a funcionar l&#8217;institut Salzereda ubicat a l&#8217;antiga f\u00e0brica &#8220;CIBA&#8221;.\u00a0El setembre de 1995 inicia les seves activitats l&#8217;IES Can Peixauet utilitzant com a seu el centre de prim\u00e0ria &#8220;Miguel Hern\u00e1ndez&#8221; que finalitzava les seves activitats.\u00a0El juny del 2000 cessen les activitats de l&#8217;IES Salzereda i l&#8217;IES Can Peixauet i es crea un nou centre resultat de la fusi\u00f3 de tots dos i amb el nom del segon.<\/p>\n<p style=\"text-align: justify;\" align=\"left\">El curs 2001-2002 l&#8217;IES Can Peixauet estrena la seva nova i definitiva seu. Un edifici singular constru\u00eft a un solar de 7000 m\u00b2 cedits per l&#8217;Ajuntament de Santa Coloma de Gramenet.<\/p>\n\r\n\t<div class=\"slideshow_container slideshow_container_style-light\" style=\"height: 300px; \" data-slideshow-id=\"483\" data-style-name=\"style-light\" data-style-version=\"2.3.1\" >\r\n\r\n\t\t\t\t\t<div class=\"slideshow_loading_icon\"><\/div>\r\n\t\t\r\n\t\t<div class=\"slideshow_content\" style=\"display: none;\">\r\n\r\n\t\t\t<div class=\"slideshow_view\">\r\n\t\t\t\t<div class=\"slideshow_slide slideshow_slide_image\">\r\n\t\t\t\t\t\t\t\t\t\t\t<img src=\"https:\/\/agora.xtec.cat\/iescanpeixauet\/wp-content\/uploads\/usu1366\/2021\/06\/bugambillas-campe.jpg\" alt=\"bugambillas campe\" width=\"1600\" height=\"739\" \/>\r\n\t\t\t\t\t\t\t\t\t\t<div class=\"slideshow_description_box slideshow_transparent\">\r\n\t\t\t\t\t\t<div class=\"slideshow_title\">bugambillas campe<\/div>\t\t\t\t\t\t\t\t\t\t\t<\/div>\r\n\t\t\t\t<\/div>\r\n\r\n\t\t\t\t\t\t<div style=\"clear: both;\"><\/div><\/div><div class=\"slideshow_view\">\r\n\t\t\t\t<div class=\"slideshow_slide slideshow_slide_image\">\r\n\t\t\t\t\t\t\t\t\t\t\t<img src=\"https:\/\/agora.xtec.cat\/iescanpeixauet\/wp-content\/uploads\/usu1366\/2016\/09\/IMG_5772.jpg\" alt=\"IMG_5772\" width=\"4272\" height=\"2848\" \/>\r\n\t\t\t\t\t\t\t\t\t\t<div class=\"slideshow_description_box slideshow_transparent\">\r\n\t\t\t\t\t\t<div class=\"slideshow_title\">IMG_5772<\/div>\t\t\t\t\t\t\t\t\t\t\t<\/div>\r\n\t\t\t\t<\/div>\r\n\r\n\t\t\t\t\t\t<div style=\"clear: both;\"><\/div><\/div><div class=\"slideshow_view\">\r\n\t\t\t\t<div class=\"slideshow_slide slideshow_slide_image\">\r\n\t\t\t\t\t\t\t\t\t\t\t<img src=\"https:\/\/agora.xtec.cat\/iescanpeixauet\/wp-content\/uploads\/usu1366\/2016\/09\/IMG_5768.jpg\" alt=\"img_5768\" width=\"2848\" height=\"4272\" \/>\r\n\t\t\t\t\t\t\t\t\t\t<div class=\"slideshow_description_box slideshow_transparent\">\r\n\t\t\t\t\t\t<div class=\"slideshow_title\">img_5768<\/div>\t\t\t\t\t\t\t\t\t\t\t<\/div>\r\n\t\t\t\t<\/div>\r\n\r\n\t\t\t\t\t\t<div style=\"clear: both;\"><\/div><\/div><div class=\"slideshow_view\">\r\n\t\t\t\t<div class=\"slideshow_slide slideshow_slide_image\">\r\n\t\t\t\t\t\t\t\t\t\t\t<img src=\"https:\/\/agora.xtec.cat\/iescanpeixauet\/wp-content\/uploads\/usu1366\/2016\/09\/IMG_5770.jpg\" alt=\"IMG_5770\" width=\"4272\" height=\"2848\" \/>\r\n\t\t\t\t\t\t\t\t\t\t<div class=\"slideshow_description_box slideshow_transparent\">\r\n\t\t\t\t\t\t<div class=\"slideshow_title\">IMG_5770<\/div>\t\t\t\t\t\t\t\t\t\t\t<\/div>\r\n\t\t\t\t<\/div>\r\n\r\n\t\t\t\t\t\t<div style=\"clear: both;\"><\/div><\/div><div class=\"slideshow_view\">\r\n\t\t\t\t<div class=\"slideshow_slide slideshow_slide_image\">\r\n\t\t\t\t\t\t\t\t\t\t\t<img src=\"https:\/\/agora.xtec.cat\/iescanpeixauet\/wp-content\/uploads\/usu1366\/2017\/03\/retol-entrada-1.jpg\" alt=\"retol-entrada-1\" width=\"1600\" height=\"903\" \/>\r\n\t\t\t\t\t\t\t\t\t\t<div class=\"slideshow_description_box slideshow_transparent\">\r\n\t\t\t\t\t\t<div class=\"slideshow_title\">retol-entrada-1<\/div>\t\t\t\t\t\t\t\t\t\t\t<\/div>\r\n\t\t\t\t<\/div>\r\n\r\n\t\t\t\t\t\t<div style=\"clear: both;\"><\/div><\/div><div class=\"slideshow_view\">\r\n\t\t\t\t<div class=\"slideshow_slide slideshow_slide_image\">\r\n\t\t\t\t\t\t\t\t\t\t\t<img src=\"https:\/\/agora.xtec.cat\/iescanpeixauet\/wp-content\/uploads\/usu1366\/2016\/09\/canpe-edifici-1-1.jpg\" alt=\"canpe edifici 1\" width=\"1600\" height=\"341\" \/>\r\n\t\t\t\t\t\t\t\t\t\t<div class=\"slideshow_description_box slideshow_transparent\">\r\n\t\t\t\t\t\t<div class=\"slideshow_title\">canpe edifici 1<\/div>\t\t\t\t\t\t\t\t\t\t\t<\/div>\r\n\t\t\t\t<\/div>\r\n\r\n\t\t\t\t\t\t<div style=\"clear: both;\"><\/div><\/div><div class=\"slideshow_view\">\r\n\t\t\t\t<div class=\"slideshow_slide slideshow_slide_image\">\r\n\t\t\t\t\t\t\t\t\t\t\t<img src=\"https:\/\/agora.xtec.cat\/iescanpeixauet\/wp-content\/uploads\/usu1366\/2016\/09\/IMG_5767.jpg\" alt=\"IMG_5767\" width=\"4272\" height=\"2848\" \/>\r\n\t\t\t\t\t\t\t\t\t\t<div class=\"slideshow_description_box slideshow_transparent\">\r\n\t\t\t\t\t\t<div class=\"slideshow_title\">IMG_5767<\/div>\t\t\t\t\t\t\t\t\t\t\t<\/div>\r\n\t\t\t\t<\/div>\r\n\r\n\t\t\t\t\t\t<div style=\"clear: both;\"><\/div><\/div><div class=\"slideshow_view\">\r\n\t\t\t\t<div class=\"slideshow_slide slideshow_slide_image\">\r\n\t\t\t\t\t\t\t\t\t\t\t<img src=\"https:\/\/agora.xtec.cat\/iescanpeixauet\/wp-content\/uploads\/usu1366\/2017\/03\/vitrall-sala-actes.jpg\" alt=\"vitrall-sala-actes\" width=\"1600\" height=\"903\" \/>\r\n\t\t\t\t\t\t\t\t\t\t<div class=\"slideshow_description_box slideshow_transparent\">\r\n\t\t\t\t\t\t<div class=\"slideshow_title\">vitrall-sala-actes<\/div>\t\t\t\t\t\t\t\t\t\t\t<\/div>\r\n\t\t\t\t<\/div>\r\n\r\n\t\t\t\t\t\t<div style=\"clear: both;\"><\/div><\/div>\r\n\t\t<\/div>\r\n\r\n\t\t<div class=\"slideshow_controlPanel slideshow_transparent\" style=\"display: none;\"><ul><li class=\"slideshow_togglePlay\" data-play-text=\"Visualitza\" data-pause-text=\"Pausa\"><\/li><\/ul><\/div>\r\n\r\n\t\t<div class=\"slideshow_button slideshow_previous slideshow_transparent\" role=\"button\" data-previous-text=\"Anterior\" style=\"display: none;\"><\/div>\r\n\t\t<div class=\"slideshow_button slideshow_next slideshow_transparent\" role=\"button\" data-next-text=\"Seg\u00fcent\" style=\"display: none;\"><\/div>\r\n\r\n\t\t<div class=\"slideshow_pagination\" style=\"display: none;\" data-go-to-text=\"V\u00e9s a la diapositiva\"><div class=\"slideshow_pagination_center\"><\/div><\/div>\r\n\r\n\t\t<!-- WordPress Slideshow Version 2.3.1 -->\r\n\r\n\t\t\t<\/div>\r\n\r\n\n<p>Per totes les fam\u00edlies interessades en con\u00e8ixer el nostre centre, us oferim una presentaci\u00f3 general del nostre Institut.<\/p>\n<p><a href=\"https:\/\/agora.xtec.cat\/iescanpeixauet\/wp-content\/uploads\/usu1366\/2020\/03\/PORTES-OBERTES-2020.pdf\" target=\"_blank\" rel=\"noopener noreferrer\"><img loading=\"lazy\" decoding=\"async\" class=\"aligncenter wp-image-4448 size-full\" src=\"https:\/\/agora.xtec.cat\/iescanpeixauet\/wp-content\/uploads\/usu1366\/2020\/03\/coneix-el-nostre-institut-e1584639928955.png\" alt=\"\" width=\"851\" height=\"154\" \/><\/a><\/p>\n<table style=\"height: 31px;\">\n<tbody>\n<tr style=\"height: 31px;\">\n<td style=\"height: 31px; width: 89.0909px;\"><a href=\"https:\/\/agora.xtec.cat\/iescanpeixauet\/wp-content\/uploads\/usu1366\/2020\/03\/PORTES-OBERTES-2020.pdf\"><strong>M\u00e9s info +<\/strong><\/a><\/td>\n<\/tr>\n<\/tbody>\n<\/table>\n<p>&nbsp;<\/p>\n","protected":false},"excerpt":{"rendered":"<p>L&#8217;any 1986 comen\u00e7a a funcionar l&#8217;institut Salzereda ubicat a l&#8217;antiga f\u00e0brica &#8220;CIBA&#8221;.\u00a0El setembre de 1995 inicia les seves activitats l&#8217;IES Can Peixauet utilitzant com a seu el centre de prim\u00e0ria &#8220;Miguel Hern\u00e1ndez&#8221; que finalitzava les seves activitats.\u00a0El juny del 2000 cessen les activitats de l&#8217;IES&hellip;  <a href=\"https:\/\/agora.xtec.cat\/iescanpeixauet\/linstitut\/historia\/\" title=\"Read Hist\u00f2ria\">Llegeix m\u00e9s\u00bb<\/a><\/p>\n","protected":false},"author":10,"featured_media":0,"parent":19,"menu_order":0,"comment_status":"closed","ping_status":"closed","template":"page-templates\/side-menu.php","meta":{"_bbp_topic_count":0,"_bbp_reply_count":0,"_bbp_total_topic_count":0,"_bbp_total_reply_count":0,"_bbp_voice_count":0,"_bbp_anonymous_reply_count":0,"_bbp_topic_count_hidden":0,"_bbp_reply_count_hidden":0,"_bbp_forum_subforum_count":0,"footnotes":""},"class_list":["post-5219","page","type-page","status-publish","hentry"],"post_mailing_queue_ids":[],"_links":{"self":[{"href":"https:\/\/agora.xtec.cat\/iescanpeixauet\/wp-json\/wp\/v2\/pages\/5219","targetHints":{"allow":["GET"]}}],"collection":[{"href":"https:\/\/agora.xtec.cat\/iescanpeixauet\/wp-json\/wp\/v2\/pages"}],"about":[{"href":"https:\/\/agora.xtec.cat\/iescanpeixauet\/wp-json\/wp\/v2\/types\/page"}],"author":[{"embeddable":true,"href":"https:\/\/agora.xtec.cat\/iescanpeixauet\/wp-json\/wp\/v2\/users\/10"}],"replies":[{"embeddable":true,"href":"https:\/\/agora.xtec.cat\/iescanpeixauet\/wp-json\/wp\/v2\/comments?post=5219"}],"version-history":[{"count":1,"href":"https:\/\/agora.xtec.cat\/iescanpeixauet\/wp-json\/wp\/v2\/pages\/5219\/revisions"}],"predecessor-version":[{"id":5220,"href":"https:\/\/agora.xtec.cat\/iescanpeixauet\/wp-json\/wp\/v2\/pages\/5219\/revisions\/5220"}],"up":[{"embeddable":true,"href":"https:\/\/agora.xtec.cat\/iescanpeixauet\/wp-json\/wp\/v2\/pages\/19"}],"wp:attachment":[{"href":"https:\/\/agora.xtec.cat\/iescanpeixauet\/wp-json\/wp\/v2\/media?parent=5219"}],"curies":[{"name":"wp","href":"https:\/\/api.w.org\/{rel}","templated":true}]}}