{"id":5130,"date":"2020-05-28T08:33:41","date_gmt":"2020-05-28T06:33:41","guid":{"rendered":"http:\/\/agora.xtec.cat\/iescanpeixauet\/?page_id=5130"},"modified":"2020-05-28T08:33:41","modified_gmt":"2020-05-28T06:33:41","slug":"orientacions-per-atendre-les-emocions-de-lalumnat","status":"publish","type":"page","link":"https:\/\/agora.xtec.cat\/iescanpeixauet\/orientacio\/orientacions-per-atendre-les-emocions-de-lalumnat\/","title":{"rendered":"Orientacions per atendre les emocions de l\u2019alumnat."},"content":{"rendered":"<p style=\"text-align: justify;\">El Departament d&#8217;Educaci\u00f3 oferix un nou apartat a <a href=\"http:\/\/www.xtec.cat\/\" target=\"_blank\" rel=\"noopener noreferrer\">XTEC <\/a>amb <strong>orientacions per <a href=\"http:\/\/xtec.gencat.cat\/ca\/recursos\/orientacions-atendre-emocions-alumnat\/\" target=\"_blank\" rel=\"noopener noreferrer\">atendre les emocions de l\u2019alumnat<\/a> <\/strong>que ofereix al professorat i als equips directius dels centres recursos i orientacions per tal d\u2019atendre les emocions de l\u2019alumnat en la tornada a escoles i instituts.<\/p>\n<p style=\"text-align: justify;\">Els principals objectius d\u2019aquestes orientacions s\u00f3n:<strong><a href=\"https:\/\/agora.xtec.cat\/iescanpeixauet\/wp-content\/uploads\/usu1366\/2020\/05\/1200_1589391336Tornar_aules_foto_noti_3x2.png.jpeg\"><img loading=\"lazy\" decoding=\"async\" class=\"wp-image-5140 alignright\" src=\"https:\/\/agora.xtec.cat\/iescanpeixauet\/wp-content\/uploads\/usu1366\/2020\/05\/1200_1589391336Tornar_aules_foto_noti_3x2.png-1024x683.jpeg\" alt=\"\" width=\"367\" height=\"245\" srcset=\"https:\/\/agora.xtec.cat\/iescanpeixauet\/wp-content\/uploads\/usu1366\/2020\/05\/1200_1589391336Tornar_aules_foto_noti_3x2.png-1024x683.jpeg 1024w, https:\/\/agora.xtec.cat\/iescanpeixauet\/wp-content\/uploads\/usu1366\/2020\/05\/1200_1589391336Tornar_aules_foto_noti_3x2.png-300x200.jpeg 300w, https:\/\/agora.xtec.cat\/iescanpeixauet\/wp-content\/uploads\/usu1366\/2020\/05\/1200_1589391336Tornar_aules_foto_noti_3x2.png-768x512.jpeg 768w, https:\/\/agora.xtec.cat\/iescanpeixauet\/wp-content\/uploads\/usu1366\/2020\/05\/1200_1589391336Tornar_aules_foto_noti_3x2.png.jpeg 1200w\" sizes=\"auto, (max-width: 367px) 100vw, 367px\" \/><\/a><\/strong><\/p>\n<ul>\n<li>Planificar una estrat\u00e8gia en el retorn dels alumnes al centre educatiu i a totes les activitats en les que estan acompanyats per adults<\/li>\n<li>Crear espais de trobada, din\u00e0miques i rituals per celebrar el retrobament.<\/li>\n<li>Identificar l\u2019alumnat amb necessitat d\u2019especial acompanyament.<\/li>\n<li>Atendre les necessitats emocionals dels alumnes en proc\u00e9s de dol.<\/li>\n<li>Saber escoltar i recollir les preguntes, inquietuds i silencis dels infants i joves.<\/li>\n<li>Crear equips de referents entre l\u2019alumnat i dinamitzar els grups de suport entre iguals.<\/li>\n<li>Planificar les reunions amb les fam\u00edlies.<\/li>\n<\/ul>\n<p style=\"text-align: justify;\">Es tracta de v\u00eddeos curts on experts\u00a0de diferents \u00e0mbits( pedagogia, psicologia, orientaci\u00f3, directors de centres educatius, i membres del Consell Escolar de Catalunya) analitzen la situaci\u00f3 i donen un marc conceptual. Tamb\u00e9 hi ha un apartat de recursos. Algunes de les idees tamb\u00e9 es poden fer amb l\u2019equip docent a la primera trobada que es tingui.<\/p>\n<p style=\"text-align: justify;\">L\u2019espai web \u2013que s\u2019inscriu a la p\u00e0gina de l\u2019xtec- inclou diversos apartats segons els temes que s\u2019hi tracten: atendre les emocions, neuroeducaci\u00f3, dol i p\u00e8rdues, les fam\u00edlies, l&#8217;alumnat, l&#8217;educaci\u00f3 no formal en el retorn dels infants i joves, i recursos. Es plantegen diferents elements de reflexi\u00f3 al voltant d\u2019aspectes com l\u2019organitzaci\u00f3 del retorn en equip, la preparaci\u00f3 dels espais, els diferents tipus d\u2019acompanyament o la figura del docent com a persona de refer\u00e8ncia per als alumnes.<\/p>\n","protected":false},"excerpt":{"rendered":"<p>El Departament d&#8217;Educaci\u00f3 oferix un nou apartat a <a href=\"http:\/\/www.xtec.cat\/\" target=\"_blank\" rel=\"noopener noreferrer\">XTEC <\/a>amb orientacions per <a href=\"http:\/\/xtec.gencat.cat\/ca\/recursos\/orientacions-atendre-emocions-alumnat\/\" target=\"_blank\" rel=\"noopener noreferrer\">atendre les emocions de l\u2019alumnat<\/a> que ofereix al professorat i als equips directius dels centres recursos i orientacions per tal d\u2019atendre les emocions de l\u2019alumnat&hellip;  <a href=\"https:\/\/agora.xtec.cat\/iescanpeixauet\/orientacio\/orientacions-per-atendre-les-emocions-de-lalumnat\/\" title=\"Read Orientacions per atendre les emocions de l\u2019alumnat.\">Llegeix m\u00e9s\u00bb<\/a><\/p>\n","protected":false},"author":10,"featured_media":0,"parent":672,"menu_order":0,"comment_status":"closed","ping_status":"closed","template":"page-templates\/side-menu.php","meta":{"_bbp_topic_count":0,"_bbp_reply_count":0,"_bbp_total_topic_count":0,"_bbp_total_reply_count":0,"_bbp_voice_count":0,"_bbp_anonymous_reply_count":0,"_bbp_topic_count_hidden":0,"_bbp_reply_count_hidden":0,"_bbp_forum_subforum_count":0,"footnotes":""},"class_list":["post-5130","page","type-page","status-publish","hentry"],"post_mailing_queue_ids":[],"_links":{"self":[{"href":"https:\/\/agora.xtec.cat\/iescanpeixauet\/wp-json\/wp\/v2\/pages\/5130","targetHints":{"allow":["GET"]}}],"collection":[{"href":"https:\/\/agora.xtec.cat\/iescanpeixauet\/wp-json\/wp\/v2\/pages"}],"about":[{"href":"https:\/\/agora.xtec.cat\/iescanpeixauet\/wp-json\/wp\/v2\/types\/page"}],"author":[{"embeddable":true,"href":"https:\/\/agora.xtec.cat\/iescanpeixauet\/wp-json\/wp\/v2\/users\/10"}],"replies":[{"embeddable":true,"href":"https:\/\/agora.xtec.cat\/iescanpeixauet\/wp-json\/wp\/v2\/comments?post=5130"}],"version-history":[{"count":1,"href":"https:\/\/agora.xtec.cat\/iescanpeixauet\/wp-json\/wp\/v2\/pages\/5130\/revisions"}],"predecessor-version":[{"id":5141,"href":"https:\/\/agora.xtec.cat\/iescanpeixauet\/wp-json\/wp\/v2\/pages\/5130\/revisions\/5141"}],"up":[{"embeddable":true,"href":"https:\/\/agora.xtec.cat\/iescanpeixauet\/wp-json\/wp\/v2\/pages\/672"}],"wp:attachment":[{"href":"https:\/\/agora.xtec.cat\/iescanpeixauet\/wp-json\/wp\/v2\/media?parent=5130"}],"curies":[{"name":"wp","href":"https:\/\/api.w.org\/{rel}","templated":true}]}}