{"id":5109,"date":"2020-05-26T11:51:40","date_gmt":"2020-05-26T09:51:40","guid":{"rendered":"http:\/\/agora.xtec.cat\/iescanpeixauet\/?page_id=5109"},"modified":"2022-10-05T09:38:17","modified_gmt":"2022-10-05T07:38:17","slug":"tramits","status":"publish","type":"page","link":"https:\/\/agora.xtec.cat\/iescanpeixauet\/administracio\/tramits\/","title":{"rendered":"Tr\u00e0mits"},"content":{"rendered":"<h3>Preinscripci\u00f3 i matr\u00edcula<\/h3>\n<p>En aquest espai podeu consultar tota la informaci\u00f3 actualitzada per fer la <strong>preinscripci\u00f3<\/strong>\u00a0al nostre centre per al curs 2020-21.<\/p>\n<table class=\" aligncenter\" style=\"width: 908px;\">\n<tbody>\n<tr>\n<td style=\"width: 440.109375px;\"><a href=\"https:\/\/agora.xtec.cat\/iescanpeixauet\/wp-content\/uploads\/usu1366\/2020\/02\/Captura-de-Pantalla-2020-05-25-a-les-11.10.25.png\"><img loading=\"lazy\" decoding=\"async\" class=\"alignnone size-full wp-image-5074\" src=\"https:\/\/agora.xtec.cat\/iescanpeixauet\/wp-content\/uploads\/usu1366\/2020\/02\/Captura-de-Pantalla-2020-05-25-a-les-11.10.25.png\" alt=\"\" width=\"684\" height=\"161\" srcset=\"https:\/\/agora.xtec.cat\/iescanpeixauet\/wp-content\/uploads\/usu1366\/2020\/02\/Captura-de-Pantalla-2020-05-25-a-les-11.10.25.png 684w, https:\/\/agora.xtec.cat\/iescanpeixauet\/wp-content\/uploads\/usu1366\/2020\/02\/Captura-de-Pantalla-2020-05-25-a-les-11.10.25-300x71.png 300w\" sizes=\"auto, (max-width: 684px) 100vw, 684px\" \/><\/a><\/td>\n<td style=\"width: 459.90625px;\"><a href=\"https:\/\/agora.xtec.cat\/iescanpeixauet\/wp-content\/uploads\/usu1366\/2020\/02\/Captura-de-Pantalla-2020-05-25-a-les-11.54.37.png\"><img loading=\"lazy\" decoding=\"async\" class=\"alignnone size-full wp-image-5081\" src=\"https:\/\/agora.xtec.cat\/iescanpeixauet\/wp-content\/uploads\/usu1366\/2020\/02\/Captura-de-Pantalla-2020-05-25-a-les-11.54.37.png\" alt=\"\" width=\"693\" height=\"169\" srcset=\"https:\/\/agora.xtec.cat\/iescanpeixauet\/wp-content\/uploads\/usu1366\/2020\/02\/Captura-de-Pantalla-2020-05-25-a-les-11.54.37.png 693w, https:\/\/agora.xtec.cat\/iescanpeixauet\/wp-content\/uploads\/usu1366\/2020\/02\/Captura-de-Pantalla-2020-05-25-a-les-11.54.37-300x73.png 300w\" sizes=\"auto, (max-width: 693px) 100vw, 693px\" \/><\/a><\/td>\n<\/tr>\n<tr>\n<td style=\"width: 440.109375px;\"><a href=\"https:\/\/agora.xtec.cat\/iescanpeixauet\/wp-content\/uploads\/usu1366\/2020\/02\/Informaci\u00f3-preinscripci\u00f3-Batxillerat-2020-web-1.pdf\"><strong>M\u00e9s info +<\/strong><\/a><\/td>\n<td style=\"width: 459.90625px;\"><a href=\"https:\/\/agora.xtec.cat\/iescanpeixauet\/wp-content\/uploads\/usu1366\/2020\/02\/Preinscripci\u00f3-ESO-2020-web.pdf\"><strong>M\u00e9s info +<\/strong><\/a><\/td>\n<\/tr>\n<\/tbody>\n<\/table>\n<p>&nbsp;<\/p>\n<p style=\"text-align: center;\"><strong><span style=\"color: #ff0000;\">IMPORTANT!!<\/span> <\/strong>Per a les fam\u00edlies del centre que continuen el curs vinent no cal realitzar cap tr\u00e0mit, la confirmaci\u00f3 de pla\u00e7a es realitza de forma autom\u00e0tica.<\/p>\n<hr \/>\n<h3>Confirmaci\u00f3 de pla\u00e7a<\/h3>\n<p>Per als alumnes que continuen al centre els tutors I tutores de cada grup poden descarregar la documentaci\u00f3 seg\u00fcent:<\/p>\n<ul style=\"list-style-type: square;\">\n<li><a href=\"https:\/\/drive.google.com\/drive\/folders\/1TQpDMSzkA5FpfeBwtlos6NvGGpALnUCE?usp=sharing\">Full d&#8217;actualitzaci\u00f3 de dades i confirmaci\u00f3 de pla\u00e7a per al curs 2020\/2021 <\/a>per als alumnes de 1r a 3r d&#8217;ESO d&#8217;enguany.<\/li>\n<li><a href=\"https:\/\/agora.xtec.cat\/iescanpeixauet\/wp-content\/uploads\/usu1366\/2020\/05\/INFORMACI\u00d3-AMPA-20-21.pdf\">Nota informativa de l&#8217;AMPA.<\/a><\/li>\n<\/ul>\n<p>&nbsp;<\/p>\n","protected":false},"excerpt":{"rendered":"<p>Preinscripci\u00f3 i matr\u00edcula<br \/>\nEn aquest espai podeu consultar tota la informaci\u00f3 actualitzada per fer la preinscripci\u00f3\u00a0al nostre centre per al curs 2020-21.<\/p>\n<p><a href=\"https:\/\/agora.xtec.cat\/iescanpeixauet\/wp-content\/uploads\/usu1366\/2020\/02\/Captura-de-Pantalla-2020-05-25-a-les-11.10.25.png\"><\/a><br \/>\n<a href=\"https:\/\/agora.xtec.cat\/iescanpeixauet\/wp-content\/uploads\/usu1366\/2020\/02\/Captura-de-Pantalla-2020-05-25-a-les-11.54.37.png\"><\/a><\/p>\n<p><a href=\"https:\/\/agora.xtec.cat\/iescanpeixauet\/wp-content\/uploads\/usu1366\/2020\/02\/Informaci\u00f3-preinscripci\u00f3-Batxillerat-2020-web-1.pdf\">M\u00e9s info +<\/a><br \/>\n<a href=\"https:\/\/agora.xtec.cat\/iescanpeixauet\/wp-content\/uploads\/usu1366\/2020\/02\/Preinscripci\u00f3-ESO-2020-web.pdf\">M\u00e9s info +<\/a><\/p>\n<p>&nbsp;<br \/>\nIMPORTANT!! Per a les fam\u00edlies del centre que continuen el curs vinent no cal realitzar cap tr\u00e0mit,&hellip;  <a href=\"https:\/\/agora.xtec.cat\/iescanpeixauet\/administracio\/tramits\/\" title=\"Read Tr\u00e0mits\">Llegeix m\u00e9s\u00bb<\/a><\/p>\n","protected":false},"author":10,"featured_media":0,"parent":7876,"menu_order":0,"comment_status":"closed","ping_status":"closed","template":"page-templates\/side-menu.php","meta":{"_bbp_topic_count":0,"_bbp_reply_count":0,"_bbp_total_topic_count":0,"_bbp_total_reply_count":0,"_bbp_voice_count":0,"_bbp_anonymous_reply_count":0,"_bbp_topic_count_hidden":0,"_bbp_reply_count_hidden":0,"_bbp_forum_subforum_count":0,"footnotes":""},"class_list":["post-5109","page","type-page","status-publish","hentry"],"post_mailing_queue_ids":[],"_links":{"self":[{"href":"https:\/\/agora.xtec.cat\/iescanpeixauet\/wp-json\/wp\/v2\/pages\/5109","targetHints":{"allow":["GET"]}}],"collection":[{"href":"https:\/\/agora.xtec.cat\/iescanpeixauet\/wp-json\/wp\/v2\/pages"}],"about":[{"href":"https:\/\/agora.xtec.cat\/iescanpeixauet\/wp-json\/wp\/v2\/types\/page"}],"author":[{"embeddable":true,"href":"https:\/\/agora.xtec.cat\/iescanpeixauet\/wp-json\/wp\/v2\/users\/10"}],"replies":[{"embeddable":true,"href":"https:\/\/agora.xtec.cat\/iescanpeixauet\/wp-json\/wp\/v2\/comments?post=5109"}],"version-history":[{"count":4,"href":"https:\/\/agora.xtec.cat\/iescanpeixauet\/wp-json\/wp\/v2\/pages\/5109\/revisions"}],"predecessor-version":[{"id":5129,"href":"https:\/\/agora.xtec.cat\/iescanpeixauet\/wp-json\/wp\/v2\/pages\/5109\/revisions\/5129"}],"up":[{"embeddable":true,"href":"https:\/\/agora.xtec.cat\/iescanpeixauet\/wp-json\/wp\/v2\/pages\/7876"}],"wp:attachment":[{"href":"https:\/\/agora.xtec.cat\/iescanpeixauet\/wp-json\/wp\/v2\/media?parent=5109"}],"curies":[{"name":"wp","href":"https:\/\/api.w.org\/{rel}","templated":true}]}}