{"id":5066,"date":"2020-05-24T10:13:39","date_gmt":"2020-05-24T08:13:39","guid":{"rendered":"http:\/\/agora.xtec.cat\/iescanpeixauet\/?page_id=5066"},"modified":"2023-06-10T09:53:12","modified_gmt":"2023-06-10T07:53:12","slug":"normativa-eso","status":"publish","type":"page","link":"https:\/\/agora.xtec.cat\/iescanpeixauet\/normativa-eso\/","title":{"rendered":"Treball de s\u00edntesi i projecte de recerca"},"content":{"rendered":"<table style=\"height: 361px; border-style: hidden;\">\n<tbody>\n<tr style=\"height: 241px;\">\n<td style=\"height: 241px; width: 1168px;\">\n<h2><strong>Treball de s\u00edntesi\u00a0[Es fa en els cursos de 1r, 2n i 3r d&#8217;ESO].<\/strong><\/h2>\n<p style=\"text-align: justify;\">El <strong>treball de s\u00edntesi<\/strong> \u00e9s un conjunt d&#8217;activitats d&#8217;ensenyament i aprenentatge, fetes en equip, per desenvolupar compet\u00e8ncies complexes i comprovar si s&#8217;ha aconseguit, i fins a quin punt, que l&#8217;alumnat sigui capa\u00e7 d&#8217;aplicar les compet\u00e8ncies b\u00e0siques treballades en les diferents mat\u00e8ries per a la resoluci\u00f3 de q\u00fcestions i problemes relacionats amb la vida pr\u00e0ctica. Integra continguts de diverses mat\u00e8ries i admet diferents concrecions temporals.<\/p>\n<p>El treball de s\u00edntesi en el document\u00a0<a title=\"Concreci\u00f3 i desenvolupament del curr\u00edculum de l'ESO\" href=\"https:\/\/documents.espai.educacio.gencat.cat\/IPCNormativa\/DOIGC\/CUR_ESO.pdf\" target=\"_blank\" rel=\"noopener\">Concreci\u00f3 i desenvolupament del curr\u00edculum de l&#8217;ESO<\/a>.<\/td>\n<\/tr>\n<tr style=\"height: 31px;\">\n<td style=\"height: 31px; width: 1168px;\">\n<table style=\"border-collapse: collapse; width: 100%;\">\n<tbody>\n<tr>\n<td style=\"width: 34.52950558213716%;\">\n<h2 style=\"text-align: center;\"><span style=\"color: #000000;\">Treball de s\u00edntesi de <\/span><span style=\"color: #000000;\">1r d&#8217;ESO<\/span><\/h2>\n<\/td>\n<td style=\"width: 32.73524720893141%;\">\n<h2 style=\"text-align: center;\"><span style=\"color: #000000;\">Treball de s\u00edntesi de 2n\u00a0d&#8217;ESO<\/span><\/h2>\n<\/td>\n<td style=\"width: 32.73524720893142%;\">\n<h2 style=\"text-align: center;\"><span style=\"color: #000000;\">Treball de s\u00edntesi de\u00a03r d&#8217;ESO<\/span><\/h2>\n<\/td>\n<\/tr>\n<tr>\n<td style=\"width: 34.52950558213716%;\">\n<h2 style=\"text-align: center;\"><a href=\"https:\/\/sites.google.com\/inscanpeixauet.cat\/ts1resocanpe\/p%C3%A0gina-principal\/com-savaluar%C3%A0-el-treball\">Coneguem el Canpe<\/a><\/h2>\n<\/td>\n<td style=\"width: 32.73524720893141%;\">\n<h4 style=\"text-align: center;\"><\/h4>\n<\/td>\n<td style=\"width: 32.73524720893142%;\">\n<h4 style=\"text-align: center;\"><\/h4>\n<\/td>\n<\/tr>\n<\/tbody>\n<\/table>\n<\/td>\n<\/tr>\n<tr style=\"height: 57px;\">\n<td style=\"height: 57px; width: 1168px;\">\n<div class=\"Estilo15\" align=\"right\">\n<h2 style=\"text-align: left;\"><strong>Projecte de recerca [<\/strong><strong>Es fa en 4t d&#8217;ESO].<\/strong><\/h2>\n<p style=\"text-align: left;\">El <strong>projecte de recerca<\/strong> \u00e9s un conjunt d&#8217;activitats de descoberta i recerca realitzades per l&#8217;alumnat de 4t d&#8217;ESO en equip, sobre un tema transversal del curr\u00edculum o focalitzat en un \u00e0mbit determinat, per tal de comprovar el grau d&#8217;autonomia de l&#8217;alumnat i la seva capacitat per treballar en grup.<\/p>\n<p style=\"text-align: left;\">El projecte de recerca en el document <a title=\"Concreci\u00f3 i desenvolupament del curr\u00edculum de l'ESO\" href=\"https:\/\/documents.espai.educacio.gencat.cat\/IPCNormativa\/DOIGC\/CUR_ESO.pdf\" target=\"_blank\" rel=\"noopener\">Concreci\u00f3 i desenvolupament del curr\u00edculum de l&#8217;ESO<\/a>.<\/p>\n<table style=\"border-collapse: collapse; width: 100%;\">\n<tbody>\n<tr>\n<td style=\"width: 100%;\">\n<h2 style=\"text-align: left;\"><span style=\"color: #000000;\">Projecte de recerca de 4t<\/span><span style=\"color: #000000;\">\u00a0d&#8217;ESO<\/span><\/h2>\n<\/td>\n<\/tr>\n<tr>\n<td style=\"width: 100%;\">\n<h2 style=\"text-align: left;\"><span style=\"color: #000000;\">\u00a0<\/span><\/h2>\n<\/td>\n<\/tr>\n<\/tbody>\n<\/table>\n<\/div>\n<\/td>\n<\/tr>\n<\/tbody>\n<\/table>\n","protected":false},"excerpt":{"rendered":"<p>Treball de s\u00edntesi\u00a0[Es fa en els cursos de 1r, 2n i 3r d&#8217;ESO].<br \/>\nEl treball de s\u00edntesi \u00e9s un conjunt d&#8217;activitats d&#8217;ensenyament i aprenentatge, fetes en equip, per desenvolupar compet\u00e8ncies complexes i comprovar si s&#8217;ha aconseguit, i fins a quin punt, que l&#8217;alumnat sigui capa\u00e7 d&#8217;aplicar&hellip;  <a href=\"https:\/\/agora.xtec.cat\/iescanpeixauet\/normativa-eso\/\" title=\"Read Treball de s\u00edntesi i projecte de recerca\">Llegeix m\u00e9s\u00bb<\/a><\/p>\n","protected":false},"author":10,"featured_media":0,"parent":0,"menu_order":0,"comment_status":"closed","ping_status":"closed","template":"page-templates\/side-menu.php","meta":{"_bbp_topic_count":0,"_bbp_reply_count":0,"_bbp_total_topic_count":0,"_bbp_total_reply_count":0,"_bbp_voice_count":0,"_bbp_anonymous_reply_count":0,"_bbp_topic_count_hidden":0,"_bbp_reply_count_hidden":0,"_bbp_forum_subforum_count":0,"footnotes":""},"class_list":["post-5066","page","type-page","status-publish","hentry"],"post_mailing_queue_ids":[],"_links":{"self":[{"href":"https:\/\/agora.xtec.cat\/iescanpeixauet\/wp-json\/wp\/v2\/pages\/5066","targetHints":{"allow":["GET"]}}],"collection":[{"href":"https:\/\/agora.xtec.cat\/iescanpeixauet\/wp-json\/wp\/v2\/pages"}],"about":[{"href":"https:\/\/agora.xtec.cat\/iescanpeixauet\/wp-json\/wp\/v2\/types\/page"}],"author":[{"embeddable":true,"href":"https:\/\/agora.xtec.cat\/iescanpeixauet\/wp-json\/wp\/v2\/users\/10"}],"replies":[{"embeddable":true,"href":"https:\/\/agora.xtec.cat\/iescanpeixauet\/wp-json\/wp\/v2\/comments?post=5066"}],"version-history":[{"count":4,"href":"https:\/\/agora.xtec.cat\/iescanpeixauet\/wp-json\/wp\/v2\/pages\/5066\/revisions"}],"predecessor-version":[{"id":8705,"href":"https:\/\/agora.xtec.cat\/iescanpeixauet\/wp-json\/wp\/v2\/pages\/5066\/revisions\/8705"}],"wp:attachment":[{"href":"https:\/\/agora.xtec.cat\/iescanpeixauet\/wp-json\/wp\/v2\/media?parent=5066"}],"curies":[{"name":"wp","href":"https:\/\/api.w.org\/{rel}","templated":true}]}}