{"id":4993,"date":"2020-05-23T06:52:59","date_gmt":"2020-05-23T04:52:59","guid":{"rendered":"http:\/\/agora.xtec.cat\/iescanpeixauet\/?page_id=4993"},"modified":"2021-04-06T12:42:12","modified_gmt":"2021-04-06T10:42:12","slug":"oferta-pfi","status":"publish","type":"page","link":"https:\/\/agora.xtec.cat\/iescanpeixauet\/orientacio\/oferta-pfi\/","title":{"rendered":"Els Programes de Formaci\u00f3 i Inserci\u00f3 &#8211; [PFI]"},"content":{"rendered":"<p style=\"text-align: justify;\">Els\u00a0<a href=\"http:\/\/queestudiar.gencat.cat\/ca\/orientacio\/joves\/informo-ensenyaments\/explora_mapa_destudis\/programes_formacio_insercio\/\"><strong>programes de formaci\u00f3 i inserci\u00f3 (PFI)<\/strong>\u00a0<\/a>s\u00f3n <strong>voluntaris<\/strong> i estan pensats per a <strong>joves d&#8217;entre 16 i 21 anys<\/strong> en l&#8217;any d&#8217;inici del programa, que hagin deixat l&#8217;educaci\u00f3 secund\u00e0ria obligat\u00f2ria (ESO) sense obtenir-ne el t\u00edtol i que, en el moment d&#8217;iniciar els programes, no segueixin estudis en el sistema educatiu ni participin en altres accions de formaci\u00f3.<a href=\"https:\/\/agora.xtec.cat\/iescanpeixauet\/wp-content\/uploads\/usu1366\/2020\/06\/Infografia-PFI-2018-19.pdf\"><img loading=\"lazy\" decoding=\"async\" class=\"alignright wp-image-5064 size-full\" src=\"https:\/\/agora.xtec.cat\/iescanpeixauet\/wp-content\/uploads\/usu1366\/2020\/05\/logo_pfi.png\" alt=\"\" width=\"631\" height=\"333\" srcset=\"https:\/\/agora.xtec.cat\/iescanpeixauet\/wp-content\/uploads\/usu1366\/2020\/05\/logo_pfi.png 631w, https:\/\/agora.xtec.cat\/iescanpeixauet\/wp-content\/uploads\/usu1366\/2020\/05\/logo_pfi-300x158.png 300w\" sizes=\"auto, (max-width: 631px) 100vw, 631px\" \/><\/a><\/p>\n<p style=\"text-align: justify;\">L&#8217;objectiu\u00a0dels PFI \u00e9s proporcionar-los, d&#8217;una banda, la possibilitat de <strong>tornar al sistema educatiu<\/strong> (a la formaci\u00f3 professional) i, de l&#8217;altra, l&#8217;aprenentatge imprescindible per <strong>accedir al mercat de treball\u00a0<\/strong>amb millors possibilitats d&#8217;obtenir una ocupaci\u00f3 qualificada i duradora.<\/p>\n<p style=\"text-align: justify;\">Els PFI s&#8217;adscriuen a diferents\u00a0<strong>fam\u00edlies professionals<\/strong>.<\/p>\n<p style=\"text-align: justify;\">Tenen una durada total de 1.000 hores, <strong>un curs acad\u00e8mic<\/strong>.<\/p>\n<p>M\u00e9s informaci\u00f3 a <a href=\"http:\/\/xtec.gencat.cat\/ca\/curriculum\/professionals\/pfi\/\">http:\/\/xtec.gencat.cat\/ca\/curriculum\/professionals\/pfi\/<\/a><\/p>\n<p>&nbsp;<\/p>\n<h5><a href=\"https:\/\/agora.xtec.cat\/iescanpeixauet\/wp-content\/uploads\/usu1366\/2020\/06\/Calendari-preinscripci\u00f3-2020-2021-PFI.doc\">Calendari de preinscripcions<\/a><\/h5>\n<p>A continuaci\u00f3n oferim un recull d&#8217;alguns PFI que poden ser d&#8217;inter\u00e8s per las nostres alumnes:<\/p>\n<table style=\"width: 1032px; height: 400px;\">\n<tbody>\n<tr style=\"height: 58px;\">\n<td style=\"height: 58px; width: 294px;\">\n<h4><span style=\"color: #000000;\">PROGRAMES DE FORMACI\u00d3 I INSERCI\u00d3 [<span style=\"color: #800000;\">NEE*<\/span>].<\/span><\/h4>\n<\/td>\n<td style=\"height: 58px; width: 419px;\">\n<h4 style=\"text-align: center;\">OFERTA<\/h4>\n<\/td>\n<td style=\"width: 309px; height: 58px;\">\n<h4 style=\"text-align: center;\">OBSERVACIONS<\/h4>\n<\/td>\n<\/tr>\n<tr style=\"height: 122px;\">\n<td style=\"width: 294px; height: 122px;\">\n<h4><a href=\"https:\/\/agora.xtec.cat\/ceemaregassa\/\">CEE MAREGASSA<\/a><\/h4>\n<\/td>\n<td style=\"width: 419px; height: 122px;\">\n<ul style=\"list-style-type: square;\">\n<li>Auxiliar en activitats d\u2019oficina i en serveis administratius generals<\/li>\n<li><span style=\"font-family: inherit; font-size: 1em;\">Auxiliar en vivers i jardins<\/span><\/li>\n<li>Auxiliar de comer\u00e7 i atenci\u00f3 al p\u00fablic<\/li>\n<li>Auxiliar de cuina i serveis de restauraci\u00f3<\/li>\n<\/ul>\n<\/td>\n<td style=\"width: 309px; height: 122px;\"><\/td>\n<\/tr>\n<tr style=\"height: 31px;\">\n<td style=\"width: 294px; height: 31px;\">\n<h4><a href=\"http:\/\/www.aprenents.cat\/\">Escola d&#8217;Aprenents Sant Gen\u00eds dels Agudells<\/a><\/h4>\n<\/td>\n<td style=\"width: 419px; height: 31px;\">\n<ul style=\"list-style-type: square;\">\n<li>Hostaleria (Cuina i Serveis)<\/li>\n<li>Fusteria<\/li>\n<li style=\"text-align: justify;\">Serveis Administratius<\/li>\n<\/ul>\n<\/td>\n<td style=\"width: 309px; height: 31px; text-align: justify;\"><\/td>\n<\/tr>\n<tr style=\"height: 31px;\">\n<td style=\"width: 294px; height: 10px;\">\n<h4 style=\"text-align: justify;\"><span style=\"font-family: inherit; font-size: 1em;\"><a href=\"http:\/\/guiafp.fundaciobcnfp.cat\/centres\/ptt-sant-adria-del-besos\/\">PTT Sant Adri\u00e0 del Bes\u00f2s<\/a><\/span><\/h4>\n<p style=\"text-align: justify;\">Adre\u00e7a on es realitzar\u00e0 la formaci\u00f3:<\/p>\n<p style=\"text-align: justify;\">Edifici Bes\u00f2s c. Pi i Gibert, s\/n \/ Pl. Francesc. Michel\u00ed i Jov\u00e9, s\/n<\/p>\n<p style=\"text-align: justify;\">Adre\u00e7a per a la preinscripci\u00f3 (nom\u00e9s en cas que no es pugui realitzar de forma telem\u00e0tica i amb cita pr\u00e8via):<\/p>\n<p style=\"text-align: justify;\">INS Escola de la MinaCarrer de Ramon Llull, 450, 458, Sant Adri\u00e0 de Bes\u00f2s, Barcelona Tel\u00e8fon: 933 81 18 16<\/p>\n<\/td>\n<td style=\"width: 419px; height: 10px;\">\n<ul style=\"list-style-type: square;\">\n<li><a href=\"http:\/\/guiafp.fundaciobcnfp.cat\/cicles\/auxiliar-de-reparacio-i-manteniment-de-vehicles-lleugers\/\">Auxiliar de Reparaci\u00f3 i Manteniment de Vehicles Lleugers \u00a0<\/a> [<a href=\"https:\/\/agora.xtec.cat\/iescanpeixauet\/wp-content\/uploads\/usu1366\/2020\/05\/Triptic_difusi\u00f3-2020-2021.pdf\">Tr\u00edptic informatiu<\/a>]<\/li>\n<li><a href=\"http:\/\/guiafp.fundaciobcnfp.cat\/cicles\/auxiliar-de-vendes-oficina-i-atencio-al-public\/\">Auxiliar de Vendes, Oficina i Atenci\u00f3 al P\u00fablic.<\/a> [<a href=\"https:\/\/agora.xtec.cat\/iescanpeixauet\/wp-content\/uploads\/usu1366\/2020\/05\/D\u00edptic_difusio-2020-2021.pdf\">D\u00edptic informatiu<\/a>]<\/li>\n<\/ul>\n<\/td>\n<td style=\"width: 309px; height: 10px; text-align: justify;\">Han habilitat un numero de whatsapp per a donar i recollir informaci\u00f3.\u00a0En principi la recollida de <a href=\"https:\/\/agora.xtec.cat\/iescanpeixauet\/wp-content\/uploads\/usu1366\/2020\/05\/Documents-preinscripci\u00f3-i-criteris-punts.docx\">documentaci\u00f3<\/a> es far\u00e0 via whatsapp i via correu electr\u00f2nic al correu del centre PTT.<\/p>\n<p>&nbsp;<\/td>\n<\/tr>\n<tr style=\"height: 121px;\">\n<td style=\"width: 294px; height: 121px;\">\n<h4 class=\"entry-title\"><a href=\"https:\/\/agora.xtec.cat\/iesrb4\/ife\/\">Institut Ram\u00f3n Berenguer IV<\/a><\/h4>\n<\/td>\n<td style=\"width: 419px; height: 121px;\">\n<ul style=\"list-style-type: square;\">\n<li class=\"entry-title\"><a href=\"http:\/\/queestudiar.gencat.cat\/ca\/estudis\/ife\/itineraris\/cura-animals\/\">Auxiliar en Cura d\u2019Animals i Espais Verds<\/a><\/li>\n<\/ul>\n<\/td>\n<td style=\"width: 309px; text-align: justify; height: 121px;\">Poden accedir als itineraris els joves amb necessitats educatives especials associades a discapacitat intel\u00b7lectual lleu o moderada que tenen com a m\u00ednim 16 anys d\u2019edat i com a m\u00e0xim 20, l\u2019any natural d\u2019inici de l\u2019itinerari i preferentment que no hagin obtingut el t\u00edtol de graduat en educaci\u00f3 secund\u00e0ria obligat\u00f2ria.<\/td>\n<\/tr>\n<tr style=\"height: 58px;\">\n<td style=\"width: 294px; height: 58px;\">\n<h4 class=\"entry-title\"><a href=\"http:\/\/www.bcn.cat\/pontdeldrago\/\">CEE Pont del Drag\u00f3<\/a><\/h4>\n<\/td>\n<td style=\"width: 419px; height: 58px;\">\n<ul style=\"list-style-type: square;\">\n<li><a href=\"https:\/\/agora.xtec.cat\/iescanpeixauet\/wp-content\/uploads\/usu1366\/2021\/04\/Programa-Formaci\u00f3-Inserci\u00f3-Administratiu-21-22.pdf\">AUXILIAR EN ACTIVITATS D\u2019OFICINA I EN SERVEIS ADMINISTRATIUS GENERALS (<strong>NEE<\/strong>)<\/a><\/li>\n<li><a href=\"https:\/\/agora.xtec.cat\/iescanpeixauet\/wp-content\/uploads\/usu1366\/2021\/04\/Programa-Formaci\u00f3-Inserci\u00f3-Arts-Gr\u00e0fiques-21-22.pdf\">AUXILIAR DE DISSENY EN ARTS GR\u00c0FIQUES (<strong>NEE<\/strong>) <\/a><\/li>\n<\/ul>\n<\/td>\n<td style=\"width: 309px; text-align: justify; height: 58px;\">Adre\u00e7at a joves amb discapacitat motriu que compleixen com a m\u00ednim 16 anys i com a m\u00e0xim 21 en l\u2019any d\u2019inici del programa i que no tinguin el graduat en ESO*.Cal lliurar la seg\u00fcent <a href=\"https:\/\/agora.xtec.cat\/iescanpeixauet\/wp-content\/uploads\/usu1366\/2021\/04\/Documentaci\u00f3-i-puntuaci\u00f3-preinscripci\u00f3-2021-2022.pdf\">documentaci\u00f3<\/a>.Veure<a href=\"https:\/\/agora.xtec.cat\/iescanpeixauet\/wp-content\/uploads\/usu1366\/2021\/04\/TR\u00cdPTIC-FINAL-2021.pdf\"> tr\u00edptic<\/a>.<\/td>\n<\/tr>\n<\/tbody>\n<\/table>\n<p>&nbsp;<\/p>\n<table style=\"height: 146px; width: 1026px;\">\n<tbody>\n<tr style=\"height: 58px;\">\n<td style=\"height: 58px; width: 294px;\">\n<h4><span style=\"color: #000000;\">PROGRAMES DE FORMACI\u00d3 I INSERCI\u00d3.<\/span><\/h4>\n<\/td>\n<td style=\"height: 58px; width: 410px;\">\n<h4 style=\"text-align: center;\"><span style=\"color: #000000;\">OFERTA<\/span><\/h4>\n<\/td>\n<td style=\"width: 312px; height: 58px;\">\n<h4 style=\"text-align: center;\"><span style=\"color: #000000;\">OBSERVACIONS<\/span><\/h4>\n<\/td>\n<\/tr>\n<tr style=\"height: 122px;\">\n<td style=\"width: 294px; height: 26px;\">\n<h4><a href=\"http:\/\/www.ieslesvinyes.org\/index.php\/estudis\/pfi\">Institut Les Vinyes<\/a><\/h4>\n<\/td>\n<td style=\"width: 410px; height: 26px;\">\n<ul style=\"list-style-type: square;\">\n<li><a href=\"http:\/\/queestudiar.gencat.cat\/ca\/estudis\/pfi\/cicles\/imatge-personal\/?p_id=2777&amp;estudi\"><span style=\"font-family: inherit; font-size: 1em;\">Auxiliar en Imatge Personal: Perruqueria i Est\u00e8tica<\/span><\/a><\/li>\n<li>\n<div>\n<p><a href=\"http:\/\/queestudiar.gencat.cat\/ca\/estudis\/pfi\/cicles\/transport-manten-vehicles\/?p_id=2775&amp;estudi\">Auxiliar de Reparaci\u00f3 i Manteniment de Vehicles Lleugers<\/a><\/p>\n<\/div>\n<\/li>\n<\/ul>\n<\/td>\n<td style=\"width: 312px; height: 26px;\"><a href=\"https:\/\/agora.xtec.cat\/iescanpeixauet\/wp-content\/uploads\/usu1366\/2020\/06\/FULL-INFORMATIU-PFI.pdf\">Full informatiu<\/a>.<\/td>\n<\/tr>\n<tr style=\"height: 31px;\">\n<td style=\"width: 294px; height: 31px;\">\n<h4><a href=\"https:\/\/agora.xtec.cat\/iesterraroja\/\">Institut Terra Roja<\/a><\/h4>\n<\/td>\n<td style=\"width: 410px; height: 31px;\">\n<ul style=\"list-style-type: square;\">\n<li><a href=\"http:\/\/queestudiar.gencat.cat\/ca\/estudis\/ife\/itineraris\/vendes\/index.html\">Auxiliar de vendes, oficina i atenci\u00f3 al p\u00fablic<\/a><\/li>\n<\/ul>\n<\/td>\n<td style=\"width: 312px; height: 31px; text-align: justify;\">En aquest\u00a0<a href=\"https:\/\/view.genial.ly\/5eb17fcd625ccd0d291afd5b\/guide-portes-obertes-pfi\" target=\"_blank\" rel=\"noopener noreferrer\">enlla\u00e7<\/a>\u00a0podreu trobar la presentaci\u00f3 de les portes obertes del\u00a0<strong>PFI d\u2019auxiliar de vendes, oficina i atenci\u00f3 al p\u00fablic<\/strong>.<\/td>\n<\/tr>\n<tr style=\"height: 31px;\">\n<td style=\"width: 294px; height: 31px;\">\n<h4><a href=\"https:\/\/agora.xtec.cat\/ieslabastida\/\">Institut la Bastida<\/a><\/h4>\n<\/td>\n<td style=\"width: 410px; height: 31px;\">\n<ul style=\"list-style-type: square;\">\n<li><a href=\"http:\/\/queestudiar.gencat.cat\/ca\/estudis\/pfi\/cicles\/edif-obra-civil\/?p_id=2753&amp;estudi\">Auxiliar de Pintura<\/a><\/li>\n<\/ul>\n<\/td>\n<td style=\"width: 312px; height: 31px; text-align: justify;\">Presentaci\u00f3 de <a href=\"https:\/\/agora.xtec.cat\/ieslabastida\/general\/oberta-la-preinscripcio-a-pfi\/\">sol\u00b7licituds<\/a> a l\u00b4e-mail del centre (\u00a0<u><a href=\"mailto:a8037176@xtec.cat\">a8037176@xtec.cat<\/a><\/u>\u00a0)<\/td>\n<\/tr>\n<\/tbody>\n<\/table>\n<p>&nbsp;<\/p>\n","protected":false},"excerpt":{"rendered":"<p>Els\u00a0<a href=\"http:\/\/queestudiar.gencat.cat\/ca\/orientacio\/joves\/informo-ensenyaments\/explora_mapa_destudis\/programes_formacio_insercio\/\">programes de formaci\u00f3 i inserci\u00f3 (PFI)\u00a0<\/a>s\u00f3n voluntaris i estan pensats per a joves d&#8217;entre 16 i 21 anys en l&#8217;any d&#8217;inici del programa, que hagin deixat l&#8217;educaci\u00f3 secund\u00e0ria obligat\u00f2ria (ESO) sense obtenir-ne el t\u00edtol i que, en el moment d&#8217;iniciar els programes, no segueixin&hellip;  <a href=\"https:\/\/agora.xtec.cat\/iescanpeixauet\/orientacio\/oferta-pfi\/\" title=\"Read Els Programes de Formaci\u00f3 i Inserci\u00f3 &#8211; [PFI]\">Llegeix m\u00e9s\u00bb<\/a><\/p>\n","protected":false},"author":10,"featured_media":0,"parent":672,"menu_order":0,"comment_status":"closed","ping_status":"closed","template":"page-templates\/side-menu.php","meta":{"_bbp_topic_count":0,"_bbp_reply_count":0,"_bbp_total_topic_count":0,"_bbp_total_reply_count":0,"_bbp_voice_count":0,"_bbp_anonymous_reply_count":0,"_bbp_topic_count_hidden":0,"_bbp_reply_count_hidden":0,"_bbp_forum_subforum_count":0,"footnotes":""},"class_list":["post-4993","page","type-page","status-publish","hentry"],"post_mailing_queue_ids":[],"_links":{"self":[{"href":"https:\/\/agora.xtec.cat\/iescanpeixauet\/wp-json\/wp\/v2\/pages\/4993","targetHints":{"allow":["GET"]}}],"collection":[{"href":"https:\/\/agora.xtec.cat\/iescanpeixauet\/wp-json\/wp\/v2\/pages"}],"about":[{"href":"https:\/\/agora.xtec.cat\/iescanpeixauet\/wp-json\/wp\/v2\/types\/page"}],"author":[{"embeddable":true,"href":"https:\/\/agora.xtec.cat\/iescanpeixauet\/wp-json\/wp\/v2\/users\/10"}],"replies":[{"embeddable":true,"href":"https:\/\/agora.xtec.cat\/iescanpeixauet\/wp-json\/wp\/v2\/comments?post=4993"}],"version-history":[{"count":3,"href":"https:\/\/agora.xtec.cat\/iescanpeixauet\/wp-json\/wp\/v2\/pages\/4993\/revisions"}],"predecessor-version":[{"id":6411,"href":"https:\/\/agora.xtec.cat\/iescanpeixauet\/wp-json\/wp\/v2\/pages\/4993\/revisions\/6411"}],"up":[{"embeddable":true,"href":"https:\/\/agora.xtec.cat\/iescanpeixauet\/wp-json\/wp\/v2\/pages\/672"}],"wp:attachment":[{"href":"https:\/\/agora.xtec.cat\/iescanpeixauet\/wp-json\/wp\/v2\/media?parent=4993"}],"curies":[{"name":"wp","href":"https:\/\/api.w.org\/{rel}","templated":true}]}}