{"id":4249,"date":"2019-12-04T11:29:33","date_gmt":"2019-12-04T10:29:33","guid":{"rendered":"http:\/\/agora.xtec.cat\/iescanpeixauet\/?page_id=4249"},"modified":"2021-07-21T10:19:20","modified_gmt":"2021-07-21T08:19:20","slug":"descobrim-la-biblioteca","status":"publish","type":"page","link":"https:\/\/agora.xtec.cat\/iescanpeixauet\/apadrinem-el-patrimoni\/descobrim-la-biblioteca\/","title":{"rendered":"Descobrim la biblioteca"},"content":{"rendered":"<p><a href=\"https:\/\/bibliotecavirtual.diba.cat\/santa-coloma-de-gramenet-biblioteca-can-peixauet\"><em><img loading=\"lazy\" decoding=\"async\" class=\"wp-image-3820 alignleft\" src=\"https:\/\/agora.xtec.cat\/iescanpeixauet\/wp-content\/uploads\/usu1366\/2019\/04\/Sense-t\u00edtol-2.png\" alt=\"\" width=\"298\" height=\"58\" \/><\/em><\/a><\/p>\n<p>&nbsp;<\/p>\n<p>&nbsp;<\/p>\n<p><a href=\"https:\/\/bibliotecavirtual.diba.cat\/santa-coloma-de-gramenet-biblioteca-can-peixauet\"><img loading=\"lazy\" decoding=\"async\" class=\"wp-image-3821 alignright\" src=\"https:\/\/agora.xtec.cat\/iescanpeixauet\/wp-content\/uploads\/usu1366\/2019\/04\/25_StaKo-Bibl-Can-Peixauet-1024x768.jpg\" alt=\"\" width=\"261\" height=\"196\" srcset=\"https:\/\/agora.xtec.cat\/iescanpeixauet\/wp-content\/uploads\/usu1366\/2019\/04\/25_StaKo-Bibl-Can-Peixauet.jpg 1024w, https:\/\/agora.xtec.cat\/iescanpeixauet\/wp-content\/uploads\/usu1366\/2019\/04\/25_StaKo-Bibl-Can-Peixauet-300x225.jpg 300w, https:\/\/agora.xtec.cat\/iescanpeixauet\/wp-content\/uploads\/usu1366\/2019\/04\/25_StaKo-Bibl-Can-Peixauet-768x576.jpg 768w, https:\/\/agora.xtec.cat\/iescanpeixauet\/wp-content\/uploads\/usu1366\/2019\/04\/25_StaKo-Bibl-Can-Peixauet-200x150.jpg 200w\" sizes=\"auto, (max-width: 261px) 100vw, 261px\" \/><\/a><\/p>\n<p><strong>Curs 19-20<\/strong><\/p>\n<p style=\"text-align: justify;\">Els alumnes de 1r d\u2019ESO visiten la biblioteca p\u00fablica de Can Peixauet. All\u00e0 se&#8217;ls explica la hist\u00f2ria de la biblioteca, les instal\u00b7lacions i els ha fet saber quins serveis prestaven.<\/p>\n<p style=\"text-align: justify;\">Ah! tamb\u00e9 se&#8217;ls fa el carnet als qui no en tenien.<\/p>\n<p><span style=\"font-weight: 400;\"><strong>Curs 20-21\u00a0<\/strong> <\/span><\/p>\n<p style=\"text-align: justify;\"><span style=\"font-weight: 400;\">Aquest curs, per causa de la COVID19 els alumnes han anat amb els seus pares o tutors a fer-se el carnet de la biblioteca i tenen un primer contacte.<\/span><\/p>\n<p style=\"text-align: justify;\"><span style=\"font-weight: 400;\">Tamb\u00e9 hem pogut visitat la Biblioteca amb la directora i con\u00e8ixer tots els espais, on s\u00f3n els llibres que ens agraden i com fer servir el cercador digital.<\/span><\/p>\n","protected":false},"excerpt":{"rendered":"<p><a href=\"https:\/\/bibliotecavirtual.diba.cat\/santa-coloma-de-gramenet-biblioteca-can-peixauet\"><\/a><br \/>\n&nbsp;<br \/>\n&nbsp;<br \/>\n<a href=\"https:\/\/bibliotecavirtual.diba.cat\/santa-coloma-de-gramenet-biblioteca-can-peixauet\"><\/a><br \/>\nCurs 19-20<br \/>\nEls alumnes de 1r d\u2019ESO visiten la biblioteca p\u00fablica de Can Peixauet. All\u00e0 se&#8217;ls explica la hist\u00f2ria de la biblioteca, les instal\u00b7lacions i els ha fet saber quins serveis prestaven.<br \/>\nAh! tamb\u00e9 se&#8217;ls fa el carnet als qui no en tenien.<br \/>\nCurs 20-21\u00a0<br \/>\nAquest&hellip;  <a href=\"https:\/\/agora.xtec.cat\/iescanpeixauet\/apadrinem-el-patrimoni\/descobrim-la-biblioteca\/\" title=\"Read Descobrim la biblioteca\">Llegeix m\u00e9s\u00bb<\/a><\/p>\n","protected":false},"author":4,"featured_media":0,"parent":4244,"menu_order":10,"comment_status":"closed","ping_status":"closed","template":"page-templates\/side-menu.php","meta":{"_bbp_topic_count":0,"_bbp_reply_count":0,"_bbp_total_topic_count":0,"_bbp_total_reply_count":0,"_bbp_voice_count":0,"_bbp_anonymous_reply_count":0,"_bbp_topic_count_hidden":0,"_bbp_reply_count_hidden":0,"_bbp_forum_subforum_count":0,"footnotes":""},"class_list":["post-4249","page","type-page","status-publish","hentry"],"post_mailing_queue_ids":[],"_links":{"self":[{"href":"https:\/\/agora.xtec.cat\/iescanpeixauet\/wp-json\/wp\/v2\/pages\/4249","targetHints":{"allow":["GET"]}}],"collection":[{"href":"https:\/\/agora.xtec.cat\/iescanpeixauet\/wp-json\/wp\/v2\/pages"}],"about":[{"href":"https:\/\/agora.xtec.cat\/iescanpeixauet\/wp-json\/wp\/v2\/types\/page"}],"author":[{"embeddable":true,"href":"https:\/\/agora.xtec.cat\/iescanpeixauet\/wp-json\/wp\/v2\/users\/4"}],"replies":[{"embeddable":true,"href":"https:\/\/agora.xtec.cat\/iescanpeixauet\/wp-json\/wp\/v2\/comments?post=4249"}],"version-history":[{"count":3,"href":"https:\/\/agora.xtec.cat\/iescanpeixauet\/wp-json\/wp\/v2\/pages\/4249\/revisions"}],"predecessor-version":[{"id":6731,"href":"https:\/\/agora.xtec.cat\/iescanpeixauet\/wp-json\/wp\/v2\/pages\/4249\/revisions\/6731"}],"up":[{"embeddable":true,"href":"https:\/\/agora.xtec.cat\/iescanpeixauet\/wp-json\/wp\/v2\/pages\/4244"}],"wp:attachment":[{"href":"https:\/\/agora.xtec.cat\/iescanpeixauet\/wp-json\/wp\/v2\/media?parent=4249"}],"curies":[{"name":"wp","href":"https:\/\/api.w.org\/{rel}","templated":true}]}}