{"id":4244,"date":"2019-12-04T11:22:54","date_gmt":"2019-12-04T10:22:54","guid":{"rendered":"http:\/\/agora.xtec.cat\/iescanpeixauet\/?page_id=4244"},"modified":"2021-07-21T10:16:12","modified_gmt":"2021-07-21T08:16:12","slug":"apadrinem-el-patrimoni","status":"publish","type":"page","link":"https:\/\/agora.xtec.cat\/iescanpeixauet\/apadrinem-el-patrimoni\/","title":{"rendered":"Apadrinem el nostre patrimoni"},"content":{"rendered":"<p><a href=\"https:\/\/agora.xtec.cat\/iescanpeixauet\/wp-content\/uploads\/usu1366\/2019\/12\/logo-CanPe-Apadrinem-2019.png\"><img loading=\"lazy\" decoding=\"async\" class=\"wp-image-4245 aligncenter\" src=\"https:\/\/agora.xtec.cat\/iescanpeixauet\/wp-content\/uploads\/usu1366\/2019\/12\/logo-CanPe-Apadrinem-2019.png\" alt=\"\" width=\"193\" height=\"76\" srcset=\"https:\/\/agora.xtec.cat\/iescanpeixauet\/wp-content\/uploads\/usu1366\/2019\/12\/logo-CanPe-Apadrinem-2019.png 553w, https:\/\/agora.xtec.cat\/iescanpeixauet\/wp-content\/uploads\/usu1366\/2019\/12\/logo-CanPe-Apadrinem-2019-300x118.png 300w\" sizes=\"auto, (max-width: 193px) 100vw, 193px\" \/><\/a><\/p>\n<p style=\"text-align: justify;\">El projecte <strong>Apadrinem el nostre patrimoni<\/strong> neix amb la finalitat de fomentar la implicaci\u00f3 de l&#8217;alumnat participant, com a subjecte actiu del proc\u00e9s d&#8217;aprenentatge, a partir del treball interdisciplinari i sobre els elements patrimonials de l&#8217;entorn per promoure l&#8217;equitat i la qualitat del sistema educatiu reflectida en la millora de les seves capacitats i compet\u00e8ncies.<\/p>\n<p style=\"text-align: justify;\"><span style=\"font-weight: 400;\">L&#8217;institut Can Peixauet apadrina l\u2019antiga masia sobre la qual s\u2019ha constru\u00eft la biblioteca p\u00fablica Can Peixauet, un edifici que forma part del patrimoni monumental i cultural de la nostra ciutat. <\/span><\/p>\n<p style=\"text-align: justify;\"><span style=\"font-weight: 400;\">Hem realitzat moltes activitats: dibuixos, treball en programes 3D, maquetes, p\u00f2sters, escrits, entrevistes, concurs de fotografies\u2026 tot\u00a0 amb la Biblioteca Can Peixauet com a eix central.<\/span><\/p>\n<p style=\"text-align: justify;\">El projecte s&#8217;emmarca en els seg\u00fcents <strong>\u00e0mbits<\/strong> definits per la Comissi\u00f3 d&#8217;Innovaci\u00f3:<\/p>\n<ol style=\"text-align: justify;\">\n<li>\u00c0mbit 1: metodologies i recursos per a la millora de l&#8217;ensenyament i aprenentatge.<\/li>\n<li>\u00c0mbit 3: relaci\u00f3 i cooperaci\u00f3 amb la comunitat educativa i l&#8217;entorn.<\/li>\n<\/ol>\n<p style=\"text-align: justify;\">Els <strong>objectius<\/strong> del projecte s\u00f3n:<\/p>\n<ol style=\"text-align: justify;\">\n<li><strong>Afavorir la implicaci\u00f3 de l&#8217;alumnat<\/strong> a partir d&#8217;una proposta did\u00e0ctica dissenyada amb els criteris de significaci\u00f3, comunicaci\u00f3, acci\u00f3 i projecci\u00f3 del curr\u00edculum competencial orientador.<\/li>\n<li><strong>Promoure el coneixement del patrimoni <\/strong>m\u00e9s proper al centre educatiu.<\/li>\n<li><strong>Projectar el coneixement adquirit<\/strong> per l&#8217;alumnat sobre l&#8217;element patrimonial a la mateixa comunitat i a l&#8217;entorn.<\/li>\n<\/ol>\n<p><b>Per portar-ho a terme<\/b><span style=\"font-weight: 400;\">, el projecte s\u2019ha dividit en tres fases:<\/span><\/p>\n<ul style=\"list-style-type: square;\">\n<li style=\"text-align: justify;\"><span style=\"color: #800000;\"><strong>FASE DE PLANIFICACI\u00d3 &#8211; [1r d&#8217;ESO]: <\/strong><\/span><span style=\"font-weight: 400;\">Gestaci\u00f3 i disseny preliminar del projecte, cerca de complicitats al centre i fora d&#8217;aquest.<\/span><\/li>\n<li style=\"text-align: justify;\"><strong><span style=\"color: #800000;\">FASE D&#8217;IMPLEMENTACI\u00d3 &#8211; [2n d&#8217;ESO]:<\/span><\/strong> Aplicaci\u00f3, revisi\u00f3 i millora.<\/li>\n<li style=\"text-align: justify;\"><span style=\"color: #800000;\"><strong>FASE DE CONSOLIDACI\u00d3 &#8211; [3r d&#8217;ESO]:<\/strong><\/span> Consolidaci\u00f3 del projecte, inclusi\u00f3 en el curr\u00edculum i difusi\u00f3<\/li>\n<\/ul>\n<p><span style=\"font-weight: 400;\">A cada curs es planificaran accions diferents:<\/span><\/p>\n<p style=\"text-align: justify;\"><strong><span style=\"color: #800000;\">&#8211; 1r d&#8217;ESO: &#8220;Descobrim&#8221;.\u00a0 <\/span><\/strong><span style=\"font-weight: 400;\">Els alumnes de 1er fan visites a la biblioteca, parlen amb la directora, es fan el carnet.\u00a0\u00a0<\/span><\/p>\n<p style=\"text-align: justify;\"><span style=\"color: #800000;\"><strong>&#8211; 2n d&#8217;ESO: &#8220;Investiguem&#8221;.<\/strong><\/span><span style=\"font-weight: 400;\"> Els alumnes de 2on ESO fan un viatge al passat, a l\u00b4Edat Mitjana i aprenen com era l\u00b4antiga masia medieval on es troba la biblioteca, com era l\u00b4entorn, l\u00b4alimentaci\u00f3,\u2026<\/span><\/p>\n<p style=\"text-align: justify;\"><span style=\"color: #800000;\"><strong>&#8211; 3r d&#8217;ESO: &#8220;Preservem la mem\u00f2ria hist\u00f2rica&#8221; (o com fer periodisme d&#8217;investigaci\u00f3).<\/strong><\/span><span style=\"font-weight: 400;\"> A 3er curs es centren en la transformaci\u00f3 de la biblioteca al llarg dels anys, i el seu paper social sobretot durant es lluites ve\u00efnals del segle passat, amb l\u00b4assessorament d\u00b4experts.<\/span><\/p>\n<p style=\"text-align: justify;\"><span style=\"color: #800000;\"><strong>&#8211; 4t d&#8217;ESO: &#8220;Fem de promotors culturals&#8221; (Servei Comunitari &#8211; Difusi\u00f3 de la descoberta). <\/strong><\/span><span style=\"font-weight: 400;\">Un cop els alumnes ja han adquirit els coneixements en els cursos anteriors, els alumnes de 4ESO se centren en preparar una exposici\u00f3 i presentaci\u00f3 a la biblioteca per a les fam\u00edlies i el barri en general. Fan difusi\u00f3 de la biblioteca a l\u00b4escola i a la comunitat.<\/span><\/p>\n<p style=\"text-align: center;\"><iframe loading=\"lazy\" src=\"https:\/\/drive.google.com\/file\/d\/12bXdQShLG7hTutF5cBE_jA6mJNN3-uIf\/preview\" width=\"640\" height=\"480\"><\/iframe><\/p>\n","protected":false},"excerpt":{"rendered":"<p><a href=\"https:\/\/agora.xtec.cat\/iescanpeixauet\/wp-content\/uploads\/usu1366\/2019\/12\/logo-CanPe-Apadrinem-2019.png\"><\/a><br \/>\nEl projecte Apadrinem el nostre patrimoni neix amb la finalitat de fomentar la implicaci\u00f3 de l&#8217;alumnat participant, com a subjecte actiu del proc\u00e9s d&#8217;aprenentatge, a partir del treball interdisciplinari i sobre els elements patrimonials de l&#8217;entorn per promoure l&#8217;equitat i la qualitat del sistema&hellip;  <a href=\"https:\/\/agora.xtec.cat\/iescanpeixauet\/apadrinem-el-patrimoni\/\" title=\"Read Apadrinem el nostre patrimoni\">Llegeix m\u00e9s\u00bb<\/a><\/p>\n","protected":false},"author":4,"featured_media":0,"parent":0,"menu_order":0,"comment_status":"closed","ping_status":"closed","template":"page-templates\/side-menu.php","meta":{"_bbp_topic_count":0,"_bbp_reply_count":0,"_bbp_total_topic_count":0,"_bbp_total_reply_count":0,"_bbp_voice_count":0,"_bbp_anonymous_reply_count":0,"_bbp_topic_count_hidden":0,"_bbp_reply_count_hidden":0,"_bbp_forum_subforum_count":0,"footnotes":""},"class_list":["post-4244","page","type-page","status-publish","hentry"],"post_mailing_queue_ids":[],"_links":{"self":[{"href":"https:\/\/agora.xtec.cat\/iescanpeixauet\/wp-json\/wp\/v2\/pages\/4244","targetHints":{"allow":["GET"]}}],"collection":[{"href":"https:\/\/agora.xtec.cat\/iescanpeixauet\/wp-json\/wp\/v2\/pages"}],"about":[{"href":"https:\/\/agora.xtec.cat\/iescanpeixauet\/wp-json\/wp\/v2\/types\/page"}],"author":[{"embeddable":true,"href":"https:\/\/agora.xtec.cat\/iescanpeixauet\/wp-json\/wp\/v2\/users\/4"}],"replies":[{"embeddable":true,"href":"https:\/\/agora.xtec.cat\/iescanpeixauet\/wp-json\/wp\/v2\/comments?post=4244"}],"version-history":[{"count":4,"href":"https:\/\/agora.xtec.cat\/iescanpeixauet\/wp-json\/wp\/v2\/pages\/4244\/revisions"}],"predecessor-version":[{"id":6730,"href":"https:\/\/agora.xtec.cat\/iescanpeixauet\/wp-json\/wp\/v2\/pages\/4244\/revisions\/6730"}],"wp:attachment":[{"href":"https:\/\/agora.xtec.cat\/iescanpeixauet\/wp-json\/wp\/v2\/media?parent=4244"}],"curies":[{"name":"wp","href":"https:\/\/api.w.org\/{rel}","templated":true}]}}