{"id":3740,"date":"2019-04-10T08:49:37","date_gmt":"2019-04-10T06:49:37","guid":{"rendered":"http:\/\/agora.xtec.cat\/iescanpeixauet\/?page_id=3740"},"modified":"2019-04-12T12:03:07","modified_gmt":"2019-04-12T10:03:07","slug":"projectes-classics","status":"publish","type":"page","link":"https:\/\/agora.xtec.cat\/iescanpeixauet\/biblioteca\/projectes-classics\/","title":{"rendered":"Projectes de lectura"},"content":{"rendered":"<p><img loading=\"lazy\" decoding=\"async\" class=\" wp-image-3803 alignleft\" src=\"https:\/\/agora.xtec.cat\/iescanpeixauet\/wp-content\/uploads\/usu1366\/2019\/04\/PM2_lecxit_logo_300px.jpg\" alt=\"\" width=\"104\" height=\"104\" srcset=\"https:\/\/agora.xtec.cat\/iescanpeixauet\/wp-content\/uploads\/usu1366\/2019\/04\/PM2_lecxit_logo_300px.jpg 220w, https:\/\/agora.xtec.cat\/iescanpeixauet\/wp-content\/uploads\/usu1366\/2019\/04\/PM2_lecxit_logo_300px-150x150.jpg 150w\" sizes=\"auto, (max-width: 104px) 100vw, 104px\" \/><\/p>\n<p style=\"text-align: justify;\">Projecte <a href=\"http:\/\/www.lectura.cat\/\"><strong>LECXIT<\/strong><\/a>. \u00c9s un servei comunitari d&#8217;apadrinament lector, que fa l&#8217;alumnat de 4t d&#8217;ESO amb alumnes de prim\u00e0ria d&#8217;escoles de l&#8217;entorn de l&#8217;institut.<\/p>\n<p><a href=\"https:\/\/agora.xtec.cat\/iescanpeixauet\/general\/diplomes-projecte-lecxit\/\">Curs 17-18<\/a><\/p>\n<p>&nbsp;<\/p>\n<p>&nbsp;<\/p>\n<p><img loading=\"lazy\" decoding=\"async\" class=\" wp-image-3804 alignleft\" src=\"https:\/\/agora.xtec.cat\/iescanpeixauet\/wp-content\/uploads\/usu1366\/2019\/04\/llegir_David-Pintor.jpg\" alt=\"\" width=\"122\" height=\"131\" srcset=\"https:\/\/agora.xtec.cat\/iescanpeixauet\/wp-content\/uploads\/usu1366\/2019\/04\/llegir_David-Pintor.jpg 500w, https:\/\/agora.xtec.cat\/iescanpeixauet\/wp-content\/uploads\/usu1366\/2019\/04\/llegir_David-Pintor-279x300.jpg 279w\" sizes=\"auto, (max-width: 122px) 100vw, 122px\" \/><\/p>\n<p>&nbsp;<\/p>\n<p style=\"text-align: justify;\">Projecte <strong><em>Llegim!<\/em><\/strong> Projecte de lectura en col\u00b7laboraci\u00f3 amb l&#8217;escola Ban\u00fas: L&#8217;alumnat de 1r i 2n d&#8217;ESO fa un acompanyament lector als alumnes de prim\u00e0ria de les escoles de l&#8217;entorn.<\/p>\n<p><a href=\"https:\/\/agora.xtec.cat\/iescanpeixauet\/general\/projecte-llegim-un-curs-mes\/\">Curs 18-19<\/a>\u00a0\u00a0\u00a0\u00a0 \u00a0 <a href=\"https:\/\/agora.xtec.cat\/iescanpeixauet\/general\/projecte-llegim-model-dexit\/\">Curs 17-18<\/a><\/p>\n","protected":false},"excerpt":{"rendered":"<p>Projecte <a href=\"http:\/\/www.lectura.cat\/\">LECXIT<\/a>. \u00c9s un servei comunitari d&#8217;apadrinament lector, que fa l&#8217;alumnat de 4t d&#8217;ESO amb alumnes de prim\u00e0ria d&#8217;escoles de l&#8217;entorn de l&#8217;institut.<br \/>\n<a href=\"https:\/\/agora.xtec.cat\/iescanpeixauet\/general\/diplomes-projecte-lecxit\/\">Curs 17-18<\/a><br \/>\n&nbsp;<br \/>\n&nbsp;<\/p>\n<p>&nbsp;<br \/>\nProjecte Llegim! Projecte de lectura en col\u00b7laboraci\u00f3 amb l&#8217;escola Ban\u00fas: L&#8217;alumnat de 1r i 2n d&#8217;ESO fa un acompanyament lector&hellip;  <a href=\"https:\/\/agora.xtec.cat\/iescanpeixauet\/biblioteca\/projectes-classics\/\" title=\"Read Projectes de lectura\">Llegeix m\u00e9s\u00bb<\/a><\/p>\n","protected":false},"author":4,"featured_media":0,"parent":3725,"menu_order":30,"comment_status":"closed","ping_status":"closed","template":"page-templates\/side-menu.php","meta":{"_bbp_topic_count":0,"_bbp_reply_count":0,"_bbp_total_topic_count":0,"_bbp_total_reply_count":0,"_bbp_voice_count":0,"_bbp_anonymous_reply_count":0,"_bbp_topic_count_hidden":0,"_bbp_reply_count_hidden":0,"_bbp_forum_subforum_count":0,"footnotes":""},"class_list":["post-3740","page","type-page","status-publish","hentry"],"post_mailing_queue_ids":[],"_links":{"self":[{"href":"https:\/\/agora.xtec.cat\/iescanpeixauet\/wp-json\/wp\/v2\/pages\/3740","targetHints":{"allow":["GET"]}}],"collection":[{"href":"https:\/\/agora.xtec.cat\/iescanpeixauet\/wp-json\/wp\/v2\/pages"}],"about":[{"href":"https:\/\/agora.xtec.cat\/iescanpeixauet\/wp-json\/wp\/v2\/types\/page"}],"author":[{"embeddable":true,"href":"https:\/\/agora.xtec.cat\/iescanpeixauet\/wp-json\/wp\/v2\/users\/4"}],"replies":[{"embeddable":true,"href":"https:\/\/agora.xtec.cat\/iescanpeixauet\/wp-json\/wp\/v2\/comments?post=3740"}],"version-history":[{"count":3,"href":"https:\/\/agora.xtec.cat\/iescanpeixauet\/wp-json\/wp\/v2\/pages\/3740\/revisions"}],"predecessor-version":[{"id":3809,"href":"https:\/\/agora.xtec.cat\/iescanpeixauet\/wp-json\/wp\/v2\/pages\/3740\/revisions\/3809"}],"up":[{"embeddable":true,"href":"https:\/\/agora.xtec.cat\/iescanpeixauet\/wp-json\/wp\/v2\/pages\/3725"}],"wp:attachment":[{"href":"https:\/\/agora.xtec.cat\/iescanpeixauet\/wp-json\/wp\/v2\/media?parent=3740"}],"curies":[{"name":"wp","href":"https:\/\/api.w.org\/{rel}","templated":true}]}}