{"id":3735,"date":"2019-04-10T08:40:26","date_gmt":"2019-04-10T06:40:26","guid":{"rendered":"http:\/\/agora.xtec.cat\/iescanpeixauet\/?page_id=3735"},"modified":"2019-04-13T23:25:00","modified_gmt":"2019-04-13T21:25:00","slug":"cataleg-epergam","status":"publish","type":"page","link":"https:\/\/agora.xtec.cat\/iescanpeixauet\/biblioteca\/cataleg-epergam\/","title":{"rendered":"Cat\u00e0leg ePergam"},"content":{"rendered":"<p><a href=\"https:\/\/aplicacions.gestioeducativa.gencat.cat\/epergam\/web\/biblioteca.jsp?codi=08059329\"><img loading=\"lazy\" decoding=\"async\" class=\" wp-image-3773 alignleft\" src=\"https:\/\/agora.xtec.cat\/iescanpeixauet\/wp-content\/uploads\/usu1366\/2019\/04\/t_epergam.gif\" alt=\"\" width=\"369\" height=\"123\" \/><\/a><\/p>\n<p style=\"text-align: justify;\">\u00c9s el <strong>cat\u00e0leg dels llibres en pr\u00e9stec<\/strong> de la biblioteca de l\u2019institut. Tamb\u00e9 hi trobar\u00e0s guies de lectura i recomanacions de llibres, i pots fer comentaris als llibres que llegeixis!<\/p>\n<p>&nbsp;<\/p>\n<p>&nbsp;<\/p>\n<div style=\"width: 100%;\">\n<div style=\"position: relative; padding-bottom: 48.33%; padding-top: 0; height: 0;\"><iframe loading=\"lazy\" style=\"position: absolute; top: 0; left: 0; width: 100%; height: 100%;\" src=\"https:\/\/view.genial.ly\/5c9cdbb5180fb94e82361e8e\" width=\"1200px\" height=\"580px\" frameborder=\"0\" scrolling=\"yes\" allowfullscreen=\"allowfullscreen\"><\/iframe><\/div>\n<\/div>\n","protected":false},"excerpt":{"rendered":"<p><a href=\"https:\/\/aplicacions.gestioeducativa.gencat.cat\/epergam\/web\/biblioteca.jsp?codi=08059329\"><\/a><br \/>\n\u00c9s el cat\u00e0leg dels llibres en pr\u00e9stec de la biblioteca de l\u2019institut. Tamb\u00e9 hi trobar\u00e0s guies de lectura i recomanacions de llibres, i pots fer comentaris als llibres que llegeixis!<br \/>\n&nbsp;<br \/>\n&nbsp;<\/p>\n","protected":false},"author":4,"featured_media":0,"parent":3725,"menu_order":20,"comment_status":"closed","ping_status":"closed","template":"page-templates\/side-menu.php","meta":{"_bbp_topic_count":0,"_bbp_reply_count":0,"_bbp_total_topic_count":0,"_bbp_total_reply_count":0,"_bbp_voice_count":0,"_bbp_anonymous_reply_count":0,"_bbp_topic_count_hidden":0,"_bbp_reply_count_hidden":0,"_bbp_forum_subforum_count":0,"footnotes":""},"class_list":["post-3735","page","type-page","status-publish","hentry"],"post_mailing_queue_ids":[],"_links":{"self":[{"href":"https:\/\/agora.xtec.cat\/iescanpeixauet\/wp-json\/wp\/v2\/pages\/3735","targetHints":{"allow":["GET"]}}],"collection":[{"href":"https:\/\/agora.xtec.cat\/iescanpeixauet\/wp-json\/wp\/v2\/pages"}],"about":[{"href":"https:\/\/agora.xtec.cat\/iescanpeixauet\/wp-json\/wp\/v2\/types\/page"}],"author":[{"embeddable":true,"href":"https:\/\/agora.xtec.cat\/iescanpeixauet\/wp-json\/wp\/v2\/users\/4"}],"replies":[{"embeddable":true,"href":"https:\/\/agora.xtec.cat\/iescanpeixauet\/wp-json\/wp\/v2\/comments?post=3735"}],"version-history":[{"count":3,"href":"https:\/\/agora.xtec.cat\/iescanpeixauet\/wp-json\/wp\/v2\/pages\/3735\/revisions"}],"predecessor-version":[{"id":3780,"href":"https:\/\/agora.xtec.cat\/iescanpeixauet\/wp-json\/wp\/v2\/pages\/3735\/revisions\/3780"}],"up":[{"embeddable":true,"href":"https:\/\/agora.xtec.cat\/iescanpeixauet\/wp-json\/wp\/v2\/pages\/3725"}],"wp:attachment":[{"href":"https:\/\/agora.xtec.cat\/iescanpeixauet\/wp-json\/wp\/v2\/media?parent=3735"}],"curies":[{"name":"wp","href":"https:\/\/api.w.org\/{rel}","templated":true}]}}