{"id":3173,"date":"2018-06-18T14:20:05","date_gmt":"2018-06-18T12:20:05","guid":{"rendered":"http:\/\/agora.xtec.cat\/iescanpeixauet\/?page_id=3173"},"modified":"2024-07-03T11:38:04","modified_gmt":"2024-07-03T09:38:04","slug":"deures-destiu","status":"publish","type":"page","link":"https:\/\/agora.xtec.cat\/iescanpeixauet\/eso\/deures-destiu\/","title":{"rendered":"Deures d&#8217;estiu [Alumnat de 6\u00e8 que s\u2019incorpora a1r d\u2019ESO]"},"content":{"rendered":"<p>Benvolgudes fam\u00edlies que us incorporeu a 1r d&#8217;ESO,<\/p>\n<p style=\"text-align: justify;\">En primer lloc<strong> us donem les gr\u00e0cies per confiar en nosaltres l\u2019educaci\u00f3 dels vostres fills i filles.<\/strong>\u00a0A continuaci\u00f3 trobareu una s\u00e8rie de propostes i <a href=\"https:\/\/docs.google.com\/document\/d\/1Sf8GarYcnThEx-EuQhA6Ry7nxeCXEb80HDKtNTdjJgk\/edit?usp=sharing\"><span style=\"color: #0000ff;\"><strong>recomanacions<\/strong><\/span> <\/a>d\u2019activitats d\u2019estiu perqu\u00e8 les fam\u00edlies pugueu facilitar als vostres fills i filles recursos apropiats perqu\u00e8, de manera aut\u00f2noma, puguin mantenir i refor\u00e7ar els seus h\u00e0bits de treball.<\/p>\n<p style=\"text-align: justify;\">Hi ha materials de cadascuna de les seg\u00fcents \u00e0rees: <strong>Llengua catalana, Llengua castellana, Llengua anglesa i matem\u00e0tiques.<\/strong><\/p>\n<p style=\"text-align: justify;\">Cada \u00e0rea cont\u00e9 <strong>3 opcions de dossier<\/strong> amb diferent nivell de dificultat: [<strong>b\u00e0sic, intermedi i avan\u00e7at<\/strong>].<\/p>\n<p style=\"text-align: justify;\">Per tal d&#8217;esbrinar quin dossier conv\u00e9 a cada alumne\/a cal tenir en compte, en primer lloc,<strong> els resultats de les proves de compet\u00e8ncies b\u00e0siques de 6\u00e8 <\/strong>(en cas, de no disposar dels resultats de les proves de compet\u00e8ncies b\u00e0siques, cal tenir en compte els resultats finals de l&#8217;avaluaci\u00f3 de 6\u00e8).<\/p>\n<p style=\"text-align: justify;\">La correspond\u00e8ncia a tenir en compte \u00e9s:<\/p>\n<ul style=\"list-style-type: square; text-align: justify;\">\n<li style=\"text-align: justify;\">\n<h6><span style=\"color: #000000;\"><strong>Nivell B\u00e0sic:<\/strong><\/span> <span style=\"color: #000000;\">Si la qualificaci\u00f3 global de l&#8217;\u00e0rea ha estat<\/span><strong> <span style=\"color: #000000;\">&#8220;<span style=\"color: #800080;\">NA=No assoliment<\/span>&#8220;<\/span>.<\/strong><span style=\"color: #ff0000;\"><span style=\"color: #ff0000;\"> [En aquest cas la realitzaci\u00f3 dels dossiers \u00e9s obligat\u00f2ria]<\/span><\/span><\/h6>\n<\/li>\n<li>\n<h6><span style=\"color: #000000;\"><strong>Nivell Intermedi:<\/strong><\/span> <span style=\"color: #000000;\">Si la qualificaci\u00f3 global de l&#8217;\u00e0rea ha estat &#8220;<span style=\"color: #800080;\"><strong>AS=Assoliment satisfactori<\/strong><\/span>&#8220;<\/span><strong><span style=\"color: #3366ff;\"><span style=\"color: #000000;\">.<\/span> <\/span><\/strong><\/h6>\n<\/li>\n<li style=\"text-align: justify;\">\n<h6><span style=\"color: #000000;\"><strong>Nivell Avan\u00e7at:<\/strong><\/span> <span style=\"color: #000000;\">Si la qualificaci\u00f3 global de l&#8217;\u00e0rea ha estat &#8220;<strong><span style=\"color: #800080;\">AN=Assoliment notable o AE= excel\u00b7lent<\/span><\/strong>&#8220;<strong>.<\/strong><\/span><\/h6>\n<\/li>\n<\/ul>\n<p><img loading=\"lazy\" decoding=\"async\" class=\"aligncenter\" src=\"http:\/\/agora.xtec.cat\/iescanpeixauet\/wp-content\/uploads\/usu1366\/2017\/11\/AQUI.gif\" width=\"180\" height=\"101\" \/><\/p>\n<p style=\"text-align: center;\"><em>Feu &#8220;<span style=\"color: #ff0000;\"><strong>click<\/strong><\/span>&#8221; a la carpeta corresponent per tal de descarregar els dossier.<\/em><\/p>\n<table class=\" aligncenter\" style=\"height: 374px; width: 76.8626%; border-style: double; border-color: #ed0909;\">\n<tbody>\n<tr style=\"height: 87px;\">\n<td style=\"width: 19.5676%; height: 58px;\"><\/td>\n<td style=\"width: 12.7568%; text-align: center; height: 58px;\">\n<h4><span style=\"color: #000000;\"><strong>\u00a0B\u00c0SIC<\/strong><\/span><\/h4>\n<\/td>\n<td style=\"width: 11.027%; text-align: center; height: 58px;\">\n<h4><span style=\"color: #000000;\"><strong>INTERMEDI<\/strong><\/span><\/h4>\n<\/td>\n<td style=\"width: 12.7568%; text-align: center; height: 58px;\">\n<h4><span style=\"color: #000000;\"><strong>\u00a0AVAN\u00c7AT<\/strong><\/span><\/h4>\n<\/td>\n<td style=\"width: 15.027%; text-align: center; height: 58px;\">\n<h4><span style=\"color: #000000;\"><strong>Lectura recomanada<\/strong><\/span><\/h4>\n<\/td>\n<td style=\"width: 41.1023%; text-align: center; height: 58px;\"><span style=\"color: #000000;\"><strong>Data de lliurament<\/strong><\/span><\/td>\n<\/tr>\n<tr style=\"height: 85px;\">\n<td style=\"width: 19.5676%; height: 42px;\">\n<h4><span style=\"color: #000000;\"><strong>CATAL\u00c0<\/strong><\/span><\/h4>\n<\/td>\n<td style=\"width: 12.7568%; height: 42px;\"><a href=\"https:\/\/agora.xtec.cat\/iescanpeixauet\/wp-content\/uploads\/usu1366\/2020\/06\/catal\u00e0-6\u00e8-b\u00e0sic.pdf\"><img loading=\"lazy\" decoding=\"async\" class=\"aligncenter wp-image-3197\" src=\"http:\/\/agora.xtec.cat\/iescanpeixauet\/wp-content\/uploads\/usu1366\/2016\/11\/downloads-folder-1024x1024.png\" alt=\"\" width=\"38\" height=\"38\" srcset=\"https:\/\/agora.xtec.cat\/iescanpeixauet\/wp-content\/uploads\/usu1366\/2016\/11\/downloads-folder-1024x1024.png 1024w, https:\/\/agora.xtec.cat\/iescanpeixauet\/wp-content\/uploads\/usu1366\/2016\/11\/downloads-folder-150x150.png 150w, https:\/\/agora.xtec.cat\/iescanpeixauet\/wp-content\/uploads\/usu1366\/2016\/11\/downloads-folder-300x300.png 300w, https:\/\/agora.xtec.cat\/iescanpeixauet\/wp-content\/uploads\/usu1366\/2016\/11\/downloads-folder-768x768.png 768w, https:\/\/agora.xtec.cat\/iescanpeixauet\/wp-content\/uploads\/usu1366\/2016\/11\/downloads-folder.png 1600w\" sizes=\"auto, (max-width: 38px) 100vw, 38px\" \/><\/a><\/td>\n<td style=\"width: 11.027%; height: 42px;\"><a href=\"https:\/\/agora.xtec.cat\/iescanpeixauet\/wp-content\/uploads\/usu1366\/2020\/06\/catal\u00e0-6\u00e8-intermedi.pdf\"><img loading=\"lazy\" decoding=\"async\" class=\"aligncenter wp-image-3197\" src=\"http:\/\/agora.xtec.cat\/iescanpeixauet\/wp-content\/uploads\/usu1366\/2016\/11\/downloads-folder-1024x1024.png\" alt=\"\" width=\"38\" height=\"38\" srcset=\"https:\/\/agora.xtec.cat\/iescanpeixauet\/wp-content\/uploads\/usu1366\/2016\/11\/downloads-folder-1024x1024.png 1024w, https:\/\/agora.xtec.cat\/iescanpeixauet\/wp-content\/uploads\/usu1366\/2016\/11\/downloads-folder-150x150.png 150w, https:\/\/agora.xtec.cat\/iescanpeixauet\/wp-content\/uploads\/usu1366\/2016\/11\/downloads-folder-300x300.png 300w, https:\/\/agora.xtec.cat\/iescanpeixauet\/wp-content\/uploads\/usu1366\/2016\/11\/downloads-folder-768x768.png 768w, https:\/\/agora.xtec.cat\/iescanpeixauet\/wp-content\/uploads\/usu1366\/2016\/11\/downloads-folder.png 1600w\" sizes=\"auto, (max-width: 38px) 100vw, 38px\" \/><\/a><\/td>\n<td style=\"width: 12.7568%; height: 42px;\"><a href=\"https:\/\/agora.xtec.cat\/iescanpeixauet\/wp-content\/uploads\/usu1366\/2020\/06\/catal\u00e0-6\u00e8-avan\u00e7at.pdf\"><img loading=\"lazy\" decoding=\"async\" class=\"aligncenter wp-image-3197\" src=\"http:\/\/agora.xtec.cat\/iescanpeixauet\/wp-content\/uploads\/usu1366\/2016\/11\/downloads-folder-1024x1024.png\" alt=\"\" width=\"38\" height=\"38\" srcset=\"https:\/\/agora.xtec.cat\/iescanpeixauet\/wp-content\/uploads\/usu1366\/2016\/11\/downloads-folder-1024x1024.png 1024w, https:\/\/agora.xtec.cat\/iescanpeixauet\/wp-content\/uploads\/usu1366\/2016\/11\/downloads-folder-150x150.png 150w, https:\/\/agora.xtec.cat\/iescanpeixauet\/wp-content\/uploads\/usu1366\/2016\/11\/downloads-folder-300x300.png 300w, https:\/\/agora.xtec.cat\/iescanpeixauet\/wp-content\/uploads\/usu1366\/2016\/11\/downloads-folder-768x768.png 768w, https:\/\/agora.xtec.cat\/iescanpeixauet\/wp-content\/uploads\/usu1366\/2016\/11\/downloads-folder.png 1600w\" sizes=\"auto, (max-width: 38px) 100vw, 38px\" \/><\/a><\/td>\n<td style=\"width: 15.027%; height: 42px;\"><a href=\"https:\/\/agora.xtec.cat\/iescanpeixauet\/wp-content\/uploads\/usu1366\/2020\/06\/Lectura-destiu-catal\u00e0-.pdf\"><img loading=\"lazy\" decoding=\"async\" class=\"aligncenter wp-image-3197\" src=\"http:\/\/agora.xtec.cat\/iescanpeixauet\/wp-content\/uploads\/usu1366\/2016\/11\/downloads-folder-1024x1024.png\" alt=\"\" width=\"38\" height=\"38\" srcset=\"https:\/\/agora.xtec.cat\/iescanpeixauet\/wp-content\/uploads\/usu1366\/2016\/11\/downloads-folder-1024x1024.png 1024w, https:\/\/agora.xtec.cat\/iescanpeixauet\/wp-content\/uploads\/usu1366\/2016\/11\/downloads-folder-150x150.png 150w, https:\/\/agora.xtec.cat\/iescanpeixauet\/wp-content\/uploads\/usu1366\/2016\/11\/downloads-folder-300x300.png 300w, https:\/\/agora.xtec.cat\/iescanpeixauet\/wp-content\/uploads\/usu1366\/2016\/11\/downloads-folder-768x768.png 768w, https:\/\/agora.xtec.cat\/iescanpeixauet\/wp-content\/uploads\/usu1366\/2016\/11\/downloads-folder.png 1600w\" sizes=\"auto, (max-width: 38px) 100vw, 38px\" \/><\/a><\/td>\n<td style=\"width: 41.1023%; height: 42px; text-align: justify;\" rowspan=\"4\"><em>Aquestes activitats<strong>\u00a0s&#8217;han de lliurar al tutor\/a<\/strong> de l\u2019Institut <b>al llarg dels primers dies de setembre<\/b> (s&#8217;informar\u00e0 de la data exacta el primer dia de classe).<\/em><\/p>\n<p style=\"text-align: left;\">\n<\/td>\n<\/tr>\n<tr style=\"height: 59px;\">\n<td style=\"width: 19.5676%; height: 34px;\">\n<h4><span style=\"color: #000000;\"><strong>CASTELL\u00c0<\/strong><\/span><\/h4>\n<\/td>\n<td style=\"width: 12.7568%; height: 34px;\"><a href=\"https:\/\/drive.google.com\/file\/d\/1v2EvH8xI71cjAqtOk_fepvp2OO4-XaoP\/view?usp=sharing\"><img loading=\"lazy\" decoding=\"async\" class=\"aligncenter wp-image-3197\" src=\"http:\/\/agora.xtec.cat\/iescanpeixauet\/wp-content\/uploads\/usu1366\/2016\/11\/downloads-folder-1024x1024.png\" alt=\"\" width=\"38\" height=\"38\" srcset=\"https:\/\/agora.xtec.cat\/iescanpeixauet\/wp-content\/uploads\/usu1366\/2016\/11\/downloads-folder-1024x1024.png 1024w, https:\/\/agora.xtec.cat\/iescanpeixauet\/wp-content\/uploads\/usu1366\/2016\/11\/downloads-folder-150x150.png 150w, https:\/\/agora.xtec.cat\/iescanpeixauet\/wp-content\/uploads\/usu1366\/2016\/11\/downloads-folder-300x300.png 300w, https:\/\/agora.xtec.cat\/iescanpeixauet\/wp-content\/uploads\/usu1366\/2016\/11\/downloads-folder-768x768.png 768w, https:\/\/agora.xtec.cat\/iescanpeixauet\/wp-content\/uploads\/usu1366\/2016\/11\/downloads-folder.png 1600w\" sizes=\"auto, (max-width: 38px) 100vw, 38px\" \/><\/a><\/td>\n<td style=\"width: 11.027%; height: 34px;\"><a href=\"https:\/\/drive.google.com\/file\/d\/149ysPjdchmCljt5smC4mCqXE0PEoBXyl\/view?usp=sharing\"><img loading=\"lazy\" decoding=\"async\" class=\"aligncenter wp-image-3197\" src=\"http:\/\/agora.xtec.cat\/iescanpeixauet\/wp-content\/uploads\/usu1366\/2016\/11\/downloads-folder-1024x1024.png\" alt=\"\" width=\"38\" height=\"38\" srcset=\"https:\/\/agora.xtec.cat\/iescanpeixauet\/wp-content\/uploads\/usu1366\/2016\/11\/downloads-folder-1024x1024.png 1024w, https:\/\/agora.xtec.cat\/iescanpeixauet\/wp-content\/uploads\/usu1366\/2016\/11\/downloads-folder-150x150.png 150w, https:\/\/agora.xtec.cat\/iescanpeixauet\/wp-content\/uploads\/usu1366\/2016\/11\/downloads-folder-300x300.png 300w, https:\/\/agora.xtec.cat\/iescanpeixauet\/wp-content\/uploads\/usu1366\/2016\/11\/downloads-folder-768x768.png 768w, https:\/\/agora.xtec.cat\/iescanpeixauet\/wp-content\/uploads\/usu1366\/2016\/11\/downloads-folder.png 1600w\" sizes=\"auto, (max-width: 38px) 100vw, 38px\" \/><\/a><\/td>\n<td style=\"width: 12.7568%; height: 34px;\"><a href=\"https:\/\/drive.google.com\/file\/d\/1jy3GPcKDAN1L9gJ5ncQQDZY4HF-pnpsi\/view?usp=sharing\"><img loading=\"lazy\" decoding=\"async\" class=\"aligncenter wp-image-3197\" src=\"http:\/\/agora.xtec.cat\/iescanpeixauet\/wp-content\/uploads\/usu1366\/2016\/11\/downloads-folder-1024x1024.png\" alt=\"\" width=\"38\" height=\"38\" srcset=\"https:\/\/agora.xtec.cat\/iescanpeixauet\/wp-content\/uploads\/usu1366\/2016\/11\/downloads-folder-1024x1024.png 1024w, https:\/\/agora.xtec.cat\/iescanpeixauet\/wp-content\/uploads\/usu1366\/2016\/11\/downloads-folder-150x150.png 150w, https:\/\/agora.xtec.cat\/iescanpeixauet\/wp-content\/uploads\/usu1366\/2016\/11\/downloads-folder-300x300.png 300w, https:\/\/agora.xtec.cat\/iescanpeixauet\/wp-content\/uploads\/usu1366\/2016\/11\/downloads-folder-768x768.png 768w, https:\/\/agora.xtec.cat\/iescanpeixauet\/wp-content\/uploads\/usu1366\/2016\/11\/downloads-folder.png 1600w\" sizes=\"auto, (max-width: 38px) 100vw, 38px\" \/><\/a><\/td>\n<td style=\"width: 15.027%; height: 34px;\"><a href=\"https:\/\/agora.xtec.cat\/iescanpeixauet\/wp-content\/uploads\/usu1366\/2020\/06\/Propuesta-de-lectura-Departamento-de-Castellano.pdf\"><img loading=\"lazy\" decoding=\"async\" class=\"aligncenter wp-image-3197\" src=\"http:\/\/agora.xtec.cat\/iescanpeixauet\/wp-content\/uploads\/usu1366\/2016\/11\/downloads-folder-1024x1024.png\" alt=\"\" width=\"38\" height=\"38\" srcset=\"https:\/\/agora.xtec.cat\/iescanpeixauet\/wp-content\/uploads\/usu1366\/2016\/11\/downloads-folder-1024x1024.png 1024w, https:\/\/agora.xtec.cat\/iescanpeixauet\/wp-content\/uploads\/usu1366\/2016\/11\/downloads-folder-150x150.png 150w, https:\/\/agora.xtec.cat\/iescanpeixauet\/wp-content\/uploads\/usu1366\/2016\/11\/downloads-folder-300x300.png 300w, https:\/\/agora.xtec.cat\/iescanpeixauet\/wp-content\/uploads\/usu1366\/2016\/11\/downloads-folder-768x768.png 768w, https:\/\/agora.xtec.cat\/iescanpeixauet\/wp-content\/uploads\/usu1366\/2016\/11\/downloads-folder.png 1600w\" sizes=\"auto, (max-width: 38px) 100vw, 38px\" \/><\/a><\/td>\n<\/tr>\n<tr style=\"height: 59px;\">\n<td style=\"width: 19.5676%; height: 37px;\">\n<h4><span style=\"color: #000000;\"><strong>MATEM\u00c0TIQUES<\/strong><\/span><\/h4>\n<\/td>\n<td style=\"width: 12.7568%; height: 37px;\"><a href=\"https:\/\/agora.xtec.cat\/iescanpeixauet\/wp-content\/uploads\/usu1366\/2020\/06\/Deures-Matem\u00e0tiques-B\u00c0SIC_PI.pdf\"><img loading=\"lazy\" decoding=\"async\" class=\"aligncenter wp-image-3197\" src=\"http:\/\/agora.xtec.cat\/iescanpeixauet\/wp-content\/uploads\/usu1366\/2016\/11\/downloads-folder-1024x1024.png\" alt=\"\" width=\"38\" height=\"38\" srcset=\"https:\/\/agora.xtec.cat\/iescanpeixauet\/wp-content\/uploads\/usu1366\/2016\/11\/downloads-folder-1024x1024.png 1024w, https:\/\/agora.xtec.cat\/iescanpeixauet\/wp-content\/uploads\/usu1366\/2016\/11\/downloads-folder-150x150.png 150w, https:\/\/agora.xtec.cat\/iescanpeixauet\/wp-content\/uploads\/usu1366\/2016\/11\/downloads-folder-300x300.png 300w, https:\/\/agora.xtec.cat\/iescanpeixauet\/wp-content\/uploads\/usu1366\/2016\/11\/downloads-folder-768x768.png 768w, https:\/\/agora.xtec.cat\/iescanpeixauet\/wp-content\/uploads\/usu1366\/2016\/11\/downloads-folder.png 1600w\" sizes=\"auto, (max-width: 38px) 100vw, 38px\" \/><\/a><\/td>\n<td style=\"width: 11.027%; height: 37px;\"><a href=\"https:\/\/agora.xtec.cat\/iescanpeixauet\/wp-content\/uploads\/usu1366\/2020\/06\/Deures-Matem\u00e0tiques-INTERMEDI-.pdf\"><img loading=\"lazy\" decoding=\"async\" class=\"aligncenter wp-image-3197\" src=\"http:\/\/agora.xtec.cat\/iescanpeixauet\/wp-content\/uploads\/usu1366\/2016\/11\/downloads-folder-1024x1024.png\" alt=\"\" width=\"38\" height=\"38\" srcset=\"https:\/\/agora.xtec.cat\/iescanpeixauet\/wp-content\/uploads\/usu1366\/2016\/11\/downloads-folder-1024x1024.png 1024w, https:\/\/agora.xtec.cat\/iescanpeixauet\/wp-content\/uploads\/usu1366\/2016\/11\/downloads-folder-150x150.png 150w, https:\/\/agora.xtec.cat\/iescanpeixauet\/wp-content\/uploads\/usu1366\/2016\/11\/downloads-folder-300x300.png 300w, https:\/\/agora.xtec.cat\/iescanpeixauet\/wp-content\/uploads\/usu1366\/2016\/11\/downloads-folder-768x768.png 768w, https:\/\/agora.xtec.cat\/iescanpeixauet\/wp-content\/uploads\/usu1366\/2016\/11\/downloads-folder.png 1600w\" sizes=\"auto, (max-width: 38px) 100vw, 38px\" \/><\/a><\/td>\n<td style=\"width: 12.7568%; height: 37px;\"><a href=\"https:\/\/agora.xtec.cat\/iescanpeixauet\/wp-content\/uploads\/usu1366\/2020\/06\/Deures-Matem\u00e0tiques-AVAN\u00c7AT-.pdf\"><img loading=\"lazy\" decoding=\"async\" class=\"aligncenter wp-image-3197\" src=\"http:\/\/agora.xtec.cat\/iescanpeixauet\/wp-content\/uploads\/usu1366\/2016\/11\/downloads-folder-1024x1024.png\" alt=\"\" width=\"38\" height=\"38\" srcset=\"https:\/\/agora.xtec.cat\/iescanpeixauet\/wp-content\/uploads\/usu1366\/2016\/11\/downloads-folder-1024x1024.png 1024w, https:\/\/agora.xtec.cat\/iescanpeixauet\/wp-content\/uploads\/usu1366\/2016\/11\/downloads-folder-150x150.png 150w, https:\/\/agora.xtec.cat\/iescanpeixauet\/wp-content\/uploads\/usu1366\/2016\/11\/downloads-folder-300x300.png 300w, https:\/\/agora.xtec.cat\/iescanpeixauet\/wp-content\/uploads\/usu1366\/2016\/11\/downloads-folder-768x768.png 768w, https:\/\/agora.xtec.cat\/iescanpeixauet\/wp-content\/uploads\/usu1366\/2016\/11\/downloads-folder.png 1600w\" sizes=\"auto, (max-width: 38px) 100vw, 38px\" \/><\/a><\/td>\n<td style=\"width: 15.027%; height: 37px;\"><\/td>\n<\/tr>\n<tr style=\"height: 59px;\">\n<td style=\"width: 19.5676%; height: 47px;\">\n<h4><span style=\"color: #000000;\"><strong>ANGL\u00c8S<\/strong><\/span><\/h4>\n<\/td>\n<td style=\"width: 12.7568%; height: 47px;\"><a href=\"https:\/\/agora.xtec.cat\/iescanpeixauet\/wp-content\/uploads\/usu1366\/2019\/06\/Deures-dossier-angl\u00e8s-B\u00c0SIC_PI.pdf\"><img loading=\"lazy\" decoding=\"async\" class=\"aligncenter wp-image-3197\" src=\"http:\/\/agora.xtec.cat\/iescanpeixauet\/wp-content\/uploads\/usu1366\/2016\/11\/downloads-folder-1024x1024.png\" alt=\"\" width=\"38\" height=\"38\" srcset=\"https:\/\/agora.xtec.cat\/iescanpeixauet\/wp-content\/uploads\/usu1366\/2016\/11\/downloads-folder-1024x1024.png 1024w, https:\/\/agora.xtec.cat\/iescanpeixauet\/wp-content\/uploads\/usu1366\/2016\/11\/downloads-folder-150x150.png 150w, https:\/\/agora.xtec.cat\/iescanpeixauet\/wp-content\/uploads\/usu1366\/2016\/11\/downloads-folder-300x300.png 300w, https:\/\/agora.xtec.cat\/iescanpeixauet\/wp-content\/uploads\/usu1366\/2016\/11\/downloads-folder-768x768.png 768w, https:\/\/agora.xtec.cat\/iescanpeixauet\/wp-content\/uploads\/usu1366\/2016\/11\/downloads-folder.png 1600w\" sizes=\"auto, (max-width: 38px) 100vw, 38px\" \/><\/a><\/td>\n<td style=\"width: 11.027%; height: 47px;\"><a href=\"https:\/\/agora.xtec.cat\/iescanpeixauet\/wp-content\/uploads\/usu1366\/2020\/06\/Deures-dossier-angl\u00e8s-INTERMEDI.pdf\"><img loading=\"lazy\" decoding=\"async\" class=\"aligncenter wp-image-3197\" src=\"http:\/\/agora.xtec.cat\/iescanpeixauet\/wp-content\/uploads\/usu1366\/2016\/11\/downloads-folder-1024x1024.png\" alt=\"\" width=\"38\" height=\"38\" srcset=\"https:\/\/agora.xtec.cat\/iescanpeixauet\/wp-content\/uploads\/usu1366\/2016\/11\/downloads-folder-1024x1024.png 1024w, https:\/\/agora.xtec.cat\/iescanpeixauet\/wp-content\/uploads\/usu1366\/2016\/11\/downloads-folder-150x150.png 150w, https:\/\/agora.xtec.cat\/iescanpeixauet\/wp-content\/uploads\/usu1366\/2016\/11\/downloads-folder-300x300.png 300w, https:\/\/agora.xtec.cat\/iescanpeixauet\/wp-content\/uploads\/usu1366\/2016\/11\/downloads-folder-768x768.png 768w, https:\/\/agora.xtec.cat\/iescanpeixauet\/wp-content\/uploads\/usu1366\/2016\/11\/downloads-folder.png 1600w\" sizes=\"auto, (max-width: 38px) 100vw, 38px\" \/><\/a><\/td>\n<td style=\"width: 12.7568%; height: 47px;\"><a href=\"https:\/\/agora.xtec.cat\/iescanpeixauet\/wp-content\/uploads\/usu1366\/2020\/06\/Deures-dossier-angl\u00e8s-AVAN\u00c7AT.pdf\"><img loading=\"lazy\" decoding=\"async\" class=\"aligncenter wp-image-3197\" src=\"http:\/\/agora.xtec.cat\/iescanpeixauet\/wp-content\/uploads\/usu1366\/2016\/11\/downloads-folder-1024x1024.png\" alt=\"\" width=\"38\" height=\"38\" srcset=\"https:\/\/agora.xtec.cat\/iescanpeixauet\/wp-content\/uploads\/usu1366\/2016\/11\/downloads-folder-1024x1024.png 1024w, https:\/\/agora.xtec.cat\/iescanpeixauet\/wp-content\/uploads\/usu1366\/2016\/11\/downloads-folder-150x150.png 150w, https:\/\/agora.xtec.cat\/iescanpeixauet\/wp-content\/uploads\/usu1366\/2016\/11\/downloads-folder-300x300.png 300w, https:\/\/agora.xtec.cat\/iescanpeixauet\/wp-content\/uploads\/usu1366\/2016\/11\/downloads-folder-768x768.png 768w, https:\/\/agora.xtec.cat\/iescanpeixauet\/wp-content\/uploads\/usu1366\/2016\/11\/downloads-folder.png 1600w\" sizes=\"auto, (max-width: 38px) 100vw, 38px\" \/><\/a><\/td>\n<td style=\"width: 15.027%; height: 47px;\"><\/td>\n<\/tr>\n<\/tbody>\n<\/table>\n<h4><\/h4>\n<p><a href=\"https:\/\/agora.xtec.cat\/iescanpeixauet\/wp-content\/uploads\/usu1366\/2024\/06\/Important.gif\"><img loading=\"lazy\" decoding=\"async\" class=\"alignleft wp-image-9542 \" src=\"https:\/\/agora.xtec.cat\/iescanpeixauet\/wp-content\/uploads\/usu1366\/2024\/06\/Important.gif\" alt=\"\" width=\"401\" height=\"173\" \/><\/a><\/p>\n<ul style=\"list-style-type: square;\">\n<li style=\"text-align: justify;\">En cas que, els tutors o les tutores de 6\u00e8 hagin fet una proposta de deures personalitzats, basats o no en aquests materials,<strong> caldr\u00e0 prioritzar la recomanaci\u00f3 de l&#8217;escola<\/strong>.<\/li>\n<li style=\"text-align: justify;\">Cal que estiguin complertes i amb bona presentaci\u00f3, ja que<strong style=\"font-family: inherit; font-size: 1em;\"> es tindran en compte en l\u2019avaluaci\u00f3 inicial<\/strong><span style=\"font-family: inherit; font-size: 1em;\"> i us en farem arribar la valoraci\u00f3 de les mateixes juntament amb el corresponent butllet\u00ed de notes.<\/span><\/li>\n<\/ul>\n","protected":false},"excerpt":{"rendered":"<p>Benvolgudes fam\u00edlies que us incorporeu a 1r d&#8217;ESO,<br \/>\nEn primer lloc us donem les gr\u00e0cies per confiar en nosaltres l\u2019educaci\u00f3 dels vostres fills i filles.\u00a0A continuaci\u00f3 trobareu una s\u00e8rie de propostes i <a href=\"https:\/\/docs.google.com\/document\/d\/1Sf8GarYcnThEx-EuQhA6Ry7nxeCXEb80HDKtNTdjJgk\/edit?usp=sharing\">recomanacions <\/a>d\u2019activitats d\u2019estiu perqu\u00e8 les fam\u00edlies pugueu facilitar als vostres fills i filles&hellip;  <a href=\"https:\/\/agora.xtec.cat\/iescanpeixauet\/eso\/deures-destiu\/\" title=\"Read Deures d&#8217;estiu [Alumnat de 6\u00e8 que s\u2019incorpora a1r d\u2019ESO]\">Llegeix m\u00e9s\u00bb<\/a><\/p>\n","protected":false},"author":10,"featured_media":0,"parent":489,"menu_order":0,"comment_status":"closed","ping_status":"closed","template":"page-templates\/side-menu.php","meta":{"_bbp_topic_count":0,"_bbp_reply_count":0,"_bbp_total_topic_count":0,"_bbp_total_reply_count":0,"_bbp_voice_count":0,"_bbp_anonymous_reply_count":0,"_bbp_topic_count_hidden":0,"_bbp_reply_count_hidden":0,"_bbp_forum_subforum_count":0,"footnotes":""},"class_list":["post-3173","page","type-page","status-publish","hentry"],"post_mailing_queue_ids":[],"_links":{"self":[{"href":"https:\/\/agora.xtec.cat\/iescanpeixauet\/wp-json\/wp\/v2\/pages\/3173","targetHints":{"allow":["GET"]}}],"collection":[{"href":"https:\/\/agora.xtec.cat\/iescanpeixauet\/wp-json\/wp\/v2\/pages"}],"about":[{"href":"https:\/\/agora.xtec.cat\/iescanpeixauet\/wp-json\/wp\/v2\/types\/page"}],"author":[{"embeddable":true,"href":"https:\/\/agora.xtec.cat\/iescanpeixauet\/wp-json\/wp\/v2\/users\/10"}],"replies":[{"embeddable":true,"href":"https:\/\/agora.xtec.cat\/iescanpeixauet\/wp-json\/wp\/v2\/comments?post=3173"}],"version-history":[{"count":7,"href":"https:\/\/agora.xtec.cat\/iescanpeixauet\/wp-json\/wp\/v2\/pages\/3173\/revisions"}],"predecessor-version":[{"id":9594,"href":"https:\/\/agora.xtec.cat\/iescanpeixauet\/wp-json\/wp\/v2\/pages\/3173\/revisions\/9594"}],"up":[{"embeddable":true,"href":"https:\/\/agora.xtec.cat\/iescanpeixauet\/wp-json\/wp\/v2\/pages\/489"}],"wp:attachment":[{"href":"https:\/\/agora.xtec.cat\/iescanpeixauet\/wp-json\/wp\/v2\/media?parent=3173"}],"curies":[{"name":"wp","href":"https:\/\/api.w.org\/{rel}","templated":true}]}}