{"id":2458,"date":"2017-10-02T19:22:18","date_gmt":"2017-10-02T17:22:18","guid":{"rendered":"http:\/\/agora.xtec.cat\/iescanpeixauet\/?page_id=2458"},"modified":"2017-10-03T12:50:43","modified_gmt":"2017-10-03T10:50:43","slug":"the-romanesque-art","status":"publish","type":"page","link":"https:\/\/agora.xtec.cat\/iescanpeixauet\/experiencies-pedagogiques\/treball-per-ambits\/the-romanesque-art\/","title":{"rendered":"The Romanesque Art"},"content":{"rendered":"<p style=\"text-align: justify;\"><strong>Introducci\u00f3 \/ Resum: <\/strong>El projecte que porta per t\u00edtol <strong>THE ROMANESQUE ART<\/strong>, es realitza a 2n d&#8217;ESO des de la mat\u00e8ria de Ci\u00e8ncies Socials. Aquest \u00e9s un projecte interdisciplinar, ja que es realitza en llengua anglesa i\u00a0 que les activitats m\u00e9s pr\u00e0ctiques s\u00f3n pr\u00f2pies de la mat\u00e8ria d&#8217;Educaci\u00f3 Visual i Pl\u00e0stica. El projecte preten copsar els continguts de l&#8217;art rom\u00e0nic estudiats des de l&#8217;\u00e0rea de Ci\u00e8ncies Socials d&#8217;una forma pr\u00e0ctica, creativa i en grup. L&#8217;alumne\/a podr\u00e0 comprendre la simplicitat de la composici\u00f3, la simetria, la import\u00e0ncia del contorn i la uniformitat dels colors que caracteritzen la pintura rom\u00e0nica.<\/p>\n<p style=\"text-align: justify;\"><strong>Objectius d\u2019aprenentatge<\/strong><\/p>\n<ul style=\"text-align: justify;\">\n<li>Aprendre vocabulari espec\u00edfic de l&#8217;art en angl\u00e8s<\/li>\n<li>Entendre la funci\u00f3 social de la pintura rom\u00e0nica i la import\u00e0ncia de la cultura i el patrimoni<\/li>\n<li>Desenvolupar la creativitat<\/li>\n<li>Treballar de forma grupal amb el conjunt dels companys de l&#8217;aula<\/li>\n<\/ul>\n<p style=\"text-align: justify;\"><strong>Objectius de contingut<\/strong><\/p>\n<ul style=\"text-align: justify;\">\n<li>Con\u00e8ixer el context hist\u00f2ric en el que es desenvolupa l&#8217;estil rom\u00e0nic a Catalunya<\/li>\n<li>Identificar els simbols de la pintura rom\u00e0nica<\/li>\n<\/ul>\n<p style=\"text-align: justify;\"><strong>Compet\u00e8ncies b\u00e0siques: \u00c0mbit Social<\/strong><\/p>\n<ul style=\"text-align: justify;\">\n<li>Dimensi\u00f3 hist\u00f2rica: C3<\/li>\n<li>Dimensi\u00f3 cultural i art\u00edstica: C8, C9 i C10<\/li>\n<\/ul>\n<p style=\"text-align: justify;\"><strong>Compet\u00e8ncies b\u00e0siques: \u00c0mbit Art\u00edstic<\/strong><\/p>\n<ul style=\"text-align: justify;\">\n<li>Dimensi\u00f3 expressi\u00f3, interpretaci\u00f3 i creaci\u00f3: C5 i C7<\/li>\n<li>Dimensi\u00f3 societat i cultura: C8 i C10<\/li>\n<\/ul>\n<p style=\"text-align: justify;\"><strong>Metodologia i Activitats:\u00a0<\/strong><\/p>\n<p style=\"text-align: justify;\">Despr\u00e9s de les sessions inicials del projecte on l&#8217;alumne adquereix els continguts te\u00f2rics sobre la pintura d&#8217;estil rom\u00e0nic, es realitzen dues activitats diferenciades.<\/p>\n<ul style=\"text-align: justify;\">\n<li><u>Activitat individual:<\/u> a trav\u00e9s d&#8217;una fitxa en la que ha de reproduir el cap del Pantocrator de St. Climent de Ta\u00fcll a partir d&#8217;una meitat donada, l&#8217;alumne treballa la simetria, el dibuix i la composici\u00f3 de la pintura rom\u00e0nica.<\/li>\n<li><u>Activitat grup-classe:<\/u> el conjunt del grup-classe reprodueix en un mural, una obra coneguda del rom\u00e0nic catal\u00e0. Les tasques es reparteixen en diferents petits grups per tal de que tothom participi en aquest treball grupal. Utilitzant el can\u00f3 projector de l&#8217;aula, es projecta una imatge\u00a0 sobre el suport de paper de embalar on es realitzar\u00e0 l&#8217;activitat pl\u00e0stica. Els petits grups anir\u00e0n intervenint sobre el paper resseguint les linies projectades amb retolador i pintant amb els colors adients tota la superf\u00edcie<\/li>\n<\/ul>\n<p style=\"text-align: justify;\"><strong>Resultats i\/o treballs realitzats<\/strong><\/p>\n<p style=\"text-align: justify;\">El producte final de cada grup-classe on es realitza el projecte ser\u00e0 la reproducci\u00f3 mural d&#8217;una de les obres m\u00e9s conegudes del Rom\u00e0nic catal\u00e0 que s&#8217;exposa al hall de l&#8217;institut<\/p>\n<p style=\"text-align: center;\">\r\n\t<div class=\"slideshow_container slideshow_container_style-light\" style=\" \" data-slideshow-id=\"2466\" data-style-name=\"style-light\" data-style-version=\"2.3.1\" >\r\n\r\n\t\t\t\t\t<div class=\"slideshow_loading_icon\"><\/div>\r\n\t\t\r\n\t\t<div class=\"slideshow_content\" style=\"display: none;\">\r\n\r\n\t\t\t<div class=\"slideshow_view\"><div class=\"slideshow_slide slideshow_slide_image\">\n        <a href=\"https:\/\/photos.google.com\/album\/AF1QipNCcwh2O5mwpRCk27WS4JvggdsSZew8jnWLYjH1\/photo\/AF1QipNMCBIReJOZiVB3coNEYRNynR5seg5ApwwdFAYK\" target=\"_blank\">        <img src=\"https:\/\/lh3.googleusercontent.com\/Va9m6dmJWJP80EcEzGDc5AasVblcT2BuYWrcUHzWcl3yr_L_nUyHOb_6t2vnCxkubAqKf9EG48Jb81cTggCed7PiS4_k47oHscaibwyRdmNFIcHaRrQtZolqZU8aUXD093G2yZClyt2R6dtPlcCaNrsKfP54evtssose-EbcL8_xc_m8bNPjlU0V1cNDH6RzkGtJYu7-jc1vFgdjFKVfTJKqPmvODtAVzgLEfCV2SzdpbFzSeqtbT9jj-MlCWj6VAvdEzMahVeitdmC1L4g5wH387oVf90nyoM3xf2HphlnYojr_76G8CX-oAgowYUIGgVQY_6OvlH87WKYemdxgwDbCDiR7kiLATpMnPRQ-r8Z_HpYSzqFWtyY10JaplKXDJpd5wv7bYexYCTZk13Tptj6mA-QF1O1jNcwxSeEijSCKoWw6cLzxag6ssZqPZOLNXkmL3LLYPaeDOHvZGeztN68zITpavszk9g6y70VPqaUnLgC9Ffb1uu00Cdzskn9K3VgPh8jt3znlnbirD6S43o8RSnf2cx52JtmzCpo0DStVxgYTC1bmff_8EZy6xQ_mqCpttTGLYVqZCcCM7BoRJgt7IsdX2jhvqX3CEi57ug=w800-h600-no\" alt=\"\"   \/>\n        <\/a>        <div class=\"slideshow_description_box slideshow_transparent\">\n                                        <\/div>\n<\/div>\n\t\n<div style=\"clear: both;\"><\/div><\/div><div class=\"slideshow_view\"><div class=\"slideshow_slide slideshow_slide_image\">\n        <a href=\"https:\/\/photos.google.com\/album\/AF1QipNCcwh2O5mwpRCk27WS4JvggdsSZew8jnWLYjH1\/photo\/AF1QipOjtLq-gZu2uRDr_TVX5Mr9CG9gi19h5Ii7wLEZ\" target=\"_blank\">        <img src=\"https:\/\/lh3.googleusercontent.com\/aaQ5XTgBuw2VSXSTLR5b13l0u8rDrCBCpZWRF45Y7kQBhCUM6yXyrWTjVV_cU_bBN526-SmCnu-zdRux2wO-AfKhwML9hTmeUF3KLA74GWbOwQvphD_X53cj2jWXhbNo4KIKOgZ_qgaRZQrzVt_-kVyXov_foLFktSDKa6_pBKedgmc3R0DhxGWX2Bb5ZuNa2nlInTdJip-lVzmfOgb2vkAgc0_i4dyZV7PlxqNnrvgfeCTSe5YHitBqN1ztSZ-uwhFoiAghoWENKSOMvoDgVPHsDg1LyMUtyZ2GT2q-5hJ44L6e59LrnzV230y1HanW_hNGSDUUXk_0RAll82arnZzlT_UqNph3Zq7jN6htv9dhNYly8tARn3VpfbSYhrnf1-V9cewrlNQbpfnc-wgSVkyAmvtdQQ0hu8RxChgh4eCZr-mgYDkZysvLmqZDYJBdjBbnW_wso5Spqv42q9cqETqBMzHw5u8H4PVCgbYp3u86cVsxNR5-8tkvUjKZPJeXTw2paiQoYP-l46vkdfoZ5ZQMot6MoAprNXYeFEaG9nt22EQpzpAb6IVVCBRdtV4c3W6Yz_hTZ-BF59PzSMjmi4501KWYWb3X5bhTCJb2vA=w800-h600-no\" alt=\"\"   \/>\n        <\/a>        <div class=\"slideshow_description_box slideshow_transparent\">\n                                        <\/div>\n<\/div>\n\t\n<div style=\"clear: both;\"><\/div><\/div><div class=\"slideshow_view\"><div class=\"slideshow_slide slideshow_slide_image\">\n        <a href=\"https:\/\/photos.google.com\/album\/AF1QipNCcwh2O5mwpRCk27WS4JvggdsSZew8jnWLYjH1\/photo\/AF1QipN6FlbYTQagWpzHXmiCHI6rP4lbuh9_RtIUhirR\" target=\"_blank\">        <img src=\"https:\/\/lh3.googleusercontent.com\/nis_uiDo0Rc8XgO7XQQXFP-pumiYwdiZIh5S_r6_5SXNHHf3R5RoZcWBJ1WJgoBizoPunqCw3Esn3TexxFMIoKloTmFeYQIH8Sn9a_erVhulLg6Lz-XqUe44RLOcMSGXQWhOfMWuktUW0zIshXuOIsz7sKPkZUIncnseNryNhm8-Oe3t0RxSBGw8y1khqeHPupBKQCd1yAo6G7NDhhMigi-Rzs0cHj0pGuo_qxgAiJx0Wl8y_v19L6diLRrVoqRB9vUdxoKaXKes_U7Lf2ET4lyb2fxziSs-lYuA0o7GyEAUK2hB8gyv8f-GzNEKC9tX0OcBY0AJG0phyd-oXSWrZsYymATRJK93PC-_OOhtGZzjneAZSLamUbaBuJnMDQE4woWsOgiJN5n8llQ4wS50XQsohUAgu3dOkOGzOr10SB8nb9dLvK6r2kjMNMpn02-NbJxgg_-FLPjerR4eFn6pcafepwvI7U0DIWYv_SYra0I1dPbaYy9t8QYB8ryhEy6WCCgih_BGASJ277m6cn83ditevj5WnqR7VUyxy424lxMcIR-KUN04EUiobgzGUUnypk0XKP4imO4jYvtiZK6XFBCtjg-tyk7gwp8GbjWkmQ=w800-h600-no\" alt=\"\"   \/>\n        <\/a>        <div class=\"slideshow_description_box slideshow_transparent\">\n                                        <\/div>\n<\/div>\n\t\n<div style=\"clear: both;\"><\/div><\/div><div class=\"slideshow_view\"><div class=\"slideshow_slide slideshow_slide_image\">\n        <a href=\"https:\/\/photos.google.com\/album\/AF1QipNCcwh2O5mwpRCk27WS4JvggdsSZew8jnWLYjH1\/photo\/AF1QipP-zz9er_0efVnaEeDSQR7nCq9AXMzpdD2ttxl5\" target=\"_blank\">        <img src=\"https:\/\/lh3.googleusercontent.com\/vg7XUIcjKAq8Q4jQV8NtyRbZcezO6yX4h0Z-wIEzgvJ-DqVD2ehnVorQXbN0Ffg334qXWPw_mT6rWWCNGKnkIEGgud4UBuqlh9p5O-oixQ6VZ5WYigGck-gbW9VRpeDlbITrwnR83WghgpOrg8Ub_1gJsScJmjbgH3OKgJlc6bqwXKA1G75hkWqANBWFbjH3KRWcm5uSXB_XyKbxQ39TzGHFkP26vdDha-Mv19cn0EyJL5aHIzvE_LcCSdAO0Gzu21roA4EzDo1ULn0c0Oxb8wymGPZ2CpxCWNPxnJeVJ18207b5Zm4O6UrcPW-LIf-Py3zuEVVTIA2DpytpIBm6FHitboZyNzgJGWt7f-FTe0NB__Wn60bvHJVo5mR05prZ4bVvmV_KbRJWzf31Cga2Vbs9dV3iOb5k5qpO7uvFRGs-mXn6hWF3MVr63ux5JL6N31a0EslgicnlnhQZlPboWKqsb4zWacNAKDMaJgdvr5EaHfVHHfsqLv-85OrHxPXuVPNF3qvFDva_acYkL3PuYxiHzw40DJLKLdl3BqjuDagMSB4SmS1jUv9xCd_AmakRARpPKJ5OhWUikMIqfaNC8h8-s7mFEaGKWrpYKGinbQ=w800-h600-no\" alt=\"\"   \/>\n        <\/a>        <div class=\"slideshow_description_box slideshow_transparent\">\n                                        <\/div>\n<\/div>\n\t\n<div style=\"clear: both;\"><\/div><\/div><div class=\"slideshow_view\"><div class=\"slideshow_slide slideshow_slide_image\">\n        <a href=\"https:\/\/photos.google.com\/album\/AF1QipNCcwh2O5mwpRCk27WS4JvggdsSZew8jnWLYjH1\/photo\/AF1QipOUvqqh6SZVJNzDUNP-ynpQZUfV9nejP_tm6sre\" target=\"_blank\">        <img src=\"https:\/\/lh3.googleusercontent.com\/Q89ZwNw_wqXTkyGnIb-kDUQ9NTR3C852xO9puNaWfETeoIR3qLo7EOvf_c5aIccrz6_opgNktdDANiRr0bwClgVIwEr7_cijtuIj5WpxU6SAHfdfVjOb_kjGeZNFsHATE6ojg4FHEC1BDNdVUV_xqApNwVH6TKYL2SSuILv0-4Tw6d-waGZGFwD76OSZCOnfKvx85k_D4PLQsusSsup_CLmgR1M1ep_dRySU0SdV-2RLlLnFzZjdPBCZiGqrPzxFf3FqBftGu0iijsXdai7F7WJXF8Y_BiUTz2o-ju9iPwallasNxAe2MKnqzjhGyXdryv4Q2H7Y0laN106Nnu5Fe4BDyn4zq67e4_AqJrnPMSNdDw-qqoi-GFN8_nNH8AJEJ43P7ocSbjA31LF0fgGRBewWlOsqQAxoCoZbPNqpUqXK_MYg1pdZmzqYPj_wIXzlCaqk3Vk3NeuJ0FuU04V-tCy9S1_EXK-2py1eJI07ze9D3oHRjEd7b1_5YLIpRsZjtTGPPnZgTkTlrV1YnGikYoJJCGkaDy0LON0ThJBOYbMzSVkDVgTXgjj95Py5nJExKmM4WFrGXisC1Tkk7gmeVAwHS1L0aXTklW7b-f9HlQ=w800-h600-no\" alt=\"\"   \/>\n        <\/a>        <div class=\"slideshow_description_box slideshow_transparent\">\n                                        <\/div>\n<\/div>\n\t\n<div style=\"clear: both;\"><\/div><\/div><div class=\"slideshow_view\"><div class=\"slideshow_slide slideshow_slide_image\">\n        <a href=\"https:\/\/photos.google.com\/album\/AF1QipNCcwh2O5mwpRCk27WS4JvggdsSZew8jnWLYjH1\/photo\/AF1QipM0vJZwy6nP1LvfOnrGEwaryfJ5wrsKGKnBjD9G\" target=\"_blank\">        <img src=\"https:\/\/lh3.googleusercontent.com\/aLH01Pb7-K_X37jzMLCe1K4wkrRE2nIU4w0pXydvbYWGy0BT3sCmXcf_bTl9eX1JrYXzuCTIocwaQgt8zoFpCZPFimFckWbll5xOS_KRs_JCxNOO8kTqqV9hun1GPH6DQBy2ujIsgFrmfQkhLBq-PlWJg8gg0RRtRzMuzZSfRNoK1ZmuO5JRlNQ27cJJaZDHt_B1N9XrC1myzvrVdHMIeu0XRobkXfz9QK8__ucqcpe6A86yF0NBUlG45vlM2nBG_Pqcq7CnC7_v5kwQZmp-4L24pUuXxQXKP8VfIC3Fq15o0iefkmCdAGD-P3QkrBHgR1IFD1nF9OvgaYfunrPf2tM3mXvx1t3ga5hvqBlj0Dx1l-pFr6jYN5G-buix8rTyUgaIF1shyeIO3wfWjcOeVNZt_usTSbebAJy1aHYjtj-TFjCCDYRN0Cly5AUrtJOzDkvPNeEwSMYCjQrEXIFdLPE22AcfYokQTgTRWTmtzyJMEnXeWK_3LzWzqxkcsbRwVM79qVooAATclWHOOgdqobtvWWlxLO4t9HYKooYQvJfZo2fn9XRJSzeJtfjwmagmZ3s2xy47d3djVznEfTlTbMoDvQMLyl5vpTa_mdZsMg=w800-h600-no\" alt=\"\"   \/>\n        <\/a>        <div class=\"slideshow_description_box slideshow_transparent\">\n                                        <\/div>\n<\/div>\n\t\n<div style=\"clear: both;\"><\/div><\/div><div class=\"slideshow_view\"><div class=\"slideshow_slide slideshow_slide_image\">\n        <a href=\"https:\/\/photos.google.com\/album\/AF1QipNCcwh2O5mwpRCk27WS4JvggdsSZew8jnWLYjH1\/photo\/AF1QipNJtJr_A889ILLFZG431PkjPpPDADJCRNunrk-f\" target=\"_blank\">        <img src=\"https:\/\/lh3.googleusercontent.com\/souYwnbOLyXRElQzVOq22NuByo0S_fXTD5cA94B4QAJF6pHipc4sH73tVrRI70Jb0w5w7OQDB2F1ANjBA8y1jJHflnxwS1PoT1BrvcL7Gi-bjCLZdKXJ361k1Wp8Ko70XlG5M-y654qJGNCZT6eTyZTETd5QL5mJpfhxEQTWpcxEDBoqOtGKjdVoMF7acVuafEYtJnlVSJClHsgOC2hGS0w3xw_WXDtT2KkFuh8jm_ZyX7jvjrLrnvLBhgKxZVveo3oPT9lY85zt701ghDjQ-5OsxQElaoJRSUYyll8IJ6f3RbkUUb2EeT5KXlDhEeoo7sPF03qNfoXGe_3IdtgHZzk0f10r-FpVo58G7rzKt5VRvmxNA_30oPHEWtYeg3M6EOV2VWgYr_LDbccqUi3ja_mOl0xw3VeAqGIflYU8ZyHKgPeCWKtrQ9fmlYpXpGw9PYw61dNx0ObOYwNW7uBDEKKS9JhefzwiIAEiBCm2ee8u7WaKYIzw8Y9mtnXVMNHZysNluJjBwRymldYYsZUh2UGCrJFLJ_f7dH37BpcqK2-FejmG9b07Cltuk3lqOA-QUHO6doRUc8-TUpjJnXmI_m3BRxWKUetVbR2Vct_YYQ=w800-h600-no\" alt=\"\"   \/>\n        <\/a>        <div class=\"slideshow_description_box slideshow_transparent\">\n                                        <\/div>\n<\/div>\n\t\n<div style=\"clear: both;\"><\/div><\/div>\r\n\t\t<\/div>\r\n\r\n\t\t<div class=\"slideshow_controlPanel slideshow_transparent\" style=\"display: none;\"><ul><li class=\"slideshow_togglePlay\" data-play-text=\"Visualitza\" data-pause-text=\"Pausa\"><\/li><\/ul><\/div>\r\n\r\n\t\t<div class=\"slideshow_button slideshow_previous slideshow_transparent\" role=\"button\" data-previous-text=\"Anterior\" style=\"display: none;\"><\/div>\r\n\t\t<div class=\"slideshow_button slideshow_next slideshow_transparent\" role=\"button\" data-next-text=\"Seg\u00fcent\" style=\"display: none;\"><\/div>\r\n\r\n\t\t<div class=\"slideshow_pagination\" style=\"display: none;\" data-go-to-text=\"V\u00e9s a la diapositiva\"><div class=\"slideshow_pagination_center\"><\/div><\/div>\r\n\r\n\t\t<!-- WordPress Slideshow Version 2.3.1 -->\r\n\r\n\t\t\t<\/div>\r\n\r\n<\/p>\n<p style=\"text-align: justify;\"><strong>Activitats d&#8217;avaluaci\u00f3: <\/strong>L&#8217;avaluaci\u00f3 dels continguts del projecte (80%) es fa a trav\u00e9s d&#8217;una prova escrita on l&#8217;alumne\/a demostra dominar el vocabulari art\u00edstic treballat a l&#8217;aula en llengua anglesa i les caracter\u00edstiques principals de l&#8217;art rom\u00e0nic. El 20% de l&#8217;avaluaci\u00f3 t\u00e9 en compte la motivaci\u00f3 de l&#8217;alumne en la realitzaci\u00f3 de la part pl\u00e0stica i la seva interrelaci\u00f3 amb el grup-classe.<\/p>\n","protected":false},"excerpt":{"rendered":"<p>Introducci\u00f3 \/ Resum: El projecte que porta per t\u00edtol THE ROMANESQUE ART, es realitza a 2n d&#8217;ESO des de la mat\u00e8ria de Ci\u00e8ncies Socials. Aquest \u00e9s un projecte interdisciplinar, ja que es realitza en llengua anglesa i\u00a0 que les activitats m\u00e9s pr\u00e0ctiques s\u00f3n pr\u00f2pies de&hellip;  <a href=\"https:\/\/agora.xtec.cat\/iescanpeixauet\/experiencies-pedagogiques\/treball-per-ambits\/the-romanesque-art\/\" title=\"Read The Romanesque Art\">Llegeix m\u00e9s\u00bb<\/a><\/p>\n","protected":false},"author":4,"featured_media":0,"parent":2120,"menu_order":20,"comment_status":"closed","ping_status":"closed","template":"page-templates\/side-menu.php","meta":{"_bbp_topic_count":0,"_bbp_reply_count":0,"_bbp_total_topic_count":0,"_bbp_total_reply_count":0,"_bbp_voice_count":0,"_bbp_anonymous_reply_count":0,"_bbp_topic_count_hidden":0,"_bbp_reply_count_hidden":0,"_bbp_forum_subforum_count":0,"footnotes":""},"class_list":["post-2458","page","type-page","status-publish","hentry"],"post_mailing_queue_ids":[],"_links":{"self":[{"href":"https:\/\/agora.xtec.cat\/iescanpeixauet\/wp-json\/wp\/v2\/pages\/2458","targetHints":{"allow":["GET"]}}],"collection":[{"href":"https:\/\/agora.xtec.cat\/iescanpeixauet\/wp-json\/wp\/v2\/pages"}],"about":[{"href":"https:\/\/agora.xtec.cat\/iescanpeixauet\/wp-json\/wp\/v2\/types\/page"}],"author":[{"embeddable":true,"href":"https:\/\/agora.xtec.cat\/iescanpeixauet\/wp-json\/wp\/v2\/users\/4"}],"replies":[{"embeddable":true,"href":"https:\/\/agora.xtec.cat\/iescanpeixauet\/wp-json\/wp\/v2\/comments?post=2458"}],"version-history":[{"count":3,"href":"https:\/\/agora.xtec.cat\/iescanpeixauet\/wp-json\/wp\/v2\/pages\/2458\/revisions"}],"predecessor-version":[{"id":2467,"href":"https:\/\/agora.xtec.cat\/iescanpeixauet\/wp-json\/wp\/v2\/pages\/2458\/revisions\/2467"}],"up":[{"embeddable":true,"href":"https:\/\/agora.xtec.cat\/iescanpeixauet\/wp-json\/wp\/v2\/pages\/2120"}],"wp:attachment":[{"href":"https:\/\/agora.xtec.cat\/iescanpeixauet\/wp-json\/wp\/v2\/media?parent=2458"}],"curies":[{"name":"wp","href":"https:\/\/api.w.org\/{rel}","templated":true}]}}