{"id":2441,"date":"2017-10-02T19:04:41","date_gmt":"2017-10-02T17:04:41","guid":{"rendered":"http:\/\/agora.xtec.cat\/iescanpeixauet\/?page_id=2441"},"modified":"2017-10-03T12:44:43","modified_gmt":"2017-10-03T10:44:43","slug":"taller-dexperiments-de-fisica","status":"publish","type":"page","link":"https:\/\/agora.xtec.cat\/iescanpeixauet\/experiencies-pedagogiques\/altres-projectes\/servei-comunitari\/taller-dexperiments-de-fisica\/","title":{"rendered":"Taller d&#8217;experiments de F\u00edsica"},"content":{"rendered":"<p style=\"text-align: justify;\"><strong>Introducci\u00f3 \/ Resum:<\/strong>L&#8217;activitat consisteix en que els alumnes de l&#8217;institut fan \u00a0de professors dels alumnes de prim\u00e0ria, i els explican i realitzan \u00a0un petit taller d\u2019experiments de f\u00edsica. \u00c9s una manera amena d\u2019explicar conceptes f\u00edsics mitjan\u00e7ant la realitzaci\u00f3 d\u2019experiments amb materials\u00a0 casolans.<\/p>\n<p><strong>Objectius d\u2019aprenentatge<\/strong><\/p>\n<ul>\n<li>Fomentar el treball col\u00b7laboratiu<\/li>\n<li>Afavorir el creixement personal<\/li>\n<li>Treballar les relacions interpersonals<\/li>\n<li>Treballar la comunicaci\u00f3 oral<\/li>\n<li>Apropar la ci\u00e8ncia<\/li>\n<\/ul>\n<p><strong>Objectius de servei<\/strong><\/p>\n<ul>\n<li>Fomentar el treball col\u00b7laboratiu<\/li>\n<li>Afavorir el creixement personal<\/li>\n<li>Treballar les relacions interpersonals<\/li>\n<li>Treballar la comunicaci\u00f3 oral<\/li>\n<li>Fomentar el treball interdisciplinar i multinivell entre diferents centres educatius del barri<\/li>\n<li>Establir lla\u00e7os de coneixement entre alumnes de diferents centre educatius de la zona<\/li>\n<\/ul>\n<p><strong>Compet\u00e8ncies b\u00e0siques<\/strong><\/p>\n<ul>\n<li>Compet\u00e8ncia comunicativa ling\u00fc\u00edstica i audiovisual<\/li>\n<li>Compet\u00e8ncia d&#8217;aprendre a aprendre<\/li>\n<li>Compet\u00e8ncia d&#8217;autonomia i iniciativa personal<\/li>\n<li>Compet\u00e8ncia en el coneixement i interacci\u00f3 amb el m\u00f3n f\u00edsic<\/li>\n<li>Compet\u00e8ncia social i ciutadana<\/li>\n<\/ul>\n<p><strong>Activitats d\u2019aprenentatge vinculades al servei: <\/strong>Els alumnes, amb l\u2019ajut del professor responsable, han de preparar el taller que faran amb els alumnes de prim\u00e0ria. Aix\u00f2 implica que s&#8217;han de planificar l&#8217;activitat: saber qu\u00e8 faran, com ho faran, quin material utilitzaran&#8230;, fer una demo de l&#8217;activat, fer modificacions..<\/p>\n<p style=\"text-align: justify;\"><strong>Activitats de servei: <\/strong>L&#8217;activitat t\u00e9 dues parts: la primera, implica la preparaci\u00f3 per part de l&#8217;alumnat de l&#8217;institut la seva intervenci\u00f3 a l&#8217;aula de prim\u00e0ria. A la segona part, els alumnes de l&#8217;institut fan la seva intervenci\u00f3 a l&#8217;aula de prim\u00e0ria, treballant en petits grups, on cada grup d\u2019alumnes dirigeix, explica i fa el seu taller. Les activitats han estat quatre tallers de f\u00edsica que explicaven diversos aspectes del magnetisme, el so, la pressi\u00f3 atmosf\u00e8rica i l\u2019\u00f2ptica.<\/p>\n<p style=\"text-align: center;\">\r\n\t<div class=\"slideshow_container slideshow_container_style-light\" style=\"height: 300px; \" data-slideshow-id=\"2464\" data-style-name=\"style-light\" data-style-version=\"2.3.1\" >\r\n\r\n\t\t\t\t\t<div class=\"slideshow_loading_icon\"><\/div>\r\n\t\t\r\n\t\t<div class=\"slideshow_content\" style=\"display: none;\">\r\n\r\n\t\t\t<div class=\"slideshow_view\"><div class=\"slideshow_slide slideshow_slide_image\">\n        <a href=\"https:\/\/photos.google.com\/album\/AF1QipPaHeu76PcCT2m6hLhl8lcoQII-tzLh1J7YF2N-\/photo\/AF1QipMbU8kFcz9pd5uWyInfDfxCBihWtYpeHuiaFt08\" target=\"_blank\">        <img src=\"https:\/\/lh3.googleusercontent.com\/K1kYKB-KAFlzTD7gsQmbCqbmHREsoKie68aypGawdswA4tJcqIrMqyZA5H0A-aYjzDjQOtfpK5TKnNwU4BJYlXT0lFR68gvnxzV56iukuuC28wFsJ9xlKS5McDX3DTlSlwXsLVKrWnd0UXAJHGhLXVYlDbAt69-kgDYdGLosMpXfEnDJnZsalJys-Tl10_-kI_kxiFwSFqG1gFAY3r8tiGUvIj6ojyA4_yR89QIMIRhxMjHm03-_9IHhuuOhyzBEepLqW0CV7xGsuQejVcVEfsaUrLugR2t_OyU8QYhE-O-cF-Y89E4Z9QSE0PRpsImQF5BymmpPUGsUDNciiKIKdTEM9NQ_flQd3Ye6wdfab6CClsri5O6IKFMKCw1HEiCm2n2V2-RtZS02dbRswjtRAXcgm6XpB-iVhADeffS7SoQdu3_xVp0W9dXUJtTld2DO5qnnNnIs5-b-C66mn4sql7tcawmsJWxFRSHR9J7QdwarsxYtdTyYirMWNEP3LNCelWaAbvaFrmxNtPlIL4xFSuF5ZqYaBYmFvm8fvnCB5zDz2JB7_bpup02i04RtlcS9XZCxRSzoXIsiwFVBtx8BvrCoFTg0HJukZOgfBxcVwg=w800-h600-no\" alt=\"\"   \/>\n        <\/a>        <div class=\"slideshow_description_box slideshow_transparent\">\n                                        <\/div>\n<\/div>\n\t\n<div style=\"clear: both;\"><\/div><\/div><div class=\"slideshow_view\"><div class=\"slideshow_slide slideshow_slide_image\">\n        <a href=\"https:\/\/photos.google.com\/album\/AF1QipPaHeu76PcCT2m6hLhl8lcoQII-tzLh1J7YF2N-\/photo\/AF1QipPiZQnwraZ8YEgwFEiDt-y_8ujK6iw12vx0YdPa\" target=\"_blank\">        <img src=\"https:\/\/lh3.googleusercontent.com\/Nmxac4sx5D_E_1r_F1oRsl7M6zR8pb3sJ2aKnvs0vWYowTovn5ZN5KEtnvdmyH7aNqUd-_NyO7N6fJYFaMsvwB6nyljO6Cnf6WTcFAdJuLZ_C7rwCkoAnOrdayhqCLM6zw2GkOekzsK6MHsF3uwTl9cMTq-YIX3qN3ZzFz_gBo_6mz1_WrtwQR7rBZzON_iMcv5YusDGnE16sOxECNdJmJutPgWxUedgC6zD9SakTHznI5CmRcsdOmC8CjFGO54WdPzHHWhq14EikYr0HIqn1DkAQXFM3-ecXiYwqrulDuOSQr1ipXn9jBQ4U_s_RR6RgdVLRC2MwP64R_9C8_iJcRXvPywM4Q53lO_OxlrX9RdHkb01pRe3Ef0EOuoNFCvWAMeiTiClkeJYwudQcTDUa8jziDDT2ZqYOwBc951023dhLTODcYtujVrZeyoLakjhn6bjWeDnfB6rRNHfnB2oXluKDnBoP1e_zERaV9ywFd5O6LAVpGCoJ8eGTj34Wwm0PNklYokqpCW1uYM-vttH6dVbDjhYzgo0GzF-R2eGAo8V8vlI1X-iHrxyRpGRwoKk9kbPKpNyyTFYS55USE1uTXAYC1q4tLu6CkmEtBsJQg=w800-h600-no\" alt=\"\"   \/>\n        <\/a>        <div class=\"slideshow_description_box slideshow_transparent\">\n                                        <\/div>\n<\/div>\n\t\n<div style=\"clear: both;\"><\/div><\/div><div class=\"slideshow_view\"><div class=\"slideshow_slide slideshow_slide_image\">\n        <a href=\"https:\/\/photos.google.com\/album\/AF1QipPaHeu76PcCT2m6hLhl8lcoQII-tzLh1J7YF2N-\/photo\/AF1QipMd21HAs3s_NHV9UfB6NmXyZmhVmUQo3coZveg7\" target=\"_blank\">        <img src=\"https:\/\/lh3.googleusercontent.com\/FHBCVquTIMfYgxKcLZO3CvN7wKrojsJ_9vTgRuT0GXNWn9f1nqr0wDaRIEfQeG04XKfPoA24nPxyl03ccQ1q4VPIrgt6SmSanHZRwDmkyBp9ElHf8BOYugIy4cKPvS5PGI-OKQBTYF-fu6DfJ_25bbxFodYzOKYQITnka8J3EpRrPnbv7mBUP4Q-p0sQ3d61wpxRSqMpcpAG93ymvFva1nWBKeF1b1qV46bMEkRfPBTSE3-sNJH5a9_xQFgw3U6Gul6_Wf7mSsvrmHY8rdnqndXimkhtDY4TyrAhLHIowbFRBLDZ9T0lLmFiz8r7uCT1nMKekEC74PnITmKv4vCuw4_Y8lXy1D7O8_bJ5aPXl_liU79QsuwZJVLBdkefDKTNESrVnxS1jFUkM-0iay2-sUA2TKj297L5p-SapE5cBS5D17cSdeY7vk_ILMuVpEgglRrR7z313PNn6v7ijvQpaFTEgxcb1CuuoI26KPBQZ3BFErgpBHtt1efzgnXZe1OlbR-Je9FE6AEJOREkBMvcDOVY0TBDPKTmzwlkT8Uu2V1YNT8HdjpOuo5t-gBr7WtAqnYByaRD8K0I4pZ1WrBlqtgqcAXS7sU6DRWnQBIKGw=w800-h600-no\" alt=\"\"   \/>\n        <\/a>        <div class=\"slideshow_description_box slideshow_transparent\">\n                                        <\/div>\n<\/div>\n\t\n<div style=\"clear: both;\"><\/div><\/div><div class=\"slideshow_view\"><div class=\"slideshow_slide slideshow_slide_image\">\n        <a href=\"https:\/\/photos.google.com\/album\/AF1QipPaHeu76PcCT2m6hLhl8lcoQII-tzLh1J7YF2N-\/photo\/AF1QipMrlTDFsiKnElqJrxHLc9z4y6aFP9E4oJUwqcxB\" target=\"_blank\">        <img src=\"https:\/\/lh3.googleusercontent.com\/aNSM8YprN31larylcxPeIswglg7RitAr-rk4_7Rj9wP-5o9nQO43jGwVVs_nJDoyryE7m6DFk1JZ8lLItJWOtvpgcApKLUrgZCeRCXxY9hmIEIuYXbK9evuIpzmbliaaWZVOasmZWXxD8HqpaJ1aTsE8MWLiRA0lfFMhT0ylrfCCPhZ4kLi3imtN_2QYhgvviVizwQK75MLhWCxCYTewoVDtyfSn6jgXu2extMqkQ0hOdDCqK3kdXhMEnV7m1EuYKzUFN-VjuhAmPKoi67O8EYCNMFZWPYk76CFQy-VuqZi8ofWWeUUs81SXo3atxj2DJs1hB-YcP0SvmgwEF7jKNJmHl_sKIGK6ZO4rzWSzNSi8lS3Xd-D9RQa8y2tZIuPr5Qg-wUelkPFvhW2xhwCbrQ0WIPaiRAdMYp2ClqQtO-otEoIWnu_fIpJKgPpzM-aaR6yxePtEwPu1V1H7ASR28XUyzJn4oQ_H41yVkOyGf_7nEQDLDO9AkOj-J1mco8PiZN0RgFq0G7CNkljM35iFIswVv-Kn7xgfa5dqSlyOTEd_botckgBmBI-KHKuiX7uWd3TAEOn3rpKJh5BmqUqKjN-VwPANbfMJyNW0sfVSfg=w800-h600-no\" alt=\"\"   \/>\n        <\/a>        <div class=\"slideshow_description_box slideshow_transparent\">\n                                        <\/div>\n<\/div>\n\t\n<div style=\"clear: both;\"><\/div><\/div><div class=\"slideshow_view\"><div class=\"slideshow_slide slideshow_slide_image\">\n        <a href=\"https:\/\/photos.google.com\/album\/AF1QipPaHeu76PcCT2m6hLhl8lcoQII-tzLh1J7YF2N-\/photo\/AF1QipNhGPsNty1Qh06QzQmKKL-CTg3HTRCR5IOzfjXs\" target=\"_blank\">        <img src=\"https:\/\/lh3.googleusercontent.com\/laOVRAxYD-ZRUhbTq7bBOsc-d6dRH6or5PMvj99FFwSULs-ICg9npVQGFYIroRmsOmsvzAk5pEvG8VvPiW2uOIPLbx0tEBSMyxIZ06ycmDkmk0l0he0SjnkZR1_HTKmzzuFKtodZNR65oS7zoxxYxUBMG-RV6ohc9Zq0386D_4qm-HhlaNkG4MY2Ub7jRqLowfQ_UUt57aSXq31LcxKQqebmdh9Mn_LMzEi4BGV24lnp1IXv-V8E0nE3JPguqdTyYoyGjaLPC87Q4erDTBs_fNn-t4NTdRw7y3hhdnjFLYVm3SSrWkqd3f8E4SirlkVuTUgAPnpIh_A-h--ANpjiGwb6DjmhF3VfFqX3HZ1sDfpho0VRhB5ZheHznXhm18PXfqjpFP_iHVsnwGuoM_edWVu30Lv4Ifx2EJID2dZDwRrEHq2uvlfOtzgt0kvlKkMtINkq7Sh5c4_ZpyWli57pmuZb-Gpza8L5dvRvH4SxgZPjg3VsqkdDaX5eai8nP_ZO3Aau11YdqhXJDEo67sAdU0vDN5TP0LbcD7oY5t42Jp2xcHDr-tr6sC4PZ2CeXlZckz8A5B8Kiizg6I95i_CbiZm6ju3wWNTVZiZYrbyxdA=w800-h600-no\" alt=\"\"   \/>\n        <\/a>        <div class=\"slideshow_description_box slideshow_transparent\">\n                                        <\/div>\n<\/div>\n\t\n<div style=\"clear: both;\"><\/div><\/div><div class=\"slideshow_view\"><div class=\"slideshow_slide slideshow_slide_image\">\n        <a href=\"https:\/\/photos.google.com\/album\/AF1QipPaHeu76PcCT2m6hLhl8lcoQII-tzLh1J7YF2N-\/photo\/AF1QipNfPxPMiuIWqXGsjXq1klL5diSfmO_-B04R2KEf\" target=\"_blank\">        <img src=\"https:\/\/lh3.googleusercontent.com\/iMr1uaMBTZ29Jil7v1A14fX6-RvUyaimfBKbisP1pX3X0HlQhZ1pA4KZRia44RMX0-Wkfv9EvsLsrRB1sXsBJvjlRpYX98Z_3JZjWfM1a7hPBCEsBtl8MEweivBleNjzYdeAr3m1_7nDcjzMMPCrcDJLyjqOfe3gMKvi7DSQdjlE2K9OeE0qN_mwQ-YVL_5n7w8X5twzYqG3HSqO7Iy2x0NjtC0CMq5wFug3C-yrxgKipY24U1Rm2bqYtzTb6u89Ua1lFHOIKtVFQhNXBWx7gphPYeBbYDGYZMtuzXRNUbgt3P8BMvEvfc8GRSHad5SN6lWdQtXs0wIs6S5JGHXQg795dHwf1bzv7Q2l4n3Qo7C50lJhH5WKEb5LL1scIXqrbW1mgGLV8GZAbnckd0Q6nX5nPeDmTF1RjQypfEKlWl7837EX1x9UU3E__uiqRHNqjxtgOuLNZhGneDZ-2FUaMgGuX3R64dgeDVIV3cG-eB8QC7DsEi3du-m9Xf1nTC6JnptBH6TgsnzVeqgxyFHJ7sHBzl3V_Zvrl_GbJlFdibQ-q4zOYhvzpYnxpqegvG1A7M1sPkhpFYjJce9h1dPCAvcethODDvZLqbRBmR_7RA=w800-h600-no\" alt=\"\"   \/>\n        <\/a>        <div class=\"slideshow_description_box slideshow_transparent\">\n                                        <\/div>\n<\/div>\n\t\n<div style=\"clear: both;\"><\/div><\/div><div class=\"slideshow_view\"><div class=\"slideshow_slide slideshow_slide_image\">\n        <a href=\"https:\/\/photos.google.com\/album\/AF1QipPaHeu76PcCT2m6hLhl8lcoQII-tzLh1J7YF2N-\/photo\/AF1QipNA2TrLh_MBUTOrkyr2BnCw8tvOuC2tgrNy00QI\" target=\"_blank\">        <img src=\"https:\/\/lh3.googleusercontent.com\/gPoqmCAZC1qf0o1vnAYhmSOFxfAXwsXS7sAnga8LUoOySEI0ZVYJVf4eNMkXkGdtvQwpXk16XkWUbSlG2N3KIfvkpBCigPL0PW_0ShHD2VX2-UJwQL1cIVcdJczu4URLVZlRwaqy742cwiW2-qwZrlGQZUOseoWkn_2aQqgvmxL8VDLE6Q8VcuUC19zVBP4gqItYoQBgmeg1_xxakTQyNPj1_5ZTRpyUqiZJh-3krV3m0ja94jIk7ptU5x2zoiTeKYXxMCm4GZHM9EJCz-psASOBQz21mqYko4bsRIo7zkiMMAcaC1iMENYd_ocHpFGXkO7wF229uzS4V86eKwAcDaPpYMjpIR2vQOdu4kR_JXEee2YvnhqbzK97IApUw-Yqxk4H1DwOBF5STHO4IHNAF-DrfDuTPkZ8SzZ-iu2WDfYs7OBltxVPWL3QDauLH7fOpqHSTtL2QX30hrfqfllW4O1-I1GoPHXlBqVjHX6JlSSkLVUd0C24l5v8A5uB-OZzkgZ2PNXwah3TxCDimfWvuPdUuW5pNJau8QrtB2Cyv0Lcv2WPi5E6JZcW28SsaDRKfs0abm5_9fwHcTxq2H7iETkdQ6GVprcZgm2tW6KWOQ=w800-h600-no\" alt=\"\"   \/>\n        <\/a>        <div class=\"slideshow_description_box slideshow_transparent\">\n                                        <\/div>\n<\/div>\n\t\n<div style=\"clear: both;\"><\/div><\/div><div class=\"slideshow_view\"><div class=\"slideshow_slide slideshow_slide_image\">\n        <a href=\"https:\/\/photos.google.com\/album\/AF1QipPaHeu76PcCT2m6hLhl8lcoQII-tzLh1J7YF2N-\/photo\/AF1QipNAX7niyNfgoR86Jj15VAaNJe0_sxyO8H-DGLOP\" target=\"_blank\">        <img src=\"https:\/\/lh3.googleusercontent.com\/nTj2wnwoNJdWP9o9-yGYXMrBPSnVm2J9iKMv2XHHz_ILSRLjNp-hoszf6a6IDlkQKEd_QGEpajL6tsyK6sKvphVgshlDB70VwcA-n0-u7dr5rvRRe2x7k1nb9u-Dk24JZxXW7xweTVZ5vsgB-42A69TQDnsKl9QqGxImBG7vgMi--uGB1VHIfdMHBv4RJYhSDRS-7z1-oHlFbjOkpPN09_KrnlujTDfdCQaxgqAWZ1u_8rNfA5i8ZwBJlbXGJ2n6vkA0ELfh7_XSQNw5VJc78Mvtl47KcOkdf3Ri5A2MA8vtjRjoOjLeBfMDut_8tSAvbQHo9XBf01zfRhGKCtZ69draMb8sTiGIFhcSlqYIYu8p0lhYmWATil3q0HVViHs0XxHzfklo8yyLqSqEql5qx1V4-EL3mdKZAjzfcQyKcxhdzr62vM8FyW4sqTWiRP6WpwQyPtma7TCvEWeFJV9oEG7z7oc6YKvVXY2kHrWztEWagftIDuOVBjqsORy7-0Ce6rst9GGDzJNq2IO1iowQoj0UhBgapHVhnmwoT1qFsYsFkFcQsxlsnOnjbFlhPs_EMIE3ODB_oZwT7R816FdNv4492qw2LW2I-TTbikkigw=w800-h600-no\" alt=\"\"   \/>\n        <\/a>        <div class=\"slideshow_description_box slideshow_transparent\">\n                                        <\/div>\n<\/div>\n\t\n<div style=\"clear: both;\"><\/div><\/div><div class=\"slideshow_view\"><div class=\"slideshow_slide slideshow_slide_image\">\n        <a href=\"https:\/\/photos.google.com\/album\/AF1QipPaHeu76PcCT2m6hLhl8lcoQII-tzLh1J7YF2N-\/photo\/AF1QipMzyyz1vHisKHLRIWxPUwGbKbA7ClcNEYJrylU-\" target=\"_blank\">        <img src=\"https:\/\/lh3.googleusercontent.com\/Co1Br-SNEyLbjAtzoiVWItR18i8JEGv_IMin6UtGKTEwR0hpHECLf59y0dk2j6r3jqtnb-uI4PyeqhcC4UGqBLkWXB6xmdxZ0ETm3uHWzG8hqqsuwQ6EjRUPKxZOxIYfBwqKb-q4gAm6PVGnqDirGphguo0B1RbBz8F2abo9V3oEgdFMFgFSqNr4e12ZZjYxcC6iNACQw6Joo6Ue6MNj4zT_Nk3rM9x2ICG7NdloSAiGYo33ICFRRBcVJEQg2qS_gJOWLe17kHqTD6VDZm06ovcKZytJ5pllARQJ2kUxVJ_cf8UajzTc-n-wwqJLkG_MdmF-ItCukO8wHNGMapBPkNRI48jcZeX8Tw_6bG-48TcvHYKOIQHWmnMmhdHQUjWLHMGKQjXoQ3cXNNHb3V9zhTNLZFBZZgF6zMMkIZBa0FGd2bthPKPYJJNgL-5Bs49poTq_cAwv21yQI3kw41hw0x2aLLrXE6iQLqxs194zrkbHDSP2u1tYU7iBFdDFpL1hQgzqlZZkU3JnGv6baaA897YGycphZqrqSmpVI6kKqbM1OlFQ1mriHrStnTVwBzv8naTfHDJ_ot0-cQZ0X_WTZulG5Jihlti1BX2pDTYS9w=w800-h600-no\" alt=\"\"   \/>\n        <\/a>        <div class=\"slideshow_description_box slideshow_transparent\">\n                                        <\/div>\n<\/div>\n\t\n<div style=\"clear: both;\"><\/div><\/div><div class=\"slideshow_view\"><div class=\"slideshow_slide slideshow_slide_image\">\n        <a href=\"https:\/\/photos.google.com\/album\/AF1QipPaHeu76PcCT2m6hLhl8lcoQII-tzLh1J7YF2N-\/photo\/AF1QipNfnWg2p15PnP_ipwj4wkyUSANifJzDzi3hMEZc\" target=\"_blank\">        <img src=\"https:\/\/lh3.googleusercontent.com\/jt2kaMK3EgeiCWm5zTftfg7WKtUVyaLX_WK2FxhaOBxWkG1Yo4Q4Vs99wywMsa13nPv3BCtxgR0UzI70GclXc2452rLmNQ8sVK0EElH_DUGwVMrZAQgzEeYNv-BySvHypHLYhXwQivxJwLs6Gox2RqvP29voXK0kajdbe7ccgSGjOEeyw5215QV15s1mbqZTH1uBIV6ekAIky2B7kbWb4vo8I_kr3L5AgEdcRFYSAfdEZk4CBY3F00g0r0_T6pYdC0GRCa5kM1tSqtqm-uk5mVRNZXO0K6NXF1E51GH9_XyJ0ESHp9Tb1tIdCz753tQMBa9PUOhraWhegfW59kz-AlScp8OFVtQIo3oCs66_wPKAgxfIIrYlSxpZvAdqdRB3GFWmC7XkQUV3FfXJFbu9cYXKTg8Ia_XbLD5Eze15WBaQjLBk2xNbXLcAExVMRm2r8AIniQu2D0bWqC96jMyRwdzX7xcQ5O1svUiow4-FpEV_dKqUrYKRjUZu_MRi5K2aM3d6N_5IvNOB-GjSTVwd4PWRuEFGZgWWEzdeh4E893M2oz7h68W2n5VKrPfl-vSDX5Tq90zI5g0MZmhniVA6RCEvCkXC5huGr3Laoc1r5A=w800-h600-no\" alt=\"\"   \/>\n        <\/a>        <div class=\"slideshow_description_box slideshow_transparent\">\n                                        <\/div>\n<\/div>\n\t\n<div style=\"clear: both;\"><\/div><\/div><div class=\"slideshow_view\"><div class=\"slideshow_slide slideshow_slide_image\">\n        <a href=\"https:\/\/photos.google.com\/album\/AF1QipPaHeu76PcCT2m6hLhl8lcoQII-tzLh1J7YF2N-\/photo\/AF1QipMT8vv_rzrF07_g1NCkPtEJ2AaQ8BZHQfYX0wSz\" target=\"_blank\">        <img src=\"https:\/\/lh3.googleusercontent.com\/ZjFC2tqNiDIYjBvL3ahJdCcixpGbJaZ9gzDeKW7M5QMVpZjwm0ZDGOEiAxinjIlGvBgtaYBbqVw4IJJI5dQ6N5o5Ky56WvMurxcf58cgKd6wg3uRlUzkmkIL3wr4tHlaGQjOo_Fr_kSde_2MZpmZRYScuUoUxBjl57CRq-31GxTbjapDffLU_N255Ypoi9caMFJsKEQN9wHDQYwZSTJP967yv6HOcFakcYTuq_iDXrA4WR0V0A_GOpo7hOcGURCeLMX8BRnuFulsncqWPdoPvloiDzaVBwFTw12Q0deOTzNdRJuJMH2vMmAzvu6gNu2btXt22SJcC4ZvhMZ1grH0cnDSn_IcUy5yHgNmIxedKKx_iz6GtEjIZhSYsnl906N8bIjyZHt9uKgeOSpkyXmSgbZ8JMR3bANeZVB5W0dy7jZiD4VeK9XN-fi09RWnYJ83zqcqeWnW3xPlNL6bhr7tWif-EBke9NTUJhEw6DimNr0ehqDaV10lqy0TKPSeVzIHlv-M7ozraEuHy2-tyFZuYajJnRIpuXZ4ukJKJbx4FIkrMaIQM2CNvZButixeZWudYowD00g1wlLnDIvt4oA27-yJCnyzxvUHkkOTJIpZZQ=w800-h600-no\" alt=\"\"   \/>\n        <\/a>        <div class=\"slideshow_description_box slideshow_transparent\">\n                                        <\/div>\n<\/div>\n\t\n<div style=\"clear: both;\"><\/div><\/div><div class=\"slideshow_view\"><div class=\"slideshow_slide slideshow_slide_image\">\n        <a href=\"https:\/\/photos.google.com\/album\/AF1QipPaHeu76PcCT2m6hLhl8lcoQII-tzLh1J7YF2N-\/photo\/AF1QipOqo_gqJucTgmAajIyMzuhWZQcwRKQqNDbeSCMp\" target=\"_blank\">        <img src=\"https:\/\/lh3.googleusercontent.com\/_ye8eCDGAOPV2ut7WsMLOnD1g6dIJdod0DXpTzGrEHsSESvrkxmwaV8VNb9ttipzIbo2qjR5sbd9EdHDEy0QtRxPnbnZyt0TOMPoSZ4Ovq0Nbil9jY6DB-4YIZ8BLCU0ufGmWcKXPlZ_1NRLC7jONfarxw4ObO_NN9AobUpIjFVNKlvKNFSTFzWIdGk62NXvxWgtbIKnBqqQv5Lh2OoWN4iBJg2dlZ-hgh5pJHaV2JSl1YeVSBhF9qQVEnH2x9TS9h8uTydHj99VBlahtJcKqQVAPppGCWR5iy4jgDF7ziG4zse9Xd9olbnqSCXmbEWlgzRo0CsklkZsi00Y5wBLBN3YjaaldDIlb0EowvOsT1Ta3cDiix8Jqdazdu7n1yeLVt6PWvLKDoNTh4HZ-VvqHelc1cw_52MJEXC4xJBqH8hf7MGM4Rc9nSaq0p4IN7Jd40Dt3JebgsdRLF9oty1LPFq1QIMWwYN7TTnAOIOKZF8VWUGHzzRLq2H318YEz3HKGfCAsf0f_s44J3TXn18XD5n0K_Dy3PpdfjwjWQ5YwIe-tXKibiDbBHoCYfTegdusihu3hJgi4lOp2ccrSPLRrmTgqwAk_iD5HKiQCYnEDw=w800-h600-no\" alt=\"\"   \/>\n        <\/a>        <div class=\"slideshow_description_box slideshow_transparent\">\n                                        <\/div>\n<\/div>\n\t\n<div style=\"clear: both;\"><\/div><\/div><div class=\"slideshow_view\"><div class=\"slideshow_slide slideshow_slide_image\">\n        <a href=\"https:\/\/photos.google.com\/album\/AF1QipPaHeu76PcCT2m6hLhl8lcoQII-tzLh1J7YF2N-\/photo\/AF1QipNSbJeOY2t7FxOWyi5bkgdTW0oZEkPDWjQAgGjF\" target=\"_blank\">        <img src=\"https:\/\/lh3.googleusercontent.com\/Q5VeyqFJwYTOtWiFM0C1l5Q-ifiK092DswqLU8BjVqmTzex-ZICYU6RbZIul9F_nHT_b7YminaVirV3nzplMzsLeE3Umzpw1wo5aDWV32U2djm2m6ZRlSGeUuNW3tHOIQmvHiVWd13hrYS2IFvJ2n4urmTFLG-SLVZtagwewstUJ5o-7GmbLCWyrtTtTLxBdOQ6Mz3zdhaWfNJPqMqfhPygD-jcGNyXIQh0K7vXmJ3XqmZxWNPvd8PDV4Zgaeztl_vmXv3hS_UKcsqK02wsV_9ZkuQK6pcJMnRBU1bNcoelOI7y3kciRy6Yh_1QLDeO8xfUpwQJuib-nWeLhMCCmXOc-haQ8dAlQ3vJawC5n44iu2bGAsYpkVmPqxRZc8Vr221-ah79cQGx5RQAMg2M6_XJWusCTD5k5OmFL_d_38Sc7ZJ8I5Wu8oM3m3Jic9TVI6csmJGEMC1cq3ZpxI2UbzoDeAft4ZZDKJ4mkhzomatVmEZM2yYvuBoUCvIaJJ8mc9_1nnlfeqMF-YLgOT11dE9z51oNSmKVvzDIk-9ohdwuUZOPs6slcHDyRM-bq7pbiczCfVOQohdQTE5GO-KMdcvoJJcpxva7asq2eimUy1Q=w800-h600-no\" alt=\"\"   \/>\n        <\/a>        <div class=\"slideshow_description_box slideshow_transparent\">\n                                        <\/div>\n<\/div>\n\t\n<div style=\"clear: both;\"><\/div><\/div><div class=\"slideshow_view\"><div class=\"slideshow_slide slideshow_slide_image\">\n        <a href=\"https:\/\/photos.google.com\/album\/AF1QipPaHeu76PcCT2m6hLhl8lcoQII-tzLh1J7YF2N-\/photo\/AF1QipMSGaFHCxBVjXL9CgcOIKeBPBQ3BdkWT93wK_Fm\" target=\"_blank\">        <img src=\"https:\/\/lh3.googleusercontent.com\/AlzYomAyOeJIQbV4xSSCdHa09X1XJcrk_JrXMkGde9pcRHXGHueNfYZiVMeFIgAMrqDWEwnfzUklL8A5xrPh5ARnLwU4MdkLPatt3AqSZjvXF8S9k-KAdJ7cxi9iW-_LWRx65HQgdfrG-Z7q7N34c1HG23Ftb3VfdlYt6R-B0aPheV0qrJJWIaD5N41lYgDJGUVF4Lgx22wZywgT4YFHHBYbYbiOW6gGDh-nTZ_XMZNJUHtvlQ5zhE3_4sunU2hua3qhbn1fleRUFiRQi6GIRRQ1Yu0yrRDYIqLGOFtW5jELd-huZC-t0fVGgxjXN92mzo_6o8kv88LX4XRWqc6Wy-upyGiQJ5b8lbR5jBC15rOpVJppGrGkOB_r7GwqvCfJDVxraZQlwky000RqkR_w95o2YA__4Q3wzZFdUZYLn0xG5efS3_tpXJ1HaolYBOkRw5nLS2BUcSLnhTS9950ZC1WgP1YA2hSJniEO0zOzFCV0ORafZC5NwNb7tMzsctTBsr4OOgWm501rjGKPKGnkAPzyx2ooY9Huyco2viH0K9TKvL6AJ3heKC9k_iES-Q9Y_k9WIIooOTH_Pz79gIpB0loRJcsPx5RMtBr3dVUFCg=w800-h600-no\" alt=\"\"   \/>\n        <\/a>        <div class=\"slideshow_description_box slideshow_transparent\">\n                                        <\/div>\n<\/div>\n\t\n<div style=\"clear: both;\"><\/div><\/div><div class=\"slideshow_view\"><div class=\"slideshow_slide slideshow_slide_image\">\n        <a href=\"https:\/\/photos.google.com\/album\/AF1QipPaHeu76PcCT2m6hLhl8lcoQII-tzLh1J7YF2N-\" target=\"_blank\">        <img src=\"https:\/\/lh3.googleusercontent.com\/OM3qf8M6gB7q92In9rhZZsZQUuZgq5F6J_0wgi5970zJz4GPsl7V1j_I8w1PcHrRUkPX4reuZm7zl9gAvZTgiWnBma2fJ498KXgZ0ZosPY7ulR1CzJVJb68c0ZOERz9QBeHLLdDa_QHYrbcn6wb1LQ6v3Lef_VPQseTLKx5FHVfmLP3MQv8yqshKmflIGP03YrEBhOLSENU1bhR0ki0jZMpIEaZ8J_FwupncZ6XUsrSYczW_Y3IiV_wl-VpVMC0ckXpFSQUn8W0f-1RQslwYf4lADl5S1J9roWRw1VFVDkV45FaNObGv3yU4X6MaLI_VzKQ4IfdTd3Kyle6_TBqXzEX_c51xV8yxPGnqW8UshuagQ8tfchZx_Usqc29QuMlIR8fieE6cgO5r6riLCjWNbWuingQy_ECrgViFnvdETgX1Fz9YriGrreOb1N8PuziuCc85vCqTz2HsCzzUzzD3QrgrNyB_0KXUXnT1RFPAmewET2H8-ozjzGRgC0uZK6P_-9nTdMfj_rYrJEgm3PXF7Q81GDzTGcDi4m-g4DN-jvgQZITpEp-J3pJR1X0EzNCgRE60QY4R_NJIx6hO4HR-KfhbTA250Z2Ta7Ns__BTtg=s195-p-k-no\" alt=\"\"   \/>\n        <\/a>        <div class=\"slideshow_description_box slideshow_transparent\">\n                                        <\/div>\n<\/div>\n\t\n<div style=\"clear: both;\"><\/div><\/div>\r\n\t\t<\/div>\r\n\r\n\t\t<div class=\"slideshow_controlPanel slideshow_transparent\" style=\"display: none;\"><ul><li class=\"slideshow_togglePlay\" data-play-text=\"Visualitza\" data-pause-text=\"Pausa\"><\/li><\/ul><\/div>\r\n\r\n\t\t<div class=\"slideshow_button slideshow_previous slideshow_transparent\" role=\"button\" data-previous-text=\"Anterior\" style=\"display: none;\"><\/div>\r\n\t\t<div class=\"slideshow_button slideshow_next slideshow_transparent\" role=\"button\" data-next-text=\"Seg\u00fcent\" style=\"display: none;\"><\/div>\r\n\r\n\t\t<div class=\"slideshow_pagination\" style=\"display: none;\" data-go-to-text=\"V\u00e9s a la diapositiva\"><div class=\"slideshow_pagination_center\"><\/div><\/div>\r\n\r\n\t\t<!-- WordPress Slideshow Version 2.3.1 -->\r\n\r\n\t\t\t<\/div>\r\n\r\n<\/p>\n<p style=\"text-align: justify;\"><strong>Materials i recursos: <\/strong>Els materials que fem servir estan en funci\u00f3 del taller que es realitza i poden anar des de: imants, br\u00faixoles, fonts d\u2019alimentaci\u00f3, miralls, lents, l\u00e0ser, llimadures de ferro,aigua, llaunes buides, pinces, globus, env\u00e0s de buit, copes, gomes, culleretes, cotxe de joguina, &#8230;.. sempre material de laboratori, que \u00e9s portat pel centre de secund\u00e0ria.<\/p>\n<p><strong>Temporitzaci\u00f3:<\/strong>Una sessi\u00f3 de 2h a l&#8217;escola de prim\u00e0ria, que es realitza al voltant del final del primer trimestre. A m\u00e9s s&#8217;ha de tenir en compte el temps de preparaci\u00f3 i disseny del taller per part de l\u2019alumnat de 1r de batxillerat a l&#8217;institut.<\/p>\n","protected":false},"excerpt":{"rendered":"<p>Introducci\u00f3 \/ Resum:L&#8217;activitat consisteix en que els alumnes de l&#8217;institut fan \u00a0de professors dels alumnes de prim\u00e0ria, i els explican i realitzan \u00a0un petit taller d\u2019experiments de f\u00edsica. \u00c9s una manera amena d\u2019explicar conceptes f\u00edsics mitjan\u00e7ant la realitzaci\u00f3 d\u2019experiments amb materials\u00a0 casolans.<br \/>\nObjectius d\u2019aprenentatge<\/p>\n<ul>\n<li>Fomentar el treball&hellip;  <a href=\"https:\/\/agora.xtec.cat\/iescanpeixauet\/experiencies-pedagogiques\/altres-projectes\/servei-comunitari\/taller-dexperiments-de-fisica\/\" title=\"Read Taller d&#8217;experiments de F\u00edsica\">Llegeix m\u00e9s\u00bb<\/a><br \/>\n","protected":false},"author":4,"featured_media":0,"parent":2118,"menu_order":30,"comment_status":"closed","ping_status":"closed","template":"page-templates\/side-menu.php","meta":{"_bbp_topic_count":0,"_bbp_reply_count":0,"_bbp_total_topic_count":0,"_bbp_total_reply_count":0,"_bbp_voice_count":0,"_bbp_anonymous_reply_count":0,"_bbp_topic_count_hidden":0,"_bbp_reply_count_hidden":0,"_bbp_forum_subforum_count":0,"footnotes":""},"class_list":["post-2441","page","type-page","status-publish","hentry"],"post_mailing_queue_ids":[],"_links":{"self":[{"href":"https:\/\/agora.xtec.cat\/iescanpeixauet\/wp-json\/wp\/v2\/pages\/2441","targetHints":{"allow":["GET"]}}],"collection":[{"href":"https:\/\/agora.xtec.cat\/iescanpeixauet\/wp-json\/wp\/v2\/pages"}],"about":[{"href":"https:\/\/agora.xtec.cat\/iescanpeixauet\/wp-json\/wp\/v2\/types\/page"}],"author":[{"embeddable":true,"href":"https:\/\/agora.xtec.cat\/iescanpeixauet\/wp-json\/wp\/v2\/users\/4"}],"replies":[{"embeddable":true,"href":"https:\/\/agora.xtec.cat\/iescanpeixauet\/wp-json\/wp\/v2\/comments?post=2441"}],"version-history":[{"count":3,"href":"https:\/\/agora.xtec.cat\/iescanpeixauet\/wp-json\/wp\/v2\/pages\/2441\/revisions"}],"predecessor-version":[{"id":2465,"href":"https:\/\/agora.xtec.cat\/iescanpeixauet\/wp-json\/wp\/v2\/pages\/2441\/revisions\/2465"}],"up":[{"embeddable":true,"href":"https:\/\/agora.xtec.cat\/iescanpeixauet\/wp-json\/wp\/v2\/pages\/2118"}],"wp:attachment":[{"href":"https:\/\/agora.xtec.cat\/iescanpeixauet\/wp-json\/wp\/v2\/media?parent=2441"}],"curies":[{"name":"wp","href":"https:\/\/api.w.org\/{rel}","templated":true}]}}