{"id":2273,"date":"2017-07-14T13:22:29","date_gmt":"2017-07-14T11:22:29","guid":{"rendered":"http:\/\/agora.xtec.cat\/iescanpeixauet\/?page_id=2273"},"modified":"2018-05-14T07:29:55","modified_gmt":"2018-05-14T05:29:55","slug":"experiencies-pedagogiques","status":"publish","type":"page","link":"https:\/\/agora.xtec.cat\/iescanpeixauet\/experiencies-pedagogiques\/","title":{"rendered":"Experi\u00e8ncies pedag\u00f2giques"},"content":{"rendered":"<p style=\"text-align: justify;\"><a href=\"http:\/\/agora.xtec.cat\/iescanpeixauet\/wp-content\/uploads\/usu1366\/2017\/05\/logo-canpe-projectes-e1494916690135.png\"><img loading=\"lazy\" decoding=\"async\" class=\"size-full wp-image-2140 alignleft\" src=\"http:\/\/agora.xtec.cat\/iescanpeixauet\/wp-content\/uploads\/usu1366\/2017\/05\/logo-canpe-projectes-e1494916690135.png\" alt=\"\" width=\"150\" height=\"194\" \/><\/a>Les experi\u00e8ncies pedag\u00f2giques tenen el seu germen en la iniciativa de posar en marxa la construcci\u00f3 d&#8217;idees pedag\u00f2giques, que per la seva naturalesa formativa i transformadora, generen la construcci\u00f3 de realitats que transformen la condici\u00f3 subjectiva, creen un sistema de car\u00e0cter obert i relacions humanes amb els \u00e0mbits culturals i socials presents en el context, donant m\u00faltiples perspectives d&#8217;interacci\u00f3, desenvolupament&#8230; En definitiva, <strong>les experi\u00e8ncies pedag\u00f2giques s\u00f3n una din\u00e0mica curricular pro-activa<\/strong> que disposa als estudiants de la capacitat d&#8217;aprendre a aprendre, consolidar els seus coneixements i, desenvolupar habilitats per resoldre situacions concretes. Participar activament en la construcci\u00f3 del sentit de la feina col\u00b7laborativa i resolutiva, comprometre&#8217;s amb els resultats, recon\u00e8ixer els valors i potenciar-los tant en la comunitat educativa com a la vida laboral i social de l&#8217;entorn<\/p>\n<table style=\"height: 209px; width: 907px;\">\n<tbody>\n<tr style=\"height: 21px;\">\n<td style=\"width: 152px; height: 21px;\"><a href=\"http:\/\/agora.xtec.cat\/iescanpeixauet\/experiencies-pedagogiques\/treball-globalitzat\/\"><strong>Treball Globalitzat<\/strong><\/a><\/td>\n<td style=\"width: 202px; height: 21px;\"><a href=\"http:\/\/agora.xtec.cat\/iescanpeixauet\/experiencies-pedagogiques\/treball-per-ambits\/\"><strong>Treball per Ambits<\/strong><\/a><\/td>\n<td style=\"width: 126px; height: 21px;\"><a href=\"http:\/\/agora.xtec.cat\/iescanpeixauet\/experiencies-pedagogiques\/treball-per-projectes\/\"><strong>Treball per Projectes<\/strong><\/a><\/td>\n<td style=\"width: 184px; height: 21px;\"><a href=\"http:\/\/agora.xtec.cat\/iescanpeixauet\/experiencies-pedagogiques\/projectes-internacionals\/\"><strong>Projectes Internacionals<\/strong><\/a><\/td>\n<td style=\"width: 226px; height: 21px;\"><a href=\"http:\/\/agora.xtec.cat\/iescanpeixauet\/experiencies-pedagogiques\/altres-projectes\/\"><strong>Altres Projectes<\/strong><\/a><\/td>\n<\/tr>\n<tr style=\"height: 14px;\">\n<td style=\"width: 152px; height: 14px;\">\n<ul>\n<li>\u00a0<a href=\"http:\/\/agora.xtec.cat\/iescanpeixauet\/experiencies-pedagogiques\/treball-globalitzat\/construint-un-zoo\/\">Construint un Zoo<\/a><\/li>\n<\/ul>\n<p>&nbsp;<\/p>\n<p>&nbsp;<\/p>\n<p>&nbsp;<\/td>\n<td style=\"width: 202px; height: 14px;\">\n<ul>\n<li><a href=\"http:\/\/agora.xtec.cat\/iescanpeixauet\/experiencies-pedagogiques\/treball-per-ambits\/master-chef-emocional\/\">\u00a0Master Chef Emocional<\/a><\/li>\n<li><a href=\"http:\/\/agora.xtec.cat\/iescanpeixauet\/experiencies-pedagogiques\/treball-per-ambits\/the-romanesque-art\/\">The Romanasque Art<\/a><\/li>\n<\/ul>\n<p>&nbsp;<\/p>\n<p>&nbsp;<\/p>\n<p>&nbsp;<\/td>\n<td style=\"width: 126px; height: 14px;\">\n<ul>\n<li>CS 1r d&#8217;ESO<\/li>\n<li>CS 2n d&#8217;ESO<\/li>\n<li><a href=\"http:\/\/cds3eso.wikispaces.com\/\">CS 3r d&#8217;ESO<\/a><\/li>\n<\/ul>\n<p>&nbsp;<\/p>\n<p>&nbsp;<\/td>\n<td style=\"width: 184px; height: 14px;\">\n<ul>\n<li><a href=\"http:\/\/agora.xtec.cat\/iescanpeixauet\/experiencies-pedagogiques\/projectes-internacionals\/opendoors-project\/\">Opendoors project<\/a><\/li>\n<li><a href=\"http:\/\/agora.xtec.cat\/iescanpeixauet\/experiencies-pedagogiques\/projectes-internacionals\/changing-places\/\">Changing places<\/a><\/li>\n<li><a href=\"http:\/\/agora.xtec.cat\/iescanpeixauet\/experiencies-pedagogiques\/projectes-internacionals\/visiting-schools\/\">Visiting schools<\/a><\/li>\n<li><a href=\"http:\/\/agora.xtec.cat\/iescanpeixauet\/experiencies-pedagogiques\/projectes-internacionals\/etwinning-projects\/\">eTwinning projects<\/a><\/li>\n<li><a href=\"http:\/\/agora.xtec.cat\/iescanpeixauet\/experiencies-pedagogiques\/projectes-internacionals\/comenius-project\/\">Comenius project<\/a><\/li>\n<li><a href=\"http:\/\/agora.xtec.cat\/iescanpeixauet\/experiencies-pedagogiques\/projectes-internacionals\/erasmus\/\">Erasmus +<\/a><\/li>\n<\/ul>\n<\/td>\n<td style=\"width: 226px; height: 14px;\">\n<ul>\n<li><a href=\"http:\/\/agora.xtec.cat\/iescanpeixauet\/experiencies-pedagogiques\/altres-projectes\/projecte-co-responsavihlitat\/\">Projecte Co-ResponsaVIHlitat<\/a><\/li>\n<li><a href=\"http:\/\/agora.xtec.cat\/iescanpeixauet\/experiencies-pedagogiques\/altres-projectes\/projecte-sanament\/\">Projecte SanaMent<\/a><\/li>\n<li><a href=\"http:\/\/agora.xtec.cat\/iescanpeixauet\/experiencies-pedagogiques\/altres-projectes\/servei-comunitari\/\">Servei Comunitari<\/a><\/li>\n<\/ul>\n<p>&nbsp;<\/p>\n<p>&nbsp;<\/td>\n<\/tr>\n<\/tbody>\n<\/table>\n<p>&nbsp;<\/p>\n","protected":false},"excerpt":{"rendered":"<p><a href=\"http:\/\/agora.xtec.cat\/iescanpeixauet\/wp-content\/uploads\/usu1366\/2017\/05\/logo-canpe-projectes-e1494916690135.png\"><\/a>Les experi\u00e8ncies pedag\u00f2giques tenen el seu germen en la iniciativa de posar en marxa la construcci\u00f3 d&#8217;idees pedag\u00f2giques, que per la seva naturalesa formativa i transformadora, generen la construcci\u00f3 de realitats que transformen la condici\u00f3 subjectiva, creen un sistema de car\u00e0cter obert i relacions&hellip;  <a href=\"https:\/\/agora.xtec.cat\/iescanpeixauet\/experiencies-pedagogiques\/\" title=\"Read Experi\u00e8ncies pedag\u00f2giques\">Llegeix m\u00e9s\u00bb<\/a><\/p>\n","protected":false},"author":4,"featured_media":0,"parent":0,"menu_order":0,"comment_status":"closed","ping_status":"closed","template":"page-templates\/side-menu.php","meta":{"_bbp_topic_count":0,"_bbp_reply_count":0,"_bbp_total_topic_count":0,"_bbp_total_reply_count":0,"_bbp_voice_count":0,"_bbp_anonymous_reply_count":0,"_bbp_topic_count_hidden":0,"_bbp_reply_count_hidden":0,"_bbp_forum_subforum_count":0,"footnotes":""},"class_list":["post-2273","page","type-page","status-publish","hentry"],"post_mailing_queue_ids":[],"_links":{"self":[{"href":"https:\/\/agora.xtec.cat\/iescanpeixauet\/wp-json\/wp\/v2\/pages\/2273","targetHints":{"allow":["GET"]}}],"collection":[{"href":"https:\/\/agora.xtec.cat\/iescanpeixauet\/wp-json\/wp\/v2\/pages"}],"about":[{"href":"https:\/\/agora.xtec.cat\/iescanpeixauet\/wp-json\/wp\/v2\/types\/page"}],"author":[{"embeddable":true,"href":"https:\/\/agora.xtec.cat\/iescanpeixauet\/wp-json\/wp\/v2\/users\/4"}],"replies":[{"embeddable":true,"href":"https:\/\/agora.xtec.cat\/iescanpeixauet\/wp-json\/wp\/v2\/comments?post=2273"}],"version-history":[{"count":4,"href":"https:\/\/agora.xtec.cat\/iescanpeixauet\/wp-json\/wp\/v2\/pages\/2273\/revisions"}],"predecessor-version":[{"id":3000,"href":"https:\/\/agora.xtec.cat\/iescanpeixauet\/wp-json\/wp\/v2\/pages\/2273\/revisions\/3000"}],"wp:attachment":[{"href":"https:\/\/agora.xtec.cat\/iescanpeixauet\/wp-json\/wp\/v2\/media?parent=2273"}],"curies":[{"name":"wp","href":"https:\/\/api.w.org\/{rel}","templated":true}]}}