{"id":2122,"date":"2017-05-15T22:24:46","date_gmt":"2017-05-15T20:24:46","guid":{"rendered":"http:\/\/agora.xtec.cat\/iescanpeixauet\/?page_id=2122"},"modified":"2023-05-10T08:41:13","modified_gmt":"2023-05-10T06:41:13","slug":"treball-per-projectes","status":"publish","type":"page","link":"https:\/\/agora.xtec.cat\/iescanpeixauet\/treball-per-projectes\/","title":{"rendered":"Treball per Projectes"},"content":{"rendered":"<p style=\"text-align: justify;\"><span style=\"font-weight: 300;\">Les tend\u00e8ncies en el m\u00f3n educatiu ens empenyen a adoptar noves maneres de fer i d\u2019avaluar. Una de les metodologies que s\u2019estan implementant m\u00e9s actualment a les aules \u00e9s el treball per projectes.<\/span><\/p>\n<p style=\"text-align: justify;\"><span style=\"font-weight: 300;\">El treball per projectes \u00e9s una manera d\u2019abordar els continguts de forma globalitzada; \u00e9s a dir, no fragmentada. <a href=\"https:\/\/agora.xtec.cat\/iescanpeixauet\/wp-content\/uploads\/usu1366\/2022\/07\/treball-projectes-450.png\"><img loading=\"lazy\" decoding=\"async\" class=\"wp-image-7653 size-medium alignleft\" src=\"https:\/\/agora.xtec.cat\/iescanpeixauet\/wp-content\/uploads\/usu1366\/2022\/07\/treball-projectes-450-300x139.png\" alt=\"\" width=\"300\" height=\"139\" srcset=\"https:\/\/agora.xtec.cat\/iescanpeixauet\/wp-content\/uploads\/usu1366\/2022\/07\/treball-projectes-450-300x139.png 300w, https:\/\/agora.xtec.cat\/iescanpeixauet\/wp-content\/uploads\/usu1366\/2022\/07\/treball-projectes-450.png 450w\" sizes=\"auto, (max-width: 300px) 100vw, 300px\" \/><\/a><\/span><\/p>\n<p><span style=\"font-weight: 300;\">El treball per projectes va comen\u00e7ar a l\u2019Institut Can Peixauet el curs 21-22, a 1r i 3r d\u2019ESO. Actualment, els projectes tamb\u00e9 estan presents a 2n i 4t d\u2019ESO.<\/span><\/p>\n<p style=\"text-align: justify;\"><span style=\"font-weight: 300;\">Per altra banda, per afavorir la compet\u00e8ncia pluriling\u00fce del nostre alumnat, el centre treballa amb la <a href=\"https:\/\/xtec.gencat.cat\/ca\/projectes\/plurilinguisme\/metodologies\/tilc\/aicle\/\"><strong>metodologia AICLE<\/strong><\/a>, que \u00e9s un enfocament educatiu en el qual els continguts d\u2019una mat\u00e8ria s\u2019imparteixen totalment o parcialment en llengua anglesa. Aquesta metodologia contribueix a incrementar la compet\u00e8ncia ling\u00fc\u00edstica de l\u2019aprenent a trav\u00e9s de reptes cognitius i d\u2019activitats de resoluci\u00f3 de problemes. Alhora, promou i encoratja l\u2019autonomia dels aprenents i els ajuda a desenvolupar compet\u00e8ncies de pensament (thinking skills). Les classes AICLE\/EMILE es caracteritzen per un \u00fas aut\u00e8ntic de la llengua, \u00e9s a dir, amb un prop\u00f2sit real, fet que resulta molt m\u00e9s significatiu per als alumnes.<\/span><\/p>\n<p style=\"text-align: justify;\"><span style=\"font-weight: 300;\">El centre, essent conscient de la import\u00e0ncia del <strong>Treball per projectes<\/strong> i de la metodologia AICLE, fa una clara aposta per garantir la continu\u00eftat del treball durant tota l\u2019etapa de l\u2019 ESO.<\/span><\/p>\n<table style=\"border-collapse: collapse; width: 100%;\">\n<tbody>\n<tr>\n<td style=\"width: 25%;\"><a href=\"https:\/\/agora.xtec.cat\/iescanpeixauet\/wp-content\/uploads\/usu1366\/2022\/07\/Captura-de-pantalla-2022-07-28-a-las-12.03.58.png\"><img loading=\"lazy\" decoding=\"async\" class=\"aligncenter wp-image-7720 size-full\" src=\"https:\/\/agora.xtec.cat\/iescanpeixauet\/wp-content\/uploads\/usu1366\/2022\/07\/Captura-de-pantalla-2022-07-28-a-las-12.03.58.png\" alt=\"\" width=\"218\" height=\"282\" \/><\/a><\/p>\n<p style=\"text-align: center;\">\n<\/td>\n<td style=\"width: 25%;\"><a href=\"https:\/\/agora.xtec.cat\/iescanpeixauet\/treball-per-projectes\/keep-the-sea-plastic-free\/\"><img loading=\"lazy\" decoding=\"async\" class=\"aligncenter wp-image-7705 size-medium\" src=\"https:\/\/agora.xtec.cat\/iescanpeixauet\/wp-content\/uploads\/usu1366\/2022\/07\/Captura-de-pantalla-2022-07-28-a-las-11.38.36-215x300.png\" alt=\"\" width=\"215\" height=\"300\" srcset=\"https:\/\/agora.xtec.cat\/iescanpeixauet\/wp-content\/uploads\/usu1366\/2022\/07\/Captura-de-pantalla-2022-07-28-a-las-11.38.36-215x300.png 215w, https:\/\/agora.xtec.cat\/iescanpeixauet\/wp-content\/uploads\/usu1366\/2022\/07\/Captura-de-pantalla-2022-07-28-a-las-11.38.36.png 586w\" sizes=\"auto, (max-width: 215px) 100vw, 215px\" \/><\/a><\/td>\n<td style=\"width: 25%;\"><a href=\"https:\/\/agora.xtec.cat\/iescanpeixauet\/wp-content\/uploads\/usu1366\/2022\/07\/Captura-de-pantalla-2022-07-28-a-las-11.40.38.png\"><img loading=\"lazy\" decoding=\"async\" class=\"wp-image-7707 size-medium aligncenter\" src=\"https:\/\/agora.xtec.cat\/iescanpeixauet\/wp-content\/uploads\/usu1366\/2022\/07\/Captura-de-pantalla-2022-07-28-a-las-11.40.38-212x300.png\" alt=\"\" width=\"212\" height=\"300\" srcset=\"https:\/\/agora.xtec.cat\/iescanpeixauet\/wp-content\/uploads\/usu1366\/2022\/07\/Captura-de-pantalla-2022-07-28-a-las-11.40.38-212x300.png 212w, https:\/\/agora.xtec.cat\/iescanpeixauet\/wp-content\/uploads\/usu1366\/2022\/07\/Captura-de-pantalla-2022-07-28-a-las-11.40.38.png 588w\" sizes=\"auto, (max-width: 212px) 100vw, 212px\" \/><\/a><\/td>\n<td style=\"width: 25%;\"><a href=\"https:\/\/agora.xtec.cat\/iescanpeixauet\/wp-content\/uploads\/usu1366\/2022\/07\/Captura-de-pantalla-2022-07-28-a-las-11.41.40.png\"><img loading=\"lazy\" decoding=\"async\" class=\"wp-image-7709 size-medium aligncenter\" src=\"https:\/\/agora.xtec.cat\/iescanpeixauet\/wp-content\/uploads\/usu1366\/2022\/07\/Captura-de-pantalla-2022-07-28-a-las-11.41.40-169x300.png\" alt=\"\" width=\"169\" height=\"300\" srcset=\"https:\/\/agora.xtec.cat\/iescanpeixauet\/wp-content\/uploads\/usu1366\/2022\/07\/Captura-de-pantalla-2022-07-28-a-las-11.41.40-169x300.png 169w, https:\/\/agora.xtec.cat\/iescanpeixauet\/wp-content\/uploads\/usu1366\/2022\/07\/Captura-de-pantalla-2022-07-28-a-las-11.41.40.png 458w\" sizes=\"auto, (max-width: 169px) 100vw, 169px\" \/><\/a><\/td>\n<\/tr>\n<tr>\n<td style=\"width: 25%;\"><a href=\"https:\/\/agora.xtec.cat\/iescanpeixauet\/wp-content\/uploads\/usu1366\/2022\/07\/Captura-de-pantalla-2022-07-28-a-las-12.05.32.png\"><img loading=\"lazy\" decoding=\"async\" class=\"aligncenter wp-image-7722 size-full\" src=\"https:\/\/agora.xtec.cat\/iescanpeixauet\/wp-content\/uploads\/usu1366\/2022\/07\/Captura-de-pantalla-2022-07-28-a-las-12.05.32.png\" alt=\"\" width=\"216\" height=\"279\" \/><\/a><\/td>\n<td style=\"width: 25%;\"><a href=\"https:\/\/agora.xtec.cat\/iescanpeixauet\/treball-per-projectes\/wonderland-o-horrorland\/\"><img loading=\"lazy\" decoding=\"async\" class=\"aligncenter wp-image-8562 size-medium\" src=\"https:\/\/agora.xtec.cat\/iescanpeixauet\/wp-content\/uploads\/usu1366\/2023\/05\/Wonderland-Horrorland-212x300.png\" alt=\"\" width=\"212\" height=\"300\" srcset=\"https:\/\/agora.xtec.cat\/iescanpeixauet\/wp-content\/uploads\/usu1366\/2023\/05\/Wonderland-Horrorland-212x300.png 212w, https:\/\/agora.xtec.cat\/iescanpeixauet\/wp-content\/uploads\/usu1366\/2023\/05\/Wonderland-Horrorland-724x1024.png 724w, https:\/\/agora.xtec.cat\/iescanpeixauet\/wp-content\/uploads\/usu1366\/2023\/05\/Wonderland-Horrorland-768x1086.png 768w, https:\/\/agora.xtec.cat\/iescanpeixauet\/wp-content\/uploads\/usu1366\/2023\/05\/Wonderland-Horrorland.png 936w\" sizes=\"auto, (max-width: 212px) 100vw, 212px\" \/><\/a><\/td>\n<td style=\"width: 25%;\"><a href=\"https:\/\/agora.xtec.cat\/iescanpeixauet\/treball-per-projectes\/projectes-2n-deso\/la-desaparicio-del-professor-de-matematiques\/\"><img loading=\"lazy\" decoding=\"async\" class=\"aligncenter wp-image-8556 size-medium\" src=\"https:\/\/agora.xtec.cat\/iescanpeixauet\/wp-content\/uploads\/usu1366\/2023\/05\/Desaparicio-del-professor-de-mates-212x300.png\" alt=\"\" width=\"212\" height=\"300\" srcset=\"https:\/\/agora.xtec.cat\/iescanpeixauet\/wp-content\/uploads\/usu1366\/2023\/05\/Desaparicio-del-professor-de-mates-212x300.png 212w, https:\/\/agora.xtec.cat\/iescanpeixauet\/wp-content\/uploads\/usu1366\/2023\/05\/Desaparicio-del-professor-de-mates-724x1024.png 724w, https:\/\/agora.xtec.cat\/iescanpeixauet\/wp-content\/uploads\/usu1366\/2023\/05\/Desaparicio-del-professor-de-mates-768x1086.png 768w, https:\/\/agora.xtec.cat\/iescanpeixauet\/wp-content\/uploads\/usu1366\/2023\/05\/Desaparicio-del-professor-de-mates-1086x1536.png 1086w, https:\/\/agora.xtec.cat\/iescanpeixauet\/wp-content\/uploads\/usu1366\/2023\/05\/Desaparicio-del-professor-de-mates-1448x2048.png 1448w, https:\/\/agora.xtec.cat\/iescanpeixauet\/wp-content\/uploads\/usu1366\/2023\/05\/Desaparicio-del-professor-de-mates.png 1460w\" sizes=\"auto, (max-width: 212px) 100vw, 212px\" \/><\/a><\/td>\n<td style=\"width: 25%;\"><\/td>\n<\/tr>\n<tr>\n<td style=\"width: 25%;\"><a href=\"https:\/\/agora.xtec.cat\/iescanpeixauet\/wp-content\/uploads\/usu1366\/2022\/07\/Captura-de-pantalla-2022-07-28-a-las-12.06.42.png\"><img loading=\"lazy\" decoding=\"async\" class=\"aligncenter wp-image-7723 size-full\" src=\"https:\/\/agora.xtec.cat\/iescanpeixauet\/wp-content\/uploads\/usu1366\/2022\/07\/Captura-de-pantalla-2022-07-28-a-las-12.06.42.png\" alt=\"\" width=\"215\" height=\"280\" \/><\/a><\/td>\n<td style=\"width: 25%;\"><a href=\"https:\/\/agora.xtec.cat\/iescanpeixauet\/wp-content\/uploads\/usu1366\/2022\/07\/Captura-de-pantalla-2022-07-28-a-las-11.46.14.png\"><img loading=\"lazy\" decoding=\"async\" class=\"aligncenter wp-image-7713 size-medium\" src=\"https:\/\/agora.xtec.cat\/iescanpeixauet\/wp-content\/uploads\/usu1366\/2022\/07\/Captura-de-pantalla-2022-07-28-a-las-11.46.14-215x300.png\" alt=\"\" width=\"215\" height=\"300\" srcset=\"https:\/\/agora.xtec.cat\/iescanpeixauet\/wp-content\/uploads\/usu1366\/2022\/07\/Captura-de-pantalla-2022-07-28-a-las-11.46.14-215x300.png 215w, https:\/\/agora.xtec.cat\/iescanpeixauet\/wp-content\/uploads\/usu1366\/2022\/07\/Captura-de-pantalla-2022-07-28-a-las-11.46.14.png 594w\" sizes=\"auto, (max-width: 215px) 100vw, 215px\" \/><\/a><\/td>\n<td style=\"width: 25%;\"><a href=\"https:\/\/agora.xtec.cat\/iescanpeixauet\/wp-content\/uploads\/usu1366\/2022\/07\/Captura-de-pantalla-2022-07-28-a-las-11.45.08.png\"><img loading=\"lazy\" decoding=\"async\" class=\"wp-image-7711 size-medium aligncenter\" src=\"https:\/\/agora.xtec.cat\/iescanpeixauet\/wp-content\/uploads\/usu1366\/2022\/07\/Captura-de-pantalla-2022-07-28-a-las-11.45.08-215x300.png\" alt=\"\" width=\"215\" height=\"300\" srcset=\"https:\/\/agora.xtec.cat\/iescanpeixauet\/wp-content\/uploads\/usu1366\/2022\/07\/Captura-de-pantalla-2022-07-28-a-las-11.45.08-215x300.png 215w, https:\/\/agora.xtec.cat\/iescanpeixauet\/wp-content\/uploads\/usu1366\/2022\/07\/Captura-de-pantalla-2022-07-28-a-las-11.45.08.png 581w\" sizes=\"auto, (max-width: 215px) 100vw, 215px\" \/><\/a><\/td>\n<td style=\"width: 25%;\"><a href=\"https:\/\/agora.xtec.cat\/iescanpeixauet\/wp-content\/uploads\/usu1366\/2022\/07\/Captura-de-pantalla-2022-07-28-a-las-11.53.21-1.png\"><img loading=\"lazy\" decoding=\"async\" class=\"aligncenter wp-image-7716 size-medium\" src=\"https:\/\/agora.xtec.cat\/iescanpeixauet\/wp-content\/uploads\/usu1366\/2022\/07\/Captura-de-pantalla-2022-07-28-a-las-11.53.21-1-228x300.png\" alt=\"\" width=\"228\" height=\"300\" srcset=\"https:\/\/agora.xtec.cat\/iescanpeixauet\/wp-content\/uploads\/usu1366\/2022\/07\/Captura-de-pantalla-2022-07-28-a-las-11.53.21-1-228x300.png 228w, https:\/\/agora.xtec.cat\/iescanpeixauet\/wp-content\/uploads\/usu1366\/2022\/07\/Captura-de-pantalla-2022-07-28-a-las-11.53.21-1.png 490w\" sizes=\"auto, (max-width: 228px) 100vw, 228px\" \/><\/a><\/td>\n<\/tr>\n<tr>\n<td style=\"width: 25%;\"><a href=\"https:\/\/agora.xtec.cat\/iescanpeixauet\/wp-content\/uploads\/usu1366\/2022\/07\/Captura-de-pantalla-2022-07-28-a-las-12.07.19.png\"><img loading=\"lazy\" decoding=\"async\" class=\"aligncenter wp-image-7724 size-full\" src=\"https:\/\/agora.xtec.cat\/iescanpeixauet\/wp-content\/uploads\/usu1366\/2022\/07\/Captura-de-pantalla-2022-07-28-a-las-12.07.19.png\" alt=\"\" width=\"215\" height=\"280\" \/><\/a><\/td>\n<td style=\"width: 25%;\"><a href=\"https:\/\/agora.xtec.cat\/iescanpeixauet\/wp-content\/uploads\/usu1366\/2022\/07\/Captura-de-pantalla-2022-07-28-a-las-12.09.39.png\"><img loading=\"lazy\" decoding=\"async\" class=\"aligncenter wp-image-7726 size-medium\" src=\"https:\/\/agora.xtec.cat\/iescanpeixauet\/wp-content\/uploads\/usu1366\/2022\/07\/Captura-de-pantalla-2022-07-28-a-las-12.09.39-187x300.png\" alt=\"\" width=\"187\" height=\"300\" srcset=\"https:\/\/agora.xtec.cat\/iescanpeixauet\/wp-content\/uploads\/usu1366\/2022\/07\/Captura-de-pantalla-2022-07-28-a-las-12.09.39-187x300.png 187w, https:\/\/agora.xtec.cat\/iescanpeixauet\/wp-content\/uploads\/usu1366\/2022\/07\/Captura-de-pantalla-2022-07-28-a-las-12.09.39.png 439w\" sizes=\"auto, (max-width: 187px) 100vw, 187px\" \/><\/a><\/td>\n<td style=\"width: 25%;\"><a href=\"https:\/\/agora.xtec.cat\/iescanpeixauet\/wp-content\/uploads\/usu1366\/2022\/07\/Captura-de-pantalla-2022-07-28-a-las-12.12.49.png\"><img loading=\"lazy\" decoding=\"async\" class=\"aligncenter wp-image-7728 size-medium\" src=\"https:\/\/agora.xtec.cat\/iescanpeixauet\/wp-content\/uploads\/usu1366\/2022\/07\/Captura-de-pantalla-2022-07-28-a-las-12.12.49-201x300.png\" alt=\"\" width=\"201\" height=\"300\" srcset=\"https:\/\/agora.xtec.cat\/iescanpeixauet\/wp-content\/uploads\/usu1366\/2022\/07\/Captura-de-pantalla-2022-07-28-a-las-12.12.49-201x300.png 201w, https:\/\/agora.xtec.cat\/iescanpeixauet\/wp-content\/uploads\/usu1366\/2022\/07\/Captura-de-pantalla-2022-07-28-a-las-12.12.49.png 504w\" sizes=\"auto, (max-width: 201px) 100vw, 201px\" \/><\/a><\/td>\n<td style=\"width: 25%;\"><\/td>\n<\/tr>\n<\/tbody>\n<\/table>\n","protected":false},"excerpt":{"rendered":"<p>Les tend\u00e8ncies en el m\u00f3n educatiu ens empenyen a adoptar noves maneres de fer i d\u2019avaluar. Una de les metodologies que s\u2019estan implementant m\u00e9s actualment a les aules \u00e9s el treball per projectes.<br \/>\nEl treball per projectes \u00e9s una manera d\u2019abordar els continguts de forma globalitzada;&hellip;  <a href=\"https:\/\/agora.xtec.cat\/iescanpeixauet\/treball-per-projectes\/\" title=\"Read Treball per Projectes\">Llegeix m\u00e9s\u00bb<\/a><\/p>\n","protected":false},"author":4,"featured_media":0,"parent":0,"menu_order":30,"comment_status":"closed","ping_status":"closed","template":"page-templates\/side-menu.php","meta":{"_bbp_topic_count":0,"_bbp_reply_count":0,"_bbp_total_topic_count":0,"_bbp_total_reply_count":0,"_bbp_voice_count":0,"_bbp_anonymous_reply_count":0,"_bbp_topic_count_hidden":0,"_bbp_reply_count_hidden":0,"_bbp_forum_subforum_count":0,"footnotes":""},"class_list":["post-2122","page","type-page","status-publish","hentry"],"post_mailing_queue_ids":[],"_links":{"self":[{"href":"https:\/\/agora.xtec.cat\/iescanpeixauet\/wp-json\/wp\/v2\/pages\/2122","targetHints":{"allow":["GET"]}}],"collection":[{"href":"https:\/\/agora.xtec.cat\/iescanpeixauet\/wp-json\/wp\/v2\/pages"}],"about":[{"href":"https:\/\/agora.xtec.cat\/iescanpeixauet\/wp-json\/wp\/v2\/types\/page"}],"author":[{"embeddable":true,"href":"https:\/\/agora.xtec.cat\/iescanpeixauet\/wp-json\/wp\/v2\/users\/4"}],"replies":[{"embeddable":true,"href":"https:\/\/agora.xtec.cat\/iescanpeixauet\/wp-json\/wp\/v2\/comments?post=2122"}],"version-history":[{"count":3,"href":"https:\/\/agora.xtec.cat\/iescanpeixauet\/wp-json\/wp\/v2\/pages\/2122\/revisions"}],"predecessor-version":[{"id":8564,"href":"https:\/\/agora.xtec.cat\/iescanpeixauet\/wp-json\/wp\/v2\/pages\/2122\/revisions\/8564"}],"wp:attachment":[{"href":"https:\/\/agora.xtec.cat\/iescanpeixauet\/wp-json\/wp\/v2\/media?parent=2122"}],"curies":[{"name":"wp","href":"https:\/\/api.w.org\/{rel}","templated":true}]}}