{"id":2118,"date":"2017-05-15T22:22:51","date_gmt":"2017-05-15T20:22:51","guid":{"rendered":"http:\/\/agora.xtec.cat\/iescanpeixauet\/?page_id=2118"},"modified":"2017-10-02T19:05:30","modified_gmt":"2017-10-02T17:05:30","slug":"servei-comunitari","status":"publish","type":"page","link":"https:\/\/agora.xtec.cat\/iescanpeixauet\/experiencies-pedagogiques\/altres-projectes\/servei-comunitari\/","title":{"rendered":"Servei Comunitari"},"content":{"rendered":"<p style=\"text-align: justify;\"><a href=\"http:\/\/agora.xtec.cat\/iescanpeixauet\/wp-content\/uploads\/usu1366\/2017\/05\/Sercom.jpg\"><img loading=\"lazy\" decoding=\"async\" class=\" wp-image-2308 alignleft\" src=\"http:\/\/agora.xtec.cat\/iescanpeixauet\/wp-content\/uploads\/usu1366\/2017\/05\/Sercom.jpg\" alt=\"\" width=\"333\" height=\"174\" srcset=\"https:\/\/agora.xtec.cat\/iescanpeixauet\/wp-content\/uploads\/usu1366\/2017\/05\/Sercom.jpg 810w, https:\/\/agora.xtec.cat\/iescanpeixauet\/wp-content\/uploads\/usu1366\/2017\/05\/Sercom-300x157.jpg 300w, https:\/\/agora.xtec.cat\/iescanpeixauet\/wp-content\/uploads\/usu1366\/2017\/05\/Sercom-768x401.jpg 768w\" sizes=\"auto, (max-width: 333px) 100vw, 333px\" \/><\/a>El Servei Comunitari \u00e9s un instrument per desenvolupar una de les compet\u00e8ncies b\u00e0siques marcades pel curr\u00edculum de secund\u00e0ria, la Compet\u00e8ncia Social i Ciutadana.<\/p>\n<p style=\"text-align: justify;\">T\u00e9 com a objectiu garantir que els estudiants al llarg de la seva traject\u00f2ria escolar i en el marc curricular experimentin i protagonitzin accions de comprom\u00eds c\u00edvic, aprenguin en l&#8217;exercici actiu de la ciutadania i posin en joc els seus coneixements i capacitats al servei de la comunitat.<\/p>\n<p style=\"text-align: justify;\">\u00c9s una proposta educativa que combina processos d&#8217;aprenentatge i de servei a la comunitat en un sol projecte on l&#8217;alumne posa el seu coneixement i compet\u00e8ncies al servei dels altres. Apr\u00e8n a ser un ciutad\u00e0 des de la pr\u00e0ctica.<\/p>\n<p>Els projectes de Servei Comunitari que portem a terme des del nostre centre s\u00f3n:<\/p>\n<ul>\n<li><a href=\"http:\/\/agora.xtec.cat\/iescanpeixauet\/experiencies-pedagogiques\/altres-projectes\/servei-comunitari\/campanya-de-donacio-de-sang\/\">Campanya de donaci\u00f3 de sang<\/a><\/li>\n<li><a href=\"http:\/\/agora.xtec.cat\/iescanpeixauet\/experiencies-pedagogiques\/altres-projectes\/servei-comunitari\/profes-per-un-dia\/\">Profes per un dia<\/a><\/li>\n<li><a href=\"http:\/\/agora.xtec.cat\/iescanpeixauet\/experiencies-pedagogiques\/altres-projectes\/servei-comunitari\/taller-dexperiments-de-fisica\/\">Taller d&#8217;experiments de F\u00edsica<\/a><\/li>\n<\/ul>\n","protected":false},"excerpt":{"rendered":"<p><a href=\"http:\/\/agora.xtec.cat\/iescanpeixauet\/wp-content\/uploads\/usu1366\/2017\/05\/Sercom.jpg\"><\/a>El Servei Comunitari \u00e9s un instrument per desenvolupar una de les compet\u00e8ncies b\u00e0siques marcades pel curr\u00edculum de secund\u00e0ria, la Compet\u00e8ncia Social i Ciutadana.<br \/>\nT\u00e9 com a objectiu garantir que els estudiants al llarg de la seva traject\u00f2ria escolar i en el marc curricular experimentin i&hellip;  <a href=\"https:\/\/agora.xtec.cat\/iescanpeixauet\/experiencies-pedagogiques\/altres-projectes\/servei-comunitari\/\" title=\"Read Servei Comunitari\">Llegeix m\u00e9s\u00bb<\/a><\/p>\n","protected":false},"author":4,"featured_media":0,"parent":2116,"menu_order":30,"comment_status":"closed","ping_status":"closed","template":"page-templates\/side-menu.php","meta":{"_bbp_topic_count":0,"_bbp_reply_count":0,"_bbp_total_topic_count":0,"_bbp_total_reply_count":0,"_bbp_voice_count":0,"_bbp_anonymous_reply_count":0,"_bbp_topic_count_hidden":0,"_bbp_reply_count_hidden":0,"_bbp_forum_subforum_count":0,"footnotes":""},"class_list":["post-2118","page","type-page","status-publish","hentry"],"post_mailing_queue_ids":[],"_links":{"self":[{"href":"https:\/\/agora.xtec.cat\/iescanpeixauet\/wp-json\/wp\/v2\/pages\/2118","targetHints":{"allow":["GET"]}}],"collection":[{"href":"https:\/\/agora.xtec.cat\/iescanpeixauet\/wp-json\/wp\/v2\/pages"}],"about":[{"href":"https:\/\/agora.xtec.cat\/iescanpeixauet\/wp-json\/wp\/v2\/types\/page"}],"author":[{"embeddable":true,"href":"https:\/\/agora.xtec.cat\/iescanpeixauet\/wp-json\/wp\/v2\/users\/4"}],"replies":[{"embeddable":true,"href":"https:\/\/agora.xtec.cat\/iescanpeixauet\/wp-json\/wp\/v2\/comments?post=2118"}],"version-history":[{"count":4,"href":"https:\/\/agora.xtec.cat\/iescanpeixauet\/wp-json\/wp\/v2\/pages\/2118\/revisions"}],"predecessor-version":[{"id":2445,"href":"https:\/\/agora.xtec.cat\/iescanpeixauet\/wp-json\/wp\/v2\/pages\/2118\/revisions\/2445"}],"up":[{"embeddable":true,"href":"https:\/\/agora.xtec.cat\/iescanpeixauet\/wp-json\/wp\/v2\/pages\/2116"}],"wp:attachment":[{"href":"https:\/\/agora.xtec.cat\/iescanpeixauet\/wp-json\/wp\/v2\/media?parent=2118"}],"curies":[{"name":"wp","href":"https:\/\/api.w.org\/{rel}","templated":true}]}}