{"id":1847,"date":"2017-03-30T12:57:51","date_gmt":"2017-03-30T10:57:51","guid":{"rendered":"http:\/\/agora.xtec.cat\/iescanpeixauet\/?page_id=1847"},"modified":"2025-02-13T13:43:42","modified_gmt":"2025-02-13T12:43:42","slug":"centres-de-primaria-adscrits","status":"publish","type":"page","link":"https:\/\/agora.xtec.cat\/iescanpeixauet\/linstitut\/centres-de-primaria-adscrits\/","title":{"rendered":"Centres de prim\u00e0ria."},"content":{"rendered":"<p>Aqu\u00ed podeu consultar la relaci\u00f3 de centres adscrits al nostre Institut:<\/p>\n<ul>\n<li>\n<h6><a href=\"https:\/\/agora.xtec.cat\/ceipantonigaudi\/\" target=\"_blank\" rel=\"noopener noreferrer\">Escola Antoni Gaud\u00ed<\/a><\/h6>\n<\/li>\n<li>\n<h6><a href=\"http:\/\/xtec.cat\/ceipbanus\/\" target=\"_blank\" rel=\"noopener noreferrer\">Escola Ban\u00fas<\/a><\/h6>\n<\/li>\n<li>\n<h6><a href=\"http:\/\/blocs.xtec.cat\/escolamigueldeunamuno\/\" target=\"_blank\" rel=\"noopener noreferrer\">Escola\u00a0Miguel de Unamuno<\/a><\/h6>\n<\/li>\n<li>\n<h6><a href=\"http:\/\/escolaferrandesagarra.com\/\" target=\"_blank\" rel=\"noopener noreferrer\">Escola Ferran de Sagarra<\/a><\/h6>\n<\/li>\n<li>\n<h6><a href=\"https:\/\/agora.xtec.cat\/ceip-fray-luis-leon\/\" target=\"_blank\" rel=\"noopener noreferrer\">Escola Fray Luis de Le\u00f3n<\/a><\/h6>\n<\/li>\n<li>\n<h6><a href=\"http:\/\/blocs.xtec.cat\/escolasantjust\/\" target=\"_blank\" rel=\"noopener noreferrer\">Escola Sant Just<\/a><\/h6>\n<\/li>\n<li>\n<h6><a href=\"https:\/\/sites.google.com\/a\/xtec.cat\/l-escola-torre-balldovina\/\" target=\"_blank\" rel=\"noopener noreferrer\">Escola Torre Balldovina<\/a><\/h6>\n<\/li>\n<li>\n<h6><a href=\"http:\/\/www.xtec.cat\/centres\/a8069751\/\" target=\"_blank\" rel=\"noopener noreferrer\">Escola Santa Coloma<\/a><\/h6>\n<\/li>\n<\/ul>\n","protected":false},"excerpt":{"rendered":"<p>Aqu\u00ed podeu consultar la relaci\u00f3 de centres adscrits al nostre Institut:<\/p>\n<ul>\n<li>\n<a href=\"https:\/\/agora.xtec.cat\/ceipantonigaudi\/\" target=\"_blank\" rel=\"noopener noreferrer\">Escola Antoni Gaud\u00ed<\/a>\n<\/li>\n<li>\n<a href=\"http:\/\/xtec.cat\/ceipbanus\/\" target=\"_blank\" rel=\"noopener noreferrer\">Escola Ban\u00fas<\/a>\n<\/li>\n<li>\n<a href=\"http:\/\/blocs.xtec.cat\/escolamigueldeunamuno\/\" target=\"_blank\" rel=\"noopener noreferrer\">Escola\u00a0Miguel de Unamuno<\/a>\n<\/li>\n<li>\n<a href=\"http:\/\/escolaferrandesagarra.com\/\" target=\"_blank\" rel=\"noopener noreferrer\">Escola Ferran de Sagarra<\/a>\n<\/li>\n<li>\n<a href=\"https:\/\/agora.xtec.cat\/ceip-fray-luis-leon\/\" target=\"_blank\" rel=\"noopener noreferrer\">Escola Fray Luis de Le\u00f3n<\/a>\n<\/li>\n<li>\n<a href=\"http:\/\/blocs.xtec.cat\/escolasantjust\/\" target=\"_blank\"&hellip;  <a href=\"https:\/\/agora.xtec.cat\/iescanpeixauet\/linstitut\/centres-de-primaria-adscrits\/\" title=\"Read Centres de prim\u00e0ria.\">Llegeix m\u00e9s\u00bb<\/a><\/p>\n","protected":false},"author":4,"featured_media":0,"parent":19,"menu_order":70,"comment_status":"closed","ping_status":"closed","template":"page-templates\/side-menu.php","meta":{"_bbp_topic_count":0,"_bbp_reply_count":0,"_bbp_total_topic_count":0,"_bbp_total_reply_count":0,"_bbp_voice_count":0,"_bbp_anonymous_reply_count":0,"_bbp_topic_count_hidden":0,"_bbp_reply_count_hidden":0,"_bbp_forum_subforum_count":0,"footnotes":""},"class_list":["post-1847","page","type-page","status-publish","hentry"],"post_mailing_queue_ids":[],"_links":{"self":[{"href":"https:\/\/agora.xtec.cat\/iescanpeixauet\/wp-json\/wp\/v2\/pages\/1847","targetHints":{"allow":["GET"]}}],"collection":[{"href":"https:\/\/agora.xtec.cat\/iescanpeixauet\/wp-json\/wp\/v2\/pages"}],"about":[{"href":"https:\/\/agora.xtec.cat\/iescanpeixauet\/wp-json\/wp\/v2\/types\/page"}],"author":[{"embeddable":true,"href":"https:\/\/agora.xtec.cat\/iescanpeixauet\/wp-json\/wp\/v2\/users\/4"}],"replies":[{"embeddable":true,"href":"https:\/\/agora.xtec.cat\/iescanpeixauet\/wp-json\/wp\/v2\/comments?post=1847"}],"version-history":[{"count":5,"href":"https:\/\/agora.xtec.cat\/iescanpeixauet\/wp-json\/wp\/v2\/pages\/1847\/revisions"}],"predecessor-version":[{"id":9908,"href":"https:\/\/agora.xtec.cat\/iescanpeixauet\/wp-json\/wp\/v2\/pages\/1847\/revisions\/9908"}],"up":[{"embeddable":true,"href":"https:\/\/agora.xtec.cat\/iescanpeixauet\/wp-json\/wp\/v2\/pages\/19"}],"wp:attachment":[{"href":"https:\/\/agora.xtec.cat\/iescanpeixauet\/wp-json\/wp\/v2\/media?parent=1847"}],"curies":[{"name":"wp","href":"https:\/\/api.w.org\/{rel}","templated":true}]}}