{"id":1635,"date":"2017-02-03T11:43:52","date_gmt":"2017-02-03T10:43:52","guid":{"rendered":"http:\/\/agora.xtec.cat\/iescanpeixauet\/?page_id=1635"},"modified":"2026-03-17T08:02:44","modified_gmt":"2026-03-17T07:02:44","slug":"proves-obtencio-graduat-geso","status":"publish","type":"page","link":"https:\/\/agora.xtec.cat\/iescanpeixauet\/orientacio\/proves-obtencio-graduat-geso\/","title":{"rendered":"Proves obtenci\u00f3 GESO"},"content":{"rendered":"<div>\n<div id=\"m_2293405430587224555gmail-bloc1_c8377201-6585-11e4-b4dc-000c29cdf219\">\n<div>\n<div>\n<p>Es poden presentar a la prova les persones que compleixen els\u00a0<strong>dos\u00a0requisits<\/strong>\u00a0seg\u00fcents:<\/p>\n<ol>\n<li>Tenir almenys 18 anys o complir-los l\u2019any 2026. L\u2019edat requerida es podr\u00e0 rebaixar fins als setze anys sempre que l\u2019alumne o alumna compleixi alguna de les condicions seg\u00fcents:\n<ul>\n<li>Tenir un contracte laboral que els impedeixi d\u2019assistir al centre en r\u00e8gim ordinari,<\/li>\n<li>Trobar-se en proc\u00e9s d\u2019obtenir un perm\u00eds de treball,<\/li>\n<li>Ser esportista d\u2019alt rendiment (cal presentar una certificaci\u00f3 del Consell Catal\u00e0 de l\u2019Esport que acredita que consta en el programa de tecnificaci\u00f3 (ARC) de la federaci\u00f3 catalana corresponent) o<\/li>\n<li>Tenir un expedient d\u2019homologaci\u00f3 obert d\u2019estudis estrangers al t\u00edtol de GESO.<\/li>\n<\/ul>\n<\/li>\n<li>Haver finalitzat l\u2019ESO l\u2019any 2024 o 2025 sense haver obtingut el t\u00edtol o haver finalitzat l\u2019equivalent del quart curs de l\u2019ESO en un sistema educatiu estranger amb mat\u00e8ries amb avaluaci\u00f3 negativa en cursos anteriors.De manera excepcional, tamb\u00e9 s\u2019hi poden acollir alumnes amb informe de reconeixement de necessitats educatives especials, em\u00e8s per l\u2019equip d\u2019assessorament psicopedag\u00f2gic (EAP), per als quals es va elaborar un pla de suport individualitzat durant el per\u00edode compr\u00e8s entre els cursos 2017-2018 i 2022-2023.<\/li>\n<\/ol>\n<p>En aplicaci\u00f3 d\u2019aquests requisits, queden exclosos de les proves els alumnes inscrits per repetir quart d\u2019ESO en el curs 2025-2026.<\/p>\n<p>D\u2019altra banda, els alumnes que estan matriculats en ensenyaments d\u2019adults o a l\u2019Institut Obert de Catalunya hi poden conc\u00f3rrer, sempre que compleixin els requisits esmentats.<\/p>\n<\/div>\n<\/div>\n<\/div>\n<\/div>\n<p><strong>INSCRIPCI\u00d3 I REALITZACI\u00d3 DE LA PROVA<\/strong><\/p>\n<p><strong>Sol\u00b7licitud<\/strong><\/p>\n<ul>\n<li>Entre el 2 i el 13 de febrer\u00a0de 2026 i s\u2019ha de presentar a la secretaria del centre on la persona sol\u00b7licitant va estar matriculada de quart d\u2019ESO per \u00faltima vegada.<\/li>\n<\/ul>\n<p><strong>Calendari i llistes de persones admeses i excloses<\/strong><\/p>\n<ul>\n<li>Fins al 2 de mar\u00e7 de 2026, el centre publica el calendari de la prova i la\u00a0llista de persones admeses i excloses. Tamb\u00e9 s\u2019inclouran les mat\u00e8ries objecte de la prova.<\/li>\n<li>Del 3 al 5 de mar\u00e7 de 2026, els aspirants exclosos poden presentar una reclamaci\u00f3 davant la direcci\u00f3 del centre.<\/li>\n<\/ul>\n<p><strong>Realitzaci\u00f3 de la prova<\/strong><\/p>\n<ul>\n<li>Durant el mes de mar\u00e7 de 2026.<\/li>\n<li>Els alumnes han de portar l\u2019original del DNI, targeta de resid\u00e8ncia, passaport o qualsevol altre document identificatiu oficial en vigor.<\/li>\n<\/ul>\n<p>Els alumnes que no obtenen el t\u00edtol de graduat o graduada en educaci\u00f3 secund\u00e0ria obligat\u00f2ria en finalitzar l\u2019etapa es poden presentar a la prova que els centres organitzen el mes de mar\u00e7 de cada any.<\/p>\n<ul>\n<li>\n<ul>\n<li>\n<ul>\n<li><a href=\"https:\/\/drive.google.com\/file\/d\/1C0pn5IcRTYSjlyijVGwXH_D-k7Fr1dPJ\/view?usp=drive_link\" target=\"_blank\" rel=\"noopener\">NORMATIVA<\/a><\/li>\n<li><a href=\"https:\/\/drive.google.com\/file\/d\/1itR6Na1po_YD5rpc9xqi0hr9SctmaWEl\/view?usp=drive_link\" target=\"_blank\" rel=\"noopener\">SOL\u00b7LICITUD GESO<\/a><\/li>\n<\/ul>\n<\/li>\n<\/ul>\n<\/li>\n<\/ul>\n<h6><img loading=\"lazy\" decoding=\"async\" class=\"alignnone size-full wp-image-2545\" src=\"http:\/\/agora.xtec.cat\/iescanpeixauet\/wp-content\/uploads\/usu1366\/2017\/11\/AQUI.gif\" alt=\"\" width=\"125\" height=\"70\" \/><\/h6>\n<h4><span style=\"color: #ff6600;\">M\u00e9s informaci\u00f3:<\/span><\/h4>\n<p><span style=\"color: #ff6600;\"><strong><a style=\"color: #ff6600;\" href=\"http:\/\/ensenyament.gencat.cat\/ca\/serveis-tramits\/proves\/proves-lliures-obtencio-titols\/obtencio-titol-eso\/\" target=\"_blank\" rel=\"noopener noreferrer\">Graduat en educaci\u00f3 secund\u00e0ria obligat\u00f2ria [alumnes que no l&#8217;han obtingut en finalitzar l&#8217;etapa].<\/a><\/strong><\/span><\/p>\n","protected":false},"excerpt":{"rendered":"<p>Es poden presentar a la prova les persones que compleixen els\u00a0dos\u00a0requisits\u00a0seg\u00fcents:<\/p>\n<ol>\n<li>Tenir almenys 18 anys o complir-los l\u2019any 2026. L\u2019edat requerida es podr\u00e0 rebaixar fins als setze anys sempre que l\u2019alumne o alumna compleixi alguna de les condicions seg\u00fcents:\n<ul>\n<li>Tenir un contracte laboral que els impedeixi d\u2019assistir&hellip;  <a href=\"https:\/\/agora.xtec.cat\/iescanpeixauet\/orientacio\/proves-obtencio-graduat-geso\/\" title=\"Read Proves obtenci\u00f3 GESO\">Llegeix m\u00e9s\u00bb<\/a><br \/>\n","protected":false},"author":4,"featured_media":0,"parent":672,"menu_order":1,"comment_status":"closed","ping_status":"closed","template":"page-templates\/side-menu.php","meta":{"_bbp_topic_count":0,"_bbp_reply_count":0,"_bbp_total_topic_count":0,"_bbp_total_reply_count":0,"_bbp_voice_count":0,"_bbp_anonymous_reply_count":0,"_bbp_topic_count_hidden":0,"_bbp_reply_count_hidden":0,"_bbp_forum_subforum_count":0,"footnotes":""},"class_list":["post-1635","page","type-page","status-publish","hentry"],"post_mailing_queue_ids":[],"_links":{"self":[{"href":"https:\/\/agora.xtec.cat\/iescanpeixauet\/wp-json\/wp\/v2\/pages\/1635","targetHints":{"allow":["GET"]}}],"collection":[{"href":"https:\/\/agora.xtec.cat\/iescanpeixauet\/wp-json\/wp\/v2\/pages"}],"about":[{"href":"https:\/\/agora.xtec.cat\/iescanpeixauet\/wp-json\/wp\/v2\/types\/page"}],"author":[{"embeddable":true,"href":"https:\/\/agora.xtec.cat\/iescanpeixauet\/wp-json\/wp\/v2\/users\/4"}],"replies":[{"embeddable":true,"href":"https:\/\/agora.xtec.cat\/iescanpeixauet\/wp-json\/wp\/v2\/comments?post=1635"}],"version-history":[{"count":8,"href":"https:\/\/agora.xtec.cat\/iescanpeixauet\/wp-json\/wp\/v2\/pages\/1635\/revisions"}],"predecessor-version":[{"id":10564,"href":"https:\/\/agora.xtec.cat\/iescanpeixauet\/wp-json\/wp\/v2\/pages\/1635\/revisions\/10564"}],"up":[{"embeddable":true,"href":"https:\/\/agora.xtec.cat\/iescanpeixauet\/wp-json\/wp\/v2\/pages\/672"}],"wp:attachment":[{"href":"https:\/\/agora.xtec.cat\/iescanpeixauet\/wp-json\/wp\/v2\/media?parent=1635"}],"curies":[{"name":"wp","href":"https:\/\/api.w.org\/{rel}","templated":true}]}}