{"id":1425,"date":"2016-12-19T22:35:34","date_gmt":"2016-12-19T21:35:34","guid":{"rendered":"http:\/\/agora.xtec.cat\/iescanpeixauet\/?page_id=1425"},"modified":"2017-08-30T12:28:34","modified_gmt":"2017-08-30T10:28:34","slug":"projecte-sanament","status":"publish","type":"page","link":"https:\/\/agora.xtec.cat\/iescanpeixauet\/experiencies-pedagogiques\/altres-projectes\/projecte-sanament\/","title":{"rendered":"Projecte SanaMent"},"content":{"rendered":"<p style=\"text-align: justify;\"><a href=\"http:\/\/agora.xtec.cat\/iescanpeixauet\/wp-content\/uploads\/usu1366\/2016\/12\/P\u00f2ster_Institut-Can-Peixauet.jpg\"><img loading=\"lazy\" decoding=\"async\" class=\"wp-image-1427 alignleft\" src=\"http:\/\/agora.xtec.cat\/iescanpeixauet\/wp-content\/uploads\/usu1366\/2016\/12\/P\u00f2ster_Institut-Can-Peixauet-724x1024.jpg\" alt=\"\" width=\"246\" height=\"348\" srcset=\"https:\/\/agora.xtec.cat\/iescanpeixauet\/wp-content\/uploads\/usu1366\/2016\/12\/P\u00f2ster_Institut-Can-Peixauet-724x1024.jpg 724w, https:\/\/agora.xtec.cat\/iescanpeixauet\/wp-content\/uploads\/usu1366\/2016\/12\/P\u00f2ster_Institut-Can-Peixauet-212x300.jpg 212w, https:\/\/agora.xtec.cat\/iescanpeixauet\/wp-content\/uploads\/usu1366\/2016\/12\/P\u00f2ster_Institut-Can-Peixauet-768x1086.jpg 768w, https:\/\/agora.xtec.cat\/iescanpeixauet\/wp-content\/uploads\/usu1366\/2016\/12\/P\u00f2ster_Institut-Can-Peixauet.jpg 1131w\" sizes=\"auto, (max-width: 246px) 100vw, 246px\" \/><\/a>El passat 20 de maig de 2016, despr\u00e9s de 2 any de treball conjunt, vam presentar els resultats en un congr\u00e9s, organitzat a l&#8217;edifici CaixaForum de Barcelona. M\u00e9s de 450 alumnes de secundaria i batxillerat, amb els seu professor\/es, van presentar els seus treballs i conclusions, davant de personalitats i entitats rellevants com la subdirectora d&#8217;Atenci\u00f3 a la Diversitat del Departament d&#8217;Ensenyament de la Generalitat de Catalunya; el director de Salut Mental del Departament de Salut de la Generalitat de Catalunya o el Coordinador de la Unitat de Conductes additives de l&#8217;Hospital Sant Juan de D\u00e9u.<\/p>\n<p style=\"text-align: justify;\">L&#8217;experi\u00e8ncia a estat pionera i els alumnes han treballat i desenvolupat la seva investigaci\u00f3 de la ma d&#8217;investigador del CREAL, UPF o UB. La finalitat ha estat dissenyar i implementar intervencions de salut per als estudiants i amb els estudiants, involucrant-los en projectes de recerca i innovaci\u00f3 que alhora han perm\u00e8s apoderar-los amb les compet\u00e8ncies necess\u00e0ries de raonament cient\u00edfic per promoure bons h\u00e0bits de salut. El proc\u00e9s ha culminat amb la implementaci\u00f3 d\u2019un m\u00e8tode de governan\u00e7a participativa on han participat tots els actors (experts en m\u00e8todes de participaci\u00f3, investigadors, estudiants universitaris i estudiants i professorat de secund\u00e0ria) per elaborar un <strong><em><a href=\"http:\/\/www.xplorehealth.eu\/sites\/default\/files\/Dec%C3%A0leg%20Final_def.pdf\" target=\"_blank\" rel=\"noopener noreferrer\">dec\u00e0leg<\/a><\/em> amb recomanacions per a associacions de pacients i pol\u00edtics de l\u2019\u00e0mbit de l\u2019educaci\u00f3 i de la promoci\u00f3 de la salut en aquest camp. <\/strong><a href=\"http:\/\/www.xplorehealth.eu\/ca\/xploreblog\/450-estudiants-de-secund-ria-presenten-propostes-millorar-el-seu-benestar-emocional-amb-e\" target=\"_blank\" rel=\"noopener noreferrer\">Llegir m\u00e9s<\/a><\/p>\n<p style=\"text-align: justify;\"><embed width=\"400\" height=\"267\" flashvars=\"host=picasaweb.google.com&amp;captions=1&amp;hl=en_US&amp;feat=flashalbum&amp;RGB=0x000000&amp;feed=https%3A%2F%2Fpicasaweb.google.com%2Fdata%2Ffeed%2Fapi%2Fuser%2F113935488087404705363%2Falbumid%2F6302065242587317361%3Falt%3Drss%26kind%3Dphoto%26authkey%3DGv1sRgCPaKjpjVsdCAWA%26hl%3Den_US\" src=\"https:\/\/photos.gstatic.com\/media\/slideshow.swf\" type=\"application\/x-shockwave-flash\" pluginspage=\"http:\/\/www.macromedia.com\/go\/getflashplayer\"><\/embed><\/p>\n<p style=\"text-align: right;\"><iframe loading=\"lazy\" src=\"\/\/www.youtube.com\/embed\/wbDJXcqtVPc\" width=\"560\" height=\"315\" frameborder=\"0\" allowfullscreen=\"allowfullscreen\"><\/iframe><\/p>\n<p style=\"text-align: right;\"><sub><a href=\"http:\/\/cienciescanpeixauet.blogspot.com.es\/2015\/05\/projecte-sanament-linici.html\" target=\"_blank\" rel=\"noopener noreferrer\">Sanament: l&#8217;inici<\/a>\u00a0<\/sub><br \/>\n<sub> <a href=\"http:\/\/cienciescanpeixauet.blogspot.com.es\/2016\/02\/projecte-sanament.html\" target=\"_blank\" rel=\"noopener noreferrer\">Sanament: preparant el congr\u00e9s<\/a>\u00a0<\/sub><br \/>\n<sub> <a href=\"http:\/\/www.xplorehealth.eu\/ca\/activitats#ancsanament\" target=\"_blank\" rel=\"noopener noreferrer\">Projecte Sanament (XploreHealth)<\/a><\/sub><\/p>\n","protected":false},"excerpt":{"rendered":"<p><a href=\"http:\/\/agora.xtec.cat\/iescanpeixauet\/wp-content\/uploads\/usu1366\/2016\/12\/P\u00f2ster_Institut-Can-Peixauet.jpg\"><\/a>El passat 20 de maig de 2016, despr\u00e9s de 2 any de treball conjunt, vam presentar els resultats en un congr\u00e9s, organitzat a l&#8217;edifici CaixaForum de Barcelona. M\u00e9s de 450 alumnes de secundaria i batxillerat, amb els seu professor\/es, van presentar els seus treballs&hellip;  <a href=\"https:\/\/agora.xtec.cat\/iescanpeixauet\/experiencies-pedagogiques\/altres-projectes\/projecte-sanament\/\" title=\"Read Projecte SanaMent\">Llegeix m\u00e9s\u00bb<\/a><\/p>\n","protected":false},"author":4,"featured_media":0,"parent":2116,"menu_order":20,"comment_status":"closed","ping_status":"closed","template":"page-templates\/side-menu.php","meta":{"_bbp_topic_count":0,"_bbp_reply_count":0,"_bbp_total_topic_count":0,"_bbp_total_reply_count":0,"_bbp_voice_count":0,"_bbp_anonymous_reply_count":0,"_bbp_topic_count_hidden":0,"_bbp_reply_count_hidden":0,"_bbp_forum_subforum_count":0,"footnotes":""},"class_list":["post-1425","page","type-page","status-publish","hentry"],"post_mailing_queue_ids":[],"_links":{"self":[{"href":"https:\/\/agora.xtec.cat\/iescanpeixauet\/wp-json\/wp\/v2\/pages\/1425","targetHints":{"allow":["GET"]}}],"collection":[{"href":"https:\/\/agora.xtec.cat\/iescanpeixauet\/wp-json\/wp\/v2\/pages"}],"about":[{"href":"https:\/\/agora.xtec.cat\/iescanpeixauet\/wp-json\/wp\/v2\/types\/page"}],"author":[{"embeddable":true,"href":"https:\/\/agora.xtec.cat\/iescanpeixauet\/wp-json\/wp\/v2\/users\/4"}],"replies":[{"embeddable":true,"href":"https:\/\/agora.xtec.cat\/iescanpeixauet\/wp-json\/wp\/v2\/comments?post=1425"}],"version-history":[{"count":3,"href":"https:\/\/agora.xtec.cat\/iescanpeixauet\/wp-json\/wp\/v2\/pages\/1425\/revisions"}],"predecessor-version":[{"id":2297,"href":"https:\/\/agora.xtec.cat\/iescanpeixauet\/wp-json\/wp\/v2\/pages\/1425\/revisions\/2297"}],"up":[{"embeddable":true,"href":"https:\/\/agora.xtec.cat\/iescanpeixauet\/wp-json\/wp\/v2\/pages\/2116"}],"wp:attachment":[{"href":"https:\/\/agora.xtec.cat\/iescanpeixauet\/wp-json\/wp\/v2\/media?parent=1425"}],"curies":[{"name":"wp","href":"https:\/\/api.w.org\/{rel}","templated":true}]}}