{"id":1402,"date":"2016-11-30T20:05:52","date_gmt":"2016-11-30T19:05:52","guid":{"rendered":"http:\/\/agora.xtec.cat\/iescanpeixauet\/?page_id=1402"},"modified":"2017-05-15T22:16:49","modified_gmt":"2017-05-15T20:16:49","slug":"changing-places","status":"publish","type":"page","link":"https:\/\/agora.xtec.cat\/iescanpeixauet\/experiencies-pedagogiques\/projectes-internacionals\/changing-places\/","title":{"rendered":"Changing places"},"content":{"rendered":"<p style=\"text-align: justify;\"><em><strong>The Changing Places program<\/strong><\/em> has been carried out in our school since 2015. we have been working with the Hamburg School (<a href=\"https:\/\/gymnasium-farmsen.de\/\">Gymnasium Farmsen<\/a>) since 2013, because it was one of the partner schools in Comenius project that we coordinated, and now both schools are very interested in having an exchange of students to improve their foreign language and their cultural awareness. Between 10 to 20 students from Ins Can Peixauet go and live in Hamburg for seven days living in their partners guests families and after that German students travel to Santa Coloma de Gramanent and live with their partners\u2019 guests families for seven more days. This is an unforgettable experience that often generates great motivation for learning.<\/p>\n<hr \/>\n<p style=\"text-align: justify;\"><sub>El programa Changing Places ha estat en actiu al nostre centre des de 2015, per\u00f2 portem treballant amb l&#8217;escola d&#8217;Hamburg (<a href=\"https:\/\/gymnasium-farmsen.de\/\">Gymnasium Farmsen<\/a>), amb la que fem l&#8217;intercanvi, des de 2013 ja que va ser una de les escoles associades del projecte comenius que vam coordinar i, amb la que vam decidir de mutu acord continuant dur a terme un intercanvi d\u2019estudiants per millorar la seva llengua estrangera i el seu inter\u00e8s per la cultura. Entre 10 i 20 estudiants del Can Peixauet aniran a viure una estada de set dies a Hamburg amb les fam\u00edlies dels seus partners i en acabant tots els estudiants viatjaran a Santa Coloma de Gramenent i viuran amb les fam\u00edlies dels nostres alumnes durant set dies m\u00e9s. Tot plegat \u00e9s una experi\u00e8ncia inoblidable pels alumnes que sovint genera una gran motivaci\u00f3 per l\u2019aprenentatge.<\/sub><\/p>\n<hr \/>\n<p style=\"text-align: justify;\">Cuando llegue a Hamburgo (Alemania), me sent\u00ed en otro mundo, un sitio que no era mi casa, en realidad\u2026no lo era. Estaba sola. Mi primera impresi\u00f3n fue de asombro, no me cre\u00eda que estuviera all\u00ed. Es una ciudad muy grande, bonita, antigua y fr\u00eda. Pero las noches en casa de la compa\u00f1era de intercambio, la sensaci\u00f3n de \u201caventura\u201d era emocionante y agradable. Nunca hab\u00eda salido del pa\u00eds, as\u00ed que tambi\u00e9n tuve miedo de que me pasara algo\u00a0 porque no sabes a lo que te vas a exponer sin tu familia. Fue muy extra\u00f1o todo, ten\u00edan diferentes costumbres, diferentes h\u00e1bitos pero fue una experiencia extraordinaria. Inolvidable.<\/p>\n<p style=\"text-align: center;\"><iframe loading=\"lazy\" src=\"\/\/www.youtube.com\/embed\/HEOZR24D8fM\" width=\"560\" height=\"315\" frameborder=\"0\" allowfullscreen=\"allowfullscreen\"><\/iframe><\/p>\n<p style=\"text-align: right;\"><strong><sub>Nerea Gonz\u00e1lez (Grupo 3.4)<\/sub><\/strong><\/p>\n","protected":false},"excerpt":{"rendered":"<p>The Changing Places program has been carried out in our school since 2015. we have been working with the Hamburg School (<a href=\"https:\/\/gymnasium-farmsen.de\/\">Gymnasium Farmsen<\/a>) since 2013, because it was one of the partner schools in Comenius project that we coordinated, and now both schools are&hellip;  <a href=\"https:\/\/agora.xtec.cat\/iescanpeixauet\/experiencies-pedagogiques\/projectes-internacionals\/changing-places\/\" title=\"Read Changing places\">Llegeix m\u00e9s\u00bb<\/a><\/p>\n","protected":false},"author":4,"featured_media":0,"parent":2114,"menu_order":20,"comment_status":"closed","ping_status":"closed","template":"page-templates\/side-menu.php","meta":{"_bbp_topic_count":0,"_bbp_reply_count":0,"_bbp_total_topic_count":0,"_bbp_total_reply_count":0,"_bbp_voice_count":0,"_bbp_anonymous_reply_count":0,"_bbp_topic_count_hidden":0,"_bbp_reply_count_hidden":0,"_bbp_forum_subforum_count":0,"footnotes":""},"class_list":["post-1402","page","type-page","status-publish","hentry"],"post_mailing_queue_ids":[],"_links":{"self":[{"href":"https:\/\/agora.xtec.cat\/iescanpeixauet\/wp-json\/wp\/v2\/pages\/1402","targetHints":{"allow":["GET"]}}],"collection":[{"href":"https:\/\/agora.xtec.cat\/iescanpeixauet\/wp-json\/wp\/v2\/pages"}],"about":[{"href":"https:\/\/agora.xtec.cat\/iescanpeixauet\/wp-json\/wp\/v2\/types\/page"}],"author":[{"embeddable":true,"href":"https:\/\/agora.xtec.cat\/iescanpeixauet\/wp-json\/wp\/v2\/users\/4"}],"replies":[{"embeddable":true,"href":"https:\/\/agora.xtec.cat\/iescanpeixauet\/wp-json\/wp\/v2\/comments?post=1402"}],"version-history":[{"count":3,"href":"https:\/\/agora.xtec.cat\/iescanpeixauet\/wp-json\/wp\/v2\/pages\/1402\/revisions"}],"predecessor-version":[{"id":1777,"href":"https:\/\/agora.xtec.cat\/iescanpeixauet\/wp-json\/wp\/v2\/pages\/1402\/revisions\/1777"}],"up":[{"embeddable":true,"href":"https:\/\/agora.xtec.cat\/iescanpeixauet\/wp-json\/wp\/v2\/pages\/2114"}],"wp:attachment":[{"href":"https:\/\/agora.xtec.cat\/iescanpeixauet\/wp-json\/wp\/v2\/media?parent=1402"}],"curies":[{"name":"wp","href":"https:\/\/api.w.org\/{rel}","templated":true}]}}