{"id":1396,"date":"2016-12-19T19:24:13","date_gmt":"2016-12-19T18:24:13","guid":{"rendered":"http:\/\/agora.xtec.cat\/iescanpeixauet\/?page_id=1396"},"modified":"2017-08-30T12:21:22","modified_gmt":"2017-08-30T10:21:22","slug":"etwinning-projects","status":"publish","type":"page","link":"https:\/\/agora.xtec.cat\/iescanpeixauet\/experiencies-pedagogiques\/projectes-internacionals\/etwinning-projects\/","title":{"rendered":"eTwinning projects"},"content":{"rendered":"<h5><img loading=\"lazy\" decoding=\"async\" class=\"wp-image-1418 alignleft\" src=\"http:\/\/agora.xtec.cat\/iescanpeixauet\/wp-content\/uploads\/usu1366\/2016\/12\/etwinning.jpg\" width=\"170\" height=\"128\" \/><strong>eTwinning is the community for schools in Europe<\/strong><\/h5>\n<p style=\"text-align: justify;\">eTwinning offers a platform for teachers, working in a school in one of the European countries involved, to communicate, collaborate, develop projects, share and, in short, feel and be part of the most exciting learning community in Europe.<\/p>\n<p>&nbsp;<\/p>\n<table style=\"height: 1629px;\" width=\"738\">\n<tbody>\n<tr>\n<td><a href=\"http:\/\/agora.xtec.cat\/iescanpeixauet\/wp-content\/uploads\/usu1366\/2016\/12\/logo-comenius-2013.png\"><img loading=\"lazy\" decoding=\"async\" class=\"wp-image-1458 aligncenter\" src=\"http:\/\/agora.xtec.cat\/iescanpeixauet\/wp-content\/uploads\/usu1366\/2016\/12\/logo-comenius-2013-1024x1024.png\" alt=\"\" width=\"97\" height=\"97\" srcset=\"https:\/\/agora.xtec.cat\/iescanpeixauet\/wp-content\/uploads\/usu1366\/2016\/12\/logo-comenius-2013-1024x1024.png 1024w, https:\/\/agora.xtec.cat\/iescanpeixauet\/wp-content\/uploads\/usu1366\/2016\/12\/logo-comenius-2013-150x150.png 150w, https:\/\/agora.xtec.cat\/iescanpeixauet\/wp-content\/uploads\/usu1366\/2016\/12\/logo-comenius-2013-300x300.png 300w, https:\/\/agora.xtec.cat\/iescanpeixauet\/wp-content\/uploads\/usu1366\/2016\/12\/logo-comenius-2013-768x768.png 768w, https:\/\/agora.xtec.cat\/iescanpeixauet\/wp-content\/uploads\/usu1366\/2016\/12\/logo-comenius-2013.png 1772w\" sizes=\"auto, (max-width: 97px) 100vw, 97px\" \/><\/a><\/p>\n<p><a href=\"http:\/\/new-twinspace.etwinning.net\/web\/p102082\" target=\"_blank\" rel=\"noopener noreferrer\">Augmenting our reality: European youths compare their countriesin science, arts and society<\/a><\/td>\n<td style=\"text-align: justify;\">&nbsp;<\/p>\n<p>The objective of this project is to assist our students to become aware of their own reality concerning their own society, culture, literature among others, in order to build bridges among different cultures.<\/p>\n<p>Therefore, the project aims at augmenting the students\u2019 realities on both a personal and a national level. They will not only be asked to reflect upon their personal and national identities but will get to know the personal realities of students of other European countries and learn about national characteristics in different areas such as science, art, literature, music and architecture.<\/td>\n<\/tr>\n<tr>\n<td><a href=\"http:\/\/agora.xtec.cat\/iescanpeixauet\/wp-content\/uploads\/usu1366\/2016\/12\/Blue-countries.jpg\"><img loading=\"lazy\" decoding=\"async\" class=\"wp-image-2295 aligncenter\" src=\"http:\/\/agora.xtec.cat\/iescanpeixauet\/wp-content\/uploads\/usu1366\/2016\/12\/Blue-countries.jpg\" alt=\"\" width=\"144\" height=\"144\" srcset=\"https:\/\/agora.xtec.cat\/iescanpeixauet\/wp-content\/uploads\/usu1366\/2016\/12\/Blue-countries.jpg 500w, https:\/\/agora.xtec.cat\/iescanpeixauet\/wp-content\/uploads\/usu1366\/2016\/12\/Blue-countries-150x150.jpg 150w, https:\/\/agora.xtec.cat\/iescanpeixauet\/wp-content\/uploads\/usu1366\/2016\/12\/Blue-countries-300x300.jpg 300w\" sizes=\"auto, (max-width: 144px) 100vw, 144px\" \/><\/a><a href=\"https:\/\/twinspace.etwinning.net\/29922\" target=\"_blank\" rel=\"noopener noreferrer\">\u00a0\u00a0\u00a0\u00a0\u00a0\u00a0\u00a0\u00a0 Blue countries<\/a><\/td>\n<td style=\"text-align: justify;\">&nbsp;<\/p>\n<p>The main goal of this project is to extend learning beyond the classroom walls, to broaden the students\u2019 horizons, to awake their awareness for nature and ways to protect it.<br \/>\nWe want our students to acquire meaningful knowledge, to improve their digital and language abilities, to understand the advantages of working in a team. They will appreciate the environment, studying geographical and historical characteristics and then the artistic side of the topic.<br \/>\nThey will explore the ecosystems of rivers\/seas, making experiments, focusing on the importance of water, recording their work, creating brochures and magazines. The final product will be a prototype of rivers and seas in Europe, a product that will show their motivation, their shared responsibilities, their critical thinking and solving problem skills, their creativity.<br \/>\nAll the activities are meant to encourage the students to approach the topic using the previously acquired knowledge in Geography, Biology, Literature, Art, English<\/td>\n<\/tr>\n<tr>\n<td>\u00a0<a href=\"http:\/\/agora.xtec.cat\/iescanpeixauet\/wp-content\/uploads\/usu1366\/2016\/12\/volcan.jpg\"><img loading=\"lazy\" decoding=\"async\" class=\"wp-image-1519 alignnone\" src=\"http:\/\/agora.xtec.cat\/iescanpeixauet\/wp-content\/uploads\/usu1366\/2016\/12\/volcan.jpg\" alt=\"\" width=\"145\" height=\"96\" srcset=\"https:\/\/agora.xtec.cat\/iescanpeixauet\/wp-content\/uploads\/usu1366\/2016\/12\/volcan.jpg 640w, https:\/\/agora.xtec.cat\/iescanpeixauet\/wp-content\/uploads\/usu1366\/2016\/12\/volcan-300x200.jpg 300w\" sizes=\"auto, (max-width: 145px) 100vw, 145px\" \/><\/a><\/p>\n<p><a href=\"http:\/\/new-twinspace.etwinning.net\/web\/p105108\" target=\"_blank\" rel=\"noopener noreferrer\">Characteristics of\u00a0\u00a0\u00a0\u00a0\u00a0\u00a0 vulcanism in Europe<\/a><\/td>\n<td style=\"text-align: justify;\">&nbsp;<\/p>\n<p>The students will share the features of volcanism in their country of origin through photographs, videos, historical descriptions, so that they can make a comparative study<\/td>\n<\/tr>\n<tr>\n<td><a href=\"http:\/\/agora.xtec.cat\/iescanpeixauet\/wp-content\/uploads\/usu1366\/2016\/12\/experiments.jpg\"><img loading=\"lazy\" decoding=\"async\" class=\"wp-image-1520 aligncenter\" src=\"http:\/\/agora.xtec.cat\/iescanpeixauet\/wp-content\/uploads\/usu1366\/2016\/12\/experiments.jpg\" alt=\"\" width=\"146\" height=\"113\" \/><\/a><\/p>\n<p><a href=\"https:\/\/twinspace.etwinning.net\/3983\/home\" target=\"_blank\" rel=\"noopener noreferrer\">European friends, share with school experiments<\/a><\/td>\n<td style=\"text-align: justify;\">&nbsp;<\/p>\n<p>The main aim of the project is to present personality of children, learn about their school, habits, culture. Improving English language skills, developing ICT skills as well as promoting intercultural communication skills.<\/td>\n<\/tr>\n<tr>\n<td><a href=\"http:\/\/agora.xtec.cat\/iescanpeixauet\/wp-content\/uploads\/usu1366\/2016\/12\/mural.jpg\"><img loading=\"lazy\" decoding=\"async\" class=\"wp-image-1521 aligncenter\" src=\"http:\/\/agora.xtec.cat\/iescanpeixauet\/wp-content\/uploads\/usu1366\/2016\/12\/mural.jpg\" alt=\"\" width=\"147\" height=\"142\" \/><\/a><\/p>\n<p><a href=\"http:\/\/new-twinspace.etwinning.net\/web\/p86333\" target=\"_blank\" rel=\"noopener noreferrer\">European youth murals<\/a><\/td>\n<td style=\"text-align: justify;\">&nbsp;<\/p>\n<p>The idea of European youth murals is not only to help promote peace within understanding of other countries by students illustrating there unique cultures and communities or concepts they believe represent friendship or peace. The project will also help develop the bringing life into learning and learning to life idea a little closer.<\/p>\n<p>The project enables many subjects to come together and work towards and within one objective.<\/p>\n<p>The English language,art,culture and geography being the leading topics with probabilities of other subjects like music in the form of songs like national anthems being incorporated.<\/td>\n<\/tr>\n<tr>\n<td><a href=\"http:\/\/agora.xtec.cat\/iescanpeixauet\/wp-content\/uploads\/usu1366\/2016\/12\/rights.jpg\"><img loading=\"lazy\" decoding=\"async\" class=\" wp-image-1530 aligncenter\" src=\"http:\/\/agora.xtec.cat\/iescanpeixauet\/wp-content\/uploads\/usu1366\/2016\/12\/rights.jpg\" alt=\"\" width=\"138\" height=\"107\" \/><\/a><\/p>\n<p><a href=\"https:\/\/twinspace.etwinning.net\/24668\/home\" target=\"_blank\" rel=\"noopener noreferrer\">I have the right to&#8230; &#8220;- Children&#8217;s Rights and their free time activities<\/a><\/td>\n<td style=\"text-align: justify;\">&nbsp;<\/p>\n<p>The project is focused on the exchange of views and opinions about Children&#8217;s rights. In the project we investigate the term of Children&#8217;s rights and discuss children&#8217;s free time activities. We will make short films and presentations about student&#8217;s free time activities and their life in connection with their rights. The project will include chat on twinspace, dictionary organizing, students&#8217; works publishing and making short films, presentations and artistic works. The project will be divided into aproppriate project activities<\/td>\n<\/tr>\n<tr>\n<td><a href=\"http:\/\/agora.xtec.cat\/iescanpeixauet\/wp-content\/uploads\/usu1366\/2016\/12\/ecosistems.png\"><img loading=\"lazy\" decoding=\"async\" class=\"wp-image-1522 aligncenter\" src=\"http:\/\/agora.xtec.cat\/iescanpeixauet\/wp-content\/uploads\/usu1366\/2016\/12\/ecosistems.png\" alt=\"\" width=\"146\" height=\"113\" \/><\/a><\/p>\n<p><a href=\"https:\/\/twinspace.etwinning.net\/3121\/home\" target=\"_blank\" rel=\"noopener noreferrer\">Living (in) ecosystems<\/a><\/td>\n<td style=\"text-align: justify;\">&nbsp;<\/p>\n<p>In this project we will conduct a study of the different ecosystems in the world and make a comparative study of the ecosystems of each participating country, types of plants, animals, environmental adaptations and modifications of the ecosystem by human action.<\/td>\n<\/tr>\n<tr>\n<td><a href=\"http:\/\/agora.xtec.cat\/iescanpeixauet\/wp-content\/uploads\/usu1366\/2016\/12\/diversidad.jpg\"><img loading=\"lazy\" decoding=\"async\" class=\"wp-image-1523 aligncenter\" src=\"http:\/\/agora.xtec.cat\/iescanpeixauet\/wp-content\/uploads\/usu1366\/2016\/12\/diversidad.jpg\" alt=\"\" width=\"138\" height=\"107\" \/><\/a><\/p>\n<p><a href=\"https:\/\/twinspace.etwinning.net\/3957\/home\" target=\"_blank\" rel=\"noopener noreferrer\">Nuestra diversidad &#8211; Our diversity<\/a><\/td>\n<td style=\"text-align: justify;\">&nbsp;<\/p>\n<p>Este proyecto es un espacio de diversidad ling\u00fc\u00edstica, cultural y ecol\u00f3gica\u2026donde la diversidad se cambia en fuente de riqueza y originalidad. Aqu\u00ed, los alumnos comunican, practican la lengua, conocen, descubren, dan y reciben, crean, desarrollan, colaboran y negocian. As\u00ed, se ofrece al alumno una experiencia original muy beneficiosa para su vida escolar y tambi\u00e9n personal y humana.<\/td>\n<\/tr>\n<\/tbody>\n<\/table>\n<p>&nbsp;<\/p>\n","protected":false},"excerpt":{"rendered":"<p>eTwinning is the community for schools in Europe<br \/>\neTwinning offers a platform for teachers, working in a school in one of the European countries involved, to communicate, collaborate, develop projects, share and, in short, feel and be part of the most exciting learning community in Europe.<br \/>\n&nbsp;<\/p>\n<p><a&hellip;  <a href=\"https:\/\/agora.xtec.cat\/iescanpeixauet\/experiencies-pedagogiques\/projectes-internacionals\/etwinning-projects\/\" title=\"Read eTwinning projects\">Llegeix m\u00e9s\u00bb<\/a><\/p>\n","protected":false},"author":4,"featured_media":0,"parent":2114,"menu_order":40,"comment_status":"closed","ping_status":"closed","template":"page-templates\/side-menu.php","meta":{"_bbp_topic_count":0,"_bbp_reply_count":0,"_bbp_total_topic_count":0,"_bbp_total_reply_count":0,"_bbp_voice_count":0,"_bbp_anonymous_reply_count":0,"_bbp_topic_count_hidden":0,"_bbp_reply_count_hidden":0,"_bbp_forum_subforum_count":0,"footnotes":""},"class_list":["post-1396","page","type-page","status-publish","hentry"],"post_mailing_queue_ids":[],"_links":{"self":[{"href":"https:\/\/agora.xtec.cat\/iescanpeixauet\/wp-json\/wp\/v2\/pages\/1396","targetHints":{"allow":["GET"]}}],"collection":[{"href":"https:\/\/agora.xtec.cat\/iescanpeixauet\/wp-json\/wp\/v2\/pages"}],"about":[{"href":"https:\/\/agora.xtec.cat\/iescanpeixauet\/wp-json\/wp\/v2\/types\/page"}],"author":[{"embeddable":true,"href":"https:\/\/agora.xtec.cat\/iescanpeixauet\/wp-json\/wp\/v2\/users\/4"}],"replies":[{"embeddable":true,"href":"https:\/\/agora.xtec.cat\/iescanpeixauet\/wp-json\/wp\/v2\/comments?post=1396"}],"version-history":[{"count":3,"href":"https:\/\/agora.xtec.cat\/iescanpeixauet\/wp-json\/wp\/v2\/pages\/1396\/revisions"}],"predecessor-version":[{"id":2296,"href":"https:\/\/agora.xtec.cat\/iescanpeixauet\/wp-json\/wp\/v2\/pages\/1396\/revisions\/2296"}],"up":[{"embeddable":true,"href":"https:\/\/agora.xtec.cat\/iescanpeixauet\/wp-json\/wp\/v2\/pages\/2114"}],"wp:attachment":[{"href":"https:\/\/agora.xtec.cat\/iescanpeixauet\/wp-json\/wp\/v2\/media?parent=1396"}],"curies":[{"name":"wp","href":"https:\/\/api.w.org\/{rel}","templated":true}]}}