{"id":1145,"date":"2016-12-14T08:59:42","date_gmt":"2016-12-14T07:59:42","guid":{"rendered":"http:\/\/agora.xtec.cat\/iescanpeixauet\/?page_id=1145"},"modified":"2024-09-16T10:04:42","modified_gmt":"2024-09-16T08:04:42","slug":"samarretes-promocio-batxillerat","status":"publish","type":"page","link":"https:\/\/agora.xtec.cat\/iescanpeixauet\/festa-de-graduacio\/samarretes-promocio-batxillerat\/","title":{"rendered":"Samarretes promoci\u00f3 batxillerat"},"content":{"rendered":"<p>Si vols alguna de les samarretes de les promocions anteriors et pots adre\u00e7ar al seg\u00fcent enlla\u00e7: <a href=\"http:\/\/www.latostadora.com\/INSCANPEIXAUET\" target=\"_blank\" rel=\"noopener noreferrer\">SAMARRETES CAN PEIXAUET<\/a><\/p>\n<div id=\"14C1E\" style=\"width: 800px; height: 600px; display: none;\"><img decoding=\"async\" src=\"https:\/\/lh3.googleusercontent.com\/q5sBpnSSEshf4Oh_ulX-JQMmF0zdxxpo-ZjitmqBepCuA07C27Z2aLzUmXlEzUT-ImZeaavon_made8Pq9WbBgYNkPbug0t4hdEIftgM05McY55r-UxrF9ZoTIltdsPCc80XEpiO5U07f0Dq1HUYkzlXLHukF8IFu4loDzx7_r04Cf5ksmghwxERZzWkaBiMObprFwPlZd1M_q79BjeU7jTHHIt8CGMoCgDVSYLG4zhJrte2BFHhGOP4cPQXFlJbjW5paNuMkrOhcSGRkzNWvoqB4ycBA87u_TfvZzvY0dEU8vywjPqeP2vPenoglCeLggJJZA30P0BQ_VphZk0ePIkeECjtNmmrsq2M-Ab3dapPjBo1-UZo42oIWuwRviiEmW42T5IW7roxbrfXZzvVtMhQcDMOXmrEiIZy0YE7m0Sya7eG0YDNKLLsSNS7nhqfOflvB3e8UUCjEf2g0LIBvB4jzg9K313DuR97nDhgZ-Qbn90dK9gU4D_1vBU-MnN30ZyrRFqOjpMnzCpcjmPhlzglZuKQzTcPXcNQvIXbX3D4K4ox0_Nj8MOptuPWyIUj1D1puIhG0MkoosbQZyAsP2IgK_r0jj1511LRVo7Mmw=w1000-h800-no\" data-link=\"https:\/\/photos.google.com\/album\/AF1QipMAp6_oNuHXwG6O8J303nH_b4ApNbXGptOeiRLl\/photo\/AF1QipMBC29zdWJYE_04ShqMD4-L29fKIO-Y8cUyVCrn\" \/><br \/>\n<img decoding=\"async\" src=\"https:\/\/lh3.googleusercontent.com\/UUFs4IK91bVNRikAjMpn8nYn8WwZQXWTBu9in96inhVvORlqQkmA1aI9nUPJ5ld3xv-2eu45nuMM49M4b5mEidyJtSuA5tmYHnlup2g2apdkwt4Nrt2Hcrg130OOC1Gp7ht0ACea943gs-DlZU4YFmOKfHAqDDonB05knDRO4IxHRagHXzm5aIMbVipJDll84tCP082t1Z5wJR_5jWS8LDT7tslSmA1oQPSbz-IwH3izH2fusey3xg9oiaRA4knCIsBBLzEqRbFFy4Jww7qxjmcgavPKwHMKx3NEXmOBOmfZzDe78ds-Uzcg_UxOzWpEkz3E-Ob9LcMCCdeZnzgVqx_tdfLn-OUoLEn6eLdzpuMkIAv9jNav9xqk412BFCikVC-uwJ6DKMCEZN1qIGHLf0tJUsFj_mKYGrLOqFJ0HH-hUQcJProixIx4gcZtpJXygWZ5_IMZF4cdQxuK4L1HfOvZOGmNZ936cUn_XHBsGw1simOneUGLLGFx7hYEj5DSInZRQlrkx0mjfs8HAslSTpyywK_ZQ77OkZaG1vFX5satCs5MANwt-WGtv1vK0lH3nnrkyIgYdiosbL8_ckdJbjfCahwPHnMXak3JfFJd7Q=w1000-h800-no\" data-link=\"https:\/\/photos.google.com\/album\/AF1QipMAp6_oNuHXwG6O8J303nH_b4ApNbXGptOeiRLl\/photo\/AF1QipM4QFz16zsD3UsRCVJpgQNMkbyEc_N_7H9FDIt7\" \/><br \/>\n<img decoding=\"async\" src=\"https:\/\/lh3.googleusercontent.com\/eY1CxLtLFt6qosANiOCr3LD2oK6F7QhmEx_-2eusM1fSJ9YHfV83juGYKrg9sNEAeciqlzA9JPzMG0QTCVWZsr8KB6dqDeJlnuIpTsNIQzbVHfFD6kGpZk00P-WQN36ao2KKdJwNfKbraG7V3phVdFZFuac7Tla2n8dszbb69Z0IoISjRU6MluVc9RIRmPmTIdUgE18bPNjH0EIK12v35WYJCISfeycT0HJhq0sV-IOjkcW3TlIRoJP3kQNz56hx_XRo2kYWBYcdEzSKkXPYgJk2dwqsGA9UOx88GvxKgH6QPCglkCuVLlPJs9Q0wqKBzWZ7eB1bWuuy3bQGqEAOIK78dotlJyRyjIspP37h09jkIjHT_hl8dkRW-eYGiLFP7CycT6Q-lTowNZcrhSQYkXYZF0gPSGHLZZGnPWG98VU7O4Q3dZMjZERiX2HHN_BjOlu48EV-YQVlJx4RnnUR5ygZynkqDmt_gIehygl4dSmaqxQ5MW16Q90621Q0s8eKjWQsusT0Ixy-4kFGbXmN4j_I4S1y7L41FXYpOV2s7JHZCv-8ZCsQZbijO5-GbxrL5zqyzla_qOWIAex9SjUIgY2glTVxoMq8vPyDUV56TA=w1000-h800-no\" data-link=\"https:\/\/photos.google.com\/album\/AF1QipMAp6_oNuHXwG6O8J303nH_b4ApNbXGptOeiRLl\/photo\/AF1QipOE_e1q_4FogoHxb86q852FMhRkLX9nlCNZwpS2\" \/><br \/>\n<img decoding=\"async\" src=\"https:\/\/lh3.googleusercontent.com\/pIcyOJoSM_EXuDv_UjWY_BKqcDPiE7-O9DPmA2WWcp6rN2zVbWcLJAzg9A6yEteaUDm1bjp_rPopRjykGWDw9qr5EWNkgLWB0TigHwTKlBipm7aT8wRpOvaRjeXVa4NETwlivmFZVigB2hDGr9svzkFvgLiJ_wPlE6_afTc4DKyPIwTTr2nVhaMBV0ugKDuzGdU_u5CjqiyIzoEnRtivWCyI5taId5IuNtGi50HF6lnHwsjhSwGmjLYkJv2jZau9cIRyLm4h7edsQGvesH--6M511mO6wFSZJyzPrRV0bQue7eFbRrLCPP70KF6FnRaUGgxGrraRBY4fyDbkSlW1-6noegP6jre7i27AsMTg2UO1CpM1OooIeTtVZa8S33lXWri-i-mbdajdxUpLioMawS_BtBJ3-QCdTHi_5oyje3xJlwnSv6hMQIGNjtau9AhvwKCkBP9FnFDApm4BvlQRhiIM3UWxGEOzGtaY3nAa44zc6tCuxcb77a1V_qIOEn83C7VASDEgSntdaoCPAd5uh4QQxYW5jTr_gh05r-hnR0naqyjR5R894L1t0TIcSfsVmYLikLT-RVvdbuDHbKTp9ThfkKruLa3IMUtZEMxDjA=w1000-h800-no\" data-link=\"https:\/\/photos.google.com\/album\/AF1QipMAp6_oNuHXwG6O8J303nH_b4ApNbXGptOeiRLl\/photo\/AF1QipO8wyG7F2Im7oEvTKYPqUfUgu3gI-rcEU1u0D3S\" \/><br \/>\n<img decoding=\"async\" src=\"https:\/\/lh3.googleusercontent.com\/xNvmsxUUUG9NUInjl4Sha0I-o7MQ0wt6m0gOSBvzoXMX9-gHsnpafEx_WW3k7VhdT69x5k5vgtpQSUXKzqEQkTwsx4oIJkT6seYd-Z9NglUzonlSO6OpIeszUSGpUnM08wV4k8Qh80D_qtkedCFi8r7kAy_nu9Ix57e913ewFImz-a4c4iM02rvLgNrePVhZggyusX8EIFSpiOS_Oyg1mw-wUU3STm0xwMAg-HJYQ3y1Lo-wzRod8JzMhUZc2tWIhIHD2QdoN1V5c6IFOHRfZjg-Ib7kphYR0KTTw2TTPzuRIvqG4ljngb7aayTDuD30_CZnqEDXt2PYopOfkMDHA9MdAz16zSe4YRJJKmFMfV2BdIrkz_ov9-C3aOYLqCmDyBhDUo1x69H1CFS5eygrSD7nkUSuh-zsj5mTj4BbNTul_nIWKO0_TSw1zxb8Dw0IJCXK72K5StMhoty_ym6DNinS2TtuD5WNSaSqUma3g-kM2du1beAxx-ocvhPa3Ga2sUq-Vf8lErWX1w4HUSMlVmcvjzC7JX70hTvSk20Qg5gTGnfoFeA2ZoCq1lOV87mtucPxqxSIW3OqGr8v002URukBWBKKCmrTABQ_3V959Q=w1000-h800-no\" data-link=\"https:\/\/photos.google.com\/album\/AF1QipMAp6_oNuHXwG6O8J303nH_b4ApNbXGptOeiRLl\/photo\/AF1QipOpPQUgatKUyv21Nea_SWI1wgTmqzKhC64gxsUt\" \/><br \/>\n<img decoding=\"async\" src=\"https:\/\/lh3.googleusercontent.com\/MV0rruuMxGV-DLtXW9PI3fPbgYO5cecQJvzn2aufDqmpZQbjwnsnIs8msgMs0BVERYtRWz0UYvlI_7g87JxotwmROLMXQSg2Zh-5sM6MKCoXFdYYC_IKQz1zE4dfRtFLA7rYpTbgd2NkCcyNdFod0SFGl8QRehw80QUv_bYP1jhSuyQVcmfU_caui8eJnNTFf_7xFlr2zIdQDNxmPEjShGp00Ltuxe7fYY8FepIiuDiz69pz6ZS9L46MfuMWcwuOHQfnD9OQ05aPtI6CfVqoGbWoZx4CJDBOaBt7fFb8gTV6U1wQG-cyJ1vEhx_fV8kqiMk1iGwXZQ7moipnhyuDTae_y20HnUsxrBSXA0wWn_-j9QnqJhcZTLiDdZiHLjI6SnwAFaCw6UKcVsNfbb64mf4PDBi0rL4d6BQg09AIaw1FsnstgHXzgPaJtIVy7YsyNqKj6sNZg8VSp6U92chMLA34RDpQfthJqicl0_HeArU6j1dT9xjJfzN7XWWn0kgSM2SrIPAvr855-6Mcxenev17kEBIaiZFLJFGmC9yp1YS54keccj4CR_mcoTrheF2N_RI4PotFK_-Gfa3vlLVnYhyCsI_YL42B5RjweBg4cw=w1000-h800-no\" data-link=\"https:\/\/photos.google.com\/album\/AF1QipMAp6_oNuHXwG6O8J303nH_b4ApNbXGptOeiRLl\/photo\/AF1QipPBzjiKD_23ESFTC8MLSRMehQjBxOvxDcy9FHtY\" \/><br \/>\n<img decoding=\"async\" src=\"https:\/\/lh3.googleusercontent.com\/d0gWDEm_8818Nhzih7lNDPiszyUryL2t3mteO49eUeIxMp_kAyQNiNsp0RDTEAcvKYXrJngt63iAT4_14UxO_60IGPMMnNjGKfENiTKd3YK5Kg2MjTQCMFtWdoigCtJds4tZYpvGRZ8Q6Fu8D05r5gO4ahOTTLa3S-TnzA5--Tpq2cd5ermxENBmN5yptl_hf1cJr7ECTKjI1fMqr0MVWssVY4JNH14RR9OygvRwTJEvDaZD92pwHDuIhvgprzH-pLlTqdD_11SvyIAXOwUe6NR4Tk71ZMR_V3_Tkx2hX2UEuHpinQ9EZNw-rg13usnYtFFzAqjN2XYtnSV1CICr0jJszUXkEJUXlI-M-eFKN-OOapdoOO5a6-_7At8LMc703c1zqOrnAMBfnXH1aZq53pOG6LVVjGtv_7vNnU4W85hGBMZxBrsJIn_PJ2y7k6LuoZX8QjUZEE9W21WjCGBrDIgP-9eEgMxv9bbm9pzEelwGuA-e-0exRczgWYijK5-jMmPaFUd3y4orEOp_D5aWY4D2BveYuWCc1xMsXmjidClg2FFZaJ5NDQZsCbHAu7Ag4UWJ56PMvth4qJX3Fjoh3u-yihkjdwYe-mOtPIuPXw=w1000-h800-no\" data-link=\"https:\/\/photos.google.com\/album\/AF1QipMAp6_oNuHXwG6O8J303nH_b4ApNbXGptOeiRLl\/photo\/AF1QipPPW8KCNr_ao9N-0VMNsZD-HEuJ5Ap1upt4pvV9\" \/><\/div>\n<table style=\"border-collapse: collapse; width: 100%;\" border=\"1\">\n<tbody>\n<tr>\n<td style=\"width: 332px;\">\n<p><figure class=\"figure wp-caption aligncenter\"><a href=\"http:\/\/agora.xtec.cat\/iescanpeixauet\/wp-content\/uploads\/usu1366\/2018\/09\/samarreta-2011-10aniv.jpg\" target=\"_blank\" rel=\"noopener noreferrer\"><img loading=\"lazy\" decoding=\"async\" class=\"wp-image-3336 size-medium\" src=\"http:\/\/agora.xtec.cat\/iescanpeixauet\/wp-content\/uploads\/usu1366\/2018\/09\/samarreta-2011-10aniv-300x262.jpg\" alt=\"\" width=\"300\" height=\"262\" srcset=\"https:\/\/agora.xtec.cat\/iescanpeixauet\/wp-content\/uploads\/usu1366\/2018\/09\/samarreta-2011-10aniv-300x262.jpg 300w, https:\/\/agora.xtec.cat\/iescanpeixauet\/wp-content\/uploads\/usu1366\/2018\/09\/samarreta-2011-10aniv-768x671.jpg 768w, https:\/\/agora.xtec.cat\/iescanpeixauet\/wp-content\/uploads\/usu1366\/2018\/09\/samarreta-2011-10aniv-1024x894.jpg 1024w\" sizes=\"auto, (max-width: 300px) 100vw, 300px\" \/><\/a><figcaption class=\"wp-caption-text\">10 aniversari<\/figcaption><\/figure><\/td>\n<td style=\"width: 331.2px;\"><\/td>\n<td style=\"width: 331.2px;\"><\/td>\n<\/tr>\n<\/tbody>\n<\/table>\n<table style=\"border-collapse: collapse; width: 100%; height: 1031px;\" border=\"1\">\n<tbody>\n<tr style=\"height: 310px;\">\n<td style=\"width: 33.3333%; height: 310px;\">\n<p><figure class=\"figure wp-caption aligncenter\"><a style=\"font-weight: bold; font-family: inherit; font-size: 1em; line-height: 1.6;\" href=\"http:\/\/agora.xtec.cat\/iescanpeixauet\/wp-content\/uploads\/usu1366\/2016\/12\/samarreta-2011.jpg\" target=\"_blank\" rel=\"noopener noreferrer\"><img loading=\"lazy\" decoding=\"async\" class=\"wp-image-1141 size-medium\" src=\"http:\/\/agora.xtec.cat\/iescanpeixauet\/wp-content\/uploads\/usu1366\/2016\/12\/samarreta-2011-300x262.jpg\" alt=\"\" width=\"300\" height=\"262\" srcset=\"https:\/\/agora.xtec.cat\/iescanpeixauet\/wp-content\/uploads\/usu1366\/2016\/12\/samarreta-2011-300x262.jpg 300w, https:\/\/agora.xtec.cat\/iescanpeixauet\/wp-content\/uploads\/usu1366\/2016\/12\/samarreta-2011-768x671.jpg 768w, https:\/\/agora.xtec.cat\/iescanpeixauet\/wp-content\/uploads\/usu1366\/2016\/12\/samarreta-2011-1024x895.jpg 1024w\" sizes=\"auto, (max-width: 300px) 100vw, 300px\" \/><\/a><figcaption class=\"wp-caption-text\">2010-2011<\/figcaption><\/figure><\/td>\n<td style=\"width: 33.3333%; height: 310px;\">\n<p><figure class=\"figure wp-caption aligncenter\"><a href=\"http:\/\/agora.xtec.cat\/iescanpeixauet\/wp-content\/uploads\/usu1366\/2016\/12\/samarreta-2012.jpg\" target=\"_blank\" rel=\"noopener noreferrer\"><img loading=\"lazy\" decoding=\"async\" class=\"wp-image-1142 size-medium\" style=\"line-height: 1;\" src=\"http:\/\/agora.xtec.cat\/iescanpeixauet\/wp-content\/uploads\/usu1366\/2016\/12\/samarreta-2012-300x262.jpg\" alt=\"\" width=\"300\" height=\"262\" srcset=\"https:\/\/agora.xtec.cat\/iescanpeixauet\/wp-content\/uploads\/usu1366\/2016\/12\/samarreta-2012-300x262.jpg 300w, https:\/\/agora.xtec.cat\/iescanpeixauet\/wp-content\/uploads\/usu1366\/2016\/12\/samarreta-2012-768x672.jpg 768w, https:\/\/agora.xtec.cat\/iescanpeixauet\/wp-content\/uploads\/usu1366\/2016\/12\/samarreta-2012-1024x895.jpg 1024w\" sizes=\"auto, (max-width: 300px) 100vw, 300px\" \/><\/a><figcaption class=\"wp-caption-text\">2011-2012<\/figcaption><\/figure><\/td>\n<td style=\"width: 33.3333%; height: 310px;\">\n<p><figure class=\"figure wp-caption aligncenter\"><a href=\"http:\/\/agora.xtec.cat\/iescanpeixauet\/wp-content\/uploads\/usu1366\/2016\/12\/samarreta-2014.jpg\" target=\"_blank\" rel=\"noopener noreferrer\"><img loading=\"lazy\" decoding=\"async\" class=\"wp-image-1143 size-medium\" src=\"http:\/\/agora.xtec.cat\/iescanpeixauet\/wp-content\/uploads\/usu1366\/2016\/12\/samarreta-2014-300x262.jpg\" alt=\"\" width=\"300\" height=\"262\" srcset=\"https:\/\/agora.xtec.cat\/iescanpeixauet\/wp-content\/uploads\/usu1366\/2016\/12\/samarreta-2014-300x262.jpg 300w, https:\/\/agora.xtec.cat\/iescanpeixauet\/wp-content\/uploads\/usu1366\/2016\/12\/samarreta-2014-768x671.jpg 768w, https:\/\/agora.xtec.cat\/iescanpeixauet\/wp-content\/uploads\/usu1366\/2016\/12\/samarreta-2014-1024x895.jpg 1024w\" sizes=\"auto, (max-width: 300px) 100vw, 300px\" \/><\/a><figcaption class=\"wp-caption-text\">2013-2014<\/figcaption><\/figure><\/td>\n<\/tr>\n<tr style=\"height: 347px;\">\n<td style=\"width: 33.3333%; height: 347px;\">\n<p><figure class=\"figure wp-caption aligncenter\"><a style=\"font-family: inherit; font-size: 1em; line-height: 1.6;\" href=\"http:\/\/agora.xtec.cat\/iescanpeixauet\/wp-content\/uploads\/usu1366\/2016\/12\/samarreta-2015.jpg\" target=\"_blank\" rel=\"noopener noreferrer\"><img loading=\"lazy\" decoding=\"async\" class=\"wp-image-1144 size-medium\" src=\"http:\/\/agora.xtec.cat\/iescanpeixauet\/wp-content\/uploads\/usu1366\/2016\/12\/samarreta-2015-300x262.jpg\" alt=\"\" width=\"300\" height=\"262\" srcset=\"https:\/\/agora.xtec.cat\/iescanpeixauet\/wp-content\/uploads\/usu1366\/2016\/12\/samarreta-2015-300x262.jpg 300w, https:\/\/agora.xtec.cat\/iescanpeixauet\/wp-content\/uploads\/usu1366\/2016\/12\/samarreta-2015-768x672.jpg 768w, https:\/\/agora.xtec.cat\/iescanpeixauet\/wp-content\/uploads\/usu1366\/2016\/12\/samarreta-2015-1024x896.jpg 1024w\" sizes=\"auto, (max-width: 300px) 100vw, 300px\" \/><\/a><figcaption class=\"wp-caption-text\">2014-2015<\/figcaption><\/figure><\/td>\n<td style=\"width: 33.3333%; height: 347px;\">\n<p><figure class=\"figure wp-caption aligncenter\"><a style=\"font-family: inherit; font-size: 1em; line-height: 1.6;\" href=\"http:\/\/agora.xtec.cat\/iescanpeixauet\/wp-content\/uploads\/usu1366\/2016\/12\/samarreta-2016.jpg\" target=\"_blank\" rel=\"noopener noreferrer\"><img loading=\"lazy\" decoding=\"async\" class=\"wp-image-1140 size-medium\" src=\"http:\/\/agora.xtec.cat\/iescanpeixauet\/wp-content\/uploads\/usu1366\/2016\/12\/samarreta-2016-285x300.jpg\" alt=\"\" width=\"285\" height=\"300\" srcset=\"https:\/\/agora.xtec.cat\/iescanpeixauet\/wp-content\/uploads\/usu1366\/2016\/12\/samarreta-2016-285x300.jpg 285w, https:\/\/agora.xtec.cat\/iescanpeixauet\/wp-content\/uploads\/usu1366\/2016\/12\/samarreta-2016.jpg 640w\" sizes=\"auto, (max-width: 285px) 100vw, 285px\" \/><\/a><figcaption class=\"wp-caption-text\">2015-2016<\/figcaption><\/figure><\/td>\n<td style=\"width: 33.3333%; height: 347px;\">\n<p><figure class=\"figure wp-caption aligncenter\"><a href=\"http:\/\/agora.xtec.cat\/iescanpeixauet\/wp-content\/uploads\/usu1366\/2018\/09\/samarreta-2017.jpg\" target=\"_blank\" rel=\"noopener noreferrer\"><img loading=\"lazy\" decoding=\"async\" class=\"wp-image-3328 size-medium\" src=\"http:\/\/agora.xtec.cat\/iescanpeixauet\/wp-content\/uploads\/usu1366\/2018\/09\/samarreta-2017-241x300.jpg\" alt=\"\" width=\"241\" height=\"300\" srcset=\"https:\/\/agora.xtec.cat\/iescanpeixauet\/wp-content\/uploads\/usu1366\/2018\/09\/samarreta-2017-241x300.jpg 241w, https:\/\/agora.xtec.cat\/iescanpeixauet\/wp-content\/uploads\/usu1366\/2018\/09\/samarreta-2017.jpg 414w\" sizes=\"auto, (max-width: 241px) 100vw, 241px\" \/><\/a><figcaption class=\"wp-caption-text\">2016-2017<\/figcaption><\/figure><\/td>\n<\/tr>\n<tr style=\"height: 310px;\">\n<td style=\"width: 33.3333%; height: 310px;\">\n<p><figure class=\"figure wp-caption aligncenter\"><a style=\"font-family: inherit; font-size: 1em; line-height: 1.6;\" href=\"http:\/\/agora.xtec.cat\/iescanpeixauet\/wp-content\/uploads\/usu1366\/2018\/09\/samarreta-2018.jpg\" target=\"_blank\" rel=\"noopener noreferrer\"><img loading=\"lazy\" decoding=\"async\" class=\"wp-image-3327 size-medium\" src=\"http:\/\/agora.xtec.cat\/iescanpeixauet\/wp-content\/uploads\/usu1366\/2018\/09\/samarreta-2018-300x262.jpg\" alt=\"\" width=\"300\" height=\"262\" srcset=\"https:\/\/agora.xtec.cat\/iescanpeixauet\/wp-content\/uploads\/usu1366\/2018\/09\/samarreta-2018-300x262.jpg 300w, https:\/\/agora.xtec.cat\/iescanpeixauet\/wp-content\/uploads\/usu1366\/2018\/09\/samarreta-2018-768x672.jpg 768w, https:\/\/agora.xtec.cat\/iescanpeixauet\/wp-content\/uploads\/usu1366\/2018\/09\/samarreta-2018-1024x895.jpg 1024w\" sizes=\"auto, (max-width: 300px) 100vw, 300px\" \/><\/a><figcaption class=\"wp-caption-text\">2017-2018<\/figcaption><\/figure><\/td>\n<td style=\"width: 33.3333%; height: 310px;\">\n<p style=\"text-align: center;\"><a href=\"https:\/\/agora.xtec.cat\/iescanpeixauet\/wp-content\/uploads\/usu1366\/2019\/11\/montatge-samarreta-2019-chico.jpg\" target=\"_blank\" rel=\"noopener noreferrer\"><img loading=\"lazy\" decoding=\"async\" class=\"wp-image-4229 aligncenter\" src=\"https:\/\/agora.xtec.cat\/iescanpeixauet\/wp-content\/uploads\/usu1366\/2019\/11\/montatge-samarreta-2019-chico.jpg\" alt=\"\" width=\"279\" height=\"279\" srcset=\"https:\/\/agora.xtec.cat\/iescanpeixauet\/wp-content\/uploads\/usu1366\/2019\/11\/montatge-samarreta-2019-chico.jpg 1181w, https:\/\/agora.xtec.cat\/iescanpeixauet\/wp-content\/uploads\/usu1366\/2019\/11\/montatge-samarreta-2019-chico-150x150.jpg 150w, https:\/\/agora.xtec.cat\/iescanpeixauet\/wp-content\/uploads\/usu1366\/2019\/11\/montatge-samarreta-2019-chico-300x300.jpg 300w, https:\/\/agora.xtec.cat\/iescanpeixauet\/wp-content\/uploads\/usu1366\/2019\/11\/montatge-samarreta-2019-chico-768x768.jpg 768w, https:\/\/agora.xtec.cat\/iescanpeixauet\/wp-content\/uploads\/usu1366\/2019\/11\/montatge-samarreta-2019-chico-1024x1024.jpg 1024w\" sizes=\"auto, (max-width: 279px) 100vw, 279px\" \/><\/a>2018-2019<\/p>\n<\/td>\n<td style=\"width: 33.3333%; height: 310px;\">\n<p style=\"text-align: center;\"><a href=\"https:\/\/agora.xtec.cat\/iescanpeixauet\/wp-content\/uploads\/usu1366\/2020\/10\/samarreta-2020.jpg\" target=\"_blank\" rel=\"noopener noreferrer\"><img loading=\"lazy\" decoding=\"async\" class=\"aligncenter wp-image-5931\" src=\"https:\/\/agora.xtec.cat\/iescanpeixauet\/wp-content\/uploads\/usu1366\/2020\/10\/samarreta-2020.jpg\" alt=\"\" width=\"280\" height=\"295\" srcset=\"https:\/\/agora.xtec.cat\/iescanpeixauet\/wp-content\/uploads\/usu1366\/2020\/10\/samarreta-2020.jpg 1014w, https:\/\/agora.xtec.cat\/iescanpeixauet\/wp-content\/uploads\/usu1366\/2020\/10\/samarreta-2020-284x300.jpg 284w, https:\/\/agora.xtec.cat\/iescanpeixauet\/wp-content\/uploads\/usu1366\/2020\/10\/samarreta-2020-768x811.jpg 768w, https:\/\/agora.xtec.cat\/iescanpeixauet\/wp-content\/uploads\/usu1366\/2020\/10\/samarreta-2020-970x1024.jpg 970w\" sizes=\"auto, (max-width: 280px) 100vw, 280px\" \/><\/a><span style=\"font-family: inherit; font-size: 1em;\">2019-2020<\/span><\/p>\n<\/td>\n<\/tr>\n<tr style=\"height: 32px;\">\n<td style=\"width: 33.3333%; height: 32px;\"><a href=\"https:\/\/agora.xtec.cat\/iescanpeixauet\/wp-content\/uploads\/usu1366\/2022\/03\/Samarreta-promocio-2021-mostra-defp.jpg\"><img loading=\"lazy\" decoding=\"async\" class=\"alignnone size-medium wp-image-7125\" src=\"https:\/\/agora.xtec.cat\/iescanpeixauet\/wp-content\/uploads\/usu1366\/2022\/03\/Samarreta-promocio-2021-mostra-defp-278x300.jpg\" alt=\"\" width=\"278\" height=\"300\" srcset=\"https:\/\/agora.xtec.cat\/iescanpeixauet\/wp-content\/uploads\/usu1366\/2022\/03\/Samarreta-promocio-2021-mostra-defp-278x300.jpg 278w, https:\/\/agora.xtec.cat\/iescanpeixauet\/wp-content\/uploads\/usu1366\/2022\/03\/Samarreta-promocio-2021-mostra-defp-949x1024.jpg 949w, https:\/\/agora.xtec.cat\/iescanpeixauet\/wp-content\/uploads\/usu1366\/2022\/03\/Samarreta-promocio-2021-mostra-defp-768x829.jpg 768w, https:\/\/agora.xtec.cat\/iescanpeixauet\/wp-content\/uploads\/usu1366\/2022\/03\/Samarreta-promocio-2021-mostra-defp.jpg 1122w\" sizes=\"auto, (max-width: 278px) 100vw, 278px\" \/><\/a><\/p>\n<p>2020-2021<\/td>\n<td style=\"width: 33.3333%; height: 32px;\"><a href=\"https:\/\/agora.xtec.cat\/iescanpeixauet\/wp-content\/uploads\/usu1366\/2023\/02\/samarreta-SOL-2022-def-modelo.jpg\"><img loading=\"lazy\" decoding=\"async\" class=\"alignnone size-medium wp-image-8232\" src=\"https:\/\/agora.xtec.cat\/iescanpeixauet\/wp-content\/uploads\/usu1366\/2023\/02\/samarreta-SOL-2022-def-modelo-300x285.jpg\" alt=\"\" width=\"300\" height=\"285\" srcset=\"https:\/\/agora.xtec.cat\/iescanpeixauet\/wp-content\/uploads\/usu1366\/2023\/02\/samarreta-SOL-2022-def-modelo-300x285.jpg 300w, https:\/\/agora.xtec.cat\/iescanpeixauet\/wp-content\/uploads\/usu1366\/2023\/02\/samarreta-SOL-2022-def-modelo-768x729.jpg 768w, https:\/\/agora.xtec.cat\/iescanpeixauet\/wp-content\/uploads\/usu1366\/2023\/02\/samarreta-SOL-2022-def-modelo.jpg 889w\" sizes=\"auto, (max-width: 300px) 100vw, 300px\" \/><\/a><\/p>\n<p>2021-2022<\/td>\n<td style=\"width: 33.3333%; height: 32px;\"><a href=\"https:\/\/agora.xtec.cat\/iescanpeixauet\/wp-content\/uploads\/usu1366\/2023\/09\/SAMARRETA-CANPE-23-COLOR-defdef.jpg\" target=\"_blank\" rel=\"noopener\"><img loading=\"lazy\" decoding=\"async\" class=\"alignnone wp-image-9069 size-medium\" src=\"https:\/\/agora.xtec.cat\/iescanpeixauet\/wp-content\/uploads\/usu1366\/2023\/09\/SAMARRETA-CANPE-23-COLOR-defdef-278x300.jpg\" alt=\"\" width=\"278\" height=\"300\" srcset=\"https:\/\/agora.xtec.cat\/iescanpeixauet\/wp-content\/uploads\/usu1366\/2023\/09\/SAMARRETA-CANPE-23-COLOR-defdef-278x300.jpg 278w, https:\/\/agora.xtec.cat\/iescanpeixauet\/wp-content\/uploads\/usu1366\/2023\/09\/SAMARRETA-CANPE-23-COLOR-defdef-947x1024.jpg 947w, https:\/\/agora.xtec.cat\/iescanpeixauet\/wp-content\/uploads\/usu1366\/2023\/09\/SAMARRETA-CANPE-23-COLOR-defdef-768x830.jpg 768w, https:\/\/agora.xtec.cat\/iescanpeixauet\/wp-content\/uploads\/usu1366\/2023\/09\/SAMARRETA-CANPE-23-COLOR-defdef.jpg 1124w\" sizes=\"auto, (max-width: 278px) 100vw, 278px\" \/><\/a><\/p>\n<p>2022-2023<\/td>\n<\/tr>\n<tr style=\"height: 32px;\">\n<td style=\"width: 33.3333%; height: 32px;\"><a href=\"https:\/\/agora.xtec.cat\/iescanpeixauet\/wp-content\/uploads\/usu1366\/2024\/09\/samarreta-2024-def.jpg\"><img loading=\"lazy\" decoding=\"async\" class=\"alignnone size-medium wp-image-9689\" src=\"https:\/\/agora.xtec.cat\/iescanpeixauet\/wp-content\/uploads\/usu1366\/2024\/09\/samarreta-2024-def-300x292.jpg\" alt=\"\" width=\"300\" height=\"292\" srcset=\"https:\/\/agora.xtec.cat\/iescanpeixauet\/wp-content\/uploads\/usu1366\/2024\/09\/samarreta-2024-def-300x292.jpg 300w, https:\/\/agora.xtec.cat\/iescanpeixauet\/wp-content\/uploads\/usu1366\/2024\/09\/samarreta-2024-def.jpg 548w\" sizes=\"auto, (max-width: 300px) 100vw, 300px\" \/><\/a><\/p>\n<p>2023-2024<\/td>\n<td style=\"width: 33.3333%; height: 32px;\"><\/td>\n<td style=\"width: 33.3333%; height: 32px;\"><\/td>\n<\/tr>\n<\/tbody>\n<\/table>\n<p>&nbsp;<\/p>\n","protected":false},"excerpt":{"rendered":"<p>Si vols alguna de les samarretes de les promocions anteriors et pots adre\u00e7ar al seg\u00fcent enlla\u00e7: <a href=\"http:\/\/www.latostadora.com\/INSCANPEIXAUET\" target=\"_blank\" rel=\"noopener noreferrer\">SAMARRETES CAN PEIXAUET<\/a><\/p>\n<p><a href=\"http:\/\/agora.xtec.cat\/iescanpeixauet\/wp-content\/uploads\/usu1366\/2018\/09\/samarreta-2011-10aniv.jpg\" target=\"_blank\" rel=\"noopener noreferrer\"><\/a>10 aniversari<\/p>\n<p><a style=\"font-weight: bold; font-family: inherit; font-size: 1em; line-height: 1.6;\" href=\"http:\/\/agora.xtec.cat\/iescanpeixauet\/wp-content\/uploads\/usu1366\/2016\/12\/samarreta-2011.jpg\" target=\"_blank\" rel=\"noopener noreferrer\"><\/a>2010-2011<\/p>\n<p><a href=\"http:\/\/agora.xtec.cat\/iescanpeixauet\/wp-content\/uploads\/usu1366\/2016\/12\/samarreta-2012.jpg\" target=\"_blank\" rel=\"noopener noreferrer\"><\/a>2011-2012<\/p>\n<p><a href=\"http:\/\/agora.xtec.cat\/iescanpeixauet\/wp-content\/uploads\/usu1366\/2016\/12\/samarreta-2014.jpg\"&hellip;  <a href=\"https:\/\/agora.xtec.cat\/iescanpeixauet\/festa-de-graduacio\/samarretes-promocio-batxillerat\/\" title=\"Read Samarretes promoci\u00f3 batxillerat\">Llegeix m\u00e9s\u00bb<\/a><\/p>\n","protected":false},"author":4,"featured_media":0,"parent":703,"menu_order":0,"comment_status":"closed","ping_status":"closed","template":"page-templates\/side-menu.php","meta":{"_bbp_topic_count":0,"_bbp_reply_count":0,"_bbp_total_topic_count":0,"_bbp_total_reply_count":0,"_bbp_voice_count":0,"_bbp_anonymous_reply_count":0,"_bbp_topic_count_hidden":0,"_bbp_reply_count_hidden":0,"_bbp_forum_subforum_count":0,"footnotes":""},"class_list":["post-1145","page","type-page","status-publish","hentry"],"post_mailing_queue_ids":[],"_links":{"self":[{"href":"https:\/\/agora.xtec.cat\/iescanpeixauet\/wp-json\/wp\/v2\/pages\/1145","targetHints":{"allow":["GET"]}}],"collection":[{"href":"https:\/\/agora.xtec.cat\/iescanpeixauet\/wp-json\/wp\/v2\/pages"}],"about":[{"href":"https:\/\/agora.xtec.cat\/iescanpeixauet\/wp-json\/wp\/v2\/types\/page"}],"author":[{"embeddable":true,"href":"https:\/\/agora.xtec.cat\/iescanpeixauet\/wp-json\/wp\/v2\/users\/4"}],"replies":[{"embeddable":true,"href":"https:\/\/agora.xtec.cat\/iescanpeixauet\/wp-json\/wp\/v2\/comments?post=1145"}],"version-history":[{"count":5,"href":"https:\/\/agora.xtec.cat\/iescanpeixauet\/wp-json\/wp\/v2\/pages\/1145\/revisions"}],"predecessor-version":[{"id":9690,"href":"https:\/\/agora.xtec.cat\/iescanpeixauet\/wp-json\/wp\/v2\/pages\/1145\/revisions\/9690"}],"up":[{"embeddable":true,"href":"https:\/\/agora.xtec.cat\/iescanpeixauet\/wp-json\/wp\/v2\/pages\/703"}],"wp:attachment":[{"href":"https:\/\/agora.xtec.cat\/iescanpeixauet\/wp-json\/wp\/v2\/media?parent=1145"}],"curies":[{"name":"wp","href":"https:\/\/api.w.org\/{rel}","templated":true}]}}