{"id":945,"date":"2021-02-15T12:16:33","date_gmt":"2021-02-15T11:16:33","guid":{"rendered":"https:\/\/agora.xtec.cat\/iescanmas\/?page_id=945"},"modified":"2021-02-15T12:40:20","modified_gmt":"2021-02-15T11:40:20","slug":"frances-2","status":"publish","type":"page","link":"https:\/\/agora.xtec.cat\/iescanmas\/departaments\/llengues-estrangeres\/frances-2\/","title":{"rendered":"Franc\u00e8s"},"content":{"rendered":"<h2 style=\"text-align: left;\"><a href=\"https:\/\/agora.xtec.cat\/iescanmas\/wp-content\/uploads\/usu2226\/2021\/02\/frances-imatge.jpg\"><img loading=\"lazy\" decoding=\"async\" class=\" wp-image-954 aligncenter\" src=\"https:\/\/agora.xtec.cat\/iescanmas\/wp-content\/uploads\/usu2226\/2021\/02\/frances-imatge.jpg\" alt=\"\" width=\"341\" height=\"193\" \/><\/a><\/h2>\n<h2 style=\"text-align: center;\">PROGRAMACI\u00d3 I CRITERIS D&#8217;AVALUACI\u00d3 FRANC\u00c8S<\/h2>\n<ul>\n<li><a href=\"https:\/\/agora.xtec.cat\/iescanmas\/wp-content\/uploads\/usu2226\/2021\/02\/Programaci\u00f3-pr\u00e0ctica-llengua-francesa-ESO.pdf\">Programaci\u00f3 pr\u00e0ctica llengua francesa ESO<\/a><\/li>\n<li><a href=\"https:\/\/agora.xtec.cat\/iescanmas\/wp-content\/uploads\/usu2226\/2021\/02\/Programaci\u00f3-pr\u00e0ctica-llengua-francesa-Batxillerat.pdf\">Programaci\u00f3 pr\u00e0ctica llengua francesa 1r Batxillerat<\/a><\/li>\n<li><a href=\"https:\/\/agora.xtec.cat\/iescanmas\/wp-content\/uploads\/usu2226\/2021\/02\/programaci\u00f3-pr\u00e0ctica-franc\u00e8s-2on-batxi.pdf\">Programaci\u00f3 pr\u00e0ctica llengua francesa 2n Batxillerat<\/a><\/li>\n<li><a href=\"https:\/\/agora.xtec.cat\/iescanmas\/wp-content\/uploads\/usu2226\/2021\/02\/Criteris-de-avaluaci\u00f3-1\u00aa-llengua.doc.pdf\">Criteris de avaluaci\u00f3 1\u00aa llengua.doc<\/a><\/li>\n<\/ul>\n","protected":false},"excerpt":{"rendered":"<p>PROGRAMACI\u00d3 I CRITERIS D&#8217;AVALUACI\u00d3 FRANC\u00c8S Programaci\u00f3 pr\u00e0ctica llengua francesa ESO Programaci\u00f3 pr\u00e0ctica llengua francesa 1r Batxillerat Programaci\u00f3 pr\u00e0ctica llengua francesa 2n Batxillerat Criteris de avaluaci\u00f3 1\u00aa llengua.doc<\/p>\n","protected":false},"author":6,"featured_media":0,"parent":846,"menu_order":10,"comment_status":"closed","ping_status":"closed","template":"page-templates\/side-menu.php","meta":{"_bbp_topic_count":0,"_bbp_reply_count":0,"_bbp_total_topic_count":0,"_bbp_total_reply_count":0,"_bbp_voice_count":0,"_bbp_anonymous_reply_count":0,"_bbp_topic_count_hidden":0,"_bbp_reply_count_hidden":0,"_bbp_forum_subforum_count":0,"site-sidebar-layout":"default","site-content-layout":"","ast-site-content-layout":"","site-content-style":"default","site-sidebar-style":"default","ast-global-header-display":"","ast-banner-title-visibility":"","ast-main-header-display":"","ast-hfb-above-header-display":"","ast-hfb-below-header-display":"","ast-hfb-mobile-header-display":"","site-post-title":"","ast-breadcrumbs-content":"","ast-featured-img":"","footer-sml-layout":"","theme-transparent-header-meta":"","adv-header-id-meta":"","stick-header-meta":"","header-above-stick-meta":"","header-main-stick-meta":"","header-below-stick-meta":"","astra-migrate-meta-layouts":"default","ast-page-background-enabled":"default","ast-page-background-meta":{"desktop":{"background-color":"var(--ast-global-color-4)","background-image":"","background-repeat":"repeat","background-position":"center center","background-size":"auto","background-attachment":"scroll","background-type":"","background-media":"","overlay-type":"","overlay-color":"","overlay-opacity":"","overlay-gradient":""},"tablet":{"background-color":"","background-image":"","background-repeat":"repeat","background-position":"center center","background-size":"auto","background-attachment":"scroll","background-type":"","background-media":"","overlay-type":"","overlay-color":"","overlay-opacity":"","overlay-gradient":""},"mobile":{"background-color":"","background-image":"","background-repeat":"repeat","background-position":"center center","background-size":"auto","background-attachment":"scroll","background-type":"","background-media":"","overlay-type":"","overlay-color":"","overlay-opacity":"","overlay-gradient":""}},"ast-content-background-meta":{"desktop":{"background-color":"var(--ast-global-color-5)","background-image":"","background-repeat":"repeat","background-position":"center center","background-size":"auto","background-attachment":"scroll","background-type":"","background-media":"","overlay-type":"","overlay-color":"","overlay-opacity":"","overlay-gradient":""},"tablet":{"background-color":"var(--ast-global-color-5)","background-image":"","background-repeat":"repeat","background-position":"center center","background-size":"auto","background-attachment":"scroll","background-type":"","background-media":"","overlay-type":"","overlay-color":"","overlay-opacity":"","overlay-gradient":""},"mobile":{"background-color":"var(--ast-global-color-5)","background-image":"","background-repeat":"repeat","background-position":"center center","background-size":"auto","background-attachment":"scroll","background-type":"","background-media":"","overlay-type":"","overlay-color":"","overlay-opacity":"","overlay-gradient":""}},"footnotes":""},"class_list":["post-945","page","type-page","status-publish","hentry"],"post_mailing_queue_ids":[],"_links":{"self":[{"href":"https:\/\/agora.xtec.cat\/iescanmas\/wp-json\/wp\/v2\/pages\/945","targetHints":{"allow":["GET"]}}],"collection":[{"href":"https:\/\/agora.xtec.cat\/iescanmas\/wp-json\/wp\/v2\/pages"}],"about":[{"href":"https:\/\/agora.xtec.cat\/iescanmas\/wp-json\/wp\/v2\/types\/page"}],"author":[{"embeddable":true,"href":"https:\/\/agora.xtec.cat\/iescanmas\/wp-json\/wp\/v2\/users\/6"}],"replies":[{"embeddable":true,"href":"https:\/\/agora.xtec.cat\/iescanmas\/wp-json\/wp\/v2\/comments?post=945"}],"version-history":[{"count":3,"href":"https:\/\/agora.xtec.cat\/iescanmas\/wp-json\/wp\/v2\/pages\/945\/revisions"}],"predecessor-version":[{"id":962,"href":"https:\/\/agora.xtec.cat\/iescanmas\/wp-json\/wp\/v2\/pages\/945\/revisions\/962"}],"up":[{"embeddable":true,"href":"https:\/\/agora.xtec.cat\/iescanmas\/wp-json\/wp\/v2\/pages\/846"}],"wp:attachment":[{"href":"https:\/\/agora.xtec.cat\/iescanmas\/wp-json\/wp\/v2\/media?parent=945"}],"curies":[{"name":"wp","href":"https:\/\/api.w.org\/{rel}","templated":true}]}}