{"id":927,"date":"2021-02-15T11:59:34","date_gmt":"2021-02-15T10:59:34","guid":{"rendered":"https:\/\/agora.xtec.cat\/iescanmas\/?page_id=927"},"modified":"2021-02-15T12:45:03","modified_gmt":"2021-02-15T11:45:03","slug":"the-big-challenge","status":"publish","type":"page","link":"https:\/\/agora.xtec.cat\/iescanmas\/departaments\/llengues-estrangeres\/angles-2\/the-big-challenge\/","title":{"rendered":"The Big Challenge"},"content":{"rendered":"<p><a href=\"https:\/\/agora.xtec.cat\/iescanmas\/wp-content\/uploads\/usu2226\/2021\/02\/Big-Challenge.jpg\"><img loading=\"lazy\" decoding=\"async\" class=\"wp-image-928 alignleft\" src=\"https:\/\/agora.xtec.cat\/iescanmas\/wp-content\/uploads\/usu2226\/2021\/02\/Big-Challenge-1024x537.jpg\" alt=\"\" width=\"441\" height=\"231\" srcset=\"https:\/\/agora.xtec.cat\/iescanmas\/wp-content\/uploads\/usu2226\/2021\/02\/Big-Challenge-1024x537.jpg 1024w, https:\/\/agora.xtec.cat\/iescanmas\/wp-content\/uploads\/usu2226\/2021\/02\/Big-Challenge-300x157.jpg 300w, https:\/\/agora.xtec.cat\/iescanmas\/wp-content\/uploads\/usu2226\/2021\/02\/Big-Challenge-768x403.jpg 768w\" sizes=\"auto, (max-width: 441px) 100vw, 441px\" \/><\/a><\/p>\n<p>This is the third year in a row that our students take part in the Big Challenge contest. The highest score this year has been obtained by Carla Mart\u00ednez Pujante, a student from 3rd A. Not only has Carla obtained the highest score in our high school but she has also acquired the fifth position of almost a thousand 3rd of ESO students who have participated in this contest in Catalonia. This fact is more relevant when we take into account that this year the dynamics of the contest has been changed as it has become an online test and it included a quite large amount of oral comprehension questios, which made the test tougher.<\/p>\n<h2>GUANYADORA BIG CHALLENGE 2018<\/h2>\n<p>Per tercer any consecutiu, alguns alumnes del Institut Can Mas han participat al concurs d\u2019angl\u00e8s \u2018The Big Challenge\u2019. L\u2019alumna que ha aconseguit la millor puntuaci\u00f3 del centre aquesta edici\u00f3 ha estat la Carla Mart\u00ednez Pujante de 3r A. A m\u00e9s, dels 933 alumnes que participaven a Catalunya en el nivell de 3r d\u2019ESO, la Carla ha quedat en cinquena posici\u00f3. Aquest any els organitzadors han canviat el format i l\u2019han fet online. D\u2019aquesta manera han integrat moltes preguntes de comprensi\u00f3 oral, cosa que ha complicat m\u00e9s la prova i dona m\u00e9s en valor el resultat obtingut.<\/p>\n<p><a href=\"https:\/\/agora.xtec.cat\/iescanmas\/wp-content\/uploads\/usu2226\/2021\/02\/Big-Challenge.2.jpg\"><img loading=\"lazy\" decoding=\"async\" class=\"alignnone size-large wp-image-930\" src=\"https:\/\/agora.xtec.cat\/iescanmas\/wp-content\/uploads\/usu2226\/2021\/02\/Big-Challenge.2-1024x496.jpg\" alt=\"\" width=\"1024\" height=\"496\" srcset=\"https:\/\/agora.xtec.cat\/iescanmas\/wp-content\/uploads\/usu2226\/2021\/02\/Big-Challenge.2-1024x496.jpg 1024w, https:\/\/agora.xtec.cat\/iescanmas\/wp-content\/uploads\/usu2226\/2021\/02\/Big-Challenge.2-300x145.jpg 300w, https:\/\/agora.xtec.cat\/iescanmas\/wp-content\/uploads\/usu2226\/2021\/02\/Big-Challenge.2-768x372.jpg 768w\" sizes=\"auto, (max-width: 1024px) 100vw, 1024px\" \/><\/a><\/p>\n","protected":false},"excerpt":{"rendered":"<p>This is the third year in a row that our students take part in the Big Challenge contest. The highest score this year has been obtained by Carla Mart\u00ednez Pujante, a student from 3rd A. Not only has Carla obtained the highest score in our high school but she has also acquired the fifth position [&hellip;]<\/p>\n","protected":false},"author":6,"featured_media":0,"parent":932,"menu_order":0,"comment_status":"closed","ping_status":"closed","template":"page-templates\/side-menu.php","meta":{"_bbp_topic_count":0,"_bbp_reply_count":0,"_bbp_total_topic_count":0,"_bbp_total_reply_count":0,"_bbp_voice_count":0,"_bbp_anonymous_reply_count":0,"_bbp_topic_count_hidden":0,"_bbp_reply_count_hidden":0,"_bbp_forum_subforum_count":0,"site-sidebar-layout":"default","site-content-layout":"","ast-site-content-layout":"","site-content-style":"default","site-sidebar-style":"default","ast-global-header-display":"","ast-banner-title-visibility":"","ast-main-header-display":"","ast-hfb-above-header-display":"","ast-hfb-below-header-display":"","ast-hfb-mobile-header-display":"","site-post-title":"","ast-breadcrumbs-content":"","ast-featured-img":"","footer-sml-layout":"","theme-transparent-header-meta":"","adv-header-id-meta":"","stick-header-meta":"","header-above-stick-meta":"","header-main-stick-meta":"","header-below-stick-meta":"","astra-migrate-meta-layouts":"default","ast-page-background-enabled":"default","ast-page-background-meta":{"desktop":{"background-color":"var(--ast-global-color-4)","background-image":"","background-repeat":"repeat","background-position":"center center","background-size":"auto","background-attachment":"scroll","background-type":"","background-media":"","overlay-type":"","overlay-color":"","overlay-opacity":"","overlay-gradient":""},"tablet":{"background-color":"","background-image":"","background-repeat":"repeat","background-position":"center center","background-size":"auto","background-attachment":"scroll","background-type":"","background-media":"","overlay-type":"","overlay-color":"","overlay-opacity":"","overlay-gradient":""},"mobile":{"background-color":"","background-image":"","background-repeat":"repeat","background-position":"center center","background-size":"auto","background-attachment":"scroll","background-type":"","background-media":"","overlay-type":"","overlay-color":"","overlay-opacity":"","overlay-gradient":""}},"ast-content-background-meta":{"desktop":{"background-color":"var(--ast-global-color-5)","background-image":"","background-repeat":"repeat","background-position":"center center","background-size":"auto","background-attachment":"scroll","background-type":"","background-media":"","overlay-type":"","overlay-color":"","overlay-opacity":"","overlay-gradient":""},"tablet":{"background-color":"var(--ast-global-color-5)","background-image":"","background-repeat":"repeat","background-position":"center center","background-size":"auto","background-attachment":"scroll","background-type":"","background-media":"","overlay-type":"","overlay-color":"","overlay-opacity":"","overlay-gradient":""},"mobile":{"background-color":"var(--ast-global-color-5)","background-image":"","background-repeat":"repeat","background-position":"center center","background-size":"auto","background-attachment":"scroll","background-type":"","background-media":"","overlay-type":"","overlay-color":"","overlay-opacity":"","overlay-gradient":""}},"footnotes":""},"class_list":["post-927","page","type-page","status-publish","hentry"],"post_mailing_queue_ids":[],"_links":{"self":[{"href":"https:\/\/agora.xtec.cat\/iescanmas\/wp-json\/wp\/v2\/pages\/927","targetHints":{"allow":["GET"]}}],"collection":[{"href":"https:\/\/agora.xtec.cat\/iescanmas\/wp-json\/wp\/v2\/pages"}],"about":[{"href":"https:\/\/agora.xtec.cat\/iescanmas\/wp-json\/wp\/v2\/types\/page"}],"author":[{"embeddable":true,"href":"https:\/\/agora.xtec.cat\/iescanmas\/wp-json\/wp\/v2\/users\/6"}],"replies":[{"embeddable":true,"href":"https:\/\/agora.xtec.cat\/iescanmas\/wp-json\/wp\/v2\/comments?post=927"}],"version-history":[{"count":3,"href":"https:\/\/agora.xtec.cat\/iescanmas\/wp-json\/wp\/v2\/pages\/927\/revisions"}],"predecessor-version":[{"id":938,"href":"https:\/\/agora.xtec.cat\/iescanmas\/wp-json\/wp\/v2\/pages\/927\/revisions\/938"}],"up":[{"embeddable":true,"href":"https:\/\/agora.xtec.cat\/iescanmas\/wp-json\/wp\/v2\/pages\/932"}],"wp:attachment":[{"href":"https:\/\/agora.xtec.cat\/iescanmas\/wp-json\/wp\/v2\/media?parent=927"}],"curies":[{"name":"wp","href":"https:\/\/api.w.org\/{rel}","templated":true}]}}