{"id":852,"date":"2021-02-15T10:38:41","date_gmt":"2021-02-15T09:38:41","guid":{"rendered":"https:\/\/agora.xtec.cat\/iescanmas\/?page_id=852"},"modified":"2021-02-15T11:45:38","modified_gmt":"2021-02-15T10:45:38","slug":"ciencies-experimentals","status":"publish","type":"page","link":"https:\/\/agora.xtec.cat\/iescanmas\/departaments\/ciencies-experimentals\/","title":{"rendered":"Ci\u00e8ncies Experimentals"},"content":{"rendered":"<p>&nbsp;<\/p>\n<p><a href=\"https:\/\/agora.xtec.cat\/iescanmas\/wp-content\/uploads\/usu2226\/2021\/02\/Ciencies-experimentals.jpg\"><img loading=\"lazy\" decoding=\"async\" class=\"wp-image-885 aligncenter\" src=\"https:\/\/agora.xtec.cat\/iescanmas\/wp-content\/uploads\/usu2226\/2021\/02\/Ciencies-experimentals.jpg\" alt=\"\" width=\"429\" height=\"293\" srcset=\"https:\/\/agora.xtec.cat\/iescanmas\/wp-content\/uploads\/usu2226\/2021\/02\/Ciencies-experimentals.jpg 960w, https:\/\/agora.xtec.cat\/iescanmas\/wp-content\/uploads\/usu2226\/2021\/02\/Ciencies-experimentals-300x204.jpg 300w, https:\/\/agora.xtec.cat\/iescanmas\/wp-content\/uploads\/usu2226\/2021\/02\/Ciencies-experimentals-768x523.jpg 768w\" sizes=\"auto, (max-width: 429px) 100vw, 429px\" \/><\/a><\/p>\n<p>Si alguna vegada descobreix vost\u00e8 alguna llei, sigui vost\u00e8 prudent i no tracti d&#8217;aplicar-la. Ha descobert la llei\u2026, \u00e9s bastant. Perqu\u00e8 si aquesta llei \u00e9s f\u00edsica i tracta d&#8217;aplicar-la en una m\u00e0quina, ensopegar\u00e0 amb la mat\u00e8ria bruta; i si \u00e9s una llei social, ensopegar\u00e0 amb la brutalitat dels homes.<br \/>\nP\u00edo Baroja (1872-1956) Escriptor espanyol.<\/p>\n<p><span style=\"font-size: 1.375em; font-weight: bold;\">Criteris Avaluaci\u00f3 i Qualificaci\u00f3<\/span><\/p>\n<div class=\"text-section\">\n<ul>\n<li><a href=\"https:\/\/agora.xtec.cat\/iescanmas\/wp-content\/uploads\/usu2226\/2021\/02\/Criteris-generals-avaluaci\u00f3-Ci\u00e8ncies.pdf\">Criteris generals avaluaci\u00f3 ci\u00e8ncies<\/a>(PDF, 315 KB)<\/li>\n<li><a href=\"https:\/\/agora.xtec.cat\/iescanmas\/wp-content\/uploads\/usu2226\/2021\/02\/criteris_qualificacio_eso_ciencies.pdf\">Criteris_qualificaci\u00f3_eso_ci\u00e8ncies<\/a>(PDF, 24 KB)<\/li>\n<li><a href=\"https:\/\/agora.xtec.cat\/iescanmas\/wp-content\/uploads\/usu2226\/2021\/02\/Criteris-davaluaci\u00f3-FQ-4t.pdf\">Criteris d&#8217;avaluaci\u00f3 FQ 4t<\/a>(PDF, 135 KB)<\/li>\n<li><a href=\"https:\/\/agora.xtec.cat\/iescanmas\/wp-content\/uploads\/usu2226\/2021\/02\/criteris-avaluaci\u00f3-Qu\u00edmica-batxillerat.pdf\">Criteris avaluaci\u00f3 Qu\u00edmica batxillerat<\/a>(PDF, 140 KB)<\/li>\n<li><a href=\"https:\/\/agora.xtec.cat\/iescanmas\/wp-content\/uploads\/usu2226\/2021\/02\/criteris_CMC.pdf\">Criteris_CMC<\/a>(PDF, 18 KB)<\/li>\n<li><a href=\"https:\/\/agora.xtec.cat\/iescanmas\/wp-content\/uploads\/usu2226\/2021\/02\/Criteris-davaluaci\u00f3-de-Ci\u00e8ncies-de-la-Terra-i-del-Medi-Ambient.pdf\">Criteris d&#8217;avaluaci\u00f3 de Ci\u00e8ncies de la Terra i del Medi Ambient<\/a>(PDF, 60 KB)<\/li>\n<li><a href=\"https:\/\/agora.xtec.cat\/iescanmas\/wp-content\/uploads\/usu2226\/2021\/02\/criteris_avaluacio_bat_biologia.pdf\">Criteris_avaluaci\u00f3_bat_biologia<\/a>(PDF, 41 KB)<\/li>\n<li><a href=\"https:\/\/agora.xtec.cat\/iescanmas\/wp-content\/uploads\/usu2226\/2021\/02\/criteris-avaluaci\u00f3-F\u00edsica-batxillerat.pdf\">Criteris avaluaci\u00f3 F\u00edsica batxillerat<\/a>(PDF, 182 KB)<\/li>\n<\/ul>\n<div class=\"\">\n<h4><\/h4>\n<h4>Programacions 2018\/19<\/h4>\n<\/div>\n<div class=\"\">\n<h4>F\u00edsica<\/h4>\n<ul>\n<li><span class=\"download \"><a href=\"http:\/\/www.inscanmas.cat:8081\/dam\/jcr:1cdc2bf4-2522-480b-a2c9-52e8f664f2f2\/programaci%C3%B3%20F%C3%ADsica%201%20batxillerat%202018-19-converted.pdf\" target=\"_blank\" rel=\"noopener noreferrer\"><em><a href=\"https:\/\/agora.xtec.cat\/iescanmas\/wp-content\/uploads\/usu2226\/2021\/02\/programaci\u00f3-F\u00edsica-1-batxillerat-2018-19-converted.pdf\">Programaci\u00f3 F\u00edsica 1 batxillerat 2018-19<\/a><\/em><\/a><\/span><\/li>\n<li><a href=\"https:\/\/agora.xtec.cat\/iescanmas\/wp-content\/uploads\/usu2226\/2021\/02\/Programaci\u00f3-Fisica-2-2018-19-converted.pdf\">Programaci\u00f3 Fisica 2 2018-19<\/a><\/li>\n<\/ul>\n<\/div>\n<div class=\"\">\n<h4>Ci\u00e8ncies de la Terra<\/h4>\n<ul>\n<li><span class=\"download \"><a href=\"http:\/\/www.inscanmas.cat:8081\/dam\/jcr:e36458c6-8d1d-46e0-9bf8-0ca521280043\/Programacio__practica_Can_Mas%201%20BAT%20CDT.pdf\" target=\"_blank\" rel=\"noopener noreferrer\"><em><a href=\"https:\/\/agora.xtec.cat\/iescanmas\/wp-content\/uploads\/usu2226\/2021\/02\/Programacio__practica_Can_Mas-1-BAT-CDT.pdf\">Programaci\u00f3__pr\u00e0ctica_Can_Mas 1 BAT CDT<\/a><\/em><\/a><\/span><\/li>\n<li><span class=\"download \"><a href=\"http:\/\/www.inscanmas.cat:8081\/dam\/jcr:d377307a-d6fe-4809-ba64-6ad3576c47bc\/Programacio__practica_Can_Mas%202%20BAT%20CDT.pdf\" target=\"_blank\" rel=\"noopener noreferrer\"><em><a href=\"https:\/\/agora.xtec.cat\/iescanmas\/wp-content\/uploads\/usu2226\/2021\/02\/Programacio__practica_Can_Mas-2-BAT-CDT.pdf\">Programaci\u00f3__pr\u00e0ctica_Can_Mas 2 BAT CDT<\/a>)<\/em><\/a><\/span><\/li>\n<\/ul>\n<\/div>\n<div class=\"\">\n<h4>Qu\u00edmica<\/h4>\n<ul>\n<li><span class=\"download \"><a href=\"http:\/\/www.inscanmas.cat:8081\/dam\/jcr:aec8c6fd-1eae-4bca-af9e-3449025f232b\/programaci%C3%B3%20qu%C3%ADmica%201r%20batxillerat%202018-19.pdf\" target=\"_blank\" rel=\"noopener noreferrer\"><em><a href=\"https:\/\/agora.xtec.cat\/iescanmas\/wp-content\/uploads\/usu2226\/2021\/02\/programaci\u00f3-qu\u00edmica-1r-batxillerat-2018-19.pdf\">Programaci\u00f3 qu\u00edmica 1r batxillerat 2018-19<\/a>)<\/em><\/a><\/span><\/li>\n<li><span class=\"download \"><a href=\"http:\/\/www.inscanmas.cat:8081\/dam\/jcr:84aff5e7-c4ce-4202-b779-d4f681502f55\/programaci%C3%B3%20qu%C3%ADmica%202n%20batxillerat%202018-19.pdf\" target=\"_blank\" rel=\"noopener noreferrer\"><em><a href=\"https:\/\/agora.xtec.cat\/iescanmas\/wp-content\/uploads\/usu2226\/2021\/02\/programaci\u00f3-qu\u00edmica-2n-batxillerat-2018-19.pdf\">Programaci\u00f3 qu\u00edmica 2n batxillerat 2018-19<\/a>)<\/em><\/a><\/span><\/li>\n<\/ul>\n<\/div>\n<div class=\"\">\n<h4>Biologia<\/h4>\n<ul>\n<li><span class=\"download \"><a href=\"http:\/\/www.inscanmas.cat:8081\/dam\/jcr:17ba5473-ed75-4f36-a21f-c7f45fa3583d\/Programaci%C3%B3%20%20BIOLOGIA%20I_2018_2019.pdf\" target=\"_blank\" rel=\"noopener noreferrer\"><em><a href=\"https:\/\/agora.xtec.cat\/iescanmas\/wp-content\/uploads\/usu2226\/2021\/02\/Programaci\u00f3-BIOLOGIA-I_2018_2019.pdf\">Programaci\u00f3 BIOLOGIA I_2018_2019<\/a><\/em><\/a><\/span><\/li>\n<\/ul>\n<\/div>\n<\/div>\n<div class=\"\"><\/div>\n","protected":false},"excerpt":{"rendered":"<p>&nbsp; Si alguna vegada descobreix vost\u00e8 alguna llei, sigui vost\u00e8 prudent i no tracti d&#8217;aplicar-la. Ha descobert la llei\u2026, \u00e9s bastant. Perqu\u00e8 si aquesta llei \u00e9s f\u00edsica i tracta d&#8217;aplicar-la en una m\u00e0quina, ensopegar\u00e0 amb la mat\u00e8ria bruta; i si \u00e9s una llei social, ensopegar\u00e0 amb la brutalitat dels homes. P\u00edo Baroja (1872-1956) Escriptor espanyol. [&hellip;]<\/p>\n","protected":false},"author":6,"featured_media":0,"parent":828,"menu_order":90,"comment_status":"closed","ping_status":"closed","template":"page-templates\/side-menu.php","meta":{"_bbp_topic_count":0,"_bbp_reply_count":0,"_bbp_total_topic_count":0,"_bbp_total_reply_count":0,"_bbp_voice_count":0,"_bbp_anonymous_reply_count":0,"_bbp_topic_count_hidden":0,"_bbp_reply_count_hidden":0,"_bbp_forum_subforum_count":0,"site-sidebar-layout":"default","site-content-layout":"","ast-site-content-layout":"","site-content-style":"default","site-sidebar-style":"default","ast-global-header-display":"","ast-banner-title-visibility":"","ast-main-header-display":"","ast-hfb-above-header-display":"","ast-hfb-below-header-display":"","ast-hfb-mobile-header-display":"","site-post-title":"","ast-breadcrumbs-content":"","ast-featured-img":"","footer-sml-layout":"","theme-transparent-header-meta":"","adv-header-id-meta":"","stick-header-meta":"","header-above-stick-meta":"","header-main-stick-meta":"","header-below-stick-meta":"","astra-migrate-meta-layouts":"default","ast-page-background-enabled":"default","ast-page-background-meta":{"desktop":{"background-color":"var(--ast-global-color-4)","background-image":"","background-repeat":"repeat","background-position":"center center","background-size":"auto","background-attachment":"scroll","background-type":"","background-media":"","overlay-type":"","overlay-color":"","overlay-opacity":"","overlay-gradient":""},"tablet":{"background-color":"","background-image":"","background-repeat":"repeat","background-position":"center center","background-size":"auto","background-attachment":"scroll","background-type":"","background-media":"","overlay-type":"","overlay-color":"","overlay-opacity":"","overlay-gradient":""},"mobile":{"background-color":"","background-image":"","background-repeat":"repeat","background-position":"center center","background-size":"auto","background-attachment":"scroll","background-type":"","background-media":"","overlay-type":"","overlay-color":"","overlay-opacity":"","overlay-gradient":""}},"ast-content-background-meta":{"desktop":{"background-color":"var(--ast-global-color-5)","background-image":"","background-repeat":"repeat","background-position":"center center","background-size":"auto","background-attachment":"scroll","background-type":"","background-media":"","overlay-type":"","overlay-color":"","overlay-opacity":"","overlay-gradient":""},"tablet":{"background-color":"var(--ast-global-color-5)","background-image":"","background-repeat":"repeat","background-position":"center center","background-size":"auto","background-attachment":"scroll","background-type":"","background-media":"","overlay-type":"","overlay-color":"","overlay-opacity":"","overlay-gradient":""},"mobile":{"background-color":"var(--ast-global-color-5)","background-image":"","background-repeat":"repeat","background-position":"center center","background-size":"auto","background-attachment":"scroll","background-type":"","background-media":"","overlay-type":"","overlay-color":"","overlay-opacity":"","overlay-gradient":""}},"footnotes":""},"class_list":["post-852","page","type-page","status-publish","hentry"],"post_mailing_queue_ids":[],"_links":{"self":[{"href":"https:\/\/agora.xtec.cat\/iescanmas\/wp-json\/wp\/v2\/pages\/852","targetHints":{"allow":["GET"]}}],"collection":[{"href":"https:\/\/agora.xtec.cat\/iescanmas\/wp-json\/wp\/v2\/pages"}],"about":[{"href":"https:\/\/agora.xtec.cat\/iescanmas\/wp-json\/wp\/v2\/types\/page"}],"author":[{"embeddable":true,"href":"https:\/\/agora.xtec.cat\/iescanmas\/wp-json\/wp\/v2\/users\/6"}],"replies":[{"embeddable":true,"href":"https:\/\/agora.xtec.cat\/iescanmas\/wp-json\/wp\/v2\/comments?post=852"}],"version-history":[{"count":3,"href":"https:\/\/agora.xtec.cat\/iescanmas\/wp-json\/wp\/v2\/pages\/852\/revisions"}],"predecessor-version":[{"id":915,"href":"https:\/\/agora.xtec.cat\/iescanmas\/wp-json\/wp\/v2\/pages\/852\/revisions\/915"}],"up":[{"embeddable":true,"href":"https:\/\/agora.xtec.cat\/iescanmas\/wp-json\/wp\/v2\/pages\/828"}],"wp:attachment":[{"href":"https:\/\/agora.xtec.cat\/iescanmas\/wp-json\/wp\/v2\/media?parent=852"}],"curies":[{"name":"wp","href":"https:\/\/api.w.org\/{rel}","templated":true}]}}