{"id":850,"date":"2021-02-15T10:37:56","date_gmt":"2021-02-15T09:37:56","guid":{"rendered":"https:\/\/agora.xtec.cat\/iescanmas\/?page_id=850"},"modified":"2021-02-15T11:56:11","modified_gmt":"2021-02-15T10:56:11","slug":"ciencies-socials","status":"publish","type":"page","link":"https:\/\/agora.xtec.cat\/iescanmas\/departaments\/ciencies-socials\/","title":{"rendered":"Ci\u00e8ncies Socials"},"content":{"rendered":"<h4><strong>A continuaci\u00f3 us deixem les programacions de les mat\u00e8ries de Batxillerat<\/strong><\/h4>\n<h4><a href=\"https:\/\/agora.xtec.cat\/iescanmas\/wp-content\/uploads\/usu2226\/2021\/02\/Ciencies-socials.jpg\"><img loading=\"lazy\" decoding=\"async\" class=\"wp-image-888 alignright\" src=\"https:\/\/agora.xtec.cat\/iescanmas\/wp-content\/uploads\/usu2226\/2021\/02\/Ciencies-socials.jpg\" alt=\"\" width=\"395\" height=\"296\" srcset=\"https:\/\/agora.xtec.cat\/iescanmas\/wp-content\/uploads\/usu2226\/2021\/02\/Ciencies-socials.jpg 960w, https:\/\/agora.xtec.cat\/iescanmas\/wp-content\/uploads\/usu2226\/2021\/02\/Ciencies-socials-300x225.jpg 300w, https:\/\/agora.xtec.cat\/iescanmas\/wp-content\/uploads\/usu2226\/2021\/02\/Ciencies-socials-768x576.jpg 768w, https:\/\/agora.xtec.cat\/iescanmas\/wp-content\/uploads\/usu2226\/2021\/02\/Ciencies-socials-200x150.jpg 200w\" sizes=\"auto, (max-width: 395px) 100vw, 395px\" \/><\/a><\/h4>\n<h4>Programacions 2018 \/ 19<\/h4>\n<ul>\n<li><a href=\"https:\/\/agora.xtec.cat\/iescanmas\/wp-content\/uploads\/usu2226\/2021\/02\/Programaci\u00f3-Hist\u00f2ria-de-la-Filosofia-2n-Batx..pdf\">Programaci\u00f3 Hist\u00f2ria de la Filosofia 2n Batx.<\/a><\/li>\n<li><span class=\"download \"><em><a href=\"https:\/\/agora.xtec.cat\/iescanmas\/wp-content\/uploads\/usu2226\/2021\/02\/Programaci\u00f3-Geografia-2n-Btx..pdf\">Programaci\u00f3 Geografia 2n Btx.<\/a><\/em><\/span><\/li>\n<li><span class=\"download \"><a href=\"http:\/\/www.inscanmas.cat:8081\/dam\/jcr:79f06bd7-e8c3-4575-bc12-0ddaa7b135ce\/Programaci%C3%B3%20Filosofia%20i%20Ciutadania%201r%20Batx..pdf\" target=\"_blank\" rel=\"noopener noreferrer\">Programaci\u00f3 Filosofia i Ciutadania 1r Batx..pdf\u00a0<em>(PDF, 227 KB)<\/em><\/a><\/span><\/li>\n<li><span class=\"download \"><em><a href=\"https:\/\/agora.xtec.cat\/iescanmas\/wp-content\/uploads\/usu2226\/2021\/02\/Programaci\u00f3-Hist\u00f2ria-del-m\u00f3n-contemporani-1r-Btx..pdf\">Programaci\u00f3 Hist\u00f2ria del m\u00f3n contemporani 1r Btx.<\/a><\/em><\/span><\/li>\n<li><a href=\"https:\/\/agora.xtec.cat\/iescanmas\/wp-content\/uploads\/usu2226\/2021\/02\/Programaci\u00f3-Economia-de-lempresa-II-2n-Btx..pdf\">Programaci\u00f3 Economia de l&#8217;empresa II 2n Btx.<\/a><\/li>\n<li><span class=\"download \"><em><a href=\"https:\/\/agora.xtec.cat\/iescanmas\/wp-content\/uploads\/usu2226\/2021\/02\/Programaci\u00f3-Economia-de-lempresa-1r-Btx..pdf\">Programaci\u00f3 Economia de l&#8217;empresa 1r Btx.<\/a><\/em><\/span><\/li>\n<li><span class=\"download \"><em><a href=\"https:\/\/agora.xtec.cat\/iescanmas\/wp-content\/uploads\/usu2226\/2021\/02\/Programaci\u00f3-Hist\u00f2ria-de-lArt-2n-Btx..pdf\">Programaci\u00f3 Hist\u00f2ria de l&#8217;Art 2n Btx.<\/a><\/em><\/span><\/li>\n<li><a href=\"https:\/\/agora.xtec.cat\/iescanmas\/wp-content\/uploads\/usu2226\/2021\/02\/Programaci\u00f3-Hist\u00f2ria-2n-Btx..pdf\">Programaci\u00f3 Hist\u00f2ria 2n Btx.<\/a><\/li>\n<\/ul>\n","protected":false},"excerpt":{"rendered":"<p>A continuaci\u00f3 us deixem les programacions de les mat\u00e8ries de Batxillerat Programacions 2018 \/ 19 Programaci\u00f3 Hist\u00f2ria de la Filosofia 2n Batx. Programaci\u00f3 Geografia 2n Btx. Programaci\u00f3 Filosofia i Ciutadania 1r Batx..pdf\u00a0(PDF, 227 KB) Programaci\u00f3 Hist\u00f2ria del m\u00f3n contemporani 1r Btx. Programaci\u00f3 Economia de l&#8217;empresa II 2n Btx. Programaci\u00f3 Economia de l&#8217;empresa 1r Btx. Programaci\u00f3 [&hellip;]<\/p>\n","protected":false},"author":6,"featured_media":0,"parent":828,"menu_order":80,"comment_status":"closed","ping_status":"closed","template":"page-templates\/side-menu.php","meta":{"_bbp_topic_count":0,"_bbp_reply_count":0,"_bbp_total_topic_count":0,"_bbp_total_reply_count":0,"_bbp_voice_count":0,"_bbp_anonymous_reply_count":0,"_bbp_topic_count_hidden":0,"_bbp_reply_count_hidden":0,"_bbp_forum_subforum_count":0,"site-sidebar-layout":"default","site-content-layout":"","ast-site-content-layout":"","site-content-style":"default","site-sidebar-style":"default","ast-global-header-display":"","ast-banner-title-visibility":"","ast-main-header-display":"","ast-hfb-above-header-display":"","ast-hfb-below-header-display":"","ast-hfb-mobile-header-display":"","site-post-title":"","ast-breadcrumbs-content":"","ast-featured-img":"","footer-sml-layout":"","theme-transparent-header-meta":"","adv-header-id-meta":"","stick-header-meta":"","header-above-stick-meta":"","header-main-stick-meta":"","header-below-stick-meta":"","astra-migrate-meta-layouts":"default","ast-page-background-enabled":"default","ast-page-background-meta":{"desktop":{"background-color":"var(--ast-global-color-4)","background-image":"","background-repeat":"repeat","background-position":"center center","background-size":"auto","background-attachment":"scroll","background-type":"","background-media":"","overlay-type":"","overlay-color":"","overlay-opacity":"","overlay-gradient":""},"tablet":{"background-color":"","background-image":"","background-repeat":"repeat","background-position":"center center","background-size":"auto","background-attachment":"scroll","background-type":"","background-media":"","overlay-type":"","overlay-color":"","overlay-opacity":"","overlay-gradient":""},"mobile":{"background-color":"","background-image":"","background-repeat":"repeat","background-position":"center center","background-size":"auto","background-attachment":"scroll","background-type":"","background-media":"","overlay-type":"","overlay-color":"","overlay-opacity":"","overlay-gradient":""}},"ast-content-background-meta":{"desktop":{"background-color":"var(--ast-global-color-5)","background-image":"","background-repeat":"repeat","background-position":"center center","background-size":"auto","background-attachment":"scroll","background-type":"","background-media":"","overlay-type":"","overlay-color":"","overlay-opacity":"","overlay-gradient":""},"tablet":{"background-color":"var(--ast-global-color-5)","background-image":"","background-repeat":"repeat","background-position":"center center","background-size":"auto","background-attachment":"scroll","background-type":"","background-media":"","overlay-type":"","overlay-color":"","overlay-opacity":"","overlay-gradient":""},"mobile":{"background-color":"var(--ast-global-color-5)","background-image":"","background-repeat":"repeat","background-position":"center center","background-size":"auto","background-attachment":"scroll","background-type":"","background-media":"","overlay-type":"","overlay-color":"","overlay-opacity":"","overlay-gradient":""}},"footnotes":""},"class_list":["post-850","page","type-page","status-publish","hentry"],"post_mailing_queue_ids":[],"_links":{"self":[{"href":"https:\/\/agora.xtec.cat\/iescanmas\/wp-json\/wp\/v2\/pages\/850","targetHints":{"allow":["GET"]}}],"collection":[{"href":"https:\/\/agora.xtec.cat\/iescanmas\/wp-json\/wp\/v2\/pages"}],"about":[{"href":"https:\/\/agora.xtec.cat\/iescanmas\/wp-json\/wp\/v2\/types\/page"}],"author":[{"embeddable":true,"href":"https:\/\/agora.xtec.cat\/iescanmas\/wp-json\/wp\/v2\/users\/6"}],"replies":[{"embeddable":true,"href":"https:\/\/agora.xtec.cat\/iescanmas\/wp-json\/wp\/v2\/comments?post=850"}],"version-history":[{"count":3,"href":"https:\/\/agora.xtec.cat\/iescanmas\/wp-json\/wp\/v2\/pages\/850\/revisions"}],"predecessor-version":[{"id":889,"href":"https:\/\/agora.xtec.cat\/iescanmas\/wp-json\/wp\/v2\/pages\/850\/revisions\/889"}],"up":[{"embeddable":true,"href":"https:\/\/agora.xtec.cat\/iescanmas\/wp-json\/wp\/v2\/pages\/828"}],"wp:attachment":[{"href":"https:\/\/agora.xtec.cat\/iescanmas\/wp-json\/wp\/v2\/media?parent=850"}],"curies":[{"name":"wp","href":"https:\/\/api.w.org\/{rel}","templated":true}]}}