{"id":844,"date":"2021-02-15T10:36:39","date_gmt":"2021-02-15T09:36:39","guid":{"rendered":"https:\/\/agora.xtec.cat\/iescanmas\/?page_id=844"},"modified":"2021-02-15T12:49:31","modified_gmt":"2021-02-15T11:49:31","slug":"educacio-fisica","status":"publish","type":"page","link":"https:\/\/agora.xtec.cat\/iescanmas\/departaments\/educacio-fisica\/","title":{"rendered":"Educaci\u00f3 F\u00edsica"},"content":{"rendered":"<p><a href=\"https:\/\/agora.xtec.cat\/iescanmas\/wp-content\/uploads\/usu2226\/2021\/02\/gym.jpg\"><img loading=\"lazy\" decoding=\"async\" class=\"wp-image-964 alignleft\" src=\"https:\/\/agora.xtec.cat\/iescanmas\/wp-content\/uploads\/usu2226\/2021\/02\/gym.jpg\" alt=\"\" width=\"357\" height=\"268\" srcset=\"https:\/\/agora.xtec.cat\/iescanmas\/wp-content\/uploads\/usu2226\/2021\/02\/gym.jpg 960w, https:\/\/agora.xtec.cat\/iescanmas\/wp-content\/uploads\/usu2226\/2021\/02\/gym-300x225.jpg 300w, https:\/\/agora.xtec.cat\/iescanmas\/wp-content\/uploads\/usu2226\/2021\/02\/gym-768x577.jpg 768w, https:\/\/agora.xtec.cat\/iescanmas\/wp-content\/uploads\/usu2226\/2021\/02\/gym-200x150.jpg 200w\" sizes=\"auto, (max-width: 357px) 100vw, 357px\" \/><\/a><\/p>\n<h4><\/h4>\n<h4>Aqu\u00ed us deixem els criteris d&#8217;avaluaci\u00f3 i qualificaci\u00f3:<\/h4>\n<ul>\n<li><a href=\"https:\/\/agora.xtec.cat\/iescanmas\/wp-content\/uploads\/usu2226\/2021\/02\/1r-BATX_Educaci\u00f3-F\u00edsica_18-19.pdf\">1r Batxillerat Educaci\u00f3 F\u00edsica<\/a><\/li>\n<li><a href=\"https:\/\/agora.xtec.cat\/iescanmas\/wp-content\/uploads\/usu2226\/2021\/02\/Normativa_EF.pdf\">Normativa_Educaci\u00f3 F\u00edsica<\/a><\/li>\n<\/ul>\n<p>&nbsp;<\/p>\n","protected":false},"excerpt":{"rendered":"<p>Aqu\u00ed us deixem els criteris d&#8217;avaluaci\u00f3 i qualificaci\u00f3: 1r Batxillerat Educaci\u00f3 F\u00edsica Normativa_Educaci\u00f3 F\u00edsica &nbsp;<\/p>\n","protected":false},"author":6,"featured_media":0,"parent":828,"menu_order":50,"comment_status":"closed","ping_status":"closed","template":"page-templates\/side-menu.php","meta":{"_bbp_topic_count":0,"_bbp_reply_count":0,"_bbp_total_topic_count":0,"_bbp_total_reply_count":0,"_bbp_voice_count":0,"_bbp_anonymous_reply_count":0,"_bbp_topic_count_hidden":0,"_bbp_reply_count_hidden":0,"_bbp_forum_subforum_count":0,"site-sidebar-layout":"default","site-content-layout":"","ast-site-content-layout":"","site-content-style":"default","site-sidebar-style":"default","ast-global-header-display":"","ast-banner-title-visibility":"","ast-main-header-display":"","ast-hfb-above-header-display":"","ast-hfb-below-header-display":"","ast-hfb-mobile-header-display":"","site-post-title":"","ast-breadcrumbs-content":"","ast-featured-img":"","footer-sml-layout":"","theme-transparent-header-meta":"","adv-header-id-meta":"","stick-header-meta":"","header-above-stick-meta":"","header-main-stick-meta":"","header-below-stick-meta":"","astra-migrate-meta-layouts":"default","ast-page-background-enabled":"default","ast-page-background-meta":{"desktop":{"background-color":"var(--ast-global-color-4)","background-image":"","background-repeat":"repeat","background-position":"center center","background-size":"auto","background-attachment":"scroll","background-type":"","background-media":"","overlay-type":"","overlay-color":"","overlay-opacity":"","overlay-gradient":""},"tablet":{"background-color":"","background-image":"","background-repeat":"repeat","background-position":"center center","background-size":"auto","background-attachment":"scroll","background-type":"","background-media":"","overlay-type":"","overlay-color":"","overlay-opacity":"","overlay-gradient":""},"mobile":{"background-color":"","background-image":"","background-repeat":"repeat","background-position":"center center","background-size":"auto","background-attachment":"scroll","background-type":"","background-media":"","overlay-type":"","overlay-color":"","overlay-opacity":"","overlay-gradient":""}},"ast-content-background-meta":{"desktop":{"background-color":"var(--ast-global-color-5)","background-image":"","background-repeat":"repeat","background-position":"center center","background-size":"auto","background-attachment":"scroll","background-type":"","background-media":"","overlay-type":"","overlay-color":"","overlay-opacity":"","overlay-gradient":""},"tablet":{"background-color":"var(--ast-global-color-5)","background-image":"","background-repeat":"repeat","background-position":"center center","background-size":"auto","background-attachment":"scroll","background-type":"","background-media":"","overlay-type":"","overlay-color":"","overlay-opacity":"","overlay-gradient":""},"mobile":{"background-color":"var(--ast-global-color-5)","background-image":"","background-repeat":"repeat","background-position":"center center","background-size":"auto","background-attachment":"scroll","background-type":"","background-media":"","overlay-type":"","overlay-color":"","overlay-opacity":"","overlay-gradient":""}},"footnotes":""},"class_list":["post-844","page","type-page","status-publish","hentry"],"post_mailing_queue_ids":[],"_links":{"self":[{"href":"https:\/\/agora.xtec.cat\/iescanmas\/wp-json\/wp\/v2\/pages\/844","targetHints":{"allow":["GET"]}}],"collection":[{"href":"https:\/\/agora.xtec.cat\/iescanmas\/wp-json\/wp\/v2\/pages"}],"about":[{"href":"https:\/\/agora.xtec.cat\/iescanmas\/wp-json\/wp\/v2\/types\/page"}],"author":[{"embeddable":true,"href":"https:\/\/agora.xtec.cat\/iescanmas\/wp-json\/wp\/v2\/users\/6"}],"replies":[{"embeddable":true,"href":"https:\/\/agora.xtec.cat\/iescanmas\/wp-json\/wp\/v2\/comments?post=844"}],"version-history":[{"count":3,"href":"https:\/\/agora.xtec.cat\/iescanmas\/wp-json\/wp\/v2\/pages\/844\/revisions"}],"predecessor-version":[{"id":968,"href":"https:\/\/agora.xtec.cat\/iescanmas\/wp-json\/wp\/v2\/pages\/844\/revisions\/968"}],"up":[{"embeddable":true,"href":"https:\/\/agora.xtec.cat\/iescanmas\/wp-json\/wp\/v2\/pages\/828"}],"wp:attachment":[{"href":"https:\/\/agora.xtec.cat\/iescanmas\/wp-json\/wp\/v2\/media?parent=844"}],"curies":[{"name":"wp","href":"https:\/\/api.w.org\/{rel}","templated":true}]}}