{"id":838,"date":"2021-02-15T10:32:25","date_gmt":"2021-02-15T09:32:25","guid":{"rendered":"https:\/\/agora.xtec.cat\/iescanmas\/?page_id=838"},"modified":"2023-04-24T19:55:25","modified_gmt":"2023-04-24T17:55:25","slug":"castella","status":"publish","type":"page","link":"https:\/\/agora.xtec.cat\/iescanmas\/departaments\/castella\/","title":{"rendered":"Castell\u00e0"},"content":{"rendered":"<p><a href=\"https:\/\/agora.xtec.cat\/iescanmas\/wp-content\/uploads\/usu2226\/2021\/02\/imatge-castella.png\"><img loading=\"lazy\" decoding=\"async\" class=\"size-full wp-image-980 alignleft\" src=\"https:\/\/agora.xtec.cat\/iescanmas\/wp-content\/uploads\/usu2226\/2021\/02\/imatge-castella.png\" alt=\"\" width=\"274\" height=\"184\" \/><\/a><\/p>\n<p><strong>\u00a0<\/strong><\/p>\n<p><strong>&#8220;No existen m\u00e1s que dos reglas para escribir: tener algo que\u00a0 decir, <\/strong><strong>&#8230; y decirlo&#8221;.\u00a0<\/strong><strong> ( Oscar Wilde)\ud83d\ude03<br \/>\n<\/strong><\/p>\n<h4><\/h4>\n<p>&nbsp;<\/p>\n<h4><\/h4>\n<p>&nbsp;<\/p>\n<div class=\"\">\n<h4>Programacions Batxillerat de Castell\u00e0 2018 \/ 19<\/h4>\n<ul>\n<li><span class=\"download \"><a href=\"https:\/\/agora.xtec.cat\/iescanmas\/wp-content\/uploads\/usu2226\/2021\/02\/Programaci\u00f3n-CASTELLANO-1\u00ba-BACHI.pdf\">Programaci\u00f3n Castellano &#8211; 1\u00ba Bachillerato<\/a><\/span><\/li>\n<li><span class=\"download \"><a href=\"https:\/\/agora.xtec.cat\/iescanmas\/wp-content\/uploads\/usu2226\/2021\/02\/Programaci\u00f3n-LITERATURA-CAST.-2\u00ba-BACHI.pdf\">Programaci\u00f3n Literatura Castellana\u00a0 2\u00ba Bachillerato<\/a><\/span><\/li>\n<\/ul>\n<\/div>\n<div class=\"\">\n<h4>Programacions Batxillerat de Llat\u00ed i Grec<\/h4>\n<ul>\n<li><a href=\"https:\/\/drive.google.com\/drive\/folders\/1R5h6U2gZTMfAgbMk4ENZiVmvHXS2InZd?usp=share_link\"><span class=\"download \">Programaci\u00f3 Llat\u00ed 4t ESO 2022-23<\/span><\/a><\/li>\n<li><a href=\"https:\/\/docs.google.com\/document\/d\/1QpipB0fVqOdbQgHQRCLEkrMAb3Y7SKomAUufVPoL4qI\/edit?usp=share_link\"><span class=\"download \">Programaci\u00f3 Grec 2n Batxillerat 2O22-23<\/span><\/a><\/li>\n<li><a href=\"https:\/\/docs.google.com\/document\/d\/1elVP8E7p83Cxwb8PaSJ_UvcyaWnwFH7S6b398E_3W6k\/edit?usp=share_link\">Programaci\u00f3 Llat\u00ed\u00a0 2n Batxillerat 2022-23<\/a><\/li>\n<li><a href=\"https:\/\/docs.google.com\/document\/d\/1QXVa5R1-Cmci36XhUGaBvMMtGqMS2Aw2gw68SxW5KSU\/edit?usp=share_link\">Programaci\u00f3 Llat\u00ed 1r BTX 2022-23<\/a><\/li>\n<\/ul>\n<\/div>\n","protected":false},"excerpt":{"rendered":"<p>\u00a0 &#8220;No existen m\u00e1s que dos reglas para escribir: tener algo que\u00a0 decir, &#8230; y decirlo&#8221;.\u00a0 ( Oscar Wilde)\ud83d\ude03 &nbsp; &nbsp; Programacions Batxillerat de Castell\u00e0 2018 \/ 19 Programaci\u00f3n Castellano &#8211; 1\u00ba Bachillerato Programaci\u00f3n Literatura Castellana\u00a0 2\u00ba Bachillerato Programacions Batxillerat de Llat\u00ed i Grec Programaci\u00f3 Llat\u00ed 4t ESO 2022-23 Programaci\u00f3 Grec 2n Batxillerat 2O22-23 Programaci\u00f3 [&hellip;]<\/p>\n","protected":false},"author":6,"featured_media":0,"parent":828,"menu_order":20,"comment_status":"closed","ping_status":"closed","template":"page-templates\/side-menu.php","meta":{"_bbp_topic_count":0,"_bbp_reply_count":0,"_bbp_total_topic_count":0,"_bbp_total_reply_count":0,"_bbp_voice_count":0,"_bbp_anonymous_reply_count":0,"_bbp_topic_count_hidden":0,"_bbp_reply_count_hidden":0,"_bbp_forum_subforum_count":0,"site-sidebar-layout":"default","site-content-layout":"","ast-site-content-layout":"","site-content-style":"default","site-sidebar-style":"default","ast-global-header-display":"","ast-banner-title-visibility":"","ast-main-header-display":"","ast-hfb-above-header-display":"","ast-hfb-below-header-display":"","ast-hfb-mobile-header-display":"","site-post-title":"","ast-breadcrumbs-content":"","ast-featured-img":"","footer-sml-layout":"","theme-transparent-header-meta":"","adv-header-id-meta":"","stick-header-meta":"","header-above-stick-meta":"","header-main-stick-meta":"","header-below-stick-meta":"","astra-migrate-meta-layouts":"default","ast-page-background-enabled":"default","ast-page-background-meta":{"desktop":{"background-color":"var(--ast-global-color-4)","background-image":"","background-repeat":"repeat","background-position":"center center","background-size":"auto","background-attachment":"scroll","background-type":"","background-media":"","overlay-type":"","overlay-color":"","overlay-opacity":"","overlay-gradient":""},"tablet":{"background-color":"","background-image":"","background-repeat":"repeat","background-position":"center center","background-size":"auto","background-attachment":"scroll","background-type":"","background-media":"","overlay-type":"","overlay-color":"","overlay-opacity":"","overlay-gradient":""},"mobile":{"background-color":"","background-image":"","background-repeat":"repeat","background-position":"center center","background-size":"auto","background-attachment":"scroll","background-type":"","background-media":"","overlay-type":"","overlay-color":"","overlay-opacity":"","overlay-gradient":""}},"ast-content-background-meta":{"desktop":{"background-color":"var(--ast-global-color-5)","background-image":"","background-repeat":"repeat","background-position":"center center","background-size":"auto","background-attachment":"scroll","background-type":"","background-media":"","overlay-type":"","overlay-color":"","overlay-opacity":"","overlay-gradient":""},"tablet":{"background-color":"var(--ast-global-color-5)","background-image":"","background-repeat":"repeat","background-position":"center center","background-size":"auto","background-attachment":"scroll","background-type":"","background-media":"","overlay-type":"","overlay-color":"","overlay-opacity":"","overlay-gradient":""},"mobile":{"background-color":"var(--ast-global-color-5)","background-image":"","background-repeat":"repeat","background-position":"center center","background-size":"auto","background-attachment":"scroll","background-type":"","background-media":"","overlay-type":"","overlay-color":"","overlay-opacity":"","overlay-gradient":""}},"footnotes":""},"class_list":["post-838","page","type-page","status-publish","hentry"],"post_mailing_queue_ids":[],"_links":{"self":[{"href":"https:\/\/agora.xtec.cat\/iescanmas\/wp-json\/wp\/v2\/pages\/838","targetHints":{"allow":["GET"]}}],"collection":[{"href":"https:\/\/agora.xtec.cat\/iescanmas\/wp-json\/wp\/v2\/pages"}],"about":[{"href":"https:\/\/agora.xtec.cat\/iescanmas\/wp-json\/wp\/v2\/types\/page"}],"author":[{"embeddable":true,"href":"https:\/\/agora.xtec.cat\/iescanmas\/wp-json\/wp\/v2\/users\/6"}],"replies":[{"embeddable":true,"href":"https:\/\/agora.xtec.cat\/iescanmas\/wp-json\/wp\/v2\/comments?post=838"}],"version-history":[{"count":4,"href":"https:\/\/agora.xtec.cat\/iescanmas\/wp-json\/wp\/v2\/pages\/838\/revisions"}],"predecessor-version":[{"id":3031,"href":"https:\/\/agora.xtec.cat\/iescanmas\/wp-json\/wp\/v2\/pages\/838\/revisions\/3031"}],"up":[{"embeddable":true,"href":"https:\/\/agora.xtec.cat\/iescanmas\/wp-json\/wp\/v2\/pages\/828"}],"wp:attachment":[{"href":"https:\/\/agora.xtec.cat\/iescanmas\/wp-json\/wp\/v2\/media?parent=838"}],"curies":[{"name":"wp","href":"https:\/\/api.w.org\/{rel}","templated":true}]}}