{"id":748,"date":"2021-02-11T13:13:16","date_gmt":"2021-02-11T12:13:16","guid":{"rendered":"https:\/\/agora.xtec.cat\/iescanmas\/?page_id=748"},"modified":"2021-02-19T11:17:55","modified_gmt":"2021-02-19T10:17:55","slug":"campus-itaca","status":"publish","type":"page","link":"https:\/\/agora.xtec.cat\/iescanmas\/projecte-educatiu\/campus-itaca\/","title":{"rendered":"Campus \u00cdtaca"},"content":{"rendered":"<p><a href=\"https:\/\/agora.xtec.cat\/iescanmas\/wp-content\/uploads\/usu2226\/2021\/02\/Campus-Itaca.jpg\"><img loading=\"lazy\" decoding=\"async\" class=\"size-full wp-image-790 alignleft\" src=\"https:\/\/agora.xtec.cat\/iescanmas\/wp-content\/uploads\/usu2226\/2021\/02\/Campus-Itaca.jpg\" alt=\"\" width=\"306\" height=\"165\" srcset=\"https:\/\/agora.xtec.cat\/iescanmas\/wp-content\/uploads\/usu2226\/2021\/02\/Campus-Itaca.jpg 306w, https:\/\/agora.xtec.cat\/iescanmas\/wp-content\/uploads\/usu2226\/2021\/02\/Campus-Itaca-300x162.jpg 300w\" sizes=\"auto, (max-width: 306px) 100vw, 306px\" \/><\/a><\/p>\n<p>El Campus \u00cetaca \u00e9s un programa socioeducatiu de la Universitat Aut\u00f2noma de Barcelona, i patrocinat pel Banc Santander, dirigit a estudiants de secund\u00e0ria. Consisteix en\u00a0una estada al campus\u00a0durant els mesos de juny i juliol, organitzada en dos torns de set dies cadascun. L\u2019alumnat fa una s\u00e8rie d\u2019activitats pedag\u00f2giques i l\u00fadiques que tenen com a objectiu incentivar-los a continuar la seva formaci\u00f3 un cop finalitzada l\u2019etapa obligat\u00f2ria. Alhora, el campus vol ser un espai de conviv\u00e8ncia entre alumnat d\u2019entorns socials diversos, on s\u2019utilitza el catal\u00e0 com a llengua de comunicaci\u00f3.<\/p>\n<p>El programa est\u00e0 destinat a\u00a0<strong>nois i noies que han acabat 3r d\u2019ESO<\/strong>\u00a0i que durant el proper curs, l\u2019\u00faltim de l\u2019etapa d\u2019educaci\u00f3 obligat\u00f2ria, hauran d\u2019optar entre accedir al m\u00f3n laboral o cursar algun m\u00f2dul professional de grau mitj\u00e0 o batxillerat.<\/p>\n<p>El perfil d\u2019alumnat al qual va dirigit \u00e9s el d\u2019estudiants amb bones capacitats per als estudis per\u00f2 que, per la seva situaci\u00f3 socioecon\u00f2mica i\/o per la manca de referents adults propers amb estudis superiors, es troben en una situaci\u00f3 de desavantatge educatiu.<\/p>\n<p>L\u2019\u00e0mbit d\u2019actuaci\u00f3 del Campus \u00cetaca s\u00f3n els instituts p\u00fablics de 33 municipis de la prov\u00edncia de Barcelona.<\/p>\n<p>Els\u00a0<strong>objectius<\/strong>\u00a0del programa s\u00f3n:<\/p>\n<ul>\n<li>Donar continu\u00eftat als estudis post-obligatoris un cop finalitzada la formaci\u00f3 obligat\u00f2ria.<\/li>\n<li>Esdevenir un espai de conviv\u00e8ncia entre els nois i noies participants.<\/li>\n<li>Potenciar l\u2019\u00fas del catal\u00e0 com a llengua vehicular de comunicaci\u00f3 al Campus.<\/li>\n<\/ul>\n<p>A continuaci\u00f3 us deixem un v\u00eddeo perqu\u00e8 tingueu m\u00e9s informaci\u00f3: <a href=\"https:\/\/youtu.be\/rbvAByeeiK8\">https:\/\/youtu.be\/rbvAByeeiK8<\/a><\/p>\n<p>&nbsp;<\/p>\n","protected":false},"excerpt":{"rendered":"<p>El Campus \u00cetaca \u00e9s un programa socioeducatiu de la Universitat Aut\u00f2noma de Barcelona, i patrocinat pel Banc Santander, dirigit a estudiants de secund\u00e0ria. Consisteix en\u00a0una estada al campus\u00a0durant els mesos de juny i juliol, organitzada en dos torns de set dies cadascun. L\u2019alumnat fa una s\u00e8rie d\u2019activitats pedag\u00f2giques i l\u00fadiques que tenen com a objectiu [&hellip;]<\/p>\n","protected":false},"author":6,"featured_media":0,"parent":57,"menu_order":50,"comment_status":"closed","ping_status":"closed","template":"page-templates\/side-menu.php","meta":{"_bbp_topic_count":0,"_bbp_reply_count":0,"_bbp_total_topic_count":0,"_bbp_total_reply_count":0,"_bbp_voice_count":0,"_bbp_anonymous_reply_count":0,"_bbp_topic_count_hidden":0,"_bbp_reply_count_hidden":0,"_bbp_forum_subforum_count":0,"site-sidebar-layout":"default","site-content-layout":"","ast-site-content-layout":"","site-content-style":"default","site-sidebar-style":"default","ast-global-header-display":"","ast-banner-title-visibility":"","ast-main-header-display":"","ast-hfb-above-header-display":"","ast-hfb-below-header-display":"","ast-hfb-mobile-header-display":"","site-post-title":"","ast-breadcrumbs-content":"","ast-featured-img":"","footer-sml-layout":"","theme-transparent-header-meta":"","adv-header-id-meta":"","stick-header-meta":"","header-above-stick-meta":"","header-main-stick-meta":"","header-below-stick-meta":"","astra-migrate-meta-layouts":"default","ast-page-background-enabled":"default","ast-page-background-meta":{"desktop":{"background-color":"var(--ast-global-color-4)","background-image":"","background-repeat":"repeat","background-position":"center center","background-size":"auto","background-attachment":"scroll","background-type":"","background-media":"","overlay-type":"","overlay-color":"","overlay-opacity":"","overlay-gradient":""},"tablet":{"background-color":"","background-image":"","background-repeat":"repeat","background-position":"center center","background-size":"auto","background-attachment":"scroll","background-type":"","background-media":"","overlay-type":"","overlay-color":"","overlay-opacity":"","overlay-gradient":""},"mobile":{"background-color":"","background-image":"","background-repeat":"repeat","background-position":"center center","background-size":"auto","background-attachment":"scroll","background-type":"","background-media":"","overlay-type":"","overlay-color":"","overlay-opacity":"","overlay-gradient":""}},"ast-content-background-meta":{"desktop":{"background-color":"var(--ast-global-color-5)","background-image":"","background-repeat":"repeat","background-position":"center center","background-size":"auto","background-attachment":"scroll","background-type":"","background-media":"","overlay-type":"","overlay-color":"","overlay-opacity":"","overlay-gradient":""},"tablet":{"background-color":"var(--ast-global-color-5)","background-image":"","background-repeat":"repeat","background-position":"center center","background-size":"auto","background-attachment":"scroll","background-type":"","background-media":"","overlay-type":"","overlay-color":"","overlay-opacity":"","overlay-gradient":""},"mobile":{"background-color":"var(--ast-global-color-5)","background-image":"","background-repeat":"repeat","background-position":"center center","background-size":"auto","background-attachment":"scroll","background-type":"","background-media":"","overlay-type":"","overlay-color":"","overlay-opacity":"","overlay-gradient":""}},"footnotes":""},"class_list":["post-748","page","type-page","status-publish","hentry"],"post_mailing_queue_ids":[],"_links":{"self":[{"href":"https:\/\/agora.xtec.cat\/iescanmas\/wp-json\/wp\/v2\/pages\/748","targetHints":{"allow":["GET"]}}],"collection":[{"href":"https:\/\/agora.xtec.cat\/iescanmas\/wp-json\/wp\/v2\/pages"}],"about":[{"href":"https:\/\/agora.xtec.cat\/iescanmas\/wp-json\/wp\/v2\/types\/page"}],"author":[{"embeddable":true,"href":"https:\/\/agora.xtec.cat\/iescanmas\/wp-json\/wp\/v2\/users\/6"}],"replies":[{"embeddable":true,"href":"https:\/\/agora.xtec.cat\/iescanmas\/wp-json\/wp\/v2\/comments?post=748"}],"version-history":[{"count":3,"href":"https:\/\/agora.xtec.cat\/iescanmas\/wp-json\/wp\/v2\/pages\/748\/revisions"}],"predecessor-version":[{"id":1143,"href":"https:\/\/agora.xtec.cat\/iescanmas\/wp-json\/wp\/v2\/pages\/748\/revisions\/1143"}],"up":[{"embeddable":true,"href":"https:\/\/agora.xtec.cat\/iescanmas\/wp-json\/wp\/v2\/pages\/57"}],"wp:attachment":[{"href":"https:\/\/agora.xtec.cat\/iescanmas\/wp-json\/wp\/v2\/media?parent=748"}],"curies":[{"name":"wp","href":"https:\/\/api.w.org\/{rel}","templated":true}]}}