{"id":710,"date":"2021-02-11T11:58:24","date_gmt":"2021-02-11T10:58:24","guid":{"rendered":"https:\/\/agora.xtec.cat\/iescanmas\/?page_id=710"},"modified":"2023-07-14T13:27:07","modified_gmt":"2023-07-14T11:27:07","slug":"ampa","status":"publish","type":"page","link":"https:\/\/agora.xtec.cat\/iescanmas\/ampa\/","title":{"rendered":"AFA &#8211; ASSOCIACI\u00d3 DE FAM\u00cdLIES"},"content":{"rendered":"<div class=\"text-section\">\n<p><a href=\"https:\/\/agora.xtec.cat\/iescanmas\/wp-content\/uploads\/usu2226\/2023\/07\/AFA.png\"><img loading=\"lazy\" decoding=\"async\" src=\"https:\/\/agora.xtec.cat\/iescanmas\/wp-content\/uploads\/usu2226\/2023\/07\/AFA.png\" alt=\"\" width=\"293\" height=\"205\" class=\"alignnone size-full wp-image-3176\" \/><\/a><\/p>\n<p style=\"text-align: justify;\">L\u2019AFA \u00e9s l&#8217;associaci\u00f3 de fam\u00edlies de l\u2019alumnat del nostre institut .<br \/>\nLes seves funcions s\u00f3n entre altres:<\/p>\n<p>\u25cf\tAfavorir la relaci\u00f3 i coordinaci\u00f3 entre les fam\u00edlies i el personal docent.<br \/>\n\u25cf\tSer la veu de les fam\u00edlies davant de les administracions p\u00fabliques.<br \/>\n\u25cf\tTreballar per millorar la participaci\u00f3 i el comprom\u00eds de les fam\u00edlies i fills\/es  de la societat en general i de l&#8217;educativa en particular.<br \/>\n\u25cf\tInformar i orientar les fam\u00edlies sobre el funcionament del centre i de temes relacionats amb l&#8217;adquisici\u00f3 de llibres de text, les activitats extraescolars&#8230;<br \/>\n\u25cf\tOrganitzar  activitats extraescolars i activitats formatives (xerrades, escola de pares i mares, cursos)<br \/>\n\u25cf\tParticipar amb l\u2019institut en la celebraci\u00f3 d\u2019actes de graduaci\u00f3 de 4t d\u2019ESO i 2n de batxillerat.<br \/>\n\u25cf\tCol\u00b7laborar econ\u00f2micament amb els projectes de centre, tallers i xerrades<br \/>\n\u25cf\tObsequiar l\u2019alumnat amb l\u2019agenda escolar, un esmorzar a final de curs i amb l\u2019orla de graduaci\u00f3. <\/p>\n<p>D&#8217;aqu\u00ed la import\u00e0ncia de la vostra participaci\u00f3 com a fam\u00edlies en l&#8217;AFA per l&#8217;educaci\u00f3 de les vostres filles i fills. \u00c9s molt recomanable  formar part de l&#8217;AFA per  participar i col\u00b7laborar en un projecte com\u00fa.<\/p>\n<p>L&#8217;AFA \u00e9s una organitzaci\u00f3 sense \u00e0nim de lucre. Les fam\u00edlies que en formen part paguen una quota anual i esdevenen socis, els quals  tenen dret a decidir i formar part dels \u00f2rgans de l&#8217;Associaci\u00f3. Els diners que es recapten es destinen a tot el jovent del centre: activitats extraescolars, adquisici\u00f3 de material, excursions, etc.<\/p>\n<p>Actualment el membres de l\u2019AFA s\u00f3n:<\/p>\n<p>Presidenta: Tamara Carmona<br \/>\nSecretaria: Elena Bolado<br \/>\nTesorera: Esther Lara<br \/>\nVocal i representant al Consell Escolar: Anabel Pumarega.<\/p>\n<p>Correu:afacanmas@gmail.com<br \/>\nInstagram: @afacanmas23<br \/>\nEns trobareu al centre el primer i \u00faltim dilluns del mes de 16:30h a 18:30h.\n<\/p>\n<\/div>\n","protected":false},"excerpt":{"rendered":"<p>L\u2019AFA \u00e9s l&#8217;associaci\u00f3 de fam\u00edlies de l\u2019alumnat del nostre institut . Les seves funcions s\u00f3n entre altres: \u25cf Afavorir la relaci\u00f3 i coordinaci\u00f3 entre les fam\u00edlies i el personal docent. \u25cf Ser la veu de les fam\u00edlies davant de les administracions p\u00fabliques. \u25cf Treballar per millorar la participaci\u00f3 i el comprom\u00eds de les fam\u00edlies i [&hellip;]<\/p>\n","protected":false},"author":6,"featured_media":0,"parent":0,"menu_order":0,"comment_status":"closed","ping_status":"closed","template":"page-templates\/side-menu.php","meta":{"_bbp_topic_count":0,"_bbp_reply_count":0,"_bbp_total_topic_count":0,"_bbp_total_reply_count":0,"_bbp_voice_count":0,"_bbp_anonymous_reply_count":0,"_bbp_topic_count_hidden":0,"_bbp_reply_count_hidden":0,"_bbp_forum_subforum_count":0,"site-sidebar-layout":"default","site-content-layout":"","ast-site-content-layout":"","site-content-style":"default","site-sidebar-style":"default","ast-global-header-display":"","ast-banner-title-visibility":"","ast-main-header-display":"","ast-hfb-above-header-display":"","ast-hfb-below-header-display":"","ast-hfb-mobile-header-display":"","site-post-title":"","ast-breadcrumbs-content":"","ast-featured-img":"","footer-sml-layout":"","theme-transparent-header-meta":"","adv-header-id-meta":"","stick-header-meta":"","header-above-stick-meta":"","header-main-stick-meta":"","header-below-stick-meta":"","astra-migrate-meta-layouts":"default","ast-page-background-enabled":"default","ast-page-background-meta":{"desktop":{"background-color":"var(--ast-global-color-4)","background-image":"","background-repeat":"repeat","background-position":"center center","background-size":"auto","background-attachment":"scroll","background-type":"","background-media":"","overlay-type":"","overlay-color":"","overlay-opacity":"","overlay-gradient":""},"tablet":{"background-color":"","background-image":"","background-repeat":"repeat","background-position":"center center","background-size":"auto","background-attachment":"scroll","background-type":"","background-media":"","overlay-type":"","overlay-color":"","overlay-opacity":"","overlay-gradient":""},"mobile":{"background-color":"","background-image":"","background-repeat":"repeat","background-position":"center center","background-size":"auto","background-attachment":"scroll","background-type":"","background-media":"","overlay-type":"","overlay-color":"","overlay-opacity":"","overlay-gradient":""}},"ast-content-background-meta":{"desktop":{"background-color":"var(--ast-global-color-5)","background-image":"","background-repeat":"repeat","background-position":"center center","background-size":"auto","background-attachment":"scroll","background-type":"","background-media":"","overlay-type":"","overlay-color":"","overlay-opacity":"","overlay-gradient":""},"tablet":{"background-color":"var(--ast-global-color-5)","background-image":"","background-repeat":"repeat","background-position":"center center","background-size":"auto","background-attachment":"scroll","background-type":"","background-media":"","overlay-type":"","overlay-color":"","overlay-opacity":"","overlay-gradient":""},"mobile":{"background-color":"var(--ast-global-color-5)","background-image":"","background-repeat":"repeat","background-position":"center center","background-size":"auto","background-attachment":"scroll","background-type":"","background-media":"","overlay-type":"","overlay-color":"","overlay-opacity":"","overlay-gradient":""}},"footnotes":""},"class_list":["post-710","page","type-page","status-publish","hentry"],"post_mailing_queue_ids":[],"_links":{"self":[{"href":"https:\/\/agora.xtec.cat\/iescanmas\/wp-json\/wp\/v2\/pages\/710","targetHints":{"allow":["GET"]}}],"collection":[{"href":"https:\/\/agora.xtec.cat\/iescanmas\/wp-json\/wp\/v2\/pages"}],"about":[{"href":"https:\/\/agora.xtec.cat\/iescanmas\/wp-json\/wp\/v2\/types\/page"}],"author":[{"embeddable":true,"href":"https:\/\/agora.xtec.cat\/iescanmas\/wp-json\/wp\/v2\/users\/6"}],"replies":[{"embeddable":true,"href":"https:\/\/agora.xtec.cat\/iescanmas\/wp-json\/wp\/v2\/comments?post=710"}],"version-history":[{"count":4,"href":"https:\/\/agora.xtec.cat\/iescanmas\/wp-json\/wp\/v2\/pages\/710\/revisions"}],"predecessor-version":[{"id":3177,"href":"https:\/\/agora.xtec.cat\/iescanmas\/wp-json\/wp\/v2\/pages\/710\/revisions\/3177"}],"wp:attachment":[{"href":"https:\/\/agora.xtec.cat\/iescanmas\/wp-json\/wp\/v2\/media?parent=710"}],"curies":[{"name":"wp","href":"https:\/\/api.w.org\/{rel}","templated":true}]}}